{"id":137327,"date":"2022-05-04T09:58:41","date_gmt":"2022-05-04T07:58:41","guid":{"rendered":"https:\/\/www.jean-rousseau.com\/?page_id=137327"},"modified":"2023-12-18T13:12:54","modified_gmt":"2023-12-18T12:12:54","slug":"landing-page-mothers-day-2022-2","status":"publish","type":"page","link":"https:\/\/www.jean-rousseau.com\/fr\/landing-page-mothers-day-2022-2\/","title":{"rendered":"Landing page Mother&rsquo;s day 2022"},"content":{"rendered":"<div class=\"wpb-content-wrapper\"><p>[vc_section full_width=\u00a0\u00bbstretch_row\u00a0\u00bb full_height=\u00a0\u00bbyes\u00a0\u00bb css=\u00a0\u00bb.vc_custom_1651660055405{background-image: url(https:\/\/www.jean-rousseau.com\/wp-content\/uploads\/2022\/05\/Template_LandingPage_collections_Header.jpg?id=137338) !important;background-position: center !important;background-repeat: no-repeat !important;background-size: cover !important;}\u00a0\u00bb el_id=\u00a0\u00bblp-header\u00a0\u00bb][vc_row full_width=\u00a0\u00bbstretch_row_content_no_spaces\u00a0\u00bb full_height=\u00a0\u00bbyes\u00a0\u00bb columns_placement=\u00a0\u00bbtop\u00a0\u00bb][vc_column width=\u00a0\u00bb1\/2&Prime; css=\u00a0\u00bb.vc_custom_1615194356688{background-color: rgba(0,0,0,0.5) !important;*background-color: rgb(0,0,0) !important;}\u00a0\u00bb][vc_column_text]<\/p>\n<h1>Joyeuse F\u00eate des M\u00e8res !<\/h1>\n<p>Pour la combler, la Maison Jean Rousseau vous propose des cadeaux d&rsquo;exception parmi une s\u00e9lection d&rsquo;articles de maroquinerie et de bracelets de montre. D\u00eetes-lui que vous l&rsquo;aimez en lui offrant le savoir-faire de la Maison Jean Rousseau.[\/vc_column_text][vc_separator color=\u00a0\u00bbwhite\u00a0\u00bb][\/vc_column][vc_column width=\u00a0\u00bb1\/2&Prime;][\/vc_column][\/vc_row][\/vc_section][vc_section css_animation=\u00a0\u00bbnone\u00a0\u00bb el_class=\u00a0\u00bblp-products\u00a0\u00bb el_id=\u00a0\u00bbsection-1&Prime;][vc_row gap=\u00a0\u00bb30&Prime; equal_height=\u00a0\u00bbyes\u00a0\u00bb css_animation=\u00a0\u00bbnone\u00a0\u00bb][vc_column width=\u00a0\u00bb1\/2&Prime;]\n\t\t<div class=\"vc_lp_product \"  data-rel-pdt=\"\">\n\t\t\n\t\t<\/div>\n\t\t[\/vc_column][vc_column width=\u00a0\u00bb1\/2&Prime;]\n\t\t<div class=\"vc_lp_product \"  data-rel-pdt=\"\">\n\t\t\n\t\t<\/div>\n\t\t[\/vc_column][\/vc_row][vc_row][vc_column][vc_column_text]<\/p>\n<blockquote>\n<p style=\"text-align: center;\">\u00ab\u00a0La joie d&rsquo;offrir un pr\u00e9sent unique\u00a0\u00bb<\/p>\n<\/blockquote>\n<p>[\/vc_column_text][\/vc_column][\/vc_row][vc_row gap=\u00a0\u00bb30&Prime; equal_height=\u00a0\u00bbyes\u00a0\u00bb css_animation=\u00a0\u00bbnone\u00a0\u00bb][vc_column width=\u00a0\u00bb1\/2&Prime;]\n\t\t<div class=\"vc_lp_product \"  data-rel-pdt=\"72397\">\n\t\t\n\t\t\t<div class=\"lp-product-img\" style=\"background-image:url(https:\/\/www.jean-rousseau.com\/wp-content\/uploads\/2022\/05\/Template_LandingPage_collections_Blocproduit-5.jpg)\"><\/div>\n\n\t\t\t<div class=\"lp-product-infos\">\n\n\t\t\t<div class=\"lp-product-inner\">\n\n\t\t\t<h2 class=\"lp-product-title\">Bracelet Neptune galuchat bleu<\/h2>\n\t\t\t<div class=\"lp-product-subtitle\"><\/div>\n\t\t\t<div class=\"lp-product-description\">Magnifique bracelet Neptune simple et \u00e9l\u00e9gant, il sera l\u2019accessoire indispensable \u00e0 toutes vos tenues.\n<\/div>\n\n\t\t\t<\/div>\n\n\t\t\t<div class=\"lp-product-footer\">\n\t\t\t<div class=\"lp-product-price\"><span class=\"wcpbc-price wcpbc-price-72330\" data-product-id=\"72330\"><span class=\"woocommerce-Price-amount amount\"><bdi>165<span class=\"woocommerce-Price-currencySymbol\">&euro;<\/span><\/bdi><\/span><span class=\"mjr-suffix\"> T.T.C.<\/span><\/span><\/div>\n\t\t\t<div class=\"lp-product-btn vc_post_button\"><a href=\"https:\/\/www.jean-rousseau.com\/fr\/boutique\/bracelet-neptune-galuchat-bleu\/\" class=\"jr-bt black\">D\u00e9couvrir le produit<\/a><\/div>\n\t\t\t<div class=\"lp-product-more-btn\">Voir tous les mod\u00e8les<i class=\"fa fa-chevron-down\"><\/i><i class=\"fas fa-circle-notch fa-spin\"><\/i><\/div>\n\t\t\t<\/div>\n\n\t\t\t<\/div>\n\t\t<\/div>\n\t\t[\/vc_column][vc_column width=\u00a0\u00bb1\/2&Prime;]\n\t\t<div class=\"vc_lp_product \"  data-rel-pdt=\"\">\n\t\t\n\t\t<\/div>\n\t\t[\/vc_column][\/vc_row][vc_row gap=\u00a0\u00bb30&Prime; equal_height=\u00a0\u00bbyes\u00a0\u00bb css_animation=\u00a0\u00bbnone\u00a0\u00bb][vc_column width=\u00a0\u00bb1\/2&Prime;]\n\t\t<div class=\"vc_lp_product \"  data-rel-pdt=\"\">\n\t\t\n\t\t<\/div>\n\t\t[\/vc_column][vc_column width=\u00a0\u00bb1\/2&Prime;]\n\t\t<div class=\"vc_lp_product \"  data-rel-pdt=\"94180,94188,94195,94210,94220,94227\">\n\t\t\n\t\t\t<div class=\"lp-product-img\" style=\"background-image:url(https:\/\/www.jean-rousseau.com\/wp-content\/uploads\/2022\/05\/Template_LandingPage_collections_Blocproduit-6.jpg)\"><\/div>\n\n\t\t\t<div class=\"lp-product-infos\">\n\n\t\t\t<div class=\"lp-product-inner\">\n\n\t\t\t<h2 class=\"lp-product-title\">Sac Sam veau rouge<\/h2>\n\t\t\t<div class=\"lp-product-subtitle\"><\/div>\n\t\t\t<div class=\"lp-product-description\">Dernier n\u00e9 de nos ateliers, d\u00e9couvrez le sac SAM.\nGr\u00e2ce \u00e0 un ing\u00e9nieux m\u00e9canisme, les lani\u00e8res de nos sacs \u00ab\u00a0Sam\u00a0\u00bb sont interchangeables.\nIl est ainsi possible de personnaliser ce sac avec des lani\u00e8res et des anses de couleurs ou de mati\u00e8res diff\u00e9rentes et de l&rsquo;adapter aux diff\u00e9rentes occasions.\n<\/div>\n\n\t\t\t<\/div>\n\n\t\t\t<div class=\"lp-product-footer\">\n\t\t\t<div class=\"lp-product-price\"><span class=\"wcpbc-price wcpbc-price-94203\" data-product-id=\"94203\"><span class=\"woocommerce-Price-amount amount\"><bdi>735<span class=\"woocommerce-Price-currencySymbol\">&euro;<\/span><\/bdi><\/span><span class=\"mjr-suffix\"> T.T.C.<\/span><\/span><\/div>\n\t\t\t<div class=\"lp-product-btn vc_post_button\"><a href=\"https:\/\/www.jean-rousseau.com\/fr\/boutique\/sac-sam-veau-graine-rouge-2\/\" class=\"jr-bt black\">D\u00e9couvrir le produit<\/a><\/div>\n\t\t\t<div class=\"lp-product-more-btn\">Voir tous les mod\u00e8les<i class=\"fa fa-chevron-down\"><\/i><i class=\"fas fa-circle-notch fa-spin\"><\/i><\/div>\n\t\t\t<\/div>\n\n\t\t\t<\/div>\n\t\t<\/div>\n\t\t[\/vc_column][\/vc_row][\/vc_section][vc_section el_class=\u00a0\u00bbimage-banner-text-section\u00a0\u00bb css=\u00a0\u00bb.vc_custom_1651660284771{background-image: url(https:\/\/www.jean-rousseau.com\/wp-content\/uploads\/2022\/05\/Template_LandingPage_collections_Fondsurmesure.jpg?id=137388) !important;background-position: center !important;background-repeat: no-repeat !important;background-size: cover !important;}\u00a0\u00bb][vc_row][vc_column][vc_column_text el_class=\u00a0\u00bbimage-banner-text-special-title-section\u00a0\u00bb]<\/p>\n<p style=\"text-align: center;\">Le sur-mesure<\/p>\n<p>[\/vc_column_text][vc_column_text el_class=\u00a0\u00bbimage-banner-text-content-section\u00a0\u00bb]<\/p>\n<p style=\"text-align: center;\">Un article Jean Rousseau a attir\u00e9 votre attention,<br \/>\nmais vous pr\u00e9f\u00e9reriez choisir d\u2019autres mati\u00e8res, coloris, ou fils, ou encore apposer vos initiales ?<br \/>\nFaites-nous part de vos souhaits de personnalisation !<br \/>\nNos artisans mettront en \u0153uvre toute leur expertise dans la r\u00e9alisation de la pi\u00e8ce de vos r\u00eaves.<\/p>\n<p>[\/vc_column_text]\n\t\t\t\t<div class=\"vc_post_button vc_post_button_center \">\n\t\t\t\t<a href=\"https:\/\/www.jean-rousseau.com\/fr\/le-sur-mesure-jean-rousseau\/\" class=\"jr-bt transparent\">Demande sur-mesure<\/a>\n\t\t\t\t<\/div>\n\t\t\t\t[\/vc_column][\/vc_row][\/vc_section]<\/p>\n<\/div>","protected":false},"excerpt":{"rendered":"<p>[vc_section full_width=\u00a0\u00bbstretch_row\u00a0\u00bb full_height=\u00a0\u00bbyes\u00a0\u00bb css=\u00a0\u00bb.vc_custom_1651660055405{background-image: url(https:\/\/www.jean-rousseau.com\/wp-content\/uploads\/2022\/05\/Template_LandingPage_collections_Header.jpg?id=137338) !important;background-position: center !important;background-repeat: no-repeat !important;background-size: cover !important;}\u00a0\u00bb el_id=\u00a0\u00bblp-header\u00a0\u00bb][vc_row full_width=\u00a0\u00bbstretch_row_content_no_spaces\u00a0\u00bb full_height=\u00a0\u00bbyes\u00a0\u00bb columns_placement=\u00a0\u00bbtop\u00a0\u00bb][vc_column width=\u00a0\u00bb1\/2&Prime; css=\u00a0\u00bb.vc_custom_1615194356688{background-color: rgba(0,0,0,0.5) !important;*background-color: rgb(0,0,0) !important;}\u00a0\u00bb][vc_column_text] Joyeuse F\u00eate des M\u00e8res ! Pour la combler, la Maison Jean Rousseau vous propose des cadeaux d&rsquo;exception parmi une s\u00e9lection d&rsquo;articles de maroquinerie et de bracelets de montre. D\u00eetes-lui que vous l&rsquo;aimez en [&hellip;]<\/p>\n","protected":false},"author":33,"featured_media":0,"parent":0,"menu_order":0,"comment_status":"closed","ping_status":"closed","template":"","meta":{"_acf_changed":false,"_relevanssi_hide_post":"","_relevanssi_hide_content":"","_relevanssi_pin_for_all":"","_relevanssi_pin_keywords":"","_relevanssi_unpin_keywords":"","_relevanssi_related_keywords":"","_relevanssi_related_include_ids":"","_relevanssi_related_exclude_ids":"","_relevanssi_related_no_append":"","_relevanssi_related_not_related":"","_relevanssi_related_posts":"","_relevanssi_noindex_reason":"WooCommerce Yoast SEO Relevanssi index exclude","footnotes":""},"page_cat":[4926],"class_list":["post-137327","page","type-page","status-publish","hentry","page_cat-landing-page"],"acf":[],"yoast_head":"<!-- This site is optimized with the Yoast SEO plugin v26.3 - https:\/\/yoast.com\/wordpress\/plugins\/seo\/ -->\n<title>Joyeuse F\u00eate des M\u00e8res !\u00a0<\/title>\n<meta name=\"description\" content=\"\u00a0D\u00eetes-lui que vous l&#039;aimez en lui offrant le savoir-faire de la Maison Jean Rousseau.\u00a0\" \/>\n<meta name=\"robots\" content=\"index, follow, max-snippet:-1, max-image-preview:large, max-video-preview:-1\" \/>\n<link rel=\"canonical\" href=\"https:\/\/www.jean-rousseau.com\/fr\/landing-page-mothers-day-2022-2\/\" \/>\n<meta property=\"og:locale\" content=\"fr_FR\" \/>\n<meta property=\"og:type\" content=\"article\" \/>\n<meta property=\"og:title\" content=\"Joyeuse F\u00eate des M\u00e8res !\u00a0\" \/>\n<meta property=\"og:description\" content=\"\u00a0D\u00eetes-lui que vous l&#039;aimez en lui offrant le savoir-faire de la Maison Jean Rousseau.\u00a0\" \/>\n<meta property=\"og:url\" content=\"https:\/\/www.jean-rousseau.com\/fr\/landing-page-mothers-day-2022-2\/\" \/>\n<meta property=\"og:site_name\" content=\"Maison Jean Rousseau\" \/>\n<meta property=\"article:publisher\" content=\"https:\/\/www.facebook.com\/JeanrousseauParis\/\" \/>\n<meta property=\"article:modified_time\" content=\"2023-12-18T12:12:54+00:00\" \/>\n<meta property=\"og:image\" content=\"https:\/\/www.jean-rousseau.com\/wp-content\/uploads\/2024\/02\/logo-JR.jpg\" \/>\n\t<meta property=\"og:image:width\" content=\"696\" \/>\n\t<meta property=\"og:image:height\" content=\"696\" \/>\n\t<meta property=\"og:image:type\" content=\"image\/jpeg\" \/>\n<meta name=\"twitter:card\" content=\"summary_large_image\" \/>\n<meta name=\"twitter:site\" content=\"@jeanrousseaufr\" \/>\n<meta name=\"twitter:label1\" content=\"Dur\u00e9e de lecture estim\u00e9e\" \/>\n\t<meta name=\"twitter:data1\" content=\"2 minutes\" \/>\n<script type=\"application\/ld+json\" class=\"yoast-schema-graph\">{\"@context\":\"https:\/\/schema.org\",\"@graph\":[{\"@type\":\"WebPage\",\"@id\":\"https:\/\/www.jean-rousseau.com\/fr\/landing-page-mothers-day-2022-2\/\",\"url\":\"https:\/\/www.jean-rousseau.com\/fr\/landing-page-mothers-day-2022-2\/\",\"name\":\"Joyeuse F\u00eate des M\u00e8res !\u00a0\",\"isPartOf\":{\"@id\":\"https:\/\/www.jean-rousseau.com\/#website\"},\"datePublished\":\"2022-05-04T07:58:41+00:00\",\"dateModified\":\"2023-12-18T12:12:54+00:00\",\"description\":\"\u00a0D\u00eetes-lui que vous l'aimez en lui offrant le savoir-faire de la Maison Jean Rousseau.\u00a0\",\"breadcrumb\":{\"@id\":\"https:\/\/www.jean-rousseau.com\/fr\/landing-page-mothers-day-2022-2\/#breadcrumb\"},\"inLanguage\":\"fr-FR\",\"potentialAction\":[{\"@type\":\"ReadAction\",\"target\":[\"https:\/\/www.jean-rousseau.com\/fr\/landing-page-mothers-day-2022-2\/\"]}]},{\"@type\":\"BreadcrumbList\",\"@id\":\"https:\/\/www.jean-rousseau.com\/fr\/landing-page-mothers-day-2022-2\/#breadcrumb\",\"itemListElement\":[{\"@type\":\"ListItem\",\"position\":1,\"name\":\"Accueil\",\"item\":\"https:\/\/www.jean-rousseau.com\/fr\/\"},{\"@type\":\"ListItem\",\"position\":2,\"name\":\"Landing page Mother&rsquo;s day 2022\"}]},{\"@type\":\"WebSite\",\"@id\":\"https:\/\/www.jean-rousseau.com\/#website\",\"url\":\"https:\/\/www.jean-rousseau.com\/\",\"name\":\"Maison Jean Rousseau\",\"description\":\"Sp\u00e9cialiste en bracelets de montre et maroquinerie sur-mesure made in France, artisan d\u2019excellence depuis 1954.\",\"publisher\":{\"@id\":\"https:\/\/www.jean-rousseau.com\/#organization\"},\"potentialAction\":[{\"@type\":\"SearchAction\",\"target\":{\"@type\":\"EntryPoint\",\"urlTemplate\":\"https:\/\/www.jean-rousseau.com\/?s={search_term_string}\"},\"query-input\":{\"@type\":\"PropertyValueSpecification\",\"valueRequired\":true,\"valueName\":\"search_term_string\"}}],\"inLanguage\":\"fr-FR\"},{\"@type\":\"Organization\",\"@id\":\"https:\/\/www.jean-rousseau.com\/#organization\",\"name\":\"Maison Jean Rousseau\",\"url\":\"https:\/\/www.jean-rousseau.com\/\",\"logo\":{\"@type\":\"ImageObject\",\"inLanguage\":\"fr-FR\",\"@id\":\"https:\/\/www.jean-rousseau.com\/#\/schema\/logo\/image\/\",\"url\":\"https:\/\/www.jean-rousseau.com\/wp-content\/uploads\/2024\/02\/logo-JR.jpg\",\"contentUrl\":\"https:\/\/www.jean-rousseau.com\/wp-content\/uploads\/2024\/02\/logo-JR.jpg\",\"width\":696,\"height\":696,\"caption\":\"Maison Jean Rousseau\"},\"image\":{\"@id\":\"https:\/\/www.jean-rousseau.com\/#\/schema\/logo\/image\/\"},\"sameAs\":[\"https:\/\/www.facebook.com\/JeanrousseauParis\/\",\"https:\/\/x.com\/jeanrousseaufr\",\"https:\/\/www.instagram.com\/jeanrousseauparis\/\",\"https:\/\/www.linkedin.com\/company\/maison-jean-rousseau\/\",\"https:\/\/www.pinterest.fr\/jeanrousseauparis\/\",\"https:\/\/www.youtube.com\/@MaisonJeanRousseau\",\"https:\/\/www.tiktok.com\/@jeanrousseauparis\",\"https:\/\/www.weibo.com\/p\/1006066811228508\/home?from=page_100606&mod=TAB&is_hot=1\"]}]}<\/script>\n<!-- \/ Yoast SEO plugin. -->","yoast_head_json":{"title":"Joyeuse F\u00eate des M\u00e8res !\u00a0","description":"\u00a0D\u00eetes-lui que vous l'aimez en lui offrant le savoir-faire de la Maison Jean Rousseau.\u00a0","robots":{"index":"index","follow":"follow","max-snippet":"max-snippet:-1","max-image-preview":"max-image-preview:large","max-video-preview":"max-video-preview:-1"},"canonical":"https:\/\/www.jean-rousseau.com\/fr\/landing-page-mothers-day-2022-2\/","og_locale":"fr_FR","og_type":"article","og_title":"Joyeuse F\u00eate des M\u00e8res !\u00a0","og_description":"\u00a0D\u00eetes-lui que vous l'aimez en lui offrant le savoir-faire de la Maison Jean Rousseau.\u00a0","og_url":"https:\/\/www.jean-rousseau.com\/fr\/landing-page-mothers-day-2022-2\/","og_site_name":"Maison Jean Rousseau","article_publisher":"https:\/\/www.facebook.com\/JeanrousseauParis\/","article_modified_time":"2023-12-18T12:12:54+00:00","og_image":[{"width":696,"height":696,"url":"https:\/\/www.jean-rousseau.com\/wp-content\/uploads\/2024\/02\/logo-JR.jpg","type":"image\/jpeg"}],"twitter_card":"summary_large_image","twitter_site":"@jeanrousseaufr","twitter_misc":{"Dur\u00e9e de lecture estim\u00e9e":"2 minutes"},"schema":{"@context":"https:\/\/schema.org","@graph":[{"@type":"WebPage","@id":"https:\/\/www.jean-rousseau.com\/fr\/landing-page-mothers-day-2022-2\/","url":"https:\/\/www.jean-rousseau.com\/fr\/landing-page-mothers-day-2022-2\/","name":"Joyeuse F\u00eate des M\u00e8res !\u00a0","isPartOf":{"@id":"https:\/\/www.jean-rousseau.com\/#website"},"datePublished":"2022-05-04T07:58:41+00:00","dateModified":"2023-12-18T12:12:54+00:00","description":"\u00a0D\u00eetes-lui que vous l'aimez en lui offrant le savoir-faire de la Maison Jean Rousseau.\u00a0","breadcrumb":{"@id":"https:\/\/www.jean-rousseau.com\/fr\/landing-page-mothers-day-2022-2\/#breadcrumb"},"inLanguage":"fr-FR","potentialAction":[{"@type":"ReadAction","target":["https:\/\/www.jean-rousseau.com\/fr\/landing-page-mothers-day-2022-2\/"]}]},{"@type":"BreadcrumbList","@id":"https:\/\/www.jean-rousseau.com\/fr\/landing-page-mothers-day-2022-2\/#breadcrumb","itemListElement":[{"@type":"ListItem","position":1,"name":"Accueil","item":"https:\/\/www.jean-rousseau.com\/fr\/"},{"@type":"ListItem","position":2,"name":"Landing page Mother&rsquo;s day 2022"}]},{"@type":"WebSite","@id":"https:\/\/www.jean-rousseau.com\/#website","url":"https:\/\/www.jean-rousseau.com\/","name":"Maison Jean Rousseau","description":"Sp\u00e9cialiste en bracelets de montre et maroquinerie sur-mesure made in France, artisan d\u2019excellence depuis 1954.","publisher":{"@id":"https:\/\/www.jean-rousseau.com\/#organization"},"potentialAction":[{"@type":"SearchAction","target":{"@type":"EntryPoint","urlTemplate":"https:\/\/www.jean-rousseau.com\/?s={search_term_string}"},"query-input":{"@type":"PropertyValueSpecification","valueRequired":true,"valueName":"search_term_string"}}],"inLanguage":"fr-FR"},{"@type":"Organization","@id":"https:\/\/www.jean-rousseau.com\/#organization","name":"Maison Jean Rousseau","url":"https:\/\/www.jean-rousseau.com\/","logo":{"@type":"ImageObject","inLanguage":"fr-FR","@id":"https:\/\/www.jean-rousseau.com\/#\/schema\/logo\/image\/","url":"https:\/\/www.jean-rousseau.com\/wp-content\/uploads\/2024\/02\/logo-JR.jpg","contentUrl":"https:\/\/www.jean-rousseau.com\/wp-content\/uploads\/2024\/02\/logo-JR.jpg","width":696,"height":696,"caption":"Maison Jean Rousseau"},"image":{"@id":"https:\/\/www.jean-rousseau.com\/#\/schema\/logo\/image\/"},"sameAs":["https:\/\/www.facebook.com\/JeanrousseauParis\/","https:\/\/x.com\/jeanrousseaufr","https:\/\/www.instagram.com\/jeanrousseauparis\/","https:\/\/www.linkedin.com\/company\/maison-jean-rousseau\/","https:\/\/www.pinterest.fr\/jeanrousseauparis\/","https:\/\/www.youtube.com\/@MaisonJeanRousseau","https:\/\/www.tiktok.com\/@jeanrousseauparis","https:\/\/www.weibo.com\/p\/1006066811228508\/home?from=page_100606&mod=TAB&is_hot=1"]}]}},"_links":{"self":[{"href":"https:\/\/www.jean-rousseau.com\/fr\/wp-json\/wp\/v2\/pages\/137327","targetHints":{"allow":["GET"]}}],"collection":[{"href":"https:\/\/www.jean-rousseau.com\/fr\/wp-json\/wp\/v2\/pages"}],"about":[{"href":"https:\/\/www.jean-rousseau.com\/fr\/wp-json\/wp\/v2\/types\/page"}],"author":[{"embeddable":true,"href":"https:\/\/www.jean-rousseau.com\/fr\/wp-json\/wp\/v2\/users\/33"}],"replies":[{"embeddable":true,"href":"https:\/\/www.jean-rousseau.com\/fr\/wp-json\/wp\/v2\/comments?post=137327"}],"version-history":[{"count":0,"href":"https:\/\/www.jean-rousseau.com\/fr\/wp-json\/wp\/v2\/pages\/137327\/revisions"}],"wp:attachment":[{"href":"https:\/\/www.jean-rousseau.com\/fr\/wp-json\/wp\/v2\/media?parent=137327"}],"wp:term":[{"taxonomy":"page_cat","embeddable":true,"href":"https:\/\/www.jean-rousseau.com\/fr\/wp-json\/wp\/v2\/page_cat?post=137327"}],"curies":[{"name":"wp","href":"https:\/\/api.w.org\/{rel}","templated":true}]}}