{"id":15807,"date":"2018-06-07T23:27:07","date_gmt":"2018-06-07T21:27:07","guid":{"rendered":"http:\/\/jean-rousseau.misopa.pro\/?page_id=15807"},"modified":"2025-01-10T08:06:41","modified_gmt":"2025-01-10T07:06:41","slug":"notre-heritage","status":"publish","type":"page","link":"https:\/\/www.jean-rousseau.com\/fr\/notre-heritage\/","title":{"rendered":"Notre h\u00e9ritage"},"content":{"rendered":"<div class=\"wpb-content-wrapper\"><p>[vc_section full_width=\u00a0\u00bbstretch_row_content\u00a0\u00bb el_class=\u00a0\u00bbimage-banner-section\u00a0\u00bb css=\u00a0\u00bb.vc_custom_1529085187902{background-image: url(\/wp-content\/uploads\/2018\/06\/histoire-bandeau.jpg?id=18657) !important;}\u00a0\u00bb][\/vc_section][vc_section el_id=\u00a0\u00bbbreadcrumbs-section\u00a0\u00bb][vc_row][vc_column][vc_column_text]<nav class=\"woocommerce-breadcrumb\" aria-label=\"Breadcrumb\">Accueil<\/nav>[\/vc_column_text][\/vc_column][\/vc_row][\/vc_section][vc_section el_class=\u00a0\u00bbquote-section\u00a0\u00bb][vc_row][vc_column][vc_column_text el_class=\u00a0\u00bbquote-section-title\u00a0\u00bb]<\/p>\n<p style=\"text-align: center;\">Maison Jean Rousseau<\/p>\n<p>[\/vc_column_text][vc_column_text el_class=\u00a0\u00bbquote-section-content\u00a0\u00bb]<\/p>\n<p style=\"text-align: center;\">Bracelet de montre et maroquinerie de luxe fran\u00e7aise<\/p>\n<p>[\/vc_column_text][\/vc_column][\/vc_row][\/vc_section][vc_section el_class=\u00a0\u00bbright-image-col-section\u00a0\u00bb css=\u00a0\u00bb.vc_custom_1531419367736{margin-bottom: 20px !important;}\u00a0\u00bb][vc_row content_placement=\u00a0\u00bbmiddle\u00a0\u00bb][vc_column width=\u00a0\u00bb1\/2&Prime; el_class=\u00a0\u00bbspecial-title-container\u00a0\u00bb][vc_column_text el_class=\u00a0\u00bbright-image-col-text-special-title-section special-title\u00a0\u00bb]01[\/vc_column_text][vc_column_text el_class=\u00a0\u00bbright-image-col-text-content-section\u00a0\u00bb]<\/p>\n<h2 style=\"text-align: left;\">LE LUXE \u00e0 FLEUR DE PEAU<\/h2>\n<p style=\"text-align: left;\">La Maison Jean Rousseau travaille le cuir comme une caresse\u00a0: la peau sur la peau, une invitation au toucher. A l\u2019excellence du savoir-faire en \u0153uvre s\u2019allie la sensualit\u00e9 du velout\u00e9, de la chaleur de la mati\u00e8re. L\u2019objet s\u2019invite dans l\u2019intimit\u00e9. Cette relation charnelle est au c\u0153ur de l\u2019attention port\u00e9e par la Maison Jean Rousseau \u00e0 la manufacture de ces objets uniques, compagnons du quotidien, o\u00f9 le caract\u00e8re des peaux les plus rares est exacerb\u00e9 pour offrir \u00e0 son acqu\u00e9reur une exp\u00e9rience inoubliable, composante immat\u00e9rielle des ouvrages d\u2019exception.<\/p>\n<p>[\/vc_column_text][\/vc_column][vc_column width=\u00a0\u00bb1\/2&Prime;][vc_single_image image=\u00a0\u00bb17100&Prime; img_size=\u00a0\u00bblarge\u00a0\u00bb alignment=\u00a0\u00bbcenter\u00a0\u00bb][\/vc_column][\/vc_row][\/vc_section][vc_section el_class=\u00a0\u00bbleft-image-col-section\u00a0\u00bb el_id=\u00a0\u00bb65-annees-tradition-innovation\u00a0\u00bb css=\u00a0\u00bb.vc_custom_1531419351385{margin-top: 0px !important;}\u00a0\u00bb][vc_row][vc_column]\n\t\t\t<div id=\"vc_jr_visual_section_754249\" class=\"vc_jr_visual_section left  vc_custom_1736492795780\">\n\t\t\t<div class=\"jr-wrapper\">\n\n\t\t\t<div class=\"vc_jr_visual_section_images_container\">\n\t\t\t<img decoding=\"async\" src=\"https:\/\/www.jean-rousseau.com\/wp-content\/uploads\/2018\/06\/contact-bracelet-01.png\" class=\"vc_jr_visual_section_image top_img\" alt=\"Array\">\n\t\t\t<div style=\"background-image:url(https:\/\/www.jean-rousseau.com\/wp-content\/uploads\/2018\/06\/histoire-02.jpg)\" class=\"vc_jr_visual_section_image bottom_img\"><\/div>\n\t\t\t<\/div>\n\n\t\t\t<div class=\"vc_jr_visual_section_texts_container\">\n\t\t\t<div class=\"special-title-container\">\n\n\t\t\t<div class=\"special-title\">02<\/div>\n\n\t\t\t<div class=\"vc_jr_visual_section_title_container\">\n\t\t\t<h2 class=\"vc_jr_visual_section_title\">70 ann\u00e9es de tradition et d\u2019innovation<\/h2>\n\t\t\t<\/div>\n\n\t\t\t<div class=\"vc_jr_visual_section_description_container\">\n\t\t\t<p><p>Alliant la cr\u00e9ativit\u00e9 et l\u2019innovation \u00e0 un h\u00e9ritage culturel et artisanal, la Maison Jean Rousseau, distingu\u00e9e du label \u201cEntreprise du Patrimoine Vivant\u201d, produit bien plus que de simples objets. Elle communique une histoire, son histoire, son amour du beau mat\u00e9riau et du bel objet, celui qui accompagne toute une vie. Au fil des d\u00e9cennies, Jean Rousseau s\u2019est impos\u00e9e comme une marque de maroquinerie de luxe authentique, dont l\u2019ind\u00e9pendance, la cr\u00e9ativit\u00e9 et l\u2019excellence en font aujourd\u2019hui une marque respect\u00e9e. Sp\u00e9cialis\u00e9e \u00e0 l\u2019origine dans le bracelet de montre, c\u2019est avec l\u2019audace et l\u2019ambition de Jacques Bordier, accompagn\u00e9 par sa fille Ana\u00efs, que la Maison Jean Rousseau diversifie ses cr\u00e9ations pour embrasser le vaste champ des possibles de la maroquinerie et se d\u00e9ploie \u00e0 l\u2019international. Une premi\u00e8re boutique \u00e0 Paris puis la marque se d\u00e9veloppe au Japon, en Angleterre, aux Etats-Unis et enfin \u00e0 Macao, diffusant au-del\u00e0 des fronti\u00e8res hexagonales son savoir-faire unique.<\/p>\n<\/p>\n\t\t\t\n\t\t\t<\/div>\n\n\t\t\t<\/div>\n\t\t\t<\/div>\n\n\t\t\t<\/div>\n\n\t\t\t<\/div>\n\t\t\t[\/vc_column][\/vc_row][\/vc_section][vc_section el_class=\u00a0\u00bbright-image-col-section\u00a0\u00bb el_id=\u00a0\u00bbcuir-seconde-peau\u00a0\u00bb][vc_row content_placement=\u00a0\u00bbmiddle\u00a0\u00bb][vc_column width=\u00a0\u00bb1\/2&Prime; el_class=\u00a0\u00bbspecial-title-container\u00a0\u00bb][vc_column_text el_class=\u00a0\u00bbright-image-col-text-special-title-section special-title\u00a0\u00bb]03[\/vc_column_text][vc_column_text el_class=\u00a0\u00bbright-image-col-text-content-section\u00a0\u00bb]<\/p>\n<h2 style=\"text-align: left;\">LE CUIR, UNE SECONDE PEAU<\/h2>\n<p style=\"text-align: left;\">Les ouvrages Jean Rousseau, r\u00e9alis\u00e9s \u00e0 la main, s\u2019adressent \u00e0 un public de connaisseurs en qu\u00eate d\u2019\u00e9motion et de sensation. Le cuir est sublim\u00e9 pour r\u00e9pondre \u00e0 un d\u00e9sir qui d\u00e9passe la fonction de l\u2019objet. La mati\u00e8re est au centre de l\u2019inspiration, de la cr\u00e9ation. Pour Ana\u00efs, elle est en soi une forme d\u2019expression, le premier lien vers une communication sensible avec le futur propri\u00e9taire. Le design \u00e9pur\u00e9, qui r\u00e9pond \u00e0 la contrainte de la fonctionnalit\u00e9, offre toute la libert\u00e9 au large choix de peausserie et de coloris de s\u2019exprimer. Les ouvrages Jean Rousseau appellent sans cesse aux fondamentaux de la sensation\u00a0: au grain du cuir qui glisse sous les doigts, au contact velout\u00e9 d\u2019un bracelet d\u00e9pos\u00e9 sur un poignet. Une seconde peau qui invite au toucher et qui, gr\u00e2ce aux possibilit\u00e9s sans limite de personnalisation, r\u00e9pond au plus pr\u00e8s \u00e0 l\u2019envie de chacun.<\/p>\n<p>[\/vc_column_text][\/vc_column][vc_column width=\u00a0\u00bb1\/2&Prime;][vc_single_image image=\u00a0\u00bb17126&Prime; img_size=\u00a0\u00bblarge\u00a0\u00bb alignment=\u00a0\u00bbcenter\u00a0\u00bb][\/vc_column][\/vc_row][\/vc_section][vc_section el_class=\u00a0\u00bbimage-banner-text-section\u00a0\u00bb css=\u00a0\u00bb.vc_custom_1532523353755{background-image: url(\/wp-content\/uploads\/2018\/06\/manufacture-bandeau-ao-new.jpg?id=16944) !important;}\u00a0\u00bb][vc_row][vc_column][vc_column_text el_class=\u00a0\u00bbimage-banner-text-special-title-section\u00a0\u00bb]<\/p>\n<p style=\"text-align: center;\">La Manufacture<\/p>\n<p>[\/vc_column_text][vc_column_text el_class=\u00a0\u00bbimage-banner-text-title-section\u00a0\u00bb]<\/p>\n<p style=\"text-align: center;\">culte de la belle mati\u00e8re et du savoir faire<\/p>\n<p>[\/vc_column_text][vc_column_text el_class=\u00a0\u00bbimage-banner-text-content-section\u00a0\u00bb]<\/p>\n<p style=\"text-align: center;\">La manufacture Jean Rousseau, \u00e0 l\u2019instar des plus grands groupes de maroquinerie de luxe,<\/p>\n<p style=\"text-align: center;\">poss\u00e8de sa propre unit\u00e9 de traitement des peaux. La s\u00e9lection et la pr\u00e9paration des peaux font l\u2019objet<\/p>\n<p style=\"text-align: center;\">d\u2019une attention de tous les instants.<\/p>\n<p>[\/vc_column_text]\n\t\t\t\t<div class=\"vc_post_button vc_post_button_center \">\n\t\t\t\t<a href=\"https:\/\/www.jean-rousseau.com\/fr\/la-manufacture\/\" class=\"jr-bt transparent\">D\u00e9couvrir<\/a>\n\t\t\t\t<\/div>\n\t\t\t\t[\/vc_column][\/vc_row][\/vc_section]<\/p>\n<\/div>","protected":false},"excerpt":{"rendered":"<p>[vc_section full_width=\u00a0\u00bbstretch_row_content\u00a0\u00bb el_class=\u00a0\u00bbimage-banner-section\u00a0\u00bb css=\u00a0\u00bb.vc_custom_1529085187902{background-image: url(\/wp-content\/uploads\/2018\/06\/histoire-bandeau.jpg?id=18657) !important;}\u00a0\u00bb][\/vc_section][vc_section el_id=\u00a0\u00bbbreadcrumbs-section\u00a0\u00bb][vc_row][vc_column][vc_column_text][\/vc_column_text][\/vc_column][\/vc_row][\/vc_section][vc_section el_class=\u00a0\u00bbquote-section\u00a0\u00bb][vc_row][vc_column][vc_column_text el_class=\u00a0\u00bbquote-section-title\u00a0\u00bb] Maison Jean Rousseau [\/vc_column_text][vc_column_text el_class=\u00a0\u00bbquote-section-content\u00a0\u00bb] Bracelet de montre et maroquinerie de luxe fran\u00e7aise [\/vc_column_text][\/vc_column][\/vc_row][\/vc_section][vc_section el_class=\u00a0\u00bbright-image-col-section\u00a0\u00bb css=\u00a0\u00bb.vc_custom_1531419367736{margin-bottom: 20px !important;}\u00a0\u00bb][vc_row content_placement=\u00a0\u00bbmiddle\u00a0\u00bb][vc_column width=\u00a0\u00bb1\/2&Prime; el_class=\u00a0\u00bbspecial-title-container\u00a0\u00bb][vc_column_text el_class=\u00a0\u00bbright-image-col-text-special-title-section special-title\u00a0\u00bb]01[\/vc_column_text][vc_column_text el_class=\u00a0\u00bbright-image-col-text-content-section\u00a0\u00bb] LE LUXE \u00e0 FLEUR DE PEAU La Maison Jean Rousseau travaille le cuir comme une caresse\u00a0: la peau sur la peau, une [&hellip;]<\/p>\n","protected":false},"author":1,"featured_media":0,"parent":0,"menu_order":0,"comment_status":"closed","ping_status":"closed","template":"","meta":{"_acf_changed":false,"_relevanssi_hide_post":"","_relevanssi_hide_content":"","_relevanssi_pin_for_all":"","_relevanssi_pin_keywords":"","_relevanssi_unpin_keywords":"","_relevanssi_related_keywords":"","_relevanssi_related_include_ids":"","_relevanssi_related_exclude_ids":"","_relevanssi_related_no_append":"","_relevanssi_related_not_related":"","_relevanssi_related_posts":"","_relevanssi_noindex_reason":"","footnotes":""},"page_cat":[],"class_list":["post-15807","page","type-page","status-publish","hentry"],"acf":[],"yoast_head":"<!-- This site is optimized with the Yoast SEO plugin v26.3 - https:\/\/yoast.com\/wordpress\/plugins\/seo\/ -->\n<title>Notre h\u00e9ritage - Maison Jean Rousseau<\/title>\n<meta name=\"robots\" content=\"index, follow, max-snippet:-1, max-image-preview:large, max-video-preview:-1\" \/>\n<link rel=\"canonical\" href=\"https:\/\/www.jean-rousseau.com\/fr\/notre-heritage\/\" \/>\n<meta property=\"og:locale\" content=\"fr_FR\" \/>\n<meta property=\"og:type\" content=\"article\" \/>\n<meta property=\"og:title\" content=\"Notre h\u00e9ritage - Maison Jean Rousseau\" \/>\n<meta property=\"og:description\" content=\"[vc_section full_width=\u00a0\u00bbstretch_row_content\u00a0\u00bb el_class=\u00a0\u00bbimage-banner-section\u00a0\u00bb css=\u00a0\u00bb.vc_custom_1529085187902{background-image: url(\/wp-content\/uploads\/2018\/06\/histoire-bandeau.jpg?id=18657) !important;}\u00a0\u00bb][\/vc_section][vc_section el_id=\u00a0\u00bbbreadcrumbs-section\u00a0\u00bb][vc_row][vc_column][vc_column_text][\/vc_column_text][\/vc_column][\/vc_row][\/vc_section][vc_section el_class=\u00a0\u00bbquote-section\u00a0\u00bb][vc_row][vc_column][vc_column_text el_class=\u00a0\u00bbquote-section-title\u00a0\u00bb] Maison Jean Rousseau [\/vc_column_text][vc_column_text el_class=\u00a0\u00bbquote-section-content\u00a0\u00bb] Bracelet de montre et maroquinerie de luxe fran\u00e7aise [\/vc_column_text][\/vc_column][\/vc_row][\/vc_section][vc_section el_class=\u00a0\u00bbright-image-col-section\u00a0\u00bb css=\u00a0\u00bb.vc_custom_1531419367736{margin-bottom: 20px !important;}\u00a0\u00bb][vc_row content_placement=\u00a0\u00bbmiddle\u00a0\u00bb][vc_column width=\u00a0\u00bb1\/2&Prime; el_class=\u00a0\u00bbspecial-title-container\u00a0\u00bb][vc_column_text el_class=\u00a0\u00bbright-image-col-text-special-title-section special-title\u00a0\u00bb]01[\/vc_column_text][vc_column_text el_class=\u00a0\u00bbright-image-col-text-content-section\u00a0\u00bb] LE LUXE \u00e0 FLEUR DE PEAU La Maison Jean Rousseau travaille le cuir comme une caresse\u00a0: la peau sur la peau, une [&hellip;]\" \/>\n<meta property=\"og:url\" content=\"https:\/\/www.jean-rousseau.com\/fr\/notre-heritage\/\" \/>\n<meta property=\"og:site_name\" content=\"Maison Jean Rousseau\" \/>\n<meta property=\"article:publisher\" content=\"https:\/\/www.facebook.com\/JeanrousseauParis\/\" \/>\n<meta property=\"article:modified_time\" content=\"2025-01-10T07:06:41+00:00\" \/>\n<meta property=\"og:image\" content=\"https:\/\/www.jean-rousseau.com\/wp-content\/uploads\/2024\/02\/logo-JR.jpg\" \/>\n\t<meta property=\"og:image:width\" content=\"696\" \/>\n\t<meta property=\"og:image:height\" content=\"696\" \/>\n\t<meta property=\"og:image:type\" content=\"image\/jpeg\" \/>\n<meta name=\"twitter:card\" content=\"summary_large_image\" \/>\n<meta name=\"twitter:site\" content=\"@jeanrousseaufr\" \/>\n<meta name=\"twitter:label1\" content=\"Dur\u00e9e de lecture estim\u00e9e\" \/>\n\t<meta name=\"twitter:data1\" content=\"3 minutes\" \/>\n<script type=\"application\/ld+json\" class=\"yoast-schema-graph\">{\"@context\":\"https:\/\/schema.org\",\"@graph\":[{\"@type\":\"WebPage\",\"@id\":\"https:\/\/www.jean-rousseau.com\/fr\/notre-heritage\/\",\"url\":\"https:\/\/www.jean-rousseau.com\/fr\/notre-heritage\/\",\"name\":\"Notre h\u00e9ritage - Maison Jean Rousseau\",\"isPartOf\":{\"@id\":\"https:\/\/www.jean-rousseau.com\/#website\"},\"datePublished\":\"2018-06-07T21:27:07+00:00\",\"dateModified\":\"2025-01-10T07:06:41+00:00\",\"breadcrumb\":{\"@id\":\"https:\/\/www.jean-rousseau.com\/fr\/notre-heritage\/#breadcrumb\"},\"inLanguage\":\"fr-FR\",\"potentialAction\":[{\"@type\":\"ReadAction\",\"target\":[\"https:\/\/www.jean-rousseau.com\/fr\/notre-heritage\/\"]}]},{\"@type\":\"BreadcrumbList\",\"@id\":\"https:\/\/www.jean-rousseau.com\/fr\/notre-heritage\/#breadcrumb\",\"itemListElement\":[{\"@type\":\"ListItem\",\"position\":1,\"name\":\"Accueil\",\"item\":\"https:\/\/www.jean-rousseau.com\/fr\/\"},{\"@type\":\"ListItem\",\"position\":2,\"name\":\"Notre h\u00e9ritage\"}]},{\"@type\":\"WebSite\",\"@id\":\"https:\/\/www.jean-rousseau.com\/#website\",\"url\":\"https:\/\/www.jean-rousseau.com\/\",\"name\":\"Maison Jean Rousseau\",\"description\":\"Sp\u00e9cialiste en bracelets de montre et maroquinerie sur-mesure made in France, artisan d\u2019excellence depuis 1954.\",\"publisher\":{\"@id\":\"https:\/\/www.jean-rousseau.com\/#organization\"},\"potentialAction\":[{\"@type\":\"SearchAction\",\"target\":{\"@type\":\"EntryPoint\",\"urlTemplate\":\"https:\/\/www.jean-rousseau.com\/?s={search_term_string}\"},\"query-input\":{\"@type\":\"PropertyValueSpecification\",\"valueRequired\":true,\"valueName\":\"search_term_string\"}}],\"inLanguage\":\"fr-FR\"},{\"@type\":\"Organization\",\"@id\":\"https:\/\/www.jean-rousseau.com\/#organization\",\"name\":\"Maison Jean Rousseau\",\"url\":\"https:\/\/www.jean-rousseau.com\/\",\"logo\":{\"@type\":\"ImageObject\",\"inLanguage\":\"fr-FR\",\"@id\":\"https:\/\/www.jean-rousseau.com\/#\/schema\/logo\/image\/\",\"url\":\"https:\/\/www.jean-rousseau.com\/wp-content\/uploads\/2024\/02\/logo-JR.jpg\",\"contentUrl\":\"https:\/\/www.jean-rousseau.com\/wp-content\/uploads\/2024\/02\/logo-JR.jpg\",\"width\":696,\"height\":696,\"caption\":\"Maison Jean Rousseau\"},\"image\":{\"@id\":\"https:\/\/www.jean-rousseau.com\/#\/schema\/logo\/image\/\"},\"sameAs\":[\"https:\/\/www.facebook.com\/JeanrousseauParis\/\",\"https:\/\/x.com\/jeanrousseaufr\",\"https:\/\/www.instagram.com\/jeanrousseauparis\/\",\"https:\/\/www.linkedin.com\/company\/maison-jean-rousseau\/\",\"https:\/\/www.pinterest.fr\/jeanrousseauparis\/\",\"https:\/\/www.youtube.com\/@MaisonJeanRousseau\",\"https:\/\/www.tiktok.com\/@jeanrousseauparis\",\"https:\/\/www.weibo.com\/p\/1006066811228508\/home?from=page_100606&mod=TAB&is_hot=1\"]}]}<\/script>\n<!-- \/ Yoast SEO plugin. -->","yoast_head_json":{"title":"Notre h\u00e9ritage - Maison Jean Rousseau","robots":{"index":"index","follow":"follow","max-snippet":"max-snippet:-1","max-image-preview":"max-image-preview:large","max-video-preview":"max-video-preview:-1"},"canonical":"https:\/\/www.jean-rousseau.com\/fr\/notre-heritage\/","og_locale":"fr_FR","og_type":"article","og_title":"Notre h\u00e9ritage - Maison Jean Rousseau","og_description":"[vc_section full_width=\u00a0\u00bbstretch_row_content\u00a0\u00bb el_class=\u00a0\u00bbimage-banner-section\u00a0\u00bb css=\u00a0\u00bb.vc_custom_1529085187902{background-image: url(\/wp-content\/uploads\/2018\/06\/histoire-bandeau.jpg?id=18657) !important;}\u00a0\u00bb][\/vc_section][vc_section el_id=\u00a0\u00bbbreadcrumbs-section\u00a0\u00bb][vc_row][vc_column][vc_column_text][\/vc_column_text][\/vc_column][\/vc_row][\/vc_section][vc_section el_class=\u00a0\u00bbquote-section\u00a0\u00bb][vc_row][vc_column][vc_column_text el_class=\u00a0\u00bbquote-section-title\u00a0\u00bb] Maison Jean Rousseau [\/vc_column_text][vc_column_text el_class=\u00a0\u00bbquote-section-content\u00a0\u00bb] Bracelet de montre et maroquinerie de luxe fran\u00e7aise [\/vc_column_text][\/vc_column][\/vc_row][\/vc_section][vc_section el_class=\u00a0\u00bbright-image-col-section\u00a0\u00bb css=\u00a0\u00bb.vc_custom_1531419367736{margin-bottom: 20px !important;}\u00a0\u00bb][vc_row content_placement=\u00a0\u00bbmiddle\u00a0\u00bb][vc_column width=\u00a0\u00bb1\/2&Prime; el_class=\u00a0\u00bbspecial-title-container\u00a0\u00bb][vc_column_text el_class=\u00a0\u00bbright-image-col-text-special-title-section special-title\u00a0\u00bb]01[\/vc_column_text][vc_column_text el_class=\u00a0\u00bbright-image-col-text-content-section\u00a0\u00bb] LE LUXE \u00e0 FLEUR DE PEAU La Maison Jean Rousseau travaille le cuir comme une caresse\u00a0: la peau sur la peau, une [&hellip;]","og_url":"https:\/\/www.jean-rousseau.com\/fr\/notre-heritage\/","og_site_name":"Maison Jean Rousseau","article_publisher":"https:\/\/www.facebook.com\/JeanrousseauParis\/","article_modified_time":"2025-01-10T07:06:41+00:00","og_image":[{"width":696,"height":696,"url":"https:\/\/www.jean-rousseau.com\/wp-content\/uploads\/2024\/02\/logo-JR.jpg","type":"image\/jpeg"}],"twitter_card":"summary_large_image","twitter_site":"@jeanrousseaufr","twitter_misc":{"Dur\u00e9e de lecture estim\u00e9e":"3 minutes"},"schema":{"@context":"https:\/\/schema.org","@graph":[{"@type":"WebPage","@id":"https:\/\/www.jean-rousseau.com\/fr\/notre-heritage\/","url":"https:\/\/www.jean-rousseau.com\/fr\/notre-heritage\/","name":"Notre h\u00e9ritage - Maison Jean Rousseau","isPartOf":{"@id":"https:\/\/www.jean-rousseau.com\/#website"},"datePublished":"2018-06-07T21:27:07+00:00","dateModified":"2025-01-10T07:06:41+00:00","breadcrumb":{"@id":"https:\/\/www.jean-rousseau.com\/fr\/notre-heritage\/#breadcrumb"},"inLanguage":"fr-FR","potentialAction":[{"@type":"ReadAction","target":["https:\/\/www.jean-rousseau.com\/fr\/notre-heritage\/"]}]},{"@type":"BreadcrumbList","@id":"https:\/\/www.jean-rousseau.com\/fr\/notre-heritage\/#breadcrumb","itemListElement":[{"@type":"ListItem","position":1,"name":"Accueil","item":"https:\/\/www.jean-rousseau.com\/fr\/"},{"@type":"ListItem","position":2,"name":"Notre h\u00e9ritage"}]},{"@type":"WebSite","@id":"https:\/\/www.jean-rousseau.com\/#website","url":"https:\/\/www.jean-rousseau.com\/","name":"Maison Jean Rousseau","description":"Sp\u00e9cialiste en bracelets de montre et maroquinerie sur-mesure made in France, artisan d\u2019excellence depuis 1954.","publisher":{"@id":"https:\/\/www.jean-rousseau.com\/#organization"},"potentialAction":[{"@type":"SearchAction","target":{"@type":"EntryPoint","urlTemplate":"https:\/\/www.jean-rousseau.com\/?s={search_term_string}"},"query-input":{"@type":"PropertyValueSpecification","valueRequired":true,"valueName":"search_term_string"}}],"inLanguage":"fr-FR"},{"@type":"Organization","@id":"https:\/\/www.jean-rousseau.com\/#organization","name":"Maison Jean Rousseau","url":"https:\/\/www.jean-rousseau.com\/","logo":{"@type":"ImageObject","inLanguage":"fr-FR","@id":"https:\/\/www.jean-rousseau.com\/#\/schema\/logo\/image\/","url":"https:\/\/www.jean-rousseau.com\/wp-content\/uploads\/2024\/02\/logo-JR.jpg","contentUrl":"https:\/\/www.jean-rousseau.com\/wp-content\/uploads\/2024\/02\/logo-JR.jpg","width":696,"height":696,"caption":"Maison Jean Rousseau"},"image":{"@id":"https:\/\/www.jean-rousseau.com\/#\/schema\/logo\/image\/"},"sameAs":["https:\/\/www.facebook.com\/JeanrousseauParis\/","https:\/\/x.com\/jeanrousseaufr","https:\/\/www.instagram.com\/jeanrousseauparis\/","https:\/\/www.linkedin.com\/company\/maison-jean-rousseau\/","https:\/\/www.pinterest.fr\/jeanrousseauparis\/","https:\/\/www.youtube.com\/@MaisonJeanRousseau","https:\/\/www.tiktok.com\/@jeanrousseauparis","https:\/\/www.weibo.com\/p\/1006066811228508\/home?from=page_100606&mod=TAB&is_hot=1"]}]}},"_links":{"self":[{"href":"https:\/\/www.jean-rousseau.com\/fr\/wp-json\/wp\/v2\/pages\/15807","targetHints":{"allow":["GET"]}}],"collection":[{"href":"https:\/\/www.jean-rousseau.com\/fr\/wp-json\/wp\/v2\/pages"}],"about":[{"href":"https:\/\/www.jean-rousseau.com\/fr\/wp-json\/wp\/v2\/types\/page"}],"author":[{"embeddable":true,"href":"https:\/\/www.jean-rousseau.com\/fr\/wp-json\/wp\/v2\/users\/1"}],"replies":[{"embeddable":true,"href":"https:\/\/www.jean-rousseau.com\/fr\/wp-json\/wp\/v2\/comments?post=15807"}],"version-history":[{"count":0,"href":"https:\/\/www.jean-rousseau.com\/fr\/wp-json\/wp\/v2\/pages\/15807\/revisions"}],"wp:attachment":[{"href":"https:\/\/www.jean-rousseau.com\/fr\/wp-json\/wp\/v2\/media?parent=15807"}],"wp:term":[{"taxonomy":"page_cat","embeddable":true,"href":"https:\/\/www.jean-rousseau.com\/fr\/wp-json\/wp\/v2\/page_cat?post=15807"}],"curies":[{"name":"wp","href":"https:\/\/api.w.org\/{rel}","templated":true}]}}