{"id":15814,"date":"2018-06-07T23:42:43","date_gmt":"2018-06-07T21:42:43","guid":{"rendered":"http:\/\/jean-rousseau.misopa.pro\/?page_id=15814"},"modified":"2024-04-30T09:40:27","modified_gmt":"2024-04-30T07:40:27","slug":"la-manufacture","status":"publish","type":"page","link":"https:\/\/www.jean-rousseau.com\/fr\/la-manufacture\/","title":{"rendered":"La Manufacture"},"content":{"rendered":"<div class=\"wpb-content-wrapper\"><p>[vc_section full_width=\u00a0\u00bbstretch_row_content\u00a0\u00bb el_class=\u00a0\u00bbimage-banner-section\u00a0\u00bb css=\u00a0\u00bb.vc_custom_1532523085045{background-image: url(\/wp-content\/uploads\/2018\/06\/manufacture-bandeau-new.jpg?id=17021) !important;}\u00a0\u00bb][\/vc_section][vc_section el_id=\u00a0\u00bbbreadcrumbs-section\u00a0\u00bb][vc_row][vc_column][vc_column_text]<nav class=\"woocommerce-breadcrumb\" aria-label=\"Breadcrumb\">Accueil<\/nav>[\/vc_column_text][\/vc_column][\/vc_row][\/vc_section][vc_section el_class=\u00a0\u00bbquote-section\u00a0\u00bb][vc_row][vc_column][vc_column_text el_class=\u00a0\u00bbquote-section-title\u00a0\u00bb]<\/p>\n<p style=\"text-align: center;\">La Manufacture<\/p>\n<p>[\/vc_column_text][vc_column_text el_class=\u00a0\u00bbquote-section-content\u00a0\u00bb]<\/p>\n<p style=\"text-align: center;\">La manufacture Jean Rousseau,<br \/>\n\u00e0 l\u2019instar des plus grands groupes de maroquinerie de luxe,<br \/>\nposs\u00e8de sa propre unit\u00e9 de traitement des peaux.<br \/>\nLa s\u00e9lection et la pr\u00e9paration des peaux<br \/>\nfont l\u2019objet d\u2019une attention de tous les instants.<\/p>\n<p>[\/vc_column_text][\/vc_column][\/vc_row][\/vc_section][vc_section el_class=\u00a0\u00bbright-image-col-section\u00a0\u00bb css=\u00a0\u00bb.vc_custom_1531398700007{margin-bottom: 40px !important;}\u00a0\u00bb][vc_row content_placement=\u00a0\u00bbmiddle\u00a0\u00bb][vc_column width=\u00a0\u00bb1\/2&Prime; el_class=\u00a0\u00bbspecial-title-container\u00a0\u00bb][vc_column_text el_class=\u00a0\u00bbright-image-col-text-special-title-section special-title\u00a0\u00bb]01[\/vc_column_text][vc_column_text el_class=\u00a0\u00bbright-image-col-text-content-section\u00a0\u00bb]<\/p>\n<h2>Fabrication fran\u00e7aise \u00e0 la main<\/h2>\n<p>Les artisans de la Maison Jean Rousseau ex\u00e9cutent toujours \u00e0 la main chaque bracelet-montre, ceinture, ou article de maroquinerie, dans la pure tradition d\u2019un savoir-faire perp\u00e9tu\u00e9 de g\u00e9n\u00e9ration en g\u00e9n\u00e9ration, comme l\u2019incarne par exemple, le \u00ab coup\u00e9 sellier \u00bb.[\/vc_column_text][\/vc_column][vc_column width=\u00a0\u00bb1\/2&Prime;][vc_single_image image=\u00a0\u00bb20794&Prime; img_size=\u00a0\u00bblarge\u00a0\u00bb alignment=\u00a0\u00bbcenter\u00a0\u00bb][\/vc_column][\/vc_row][\/vc_section][vc_section css=\u00a0\u00bb.vc_custom_1688641059464{margin-top: 30px !important;margin-bottom: 50px !important;}\u00a0\u00bb el_class=\u00a0\u00bbvideo-section\u00a0\u00bb][vc_row][vc_column][vc_raw_html]JTNDaWZyYW1lJTIwd2lkdGglM0QlMjIxMTQwJTIyJTIwaGVpZ2h0JTNEJTIyNTEwJTIyJTIwc3JjJTNEJTIyaHR0cHMlM0ElMkYlMkZ3d3cueW91dHViZS5jb20lMkZlbWJlZCUyRjNMOXZwUTVva3pZJTNCc2hvd2luZm8lM0QwJTIyJTIwYWxsb3clM0QlMjJhdXRvcGxheSUzQiUyMGVuY3J5cHRlZC1tZWRpYSUyMiUyMGFsbG93ZnVsbHNjcmVlbiUyMHN0eWxlJTNEJTIyYm9yZGVyJTNBMHB4JTNCJTIyJTIwdGl0bGUlM0QlMjJNYW51ZmFjdHVyZSUyMEplYW4lMjBSb3Vzc2VhdSUyMHZpZCVDMyVBOW8lMjBwciVDMyVBOXNlbnRhdGlvbiUyMiUzRSUzQyUyRmlmcmFtZSUzRSUwQQ==[\/vc_raw_html][\/vc_column][\/vc_row][\/vc_section][vc_section el_class=\u00a0\u00bbleft-image-col-section\u00a0\u00bb el_id=\u00a0\u00bbculte-belle-matiere-savoir-faire\u00a0\u00bb css=\u00a0\u00bb.vc_custom_1531398486054{margin-top: 50px !important;margin-bottom: 50px !important;}\u00a0\u00bb][vc_row content_placement=\u00a0\u00bbmiddle\u00a0\u00bb][vc_column width=\u00a0\u00bb1\/2&Prime;][vc_single_image image=\u00a0\u00bb17148&Prime; img_size=\u00a0\u00bblarge\u00a0\u00bb alignment=\u00a0\u00bbcenter\u00a0\u00bb][\/vc_column][vc_column width=\u00a0\u00bb1\/2&Prime; el_class=\u00a0\u00bbspecial-title-container\u00a0\u00bb][vc_column_text el_class=\u00a0\u00bbleft-image-col-text-special-title-section special-title\u00a0\u00bb]02[\/vc_column_text][vc_column_text el_class=\u00a0\u00bbleft-image-col-text-content-section\u00a0\u00bb]<\/p>\n<h2>Culte de la belle mati\u00e8re et du savoir faire<\/h2>\n<p>La manufacture Jean Rousseau, \u00e0 l\u2019instar des plus grands groupes de maroquinerie de luxe, poss\u00e8de sa propre unit\u00e9 de traitement des peaux. La s\u00e9lection et la pr\u00e9paration des peaux font l\u2019objet d\u2019une attention de tous les instants. Elle travaille toutes les esp\u00e8ces de cuirs nobles, tels le l\u00e9zard, le python, l\u2019autruche, le requin, et tout particuli\u00e8rement l\u2019alligator de Louisiane et le galuchat. Le traitement des peaux, ainsi que leur d\u00e9coupe, sont conduits avec rigueur pour produire des articles fa\u00e7onn\u00e9s dans le respect des mati\u00e8res naturelles, garantissant aux clients des cr\u00e9ations d\u2019une facture exceptionnelle.<\/p>\n<p>La pr\u00e9paration des peaux brutes est une \u00e9tape essentielle au sein de la Manufacture Jean Rousseau. Son savoir-faire unique permet de proposer plus de 600 coloris. Les peaux sont teint\u00e9es dans la masse. Un traitement de surface \u00e0 base de pigments est ensuite appliqu\u00e9, leur conf\u00e9rant un magnifique effet de mati\u00e8re. Ce travail sur les peaux rel\u00e8ve d\u2019une alchimie sans cesse r\u00e9invent\u00e9e gr\u00e2ce aux innovations de la Manufacture.[\/vc_column_text][\/vc_column][\/vc_row][\/vc_section][vc_section el_id=\u00a0\u00bbrespect-ethique\u00a0\u00bb css=\u00a0\u00bb.vc_custom_1531398786041{margin-top: 30px !important;margin-bottom: 50px !important;}\u00a0\u00bb][vc_row][vc_column]\n\t\t\t<div id=\"vc_jr_visual_section_1930\" class=\"vc_jr_visual_section right  vc_custom_1529400975659\">\n\t\t\t<div class=\"jr-wrapper\">\n\n\t\t\t<div class=\"vc_jr_visual_section_texts_container\">\n\t\t\t<div class=\"special-title-container\">\n\t\t\t<div class=\"special-title\">03<\/div>\n\n\t\t\t<div class=\"vc_jr_visual_section_title_container\">\n\t\t\t<h2 class=\"vc_jr_visual_section_title\">Respect de l\u2019\u00e9thique<\/h2>\n\t\t\t<\/div>\n\n\t\t\t<div class=\"vc_jr_visual_section_description_container\">\n\t\t\t<p>La Manufacture Jean Rousseau s\u2019impose une \u00e9thique stricte dans l\u2019utilisation des peaux.<br \/>\nAu regard de la communaut\u00e9 internationale, elle est particuli\u00e8rement attach\u00e9e \u00e0 la sauvegarde des esp\u00e8ces prot\u00e9g\u00e9es. Elle adh\u00e8re pleinement aux dispositions de la CITES (Convention de Washington) et applique strictement la r\u00e9glementation REACH.<\/p>\n<p>La Manufacture s\u2019impose \u00e9galement une \u00e9thique interne rigoureuse, refusant par exemple l\u2019utilisation de peaux telles que le cheval, l\u2019\u00e9l\u00e9phant, le phoque, et autres peaux d\u2019origine sauvage ou domestique, encore malheureusement si souvent utilis\u00e9es dans l\u2019industrie du luxe\u2026 Les peaux utilis\u00e9es par la Maison Jean Rousseau, dont celles de l\u2019alligator, sont issues de fermes d\u2019\u00e9levage contr\u00f4l\u00e9es par l\u2019organisme officiel am\u00e9ricain Fish&amp;Wild Life.<br \/>\nTous les partenaires de la marque font l&rsquo;objet d&rsquo;audits r\u00e9guliers afin d&rsquo;assurer leur adh\u00e9sion permanente aux valeurs et \u00e0 l&rsquo;\u00e9thique de la Manufacture.<\/p>\n<p>En 2014, afin de satisfaire une client\u00e8le soucieuse du bien-\u00eatre animal, qui refuse de porter des articles r\u00e9alis\u00e9s en cuir, la Maison Jean Rousseau a d\u00e9velopp\u00e9 une collection de bracelets de montre et de petite maroquinerie \u00ab 100% sans cuir \u00bb r\u00e9alis\u00e9e \u00e0 partir de textile, de caoutchouc, de li\u00e8ge ou de bois.<\/p>\n\n\t\t\t\n\t\t\t<\/div>\n\n\t\t\t<\/div>\n\t\t\t<\/div>\n\n\t\t\t<div class=\"vc_jr_visual_section_images_container\">\n\t\t\t<img decoding=\"async\" src=\"https:\/\/www.jean-rousseau.com\/wp-content\/uploads\/2018\/06\/manufacture-bracelet-03.png\" class=\"vc_jr_visual_section_image top_img\" alt=\"Array\">\n\t\t\t<div style=\"background-image:url(https:\/\/www.jean-rousseau.com\/wp-content\/uploads\/2018\/06\/manufacture-03.jpg)\" class=\"vc_jr_visual_section_image bottom_img\"><\/div>\n\t\t\t<\/div>\n\n\t\t\t<\/div>\n\n\t\t\t<\/div>\n\t\t\t[\/vc_column][\/vc_row][\/vc_section][vc_section el_class=\u00a0\u00bbimage-banner-text-section\u00a0\u00bb css=\u00a0\u00bb.vc_custom_1687972169520{background: #000000 url(\/wp-content\/uploads\/2018\/06\/histoire-bandeau-ao.jpg?id=16938) !important;background-position: center !important;background-repeat: no-repeat !important;background-size: cover !important;}\u00a0\u00bb][vc_row][vc_column][vc_column_text el_class=\u00a0\u00bbimage-banner-text-special-title-section\u00a0\u00bb]<\/p>\n<p style=\"text-align: center;\">Notre h\u00e9ritage<\/p>\n<p>[\/vc_column_text][vc_column_text el_class=\u00a0\u00bbimage-banner-text-title-section\u00a0\u00bb]<\/p>\n<p style=\"text-align: center;\">Bracelet de montre et maroquinerie de luxe<\/p>\n<p>[\/vc_column_text][vc_column_text el_class=\u00a0\u00bbimage-banner-text-content-section\u00a0\u00bb]<\/p>\n<p style=\"text-align: center;\">La Maison Jean Rousseau travaille le cuir comme une caresse : la peau sur la peau, une invitation au toucher.<br \/>\nA l\u2019excellence du savoir-faire en \u0153uvre s\u2019allie la sensualit\u00e9 du velout\u00e9, de la chaleur de la mati\u00e8re.<\/p>\n<p>[\/vc_column_text]\n\t\t\t\t<div class=\"vc_post_button vc_post_button_center \">\n\t\t\t\t<a href=\"https:\/\/www.jean-rousseau.com\/fr\/notre-heritage\/\" class=\"jr-bt transparent\">D\u00e9couvrir<\/a>\n\t\t\t\t<\/div>\n\t\t\t\t[\/vc_column][\/vc_row][\/vc_section]<\/p>\n<\/div>","protected":false},"excerpt":{"rendered":"<p>[vc_section full_width=\u00a0\u00bbstretch_row_content\u00a0\u00bb el_class=\u00a0\u00bbimage-banner-section\u00a0\u00bb css=\u00a0\u00bb.vc_custom_1532523085045{background-image: url(\/wp-content\/uploads\/2018\/06\/manufacture-bandeau-new.jpg?id=17021) !important;}\u00a0\u00bb][\/vc_section][vc_section el_id=\u00a0\u00bbbreadcrumbs-section\u00a0\u00bb][vc_row][vc_column][vc_column_text][\/vc_column_text][\/vc_column][\/vc_row][\/vc_section][vc_section el_class=\u00a0\u00bbquote-section\u00a0\u00bb][vc_row][vc_column][vc_column_text el_class=\u00a0\u00bbquote-section-title\u00a0\u00bb] La Manufacture [\/vc_column_text][vc_column_text el_class=\u00a0\u00bbquote-section-content\u00a0\u00bb] La manufacture Jean Rousseau, \u00e0 l\u2019instar des plus grands groupes de maroquinerie de luxe, poss\u00e8de sa propre unit\u00e9 de traitement des peaux. La s\u00e9lection et la pr\u00e9paration des peaux font l\u2019objet d\u2019une attention de tous les instants. [\/vc_column_text][\/vc_column][\/vc_row][\/vc_section][vc_section el_class=\u00a0\u00bbright-image-col-section\u00a0\u00bb css=\u00a0\u00bb.vc_custom_1531398700007{margin-bottom: 40px !important;}\u00a0\u00bb][vc_row [&hellip;]<\/p>\n","protected":false},"author":1,"featured_media":0,"parent":0,"menu_order":0,"comment_status":"closed","ping_status":"closed","template":"","meta":{"_acf_changed":false,"_relevanssi_hide_post":"","_relevanssi_hide_content":"","_relevanssi_pin_for_all":"","_relevanssi_pin_keywords":"","_relevanssi_unpin_keywords":"","_relevanssi_related_keywords":"","_relevanssi_related_include_ids":"","_relevanssi_related_exclude_ids":"","_relevanssi_related_no_append":"","_relevanssi_related_not_related":"","_relevanssi_related_posts":"","_relevanssi_noindex_reason":"","footnotes":""},"page_cat":[],"class_list":["post-15814","page","type-page","status-publish","hentry"],"acf":[],"yoast_head":"<!-- This site is optimized with the Yoast SEO plugin v26.3 - https:\/\/yoast.com\/wordpress\/plugins\/seo\/ -->\n<title>La Manufacture - Maison Jean Rousseau<\/title>\n<meta name=\"robots\" content=\"index, follow, max-snippet:-1, max-image-preview:large, max-video-preview:-1\" \/>\n<link rel=\"canonical\" href=\"https:\/\/www.jean-rousseau.com\/fr\/la-manufacture\/\" \/>\n<meta property=\"og:locale\" content=\"fr_FR\" \/>\n<meta property=\"og:type\" content=\"article\" \/>\n<meta property=\"og:title\" content=\"La Manufacture - Maison Jean Rousseau\" \/>\n<meta property=\"og:description\" content=\"[vc_section full_width=\u00a0\u00bbstretch_row_content\u00a0\u00bb el_class=\u00a0\u00bbimage-banner-section\u00a0\u00bb css=\u00a0\u00bb.vc_custom_1532523085045{background-image: url(\/wp-content\/uploads\/2018\/06\/manufacture-bandeau-new.jpg?id=17021) !important;}\u00a0\u00bb][\/vc_section][vc_section el_id=\u00a0\u00bbbreadcrumbs-section\u00a0\u00bb][vc_row][vc_column][vc_column_text][\/vc_column_text][\/vc_column][\/vc_row][\/vc_section][vc_section el_class=\u00a0\u00bbquote-section\u00a0\u00bb][vc_row][vc_column][vc_column_text el_class=\u00a0\u00bbquote-section-title\u00a0\u00bb] La Manufacture [\/vc_column_text][vc_column_text el_class=\u00a0\u00bbquote-section-content\u00a0\u00bb] La manufacture Jean Rousseau, \u00e0 l\u2019instar des plus grands groupes de maroquinerie de luxe, poss\u00e8de sa propre unit\u00e9 de traitement des peaux. La s\u00e9lection et la pr\u00e9paration des peaux font l\u2019objet d\u2019une attention de tous les instants. [\/vc_column_text][\/vc_column][\/vc_row][\/vc_section][vc_section el_class=\u00a0\u00bbright-image-col-section\u00a0\u00bb css=\u00a0\u00bb.vc_custom_1531398700007{margin-bottom: 40px !important;}\u00a0\u00bb][vc_row [&hellip;]\" \/>\n<meta property=\"og:url\" content=\"https:\/\/www.jean-rousseau.com\/fr\/la-manufacture\/\" \/>\n<meta property=\"og:site_name\" content=\"Maison Jean Rousseau\" \/>\n<meta property=\"article:publisher\" content=\"https:\/\/www.facebook.com\/JeanrousseauParis\/\" \/>\n<meta property=\"article:modified_time\" content=\"2024-04-30T07:40:27+00:00\" \/>\n<meta property=\"og:image\" content=\"https:\/\/www.jean-rousseau.com\/wp-content\/uploads\/2024\/02\/logo-JR.jpg\" \/>\n\t<meta property=\"og:image:width\" content=\"696\" \/>\n\t<meta property=\"og:image:height\" content=\"696\" \/>\n\t<meta property=\"og:image:type\" content=\"image\/jpeg\" \/>\n<meta name=\"twitter:card\" content=\"summary_large_image\" \/>\n<meta name=\"twitter:site\" content=\"@jeanrousseaufr\" \/>\n<meta name=\"twitter:label1\" content=\"Dur\u00e9e de lecture estim\u00e9e\" \/>\n\t<meta name=\"twitter:data1\" content=\"3 minutes\" \/>\n<script type=\"application\/ld+json\" class=\"yoast-schema-graph\">{\"@context\":\"https:\/\/schema.org\",\"@graph\":[{\"@type\":\"WebPage\",\"@id\":\"https:\/\/www.jean-rousseau.com\/fr\/la-manufacture\/\",\"url\":\"https:\/\/www.jean-rousseau.com\/fr\/la-manufacture\/\",\"name\":\"La Manufacture - Maison Jean Rousseau\",\"isPartOf\":{\"@id\":\"https:\/\/www.jean-rousseau.com\/#website\"},\"datePublished\":\"2018-06-07T21:42:43+00:00\",\"dateModified\":\"2024-04-30T07:40:27+00:00\",\"breadcrumb\":{\"@id\":\"https:\/\/www.jean-rousseau.com\/fr\/la-manufacture\/#breadcrumb\"},\"inLanguage\":\"fr-FR\",\"potentialAction\":[{\"@type\":\"ReadAction\",\"target\":[\"https:\/\/www.jean-rousseau.com\/fr\/la-manufacture\/\"]}]},{\"@type\":\"BreadcrumbList\",\"@id\":\"https:\/\/www.jean-rousseau.com\/fr\/la-manufacture\/#breadcrumb\",\"itemListElement\":[{\"@type\":\"ListItem\",\"position\":1,\"name\":\"Accueil\",\"item\":\"https:\/\/www.jean-rousseau.com\/fr\/\"},{\"@type\":\"ListItem\",\"position\":2,\"name\":\"La Manufacture\"}]},{\"@type\":\"WebSite\",\"@id\":\"https:\/\/www.jean-rousseau.com\/#website\",\"url\":\"https:\/\/www.jean-rousseau.com\/\",\"name\":\"Maison Jean Rousseau\",\"description\":\"Sp\u00e9cialiste en bracelets de montre et maroquinerie sur-mesure made in France, artisan d\u2019excellence depuis 1954.\",\"publisher\":{\"@id\":\"https:\/\/www.jean-rousseau.com\/#organization\"},\"potentialAction\":[{\"@type\":\"SearchAction\",\"target\":{\"@type\":\"EntryPoint\",\"urlTemplate\":\"https:\/\/www.jean-rousseau.com\/?s={search_term_string}\"},\"query-input\":{\"@type\":\"PropertyValueSpecification\",\"valueRequired\":true,\"valueName\":\"search_term_string\"}}],\"inLanguage\":\"fr-FR\"},{\"@type\":\"Organization\",\"@id\":\"https:\/\/www.jean-rousseau.com\/#organization\",\"name\":\"Maison Jean Rousseau\",\"url\":\"https:\/\/www.jean-rousseau.com\/\",\"logo\":{\"@type\":\"ImageObject\",\"inLanguage\":\"fr-FR\",\"@id\":\"https:\/\/www.jean-rousseau.com\/#\/schema\/logo\/image\/\",\"url\":\"https:\/\/www.jean-rousseau.com\/wp-content\/uploads\/2024\/02\/logo-JR.jpg\",\"contentUrl\":\"https:\/\/www.jean-rousseau.com\/wp-content\/uploads\/2024\/02\/logo-JR.jpg\",\"width\":696,\"height\":696,\"caption\":\"Maison Jean Rousseau\"},\"image\":{\"@id\":\"https:\/\/www.jean-rousseau.com\/#\/schema\/logo\/image\/\"},\"sameAs\":[\"https:\/\/www.facebook.com\/JeanrousseauParis\/\",\"https:\/\/x.com\/jeanrousseaufr\",\"https:\/\/www.instagram.com\/jeanrousseauparis\/\",\"https:\/\/www.linkedin.com\/company\/maison-jean-rousseau\/\",\"https:\/\/www.pinterest.fr\/jeanrousseauparis\/\",\"https:\/\/www.youtube.com\/@MaisonJeanRousseau\",\"https:\/\/www.tiktok.com\/@jeanrousseauparis\",\"https:\/\/www.weibo.com\/p\/1006066811228508\/home?from=page_100606&mod=TAB&is_hot=1\"]}]}<\/script>\n<!-- \/ Yoast SEO plugin. -->","yoast_head_json":{"title":"La Manufacture - Maison Jean Rousseau","robots":{"index":"index","follow":"follow","max-snippet":"max-snippet:-1","max-image-preview":"max-image-preview:large","max-video-preview":"max-video-preview:-1"},"canonical":"https:\/\/www.jean-rousseau.com\/fr\/la-manufacture\/","og_locale":"fr_FR","og_type":"article","og_title":"La Manufacture - Maison Jean Rousseau","og_description":"[vc_section full_width=\u00a0\u00bbstretch_row_content\u00a0\u00bb el_class=\u00a0\u00bbimage-banner-section\u00a0\u00bb css=\u00a0\u00bb.vc_custom_1532523085045{background-image: url(\/wp-content\/uploads\/2018\/06\/manufacture-bandeau-new.jpg?id=17021) !important;}\u00a0\u00bb][\/vc_section][vc_section el_id=\u00a0\u00bbbreadcrumbs-section\u00a0\u00bb][vc_row][vc_column][vc_column_text][\/vc_column_text][\/vc_column][\/vc_row][\/vc_section][vc_section el_class=\u00a0\u00bbquote-section\u00a0\u00bb][vc_row][vc_column][vc_column_text el_class=\u00a0\u00bbquote-section-title\u00a0\u00bb] La Manufacture [\/vc_column_text][vc_column_text el_class=\u00a0\u00bbquote-section-content\u00a0\u00bb] La manufacture Jean Rousseau, \u00e0 l\u2019instar des plus grands groupes de maroquinerie de luxe, poss\u00e8de sa propre unit\u00e9 de traitement des peaux. La s\u00e9lection et la pr\u00e9paration des peaux font l\u2019objet d\u2019une attention de tous les instants. [\/vc_column_text][\/vc_column][\/vc_row][\/vc_section][vc_section el_class=\u00a0\u00bbright-image-col-section\u00a0\u00bb css=\u00a0\u00bb.vc_custom_1531398700007{margin-bottom: 40px !important;}\u00a0\u00bb][vc_row [&hellip;]","og_url":"https:\/\/www.jean-rousseau.com\/fr\/la-manufacture\/","og_site_name":"Maison Jean Rousseau","article_publisher":"https:\/\/www.facebook.com\/JeanrousseauParis\/","article_modified_time":"2024-04-30T07:40:27+00:00","og_image":[{"width":696,"height":696,"url":"https:\/\/www.jean-rousseau.com\/wp-content\/uploads\/2024\/02\/logo-JR.jpg","type":"image\/jpeg"}],"twitter_card":"summary_large_image","twitter_site":"@jeanrousseaufr","twitter_misc":{"Dur\u00e9e de lecture estim\u00e9e":"3 minutes"},"schema":{"@context":"https:\/\/schema.org","@graph":[{"@type":"WebPage","@id":"https:\/\/www.jean-rousseau.com\/fr\/la-manufacture\/","url":"https:\/\/www.jean-rousseau.com\/fr\/la-manufacture\/","name":"La Manufacture - Maison Jean Rousseau","isPartOf":{"@id":"https:\/\/www.jean-rousseau.com\/#website"},"datePublished":"2018-06-07T21:42:43+00:00","dateModified":"2024-04-30T07:40:27+00:00","breadcrumb":{"@id":"https:\/\/www.jean-rousseau.com\/fr\/la-manufacture\/#breadcrumb"},"inLanguage":"fr-FR","potentialAction":[{"@type":"ReadAction","target":["https:\/\/www.jean-rousseau.com\/fr\/la-manufacture\/"]}]},{"@type":"BreadcrumbList","@id":"https:\/\/www.jean-rousseau.com\/fr\/la-manufacture\/#breadcrumb","itemListElement":[{"@type":"ListItem","position":1,"name":"Accueil","item":"https:\/\/www.jean-rousseau.com\/fr\/"},{"@type":"ListItem","position":2,"name":"La Manufacture"}]},{"@type":"WebSite","@id":"https:\/\/www.jean-rousseau.com\/#website","url":"https:\/\/www.jean-rousseau.com\/","name":"Maison Jean Rousseau","description":"Sp\u00e9cialiste en bracelets de montre et maroquinerie sur-mesure made in France, artisan d\u2019excellence depuis 1954.","publisher":{"@id":"https:\/\/www.jean-rousseau.com\/#organization"},"potentialAction":[{"@type":"SearchAction","target":{"@type":"EntryPoint","urlTemplate":"https:\/\/www.jean-rousseau.com\/?s={search_term_string}"},"query-input":{"@type":"PropertyValueSpecification","valueRequired":true,"valueName":"search_term_string"}}],"inLanguage":"fr-FR"},{"@type":"Organization","@id":"https:\/\/www.jean-rousseau.com\/#organization","name":"Maison Jean Rousseau","url":"https:\/\/www.jean-rousseau.com\/","logo":{"@type":"ImageObject","inLanguage":"fr-FR","@id":"https:\/\/www.jean-rousseau.com\/#\/schema\/logo\/image\/","url":"https:\/\/www.jean-rousseau.com\/wp-content\/uploads\/2024\/02\/logo-JR.jpg","contentUrl":"https:\/\/www.jean-rousseau.com\/wp-content\/uploads\/2024\/02\/logo-JR.jpg","width":696,"height":696,"caption":"Maison Jean Rousseau"},"image":{"@id":"https:\/\/www.jean-rousseau.com\/#\/schema\/logo\/image\/"},"sameAs":["https:\/\/www.facebook.com\/JeanrousseauParis\/","https:\/\/x.com\/jeanrousseaufr","https:\/\/www.instagram.com\/jeanrousseauparis\/","https:\/\/www.linkedin.com\/company\/maison-jean-rousseau\/","https:\/\/www.pinterest.fr\/jeanrousseauparis\/","https:\/\/www.youtube.com\/@MaisonJeanRousseau","https:\/\/www.tiktok.com\/@jeanrousseauparis","https:\/\/www.weibo.com\/p\/1006066811228508\/home?from=page_100606&mod=TAB&is_hot=1"]}]}},"_links":{"self":[{"href":"https:\/\/www.jean-rousseau.com\/fr\/wp-json\/wp\/v2\/pages\/15814","targetHints":{"allow":["GET"]}}],"collection":[{"href":"https:\/\/www.jean-rousseau.com\/fr\/wp-json\/wp\/v2\/pages"}],"about":[{"href":"https:\/\/www.jean-rousseau.com\/fr\/wp-json\/wp\/v2\/types\/page"}],"author":[{"embeddable":true,"href":"https:\/\/www.jean-rousseau.com\/fr\/wp-json\/wp\/v2\/users\/1"}],"replies":[{"embeddable":true,"href":"https:\/\/www.jean-rousseau.com\/fr\/wp-json\/wp\/v2\/comments?post=15814"}],"version-history":[{"count":0,"href":"https:\/\/www.jean-rousseau.com\/fr\/wp-json\/wp\/v2\/pages\/15814\/revisions"}],"wp:attachment":[{"href":"https:\/\/www.jean-rousseau.com\/fr\/wp-json\/wp\/v2\/media?parent=15814"}],"wp:term":[{"taxonomy":"page_cat","embeddable":true,"href":"https:\/\/www.jean-rousseau.com\/fr\/wp-json\/wp\/v2\/page_cat?post=15814"}],"curies":[{"name":"wp","href":"https:\/\/api.w.org\/{rel}","templated":true}]}}