{"id":15851,"date":"2018-06-07T23:59:30","date_gmt":"2018-06-07T21:59:30","guid":{"rendered":"http:\/\/jean-rousseau.misopa.pro\/?page_id=15851"},"modified":"2018-07-23T19:58:22","modified_gmt":"2018-07-23T17:58:22","slug":"prendre-soin-de-son-bracelet-montre","status":"publish","type":"page","link":"https:\/\/www.jean-rousseau.com\/fr\/prendre-soin-de-son-bracelet-montre\/","title":{"rendered":"Prendre soin de son article en cuir"},"content":{"rendered":"<div class=\"wpb-content-wrapper\"><p>[vc_section full_width=\u00a0\u00bbstretch_row_content\u00a0\u00bb el_class=\u00a0\u00bbimage-banner-section\u00a0\u00bb css=\u00a0\u00bb.vc_custom_1528813608643{background-image: url(\/wp-content\/uploads\/2018\/06\/entretien-bandeau.jpg?id=17225) !important;}\u00a0\u00bb][\/vc_section][vc_section el_id=\u00a0\u00bbbreadcrumbs-section\u00a0\u00bb][vc_row][vc_column][vc_column_text]<nav class=\"woocommerce-breadcrumb\" aria-label=\"Breadcrumb\">Accueil<\/nav>[\/vc_column_text][\/vc_column][\/vc_row][\/vc_section][vc_section el_class=\u00a0\u00bbright-image-col-section\u00a0\u00bb css=\u00a0\u00bb.vc_custom_1528962273285{margin-bottom: 30px !important;}\u00a0\u00bb][vc_row content_placement=\u00a0\u00bbtop\u00a0\u00bb css=\u00a0\u00bb.vc_custom_1529006772900{margin-bottom: 20px !important;}\u00a0\u00bb][vc_column width=\u00a0\u00bb1\/2&Prime; el_class=\u00a0\u00bbspecial-title-container\u00a0\u00bb][vc_column_text el_class=\u00a0\u00bbright-image-col-text-special-title-section special-title\u00a0\u00bb]Entretien[\/vc_column_text][vc_column_text el_class=\u00a0\u00bb right-image-col-text-content-section\u00a0\u00bb]Pour conserver votre bracelet-montre le plus longtemps possible, il convient de veiller \u00e0 lui \u00e9viter d\u2019\u00eatre confront\u00e9 \u00e0 l\u2019eau et \u00e0 l\u2019humidit\u00e9. De fait :<\/p>\n<ul>\n<li>N\u2019omettez pas de retirer votre bracelet avant de prendre une douche ou un bain.<\/li>\n<li>\u00c9vitez-lui \u00e0 tout prix la piscine ou l\u2019eau de mer, m\u00eame s\u2019il s\u2019agit d\u2019un bracelet en cuir de requin ou d\u2019alligator.<\/li>\n<li>Prenez soin de ne jamais vaporiser ou appliquer directement votre parfum ou vos cr\u00e8mes de soin sur le bracelet.<\/li>\n<li>\u00d4tez-le avant d\u2019effectuer toutes sortes de travaux domestiques, afin d\u2019\u00e9viter des dommages fortement pr\u00e9judiciables.<\/li>\n<\/ul>\n<p>Si toutefois votre bracelet venait \u00e0 avoir besoin d\u2019\u00eatre lav\u00e9, veillez \u00e0 le rincer uniquement \u00e0 l\u2019eau claire et froide, ne jamais le laisser tremper. Il faudra ensuite prendre soin de le s\u00e9cher soigneusement \u00e0 l\u2019aide d\u2019un chiffon doux et de le laisser s\u00e9cher, sans l\u2019exposer aux rayons du soleil ni \u00e0 toute autre source de chaleur trop vive.[\/vc_column_text][\/vc_column][vc_column width=\u00a0\u00bb1\/2&Prime;][vc_single_image image=\u00a0\u00bb17232&Prime; img_size=\u00a0\u00bblarge\u00a0\u00bb alignment=\u00a0\u00bbcenter\u00a0\u00bb][\/vc_column][\/vc_row][\/vc_section]<\/p>\n<\/div>","protected":false},"excerpt":{"rendered":"<p>[vc_section full_width=\u00a0\u00bbstretch_row_content\u00a0\u00bb el_class=\u00a0\u00bbimage-banner-section\u00a0\u00bb css=\u00a0\u00bb.vc_custom_1528813608643{background-image: url(\/wp-content\/uploads\/2018\/06\/entretien-bandeau.jpg?id=17225) !important;}\u00a0\u00bb][\/vc_section][vc_section el_id=\u00a0\u00bbbreadcrumbs-section\u00a0\u00bb][vc_row][vc_column][vc_column_text][\/vc_column_text][\/vc_column][\/vc_row][\/vc_section][vc_section el_class=\u00a0\u00bbright-image-col-section\u00a0\u00bb css=\u00a0\u00bb.vc_custom_1528962273285{margin-bottom: 30px !important;}\u00a0\u00bb][vc_row content_placement=\u00a0\u00bbtop\u00a0\u00bb css=\u00a0\u00bb.vc_custom_1529006772900{margin-bottom: 20px !important;}\u00a0\u00bb][vc_column width=\u00a0\u00bb1\/2&Prime; el_class=\u00a0\u00bbspecial-title-container\u00a0\u00bb][vc_column_text el_class=\u00a0\u00bbright-image-col-text-special-title-section special-title\u00a0\u00bb]Entretien[\/vc_column_text][vc_column_text el_class=\u00a0\u00bb right-image-col-text-content-section\u00a0\u00bb]Pour conserver votre bracelet-montre le plus longtemps possible, il convient de veiller \u00e0 lui \u00e9viter d\u2019\u00eatre confront\u00e9 \u00e0 l\u2019eau et \u00e0 l\u2019humidit\u00e9. De fait : N\u2019omettez pas de retirer votre bracelet avant de prendre une [&hellip;]<\/p>\n","protected":false},"author":1,"featured_media":0,"parent":0,"menu_order":0,"comment_status":"closed","ping_status":"closed","template":"","meta":{"_acf_changed":false,"_relevanssi_hide_post":"","_relevanssi_hide_content":"","_relevanssi_pin_for_all":"","_relevanssi_pin_keywords":"","_relevanssi_unpin_keywords":"","_relevanssi_related_keywords":"","_relevanssi_related_include_ids":"","_relevanssi_related_exclude_ids":"","_relevanssi_related_no_append":"","_relevanssi_related_not_related":"","_relevanssi_related_posts":"","_relevanssi_noindex_reason":"","footnotes":""},"page_cat":[],"class_list":["post-15851","page","type-page","status-publish","hentry"],"acf":[],"yoast_head":"<!-- This site is optimized with the Yoast SEO plugin v27.5 - https:\/\/yoast.com\/product\/yoast-seo-wordpress\/ -->\n<title>Prendre soin de son article en cuir - Maison Jean Rousseau<\/title>\n<meta name=\"robots\" content=\"index, follow, max-snippet:-1, max-image-preview:large, max-video-preview:-1\" \/>\n<link rel=\"canonical\" href=\"https:\/\/www.jean-rousseau.com\/fr\/prendre-soin-de-son-bracelet-montre\/\" \/>\n<meta property=\"og:locale\" content=\"fr_FR\" \/>\n<meta property=\"og:type\" content=\"article\" \/>\n<meta property=\"og:title\" content=\"Prendre soin de son article en cuir - Maison Jean Rousseau\" \/>\n<meta property=\"og:description\" content=\"[vc_section full_width=\u00a0\u00bbstretch_row_content\u00a0\u00bb el_class=\u00a0\u00bbimage-banner-section\u00a0\u00bb css=\u00a0\u00bb.vc_custom_1528813608643{background-image: url(\/wp-content\/uploads\/2018\/06\/entretien-bandeau.jpg?id=17225) !important;}\u00a0\u00bb][\/vc_section][vc_section el_id=\u00a0\u00bbbreadcrumbs-section\u00a0\u00bb][vc_row][vc_column][vc_column_text][\/vc_column_text][\/vc_column][\/vc_row][\/vc_section][vc_section el_class=\u00a0\u00bbright-image-col-section\u00a0\u00bb css=\u00a0\u00bb.vc_custom_1528962273285{margin-bottom: 30px !important;}\u00a0\u00bb][vc_row content_placement=\u00a0\u00bbtop\u00a0\u00bb css=\u00a0\u00bb.vc_custom_1529006772900{margin-bottom: 20px !important;}\u00a0\u00bb][vc_column width=\u00a0\u00bb1\/2&Prime; el_class=\u00a0\u00bbspecial-title-container\u00a0\u00bb][vc_column_text el_class=\u00a0\u00bbright-image-col-text-special-title-section special-title\u00a0\u00bb]Entretien[\/vc_column_text][vc_column_text el_class=\u00a0\u00bb right-image-col-text-content-section\u00a0\u00bb]Pour conserver votre bracelet-montre le plus longtemps possible, il convient de veiller \u00e0 lui \u00e9viter d\u2019\u00eatre confront\u00e9 \u00e0 l\u2019eau et \u00e0 l\u2019humidit\u00e9. De fait : N\u2019omettez pas de retirer votre bracelet avant de prendre une [&hellip;]\" \/>\n<meta property=\"og:url\" content=\"https:\/\/www.jean-rousseau.com\/fr\/prendre-soin-de-son-bracelet-montre\/\" \/>\n<meta property=\"og:site_name\" content=\"Maison Jean Rousseau\" \/>\n<meta property=\"article:publisher\" content=\"https:\/\/www.facebook.com\/JeanrousseauParis\/\" \/>\n<meta property=\"article:modified_time\" content=\"2018-07-23T17:58:22+00:00\" \/>\n<meta property=\"og:image\" content=\"https:\/\/www.jean-rousseau.com\/wp-content\/uploads\/2024\/02\/logo-JR.jpg\" \/>\n\t<meta property=\"og:image:width\" content=\"696\" \/>\n\t<meta property=\"og:image:height\" content=\"696\" \/>\n\t<meta property=\"og:image:type\" content=\"image\/jpeg\" \/>\n<meta name=\"twitter:card\" content=\"summary_large_image\" \/>\n<meta name=\"twitter:site\" content=\"@jeanrousseaufr\" \/>\n<meta name=\"twitter:label1\" content=\"Dur\u00e9e de lecture estim\u00e9e\" \/>\n\t<meta name=\"twitter:data1\" content=\"1 minute\" \/>\n<script type=\"application\/ld+json\" class=\"yoast-schema-graph\">{\"@context\":\"https:\\\/\\\/schema.org\",\"@graph\":[{\"@type\":\"WebPage\",\"@id\":\"https:\\\/\\\/www.jean-rousseau.com\\\/fr\\\/prendre-soin-de-son-bracelet-montre\\\/\",\"url\":\"https:\\\/\\\/www.jean-rousseau.com\\\/fr\\\/prendre-soin-de-son-bracelet-montre\\\/\",\"name\":\"Prendre soin de son article en cuir - Maison Jean Rousseau\",\"isPartOf\":{\"@id\":\"https:\\\/\\\/www.jean-rousseau.com\\\/#website\"},\"datePublished\":\"2018-06-07T21:59:30+00:00\",\"dateModified\":\"2018-07-23T17:58:22+00:00\",\"breadcrumb\":{\"@id\":\"https:\\\/\\\/www.jean-rousseau.com\\\/fr\\\/prendre-soin-de-son-bracelet-montre\\\/#breadcrumb\"},\"inLanguage\":\"fr-FR\",\"potentialAction\":[{\"@type\":\"ReadAction\",\"target\":[\"https:\\\/\\\/www.jean-rousseau.com\\\/fr\\\/prendre-soin-de-son-bracelet-montre\\\/\"]}]},{\"@type\":\"BreadcrumbList\",\"@id\":\"https:\\\/\\\/www.jean-rousseau.com\\\/fr\\\/prendre-soin-de-son-bracelet-montre\\\/#breadcrumb\",\"itemListElement\":[{\"@type\":\"ListItem\",\"position\":1,\"name\":\"Accueil\",\"item\":\"https:\\\/\\\/www.jean-rousseau.com\\\/fr\\\/\"},{\"@type\":\"ListItem\",\"position\":2,\"name\":\"Prendre soin de son article en cuir\"}]},{\"@type\":\"WebSite\",\"@id\":\"https:\\\/\\\/www.jean-rousseau.com\\\/#website\",\"url\":\"https:\\\/\\\/www.jean-rousseau.com\\\/\",\"name\":\"Maison Jean Rousseau\",\"description\":\"Sp\u00e9cialiste en bracelets de montre et maroquinerie sur-mesure made in France, artisan d\u2019excellence depuis 1954.\",\"publisher\":{\"@id\":\"https:\\\/\\\/www.jean-rousseau.com\\\/#organization\"},\"potentialAction\":[{\"@type\":\"SearchAction\",\"target\":{\"@type\":\"EntryPoint\",\"urlTemplate\":\"https:\\\/\\\/www.jean-rousseau.com\\\/?s={search_term_string}\"},\"query-input\":{\"@type\":\"PropertyValueSpecification\",\"valueRequired\":true,\"valueName\":\"search_term_string\"}}],\"inLanguage\":\"fr-FR\"},{\"@type\":\"Organization\",\"@id\":\"https:\\\/\\\/www.jean-rousseau.com\\\/#organization\",\"name\":\"Maison Jean Rousseau\",\"url\":\"https:\\\/\\\/www.jean-rousseau.com\\\/\",\"logo\":{\"@type\":\"ImageObject\",\"inLanguage\":\"fr-FR\",\"@id\":\"https:\\\/\\\/www.jean-rousseau.com\\\/#\\\/schema\\\/logo\\\/image\\\/\",\"url\":\"https:\\\/\\\/www.jean-rousseau.com\\\/wp-content\\\/uploads\\\/2024\\\/02\\\/logo-JR.jpg\",\"contentUrl\":\"https:\\\/\\\/www.jean-rousseau.com\\\/wp-content\\\/uploads\\\/2024\\\/02\\\/logo-JR.jpg\",\"width\":696,\"height\":696,\"caption\":\"Maison Jean Rousseau\"},\"image\":{\"@id\":\"https:\\\/\\\/www.jean-rousseau.com\\\/#\\\/schema\\\/logo\\\/image\\\/\"},\"sameAs\":[\"https:\\\/\\\/www.facebook.com\\\/JeanrousseauParis\\\/\",\"https:\\\/\\\/x.com\\\/jeanrousseaufr\",\"https:\\\/\\\/www.instagram.com\\\/jeanrousseauparis\\\/\",\"https:\\\/\\\/www.linkedin.com\\\/company\\\/maison-jean-rousseau\\\/\",\"https:\\\/\\\/www.pinterest.fr\\\/jeanrousseauparis\\\/\",\"https:\\\/\\\/www.youtube.com\\\/@MaisonJeanRousseau\",\"https:\\\/\\\/www.tiktok.com\\\/@jeanrousseauparis\",\"https:\\\/\\\/www.weibo.com\\\/p\\\/1006066811228508\\\/home?from=page_100606&mod=TAB&is_hot=1\"]}]}<\/script>\n<!-- \/ Yoast SEO plugin. -->","yoast_head_json":{"title":"Prendre soin de son article en cuir - Maison Jean Rousseau","robots":{"index":"index","follow":"follow","max-snippet":"max-snippet:-1","max-image-preview":"max-image-preview:large","max-video-preview":"max-video-preview:-1"},"canonical":"https:\/\/www.jean-rousseau.com\/fr\/prendre-soin-de-son-bracelet-montre\/","og_locale":"fr_FR","og_type":"article","og_title":"Prendre soin de son article en cuir - Maison Jean Rousseau","og_description":"[vc_section full_width=\u00a0\u00bbstretch_row_content\u00a0\u00bb el_class=\u00a0\u00bbimage-banner-section\u00a0\u00bb css=\u00a0\u00bb.vc_custom_1528813608643{background-image: url(\/wp-content\/uploads\/2018\/06\/entretien-bandeau.jpg?id=17225) !important;}\u00a0\u00bb][\/vc_section][vc_section el_id=\u00a0\u00bbbreadcrumbs-section\u00a0\u00bb][vc_row][vc_column][vc_column_text][\/vc_column_text][\/vc_column][\/vc_row][\/vc_section][vc_section el_class=\u00a0\u00bbright-image-col-section\u00a0\u00bb css=\u00a0\u00bb.vc_custom_1528962273285{margin-bottom: 30px !important;}\u00a0\u00bb][vc_row content_placement=\u00a0\u00bbtop\u00a0\u00bb css=\u00a0\u00bb.vc_custom_1529006772900{margin-bottom: 20px !important;}\u00a0\u00bb][vc_column width=\u00a0\u00bb1\/2&Prime; el_class=\u00a0\u00bbspecial-title-container\u00a0\u00bb][vc_column_text el_class=\u00a0\u00bbright-image-col-text-special-title-section special-title\u00a0\u00bb]Entretien[\/vc_column_text][vc_column_text el_class=\u00a0\u00bb right-image-col-text-content-section\u00a0\u00bb]Pour conserver votre bracelet-montre le plus longtemps possible, il convient de veiller \u00e0 lui \u00e9viter d\u2019\u00eatre confront\u00e9 \u00e0 l\u2019eau et \u00e0 l\u2019humidit\u00e9. De fait : N\u2019omettez pas de retirer votre bracelet avant de prendre une [&hellip;]","og_url":"https:\/\/www.jean-rousseau.com\/fr\/prendre-soin-de-son-bracelet-montre\/","og_site_name":"Maison Jean Rousseau","article_publisher":"https:\/\/www.facebook.com\/JeanrousseauParis\/","article_modified_time":"2018-07-23T17:58:22+00:00","og_image":[{"width":696,"height":696,"url":"https:\/\/www.jean-rousseau.com\/wp-content\/uploads\/2024\/02\/logo-JR.jpg","type":"image\/jpeg"}],"twitter_card":"summary_large_image","twitter_site":"@jeanrousseaufr","twitter_misc":{"Dur\u00e9e de lecture estim\u00e9e":"1 minute"},"schema":{"@context":"https:\/\/schema.org","@graph":[{"@type":"WebPage","@id":"https:\/\/www.jean-rousseau.com\/fr\/prendre-soin-de-son-bracelet-montre\/","url":"https:\/\/www.jean-rousseau.com\/fr\/prendre-soin-de-son-bracelet-montre\/","name":"Prendre soin de son article en cuir - Maison Jean Rousseau","isPartOf":{"@id":"https:\/\/www.jean-rousseau.com\/#website"},"datePublished":"2018-06-07T21:59:30+00:00","dateModified":"2018-07-23T17:58:22+00:00","breadcrumb":{"@id":"https:\/\/www.jean-rousseau.com\/fr\/prendre-soin-de-son-bracelet-montre\/#breadcrumb"},"inLanguage":"fr-FR","potentialAction":[{"@type":"ReadAction","target":["https:\/\/www.jean-rousseau.com\/fr\/prendre-soin-de-son-bracelet-montre\/"]}]},{"@type":"BreadcrumbList","@id":"https:\/\/www.jean-rousseau.com\/fr\/prendre-soin-de-son-bracelet-montre\/#breadcrumb","itemListElement":[{"@type":"ListItem","position":1,"name":"Accueil","item":"https:\/\/www.jean-rousseau.com\/fr\/"},{"@type":"ListItem","position":2,"name":"Prendre soin de son article en cuir"}]},{"@type":"WebSite","@id":"https:\/\/www.jean-rousseau.com\/#website","url":"https:\/\/www.jean-rousseau.com\/","name":"Maison Jean Rousseau","description":"Sp\u00e9cialiste en bracelets de montre et maroquinerie sur-mesure made in France, artisan d\u2019excellence depuis 1954.","publisher":{"@id":"https:\/\/www.jean-rousseau.com\/#organization"},"potentialAction":[{"@type":"SearchAction","target":{"@type":"EntryPoint","urlTemplate":"https:\/\/www.jean-rousseau.com\/?s={search_term_string}"},"query-input":{"@type":"PropertyValueSpecification","valueRequired":true,"valueName":"search_term_string"}}],"inLanguage":"fr-FR"},{"@type":"Organization","@id":"https:\/\/www.jean-rousseau.com\/#organization","name":"Maison Jean Rousseau","url":"https:\/\/www.jean-rousseau.com\/","logo":{"@type":"ImageObject","inLanguage":"fr-FR","@id":"https:\/\/www.jean-rousseau.com\/#\/schema\/logo\/image\/","url":"https:\/\/www.jean-rousseau.com\/wp-content\/uploads\/2024\/02\/logo-JR.jpg","contentUrl":"https:\/\/www.jean-rousseau.com\/wp-content\/uploads\/2024\/02\/logo-JR.jpg","width":696,"height":696,"caption":"Maison Jean Rousseau"},"image":{"@id":"https:\/\/www.jean-rousseau.com\/#\/schema\/logo\/image\/"},"sameAs":["https:\/\/www.facebook.com\/JeanrousseauParis\/","https:\/\/x.com\/jeanrousseaufr","https:\/\/www.instagram.com\/jeanrousseauparis\/","https:\/\/www.linkedin.com\/company\/maison-jean-rousseau\/","https:\/\/www.pinterest.fr\/jeanrousseauparis\/","https:\/\/www.youtube.com\/@MaisonJeanRousseau","https:\/\/www.tiktok.com\/@jeanrousseauparis","https:\/\/www.weibo.com\/p\/1006066811228508\/home?from=page_100606&mod=TAB&is_hot=1"]}]}},"_links":{"self":[{"href":"https:\/\/www.jean-rousseau.com\/fr\/wp-json\/wp\/v2\/pages\/15851","targetHints":{"allow":["GET"]}}],"collection":[{"href":"https:\/\/www.jean-rousseau.com\/fr\/wp-json\/wp\/v2\/pages"}],"about":[{"href":"https:\/\/www.jean-rousseau.com\/fr\/wp-json\/wp\/v2\/types\/page"}],"author":[{"embeddable":true,"href":"https:\/\/www.jean-rousseau.com\/fr\/wp-json\/wp\/v2\/users\/1"}],"replies":[{"embeddable":true,"href":"https:\/\/www.jean-rousseau.com\/fr\/wp-json\/wp\/v2\/comments?post=15851"}],"version-history":[{"count":0,"href":"https:\/\/www.jean-rousseau.com\/fr\/wp-json\/wp\/v2\/pages\/15851\/revisions"}],"wp:attachment":[{"href":"https:\/\/www.jean-rousseau.com\/fr\/wp-json\/wp\/v2\/media?parent=15851"}],"wp:term":[{"taxonomy":"page_cat","embeddable":true,"href":"https:\/\/www.jean-rousseau.com\/fr\/wp-json\/wp\/v2\/page_cat?post=15851"}],"curies":[{"name":"wp","href":"https:\/\/api.w.org\/{rel}","templated":true}]}}