{"id":173691,"date":"2023-06-30T08:52:46","date_gmt":"2023-06-30T06:52:46","guid":{"rendered":"https:\/\/www.jean-rousseau.com\/?page_id=173691"},"modified":"2023-11-14T08:59:40","modified_gmt":"2023-11-14T07:59:40","slug":"landing-page-collection-aventure-2023","status":"publish","type":"page","link":"https:\/\/www.jean-rousseau.com\/fr\/landing-page-collection-aventure-2023\/","title":{"rendered":"Landing page collection Aventure 2023"},"content":{"rendered":"<div class=\"wpb-content-wrapper\"><p>[vc_section full_width=\u00a0\u00bbstretch_row\u00a0\u00bb full_height=\u00a0\u00bbyes\u00a0\u00bb css=\u00a0\u00bb.vc_custom_1687791703399{background-image: url(https:\/\/www.jean-rousseau.com\/wp-content\/uploads\/2023\/06\/Header.jpg?id=172663) !important;background-position: center !important;background-repeat: no-repeat !important;background-size: cover !important;}\u00a0\u00bb el_id=\u00a0\u00bblp-header\u00a0\u00bb][vc_row full_width=\u00a0\u00bbstretch_row_content_no_spaces\u00a0\u00bb full_height=\u00a0\u00bbyes\u00a0\u00bb columns_placement=\u00a0\u00bbtop\u00a0\u00bb][vc_column width=\u00a0\u00bb1\/2&Prime; css=\u00a0\u00bb.vc_custom_1615194356688{background-color: rgba(0,0,0,0.5) !important;*background-color: rgb(0,0,0) !important;}\u00a0\u00bb][vc_column_text]<\/p>\n<h1>Collection Aventure<\/h1>\n<p>Pour sa nouvelle collection, Jean Rousseau Paris vous embarque pour une aventure in\u00e9dite. Afin de cr\u00e9er des bracelets iconiques au style aventureux et \u00e9l\u00e9gant, la Maison Jean Rousseau a s\u00e9lectionn\u00e9 des mati\u00e8res originales telles que l&rsquo;alligator d\u00e9perlant ou encore le Seaqual\u00ae, un tissu recycl\u00e9 innovant. Les couleurs chaudes et naturelles de cette collection vous permettront d&rsquo;adopter un look casual-chic subtil et d&rsquo;\u00e9veiller le baroudeur qui sommeille en vous.[\/vc_column_text][vc_separator color=\u00a0\u00bbwhite\u00a0\u00bb][\/vc_column][vc_column width=\u00a0\u00bb1\/2&Prime;][\/vc_column][\/vc_row][\/vc_section][vc_section css_animation=\u00a0\u00bbnone\u00a0\u00bb el_class=\u00a0\u00bblp-products\u00a0\u00bb el_id=\u00a0\u00bbsection-1&Prime;][vc_row gap=\u00a0\u00bb30&Prime; equal_height=\u00a0\u00bbyes\u00a0\u00bb css_animation=\u00a0\u00bbnone\u00a0\u00bb][vc_column width=\u00a0\u00bb1\/2&Prime;]\n\t\t<div class=\"vc_lp_product \"  data-rel-pdt=\"\">\n\t\t\n\t\t<\/div>\n\t\t[\/vc_column][vc_column width=\u00a0\u00bb1\/2&Prime;]\n\t\t<div class=\"vc_lp_product \"  data-rel-pdt=\"173669\">\n\t\t\n\t\t\t<div class=\"lp-product-img\" style=\"background-image:url(https:\/\/www.jean-rousseau.com\/wp-content\/uploads\/2023\/06\/Bloc-2.jpg)\"><\/div>\n\n\t\t\t<div class=\"lp-product-infos\">\n\n\t\t\t<div class=\"lp-product-inner\">\n\n\t\t\t<h2 class=\"lp-product-title\">Porte-cartes \u00ab\u00a0Essentiel\u00a0\u00bb alligator nubuck marron clair<\/h2>\n\t\t\t<div class=\"lp-product-subtitle\"><\/div>\n\t\t\t<div class=\"lp-product-description\">Ce porte-cartes classique dispose de 4 emplacements pour cartes ainsi que d\u2019un compartiment central pour des billets, re\u00e7us ou tickets de transport.\nCet article est enti\u00e8rement doubl\u00e9 en ch\u00e8vre et est fabriqu\u00e9 en France par nos artisans, au sein de notre manufacture.\n<\/div>\n\n\t\t\t<\/div>\n\n\t\t\t<div class=\"lp-product-footer\">\n\t\t\t<div class=\"lp-product-price\"><span class=\"wcpbc-price wcpbc-price-173662\" data-product-id=\"173662\"><span class=\"woocommerce-Price-amount amount\"><bdi>500<span class=\"woocommerce-Price-currencySymbol\">&euro;<\/span><\/bdi><\/span><span class=\"mjr-suffix\"> T.T.C.<\/span><\/span><\/div>\n\t\t\t<div class=\"lp-product-btn vc_post_button\"><a href=\"https:\/\/www.jean-rousseau.com\/fr\/boutique\/porte-carte-essentiel-alligator-nubuck-marron-clair\/\" class=\"jr-bt black\">D\u00e9couvrir le produit<\/a><\/div>\n\t\t\t<div class=\"lp-product-more-btn\">Voir tous les mod\u00e8les<i class=\"fa fa-chevron-down\"><\/i><i class=\"fas fa-circle-notch fa-spin\"><\/i><\/div>\n\t\t\t<\/div>\n\n\t\t\t<\/div>\n\t\t<\/div>\n\t\t[\/vc_column][\/vc_row][vc_row gap=\u00a0\u00bb30&Prime; equal_height=\u00a0\u00bbyes\u00a0\u00bb css_animation=\u00a0\u00bbnone\u00a0\u00bb][vc_column width=\u00a0\u00bb1\/2&Prime;]\n\t\t<div class=\"vc_lp_product \"  data-rel-pdt=\"\">\n\t\t\n\t\t<\/div>\n\t\t[\/vc_column][vc_column width=\u00a0\u00bb1\/2&Prime;]\n\t\t<div class=\"vc_lp_product \"  data-rel-pdt=\"\">\n\t\t\n\t\t<\/div>\n\t\t[\/vc_column][\/vc_row][vc_row gap=\u00a0\u00bb30&Prime; equal_height=\u00a0\u00bbyes\u00a0\u00bb css_animation=\u00a0\u00bbnone\u00a0\u00bb][vc_column width=\u00a0\u00bb1\/2&Prime;]\n\t\t<div class=\"vc_lp_product \"  data-rel-pdt=\"\">\n\t\t\n\t\t<\/div>\n\t\t[\/vc_column][vc_column width=\u00a0\u00bb1\/2&Prime;]\n\t\t<div class=\"vc_lp_product \"  data-rel-pdt=\"\">\n\t\t\n\t\t\t<div class=\"lp-product-img\" style=\"background-image:url(https:\/\/www.jean-rousseau.com\/wp-content\/uploads\/2023\/06\/Bloc-6.jpg)\"><\/div>\n\n\t\t\t<div class=\"lp-product-infos\">\n\n\t\t\t<div class=\"lp-product-inner\">\n\n\t\t\t<h2 class=\"lp-product-title\">Etui 1 montre ch\u00e8vre jaune<\/h2>\n\t\t\t<div class=\"lp-product-subtitle\"><\/div>\n\t\t\t<div class=\"lp-product-description\">[vc_row][vc_column][vc_column_text]L\u00e9ger, compact et r\u00e9solument \u00e9l\u00e9gant, cet \u00e9tui sera un compagnon de voyage id\u00e9al. Cet \u00e9tui est r\u00e9alis\u00e9 en cuir de veau au toucher lisse incomparable et au look tr\u00e8s naturel. La couture beige contrast\u00e9e \u00e9voque le c\u00f4t\u00e9 sellier tout en affirmant un style de maroquinerie traditionnel.[\/vc_column_text][\/vc_column][\/vc_row]\n<\/div>\n\n\t\t\t<\/div>\n\n\t\t\t<div class=\"lp-product-footer\">\n\t\t\t<div class=\"lp-product-price\"><span class=\"wcpbc-price wcpbc-price-162532\" data-product-id=\"162532\"><span class=\"woocommerce-Price-amount amount\"><bdi>215<span class=\"woocommerce-Price-currencySymbol\">&euro;<\/span><\/bdi><\/span><span class=\"mjr-suffix\"> T.T.C.<\/span><\/span><\/div>\n\t\t\t<div class=\"lp-product-btn vc_post_button\"><a href=\"https:\/\/www.jean-rousseau.com\/fr\/boutique\/etui-montre-chevre-jaune\/\" class=\"jr-bt black\">D\u00e9couvrir le produit<\/a><\/div>\n\t\t\t\n\t\t\t<\/div>\n\n\t\t\t<\/div>\n\t\t<\/div>\n\t\t[\/vc_column][\/vc_row][vc_row gap=\u00a0\u00bb30&Prime; equal_height=\u00a0\u00bbyes\u00a0\u00bb css_animation=\u00a0\u00bbnone\u00a0\u00bb][vc_column width=\u00a0\u00bb1\/2&Prime;]\n\t\t<div class=\"vc_lp_product \"  data-rel-pdt=\"173662\">\n\t\t\n\t\t\t<div class=\"lp-product-img\" style=\"background-image:url(https:\/\/www.jean-rousseau.com\/wp-content\/uploads\/2023\/06\/Bloc-7.jpg)\"><\/div>\n\n\t\t\t<div class=\"lp-product-infos\">\n\n\t\t\t<div class=\"lp-product-inner\">\n\n\t\t\t<h2 class=\"lp-product-title\">Porte-cartes \u00ab\u00a0Essentiel\u00a0\u00bb alligator nubuck bleu marine<\/h2>\n\t\t\t<div class=\"lp-product-subtitle\"><\/div>\n\t\t\t<div class=\"lp-product-description\">Ce porte-cartes classique dispose de 4 emplacements pour cartes ainsi que d\u2019un compartiment central pour des billets, re\u00e7us ou tickets de transport.\nCet article est enti\u00e8rement doubl\u00e9 en ch\u00e8vre et est fabriqu\u00e9 en France par nos artisans, au sein de notre manufacture.\n<\/div>\n\n\t\t\t<\/div>\n\n\t\t\t<div class=\"lp-product-footer\">\n\t\t\t<div class=\"lp-product-price\"><span class=\"wcpbc-price wcpbc-price-173669\" data-product-id=\"173669\"><span class=\"woocommerce-Price-amount amount\"><bdi>500<span class=\"woocommerce-Price-currencySymbol\">&euro;<\/span><\/bdi><\/span><span class=\"mjr-suffix\"> T.T.C.<\/span><\/span><\/div>\n\t\t\t<div class=\"lp-product-btn vc_post_button\"><a href=\"https:\/\/www.jean-rousseau.com\/fr\/boutique\/porte-carte-essentiel-alligator-nubuck-bleu-marine\/\" class=\"jr-bt black\">D\u00e9couvrir le produit<\/a><\/div>\n\t\t\t<div class=\"lp-product-more-btn\">Voir tous les mod\u00e8les<i class=\"fa fa-chevron-down\"><\/i><i class=\"fas fa-circle-notch fa-spin\"><\/i><\/div>\n\t\t\t<\/div>\n\n\t\t\t<\/div>\n\t\t<\/div>\n\t\t[\/vc_column][vc_column width=\u00a0\u00bb1\/2&Prime;]\n\t\t<div class=\"vc_lp_product \"  data-rel-pdt=\"\">\n\t\t\n\t\t<\/div>\n\t\t[\/vc_column][\/vc_row][\/vc_section][vc_section css_animation=\u00a0\u00bbnone\u00a0\u00bb el_class=\u00a0\u00bblp-products\u00a0\u00bb el_id=\u00a0\u00bbsection-2&Prime;][\/vc_section][vc_section el_class=\u00a0\u00bbimage-banner-text-section\u00a0\u00bb css=\u00a0\u00bb.vc_custom_1688131639654{background-image: url(https:\/\/www.jean-rousseau.com\/wp-content\/uploads\/2023\/05\/Footer.jpg?id=171228) !important;background-position: center !important;background-repeat: no-repeat !important;background-size: cover !important;}\u00a0\u00bb][vc_row][vc_column][vc_column_text el_class=\u00a0\u00bbimage-banner-text-special-title-section\u00a0\u00bb]<\/p>\n<p style=\"text-align: center;\"><span style=\"color: #000000;\">Le sur-mesure<\/span><\/p>\n<p>[\/vc_column_text][vc_column_text el_class=\u00a0\u00bbimage-banner-text-content-section\u00a0\u00bb]<\/p>\n<p style=\"text-align: center;\"><span style=\"color: #000000;\">Un article Jean Rousseau a attir\u00e9 votre attention,<\/span><br \/>\n<span style=\"color: #000000;\">mais vous pr\u00e9f\u00e9reriez choisir d\u2019autres mati\u00e8res, coloris, ou fils, ou encore apposer vos initiales ?<\/span><br \/>\n<span style=\"color: #000000;\">Faites-nous part de vos souhaits de personnalisation !<\/span><br \/>\n<span style=\"color: #000000;\">Nos artisans mettront en \u0153uvre toute leur expertise dans la r\u00e9alisation de la pi\u00e8ce de vos r\u00eaves.<\/span><\/p>\n<p>[\/vc_column_text]\n\t\t\t\t<div class=\"vc_post_button vc_post_button_center \">\n\t\t\t\t<a href=\"https:\/\/www.jean-rousseau.com\/fr\/le-sur-mesure-jean-rousseau\/\" class=\"jr-bt transparent\">Demande sur-mesure<\/a>\n\t\t\t\t<\/div>\n\t\t\t\t[\/vc_column][\/vc_row][\/vc_section]<\/p>\n<\/div>","protected":false},"excerpt":{"rendered":"<p>[vc_section full_width=\u00a0\u00bbstretch_row\u00a0\u00bb full_height=\u00a0\u00bbyes\u00a0\u00bb css=\u00a0\u00bb.vc_custom_1687791703399{background-image: url(https:\/\/www.jean-rousseau.com\/wp-content\/uploads\/2023\/06\/Header.jpg?id=172663) !important;background-position: center !important;background-repeat: no-repeat !important;background-size: cover !important;}\u00a0\u00bb el_id=\u00a0\u00bblp-header\u00a0\u00bb][vc_row full_width=\u00a0\u00bbstretch_row_content_no_spaces\u00a0\u00bb full_height=\u00a0\u00bbyes\u00a0\u00bb columns_placement=\u00a0\u00bbtop\u00a0\u00bb][vc_column width=\u00a0\u00bb1\/2&Prime; css=\u00a0\u00bb.vc_custom_1615194356688{background-color: rgba(0,0,0,0.5) !important;*background-color: rgb(0,0,0) !important;}\u00a0\u00bb][vc_column_text] Collection Aventure Pour sa nouvelle collection, Jean Rousseau Paris vous embarque pour une aventure in\u00e9dite. Afin de cr\u00e9er des bracelets iconiques au style aventureux et \u00e9l\u00e9gant, la Maison Jean Rousseau a s\u00e9lectionn\u00e9 des [&hellip;]<\/p>\n","protected":false},"author":1795,"featured_media":0,"parent":0,"menu_order":0,"comment_status":"closed","ping_status":"closed","template":"","meta":{"_acf_changed":false,"_relevanssi_hide_post":"","_relevanssi_hide_content":"","_relevanssi_pin_for_all":"","_relevanssi_pin_keywords":"","_relevanssi_unpin_keywords":"","_relevanssi_related_keywords":"","_relevanssi_related_include_ids":"","_relevanssi_related_exclude_ids":"","_relevanssi_related_no_append":"","_relevanssi_related_not_related":"","_relevanssi_related_posts":"","_relevanssi_noindex_reason":"WooCommerce Yoast SEO Relevanssi index exclude","footnotes":""},"page_cat":[4926],"class_list":["post-173691","page","type-page","status-publish","hentry","page_cat-landing-page"],"acf":[],"yoast_head":"<!-- This site is optimized with the Yoast SEO plugin v26.3 - https:\/\/yoast.com\/wordpress\/plugins\/seo\/ -->\n<title>Collection Aventure : Bracelets pour montre et maroquinerie de luxe<\/title>\n<meta name=\"description\" content=\"Les couleurs chaudes de cette collection vous permettront d&#039;adopter un look casual et d&#039;\u00e9veiller le baroudeur qui sommeille en vous\" \/>\n<meta name=\"robots\" content=\"index, follow, max-snippet:-1, max-image-preview:large, max-video-preview:-1\" \/>\n<link rel=\"canonical\" href=\"https:\/\/www.jean-rousseau.com\/fr\/landing-page-collection-aventure-2023\/\" \/>\n<meta property=\"og:locale\" content=\"fr_FR\" \/>\n<meta property=\"og:type\" content=\"article\" \/>\n<meta property=\"og:title\" content=\"Collection Aventure : Bracelets pour montre et maroquinerie de luxe\" \/>\n<meta property=\"og:description\" content=\"Les couleurs chaudes de cette collection vous permettront d&#039;adopter un look casual et d&#039;\u00e9veiller le baroudeur qui sommeille en vous\" \/>\n<meta property=\"og:url\" content=\"https:\/\/www.jean-rousseau.com\/fr\/landing-page-collection-aventure-2023\/\" \/>\n<meta property=\"og:site_name\" content=\"Maison Jean Rousseau\" \/>\n<meta property=\"article:publisher\" content=\"https:\/\/www.facebook.com\/JeanrousseauParis\/\" \/>\n<meta property=\"article:modified_time\" content=\"2023-11-14T07:59:40+00:00\" \/>\n<meta property=\"og:image\" content=\"https:\/\/www.jean-rousseau.com\/wp-content\/uploads\/2024\/02\/logo-JR.jpg\" \/>\n\t<meta property=\"og:image:width\" content=\"696\" \/>\n\t<meta property=\"og:image:height\" content=\"696\" \/>\n\t<meta property=\"og:image:type\" content=\"image\/jpeg\" \/>\n<meta name=\"twitter:card\" content=\"summary_large_image\" \/>\n<meta name=\"twitter:site\" content=\"@jeanrousseaufr\" \/>\n<meta name=\"twitter:label1\" content=\"Dur\u00e9e de lecture estim\u00e9e\" \/>\n\t<meta name=\"twitter:data1\" content=\"2 minutes\" \/>\n<script type=\"application\/ld+json\" class=\"yoast-schema-graph\">{\"@context\":\"https:\/\/schema.org\",\"@graph\":[{\"@type\":\"WebPage\",\"@id\":\"https:\/\/www.jean-rousseau.com\/fr\/landing-page-collection-aventure-2023\/\",\"url\":\"https:\/\/www.jean-rousseau.com\/fr\/landing-page-collection-aventure-2023\/\",\"name\":\"Collection Aventure : Bracelets pour montre et maroquinerie de luxe\",\"isPartOf\":{\"@id\":\"https:\/\/www.jean-rousseau.com\/#website\"},\"datePublished\":\"2023-06-30T06:52:46+00:00\",\"dateModified\":\"2023-11-14T07:59:40+00:00\",\"description\":\"Les couleurs chaudes de cette collection vous permettront d'adopter un look casual et d'\u00e9veiller le baroudeur qui sommeille en vous\",\"breadcrumb\":{\"@id\":\"https:\/\/www.jean-rousseau.com\/fr\/landing-page-collection-aventure-2023\/#breadcrumb\"},\"inLanguage\":\"fr-FR\",\"potentialAction\":[{\"@type\":\"ReadAction\",\"target\":[\"https:\/\/www.jean-rousseau.com\/fr\/landing-page-collection-aventure-2023\/\"]}]},{\"@type\":\"BreadcrumbList\",\"@id\":\"https:\/\/www.jean-rousseau.com\/fr\/landing-page-collection-aventure-2023\/#breadcrumb\",\"itemListElement\":[{\"@type\":\"ListItem\",\"position\":1,\"name\":\"Accueil\",\"item\":\"https:\/\/www.jean-rousseau.com\/fr\/\"},{\"@type\":\"ListItem\",\"position\":2,\"name\":\"Landing page collection Aventure 2023\"}]},{\"@type\":\"WebSite\",\"@id\":\"https:\/\/www.jean-rousseau.com\/#website\",\"url\":\"https:\/\/www.jean-rousseau.com\/\",\"name\":\"Maison Jean Rousseau\",\"description\":\"Sp\u00e9cialiste en bracelets de montre et maroquinerie sur-mesure made in France, artisan d\u2019excellence depuis 1954.\",\"publisher\":{\"@id\":\"https:\/\/www.jean-rousseau.com\/#organization\"},\"potentialAction\":[{\"@type\":\"SearchAction\",\"target\":{\"@type\":\"EntryPoint\",\"urlTemplate\":\"https:\/\/www.jean-rousseau.com\/?s={search_term_string}\"},\"query-input\":{\"@type\":\"PropertyValueSpecification\",\"valueRequired\":true,\"valueName\":\"search_term_string\"}}],\"inLanguage\":\"fr-FR\"},{\"@type\":\"Organization\",\"@id\":\"https:\/\/www.jean-rousseau.com\/#organization\",\"name\":\"Maison Jean Rousseau\",\"url\":\"https:\/\/www.jean-rousseau.com\/\",\"logo\":{\"@type\":\"ImageObject\",\"inLanguage\":\"fr-FR\",\"@id\":\"https:\/\/www.jean-rousseau.com\/#\/schema\/logo\/image\/\",\"url\":\"https:\/\/www.jean-rousseau.com\/wp-content\/uploads\/2024\/02\/logo-JR.jpg\",\"contentUrl\":\"https:\/\/www.jean-rousseau.com\/wp-content\/uploads\/2024\/02\/logo-JR.jpg\",\"width\":696,\"height\":696,\"caption\":\"Maison Jean Rousseau\"},\"image\":{\"@id\":\"https:\/\/www.jean-rousseau.com\/#\/schema\/logo\/image\/\"},\"sameAs\":[\"https:\/\/www.facebook.com\/JeanrousseauParis\/\",\"https:\/\/x.com\/jeanrousseaufr\",\"https:\/\/www.instagram.com\/jeanrousseauparis\/\",\"https:\/\/www.linkedin.com\/company\/maison-jean-rousseau\/\",\"https:\/\/www.pinterest.fr\/jeanrousseauparis\/\",\"https:\/\/www.youtube.com\/@MaisonJeanRousseau\",\"https:\/\/www.tiktok.com\/@jeanrousseauparis\",\"https:\/\/www.weibo.com\/p\/1006066811228508\/home?from=page_100606&mod=TAB&is_hot=1\"]}]}<\/script>\n<!-- \/ Yoast SEO plugin. -->","yoast_head_json":{"title":"Collection Aventure : Bracelets pour montre et maroquinerie de luxe","description":"Les couleurs chaudes de cette collection vous permettront d'adopter un look casual et d'\u00e9veiller le baroudeur qui sommeille en vous","robots":{"index":"index","follow":"follow","max-snippet":"max-snippet:-1","max-image-preview":"max-image-preview:large","max-video-preview":"max-video-preview:-1"},"canonical":"https:\/\/www.jean-rousseau.com\/fr\/landing-page-collection-aventure-2023\/","og_locale":"fr_FR","og_type":"article","og_title":"Collection Aventure : Bracelets pour montre et maroquinerie de luxe","og_description":"Les couleurs chaudes de cette collection vous permettront d'adopter un look casual et d'\u00e9veiller le baroudeur qui sommeille en vous","og_url":"https:\/\/www.jean-rousseau.com\/fr\/landing-page-collection-aventure-2023\/","og_site_name":"Maison Jean Rousseau","article_publisher":"https:\/\/www.facebook.com\/JeanrousseauParis\/","article_modified_time":"2023-11-14T07:59:40+00:00","og_image":[{"width":696,"height":696,"url":"https:\/\/www.jean-rousseau.com\/wp-content\/uploads\/2024\/02\/logo-JR.jpg","type":"image\/jpeg"}],"twitter_card":"summary_large_image","twitter_site":"@jeanrousseaufr","twitter_misc":{"Dur\u00e9e de lecture estim\u00e9e":"2 minutes"},"schema":{"@context":"https:\/\/schema.org","@graph":[{"@type":"WebPage","@id":"https:\/\/www.jean-rousseau.com\/fr\/landing-page-collection-aventure-2023\/","url":"https:\/\/www.jean-rousseau.com\/fr\/landing-page-collection-aventure-2023\/","name":"Collection Aventure : Bracelets pour montre et maroquinerie de luxe","isPartOf":{"@id":"https:\/\/www.jean-rousseau.com\/#website"},"datePublished":"2023-06-30T06:52:46+00:00","dateModified":"2023-11-14T07:59:40+00:00","description":"Les couleurs chaudes de cette collection vous permettront d'adopter un look casual et d'\u00e9veiller le baroudeur qui sommeille en vous","breadcrumb":{"@id":"https:\/\/www.jean-rousseau.com\/fr\/landing-page-collection-aventure-2023\/#breadcrumb"},"inLanguage":"fr-FR","potentialAction":[{"@type":"ReadAction","target":["https:\/\/www.jean-rousseau.com\/fr\/landing-page-collection-aventure-2023\/"]}]},{"@type":"BreadcrumbList","@id":"https:\/\/www.jean-rousseau.com\/fr\/landing-page-collection-aventure-2023\/#breadcrumb","itemListElement":[{"@type":"ListItem","position":1,"name":"Accueil","item":"https:\/\/www.jean-rousseau.com\/fr\/"},{"@type":"ListItem","position":2,"name":"Landing page collection Aventure 2023"}]},{"@type":"WebSite","@id":"https:\/\/www.jean-rousseau.com\/#website","url":"https:\/\/www.jean-rousseau.com\/","name":"Maison Jean Rousseau","description":"Sp\u00e9cialiste en bracelets de montre et maroquinerie sur-mesure made in France, artisan d\u2019excellence depuis 1954.","publisher":{"@id":"https:\/\/www.jean-rousseau.com\/#organization"},"potentialAction":[{"@type":"SearchAction","target":{"@type":"EntryPoint","urlTemplate":"https:\/\/www.jean-rousseau.com\/?s={search_term_string}"},"query-input":{"@type":"PropertyValueSpecification","valueRequired":true,"valueName":"search_term_string"}}],"inLanguage":"fr-FR"},{"@type":"Organization","@id":"https:\/\/www.jean-rousseau.com\/#organization","name":"Maison Jean Rousseau","url":"https:\/\/www.jean-rousseau.com\/","logo":{"@type":"ImageObject","inLanguage":"fr-FR","@id":"https:\/\/www.jean-rousseau.com\/#\/schema\/logo\/image\/","url":"https:\/\/www.jean-rousseau.com\/wp-content\/uploads\/2024\/02\/logo-JR.jpg","contentUrl":"https:\/\/www.jean-rousseau.com\/wp-content\/uploads\/2024\/02\/logo-JR.jpg","width":696,"height":696,"caption":"Maison Jean Rousseau"},"image":{"@id":"https:\/\/www.jean-rousseau.com\/#\/schema\/logo\/image\/"},"sameAs":["https:\/\/www.facebook.com\/JeanrousseauParis\/","https:\/\/x.com\/jeanrousseaufr","https:\/\/www.instagram.com\/jeanrousseauparis\/","https:\/\/www.linkedin.com\/company\/maison-jean-rousseau\/","https:\/\/www.pinterest.fr\/jeanrousseauparis\/","https:\/\/www.youtube.com\/@MaisonJeanRousseau","https:\/\/www.tiktok.com\/@jeanrousseauparis","https:\/\/www.weibo.com\/p\/1006066811228508\/home?from=page_100606&mod=TAB&is_hot=1"]}]}},"_links":{"self":[{"href":"https:\/\/www.jean-rousseau.com\/fr\/wp-json\/wp\/v2\/pages\/173691","targetHints":{"allow":["GET"]}}],"collection":[{"href":"https:\/\/www.jean-rousseau.com\/fr\/wp-json\/wp\/v2\/pages"}],"about":[{"href":"https:\/\/www.jean-rousseau.com\/fr\/wp-json\/wp\/v2\/types\/page"}],"author":[{"embeddable":true,"href":"https:\/\/www.jean-rousseau.com\/fr\/wp-json\/wp\/v2\/users\/1795"}],"replies":[{"embeddable":true,"href":"https:\/\/www.jean-rousseau.com\/fr\/wp-json\/wp\/v2\/comments?post=173691"}],"version-history":[{"count":0,"href":"https:\/\/www.jean-rousseau.com\/fr\/wp-json\/wp\/v2\/pages\/173691\/revisions"}],"wp:attachment":[{"href":"https:\/\/www.jean-rousseau.com\/fr\/wp-json\/wp\/v2\/media?parent=173691"}],"wp:term":[{"taxonomy":"page_cat","embeddable":true,"href":"https:\/\/www.jean-rousseau.com\/fr\/wp-json\/wp\/v2\/page_cat?post=173691"}],"curies":[{"name":"wp","href":"https:\/\/api.w.org\/{rel}","templated":true}]}}