{"id":189804,"date":"2024-01-02T10:21:00","date_gmt":"2024-01-02T09:21:00","guid":{"rendered":"https:\/\/www.jean-rousseau.com\/?page_id=189804"},"modified":"2024-01-02T10:35:55","modified_gmt":"2024-01-02T09:35:55","slug":"landing-page-lumieres-collection-2024","status":"publish","type":"page","link":"https:\/\/www.jean-rousseau.com\/fr\/landing-page-lumieres-collection-2024\/","title":{"rendered":"Landing page Lumi\u00e8res collection 2024"},"content":{"rendered":"<div class=\"wpb-content-wrapper\"><p>[vc_section full_width=\u00a0\u00bbstretch_row\u00a0\u00bb full_height=\u00a0\u00bbyes\u00a0\u00bb css=\u00a0\u00bb.vc_custom_1702471576852{background-image: url(https:\/\/www.jean-rousseau.com\/wp-content\/uploads\/2023\/12\/Header-Lumieres.jpg?id=189508) !important;background-position: center !important;background-repeat: no-repeat !important;background-size: cover !important;}\u00a0\u00bb el_id=\u00a0\u00bblp-header\u00a0\u00bb][vc_row full_width=\u00a0\u00bbstretch_row_content_no_spaces\u00a0\u00bb full_height=\u00a0\u00bbyes\u00a0\u00bb columns_placement=\u00a0\u00bbtop\u00a0\u00bb][vc_column width=\u00a0\u00bb1\/2&Prime; css=\u00a0\u00bb.vc_custom_1615194356688{background-color: rgba(0,0,0,0.5) !important;*background-color: rgb(0,0,0) !important;}\u00a0\u00bb][vc_column_text]<\/p>\n<h1>Collection Lumi\u00e8res : un voyage entre \u00e9clat et splendeur<\/h1>\n<p>D\u00e9couvrez la nouvelle collection Lumi\u00e8res, un m\u00e9lange parfait entre richesse et \u00e9l\u00e9gance intemporelle. Inspir\u00e9e par le progr\u00e8s intellectuel et architectural du si\u00e8cle des Lumi\u00e8res, cette collection joue avec les couleurs et l&rsquo;\u00e9clat de la peau de crocodile. Chaque bracelet met en avant l&rsquo;audace, la sophistication et le raffinement et rend hommage aux ch\u00e2teaux fran\u00e7ais tels que Versailles, et Vaux-Le-Vicomte. Les bracelets et petites maroquineries de cette collection forment un assortiment harmonieux et contemporain pour mettre en valeur votre garde-temps favori.[\/vc_column_text][vc_separator color=\u00a0\u00bbwhite\u00a0\u00bb][\/vc_column][vc_column width=\u00a0\u00bb1\/2&Prime;][\/vc_column][\/vc_row][\/vc_section][vc_section css_animation=\u00a0\u00bbnone\u00a0\u00bb el_class=\u00a0\u00bblp-products\u00a0\u00bb el_id=\u00a0\u00bbsection-1&Prime;][vc_row gap=\u00a0\u00bb30&Prime; equal_height=\u00a0\u00bbyes\u00a0\u00bb css_animation=\u00a0\u00bbnone\u00a0\u00bb][vc_column width=\u00a0\u00bb1\/2&Prime;]\n\t\t<div class=\"vc_lp_product \"  data-rel-pdt=\"\">\n\t\t\n\t\t<\/div>\n\t\t[\/vc_column][vc_column width=\u00a0\u00bb1\/2&Prime;]\n\t\t<div class=\"vc_lp_product \"  data-rel-pdt=\"188743,188750,188757,188857,188864,188878,188885,188892\">\n\t\t\n\t\t\t<div class=\"lp-product-img\" style=\"background-image:url(https:\/\/www.jean-rousseau.com\/wp-content\/uploads\/2023\/12\/Identite-2-Lumieres.jpg)\"><\/div>\n\n\t\t\t<div class=\"lp-product-infos\">\n\n\t\t\t<div class=\"lp-product-inner\">\n\n\t\t\t<h2 class=\"lp-product-title\">Porte-cartes \u00ab\u00a0Essentiel\u00a0\u00bb crocodile Lumi\u00e8res dor\u00e9 m\u00e9tallis\u00e9<\/h2>\n\t\t\t<div class=\"lp-product-subtitle\"><\/div>\n\t\t\t<div class=\"lp-product-description\">Ce porte-cartes classique dispose de 4 emplacements pour cartes ainsi que d\u2019un compartiment central pour des billets, re\u00e7us ou tickets de transport.\nCet article est enti\u00e8rement doubl\u00e9 en ch\u00e8vre et est fabriqu\u00e9 en France par nos artisans, au sein de notre manufacture.\n<\/div>\n\n\t\t\t<\/div>\n\n\t\t\t<div class=\"lp-product-footer\">\n\t\t\t<div class=\"lp-product-price\"><span class=\"wcpbc-price wcpbc-price-188871\" data-product-id=\"188871\"><span class=\"woocommerce-Price-amount amount\"><bdi>500<span class=\"woocommerce-Price-currencySymbol\">&euro;<\/span><\/bdi><\/span><span class=\"mjr-suffix\"> T.T.C.<\/span><\/span><\/div>\n\t\t\t<div class=\"lp-product-btn vc_post_button\"><a href=\"https:\/\/www.jean-rousseau.com\/fr\/boutique\/porte-cartes-essentiel-crocodile-lumieres-dore-metallise\/\" class=\"jr-bt black\">Discover this product<\/a><\/div>\n\t\t\t<div class=\"lp-product-more-btn\">Voir tous les mod\u00e8les<i class=\"fa fa-chevron-down\"><\/i><i class=\"fas fa-circle-notch fa-spin\"><\/i><\/div>\n\t\t\t<\/div>\n\n\t\t\t<\/div>\n\t\t<\/div>\n\t\t[\/vc_column][\/vc_row][vc_row gap=\u00a0\u00bb30&Prime; equal_height=\u00a0\u00bbyes\u00a0\u00bb][vc_column width=\u00a0\u00bb1\/2&Prime;]\n\t\t<div class=\"vc_lp_product \"  data-rel-pdt=\"188899,188906,188927,188934,188955\">\n\t\t\n\t\t\t<div class=\"lp-product-img\" style=\"background-image:url(https:\/\/www.jean-rousseau.com\/wp-content\/uploads\/2023\/12\/Identite-3-Lumieres.jpg)\"><\/div>\n\n\t\t\t<div class=\"lp-product-infos\">\n\n\t\t\t<div class=\"lp-product-inner\">\n\n\t\t\t<h2 class=\"lp-product-title\">Porte-cartes de visite crocodile Lumi\u00e8res vert iris\u00e9<\/h2>\n\t\t\t<div class=\"lp-product-subtitle\"><\/div>\n\t\t\t<div class=\"lp-product-description\">[vc_row][vc_column][vc_column_text]Gr\u00e2ce \u00e0 son compartiment int\u00e9rieur et son large soufflet, ce porte-cartes est id\u00e9al pour ranger vos cartes de visite, ainsi que vos cartes de cr\u00e9dit ou tickets.\nCet article est enti\u00e8rement doubl\u00e9 en ch\u00e8vre et est fabriqu\u00e9 en France par nos artisans, au sein de notre manufacture.[\/vc_column_text][\/vc_column][\/vc_row]\n<\/div>\n\n\t\t\t<\/div>\n\n\t\t\t<div class=\"lp-product-footer\">\n\t\t\t<div class=\"lp-product-price\"><span class=\"wcpbc-price wcpbc-price-188913\" data-product-id=\"188913\"><span class=\"woocommerce-Price-amount amount\"><bdi>545<span class=\"woocommerce-Price-currencySymbol\">&euro;<\/span><\/bdi><\/span><span class=\"mjr-suffix\"> T.T.C.<\/span><\/span><\/div>\n\t\t\t<div class=\"lp-product-btn vc_post_button\"><a href=\"https:\/\/www.jean-rousseau.com\/fr\/boutique\/porte-cartes-de-visite-crocodile-lumieres-irise-vert\/\" class=\"jr-bt black\">Discover this product<\/a><\/div>\n\t\t\t<div class=\"lp-product-more-btn\">Voir tous les mod\u00e8les<i class=\"fa fa-chevron-down\"><\/i><i class=\"fas fa-circle-notch fa-spin\"><\/i><\/div>\n\t\t\t<\/div>\n\n\t\t\t<\/div>\n\t\t<\/div>\n\t\t[\/vc_column][vc_column width=\u00a0\u00bb1\/2&Prime;]\n\t\t<div class=\"vc_lp_product \"  data-rel-pdt=\"\">\n\t\t\n\t\t<\/div>\n\t\t[\/vc_column][\/vc_row][vc_row gap=\u00a0\u00bb30&Prime; equal_height=\u00a0\u00bbyes\u00a0\u00bb][vc_column width=\u00a0\u00bb1\/2&Prime;]\n\t\t<div class=\"vc_lp_product \"  data-rel-pdt=\"\">\n\t\t\n\t\t<\/div>\n\t\t[\/vc_column][vc_column width=\u00a0\u00bb1\/2&Prime;]\n\t\t<div class=\"vc_lp_product \"  data-rel-pdt=\"188743,188750,188757,188857,188864,188871,188878,188885\">\n\t\t\n\t\t\t<div class=\"lp-product-img\" style=\"background-image:url(https:\/\/www.jean-rousseau.com\/wp-content\/uploads\/2023\/12\/Identite-6-Lumieres.jpg)\"><\/div>\n\n\t\t\t<div class=\"lp-product-infos\">\n\n\t\t\t<div class=\"lp-product-inner\">\n\n\t\t\t<h2 class=\"lp-product-title\">Porte-cartes \u00ab\u00a0Essentiel\u00a0\u00bb crocodile Lumi\u00e8res cuivr\u00e9 m\u00e9tallis\u00e9<\/h2>\n\t\t\t<div class=\"lp-product-subtitle\"><\/div>\n\t\t\t<div class=\"lp-product-description\">Ce porte-cartes classique dispose de 4 emplacements pour cartes ainsi que d\u2019un compartiment central pour des billets, re\u00e7us ou tickets de transport.\nCet article est enti\u00e8rement doubl\u00e9 en ch\u00e8vre et est fabriqu\u00e9 en France par nos artisans, au sein de notre manufacture.\n<\/div>\n\n\t\t\t<\/div>\n\n\t\t\t<div class=\"lp-product-footer\">\n\t\t\t<div class=\"lp-product-price\"><span class=\"wcpbc-price wcpbc-price-188892\" data-product-id=\"188892\"><span class=\"woocommerce-Price-amount amount\"><bdi>500<span class=\"woocommerce-Price-currencySymbol\">&euro;<\/span><\/bdi><\/span><span class=\"mjr-suffix\"> T.T.C.<\/span><\/span><\/div>\n\t\t\t<div class=\"lp-product-btn vc_post_button\"><a href=\"https:\/\/www.jean-rousseau.com\/fr\/boutique\/porte-cartes-essentiel-crocodile-lumieres-cuivre-metallise\/\" class=\"jr-bt black\">Discover this product<\/a><\/div>\n\t\t\t<div class=\"lp-product-more-btn\">Voir tous les mod\u00e8les<i class=\"fa fa-chevron-down\"><\/i><i class=\"fas fa-circle-notch fa-spin\"><\/i><\/div>\n\t\t\t<\/div>\n\n\t\t\t<\/div>\n\t\t<\/div>\n\t\t[\/vc_column][\/vc_row][vc_row gap=\u00a0\u00bb30&Prime; equal_height=\u00a0\u00bbyes\u00a0\u00bb][vc_column width=\u00a0\u00bb1\/2&Prime;]\n\t\t<div class=\"vc_lp_product \"  data-rel-pdt=\"\">\n\t\t\n\t\t<\/div>\n\t\t[\/vc_column][vc_column width=\u00a0\u00bb1\/2&Prime;]\n\t\t<div class=\"vc_lp_product \"  data-rel-pdt=\"\">\n\t\t\n\t\t<\/div>\n\t\t[\/vc_column][\/vc_row][\/vc_section][vc_section el_class=\u00a0\u00bbimage-banner-text-section\u00a0\u00bb css=\u00a0\u00bb.vc_custom_1702471826629{background-image: url(https:\/\/www.jean-rousseau.com\/wp-content\/uploads\/2023\/12\/Footer-Lumieres.jpg?id=189501) !important;background-position: center !important;background-repeat: no-repeat !important;background-size: cover !important;}\u00a0\u00bb][vc_row][vc_column][vc_column_text el_class=\u00a0\u00bbimage-banner-text-special-title-section\u00a0\u00bb]<\/p>\n<p style=\"text-align: center;\"><span style=\"color: #000000;\">Le sur-mesure<\/span><\/p>\n<p>[\/vc_column_text][vc_column_text el_class=\u00a0\u00bbimage-banner-text-content-section\u00a0\u00bb]<\/p>\n<p style=\"text-align: center;\"><span style=\"color: #000000;\">Un article Jean Rousseau a attir\u00e9 votre attention,<\/span><br \/>\n<span style=\"color: #000000;\">mais vous pr\u00e9f\u00e9reriez choisir d\u2019autres mati\u00e8res, coloris, ou fils, ou encore apposer vos initiales ?<\/span><br \/>\n<span style=\"color: #000000;\">Faites-nous part de vos souhaits de personnalisation !<\/span><br \/>\n<span style=\"color: #000000;\">Nos artisans mettront en \u0153uvre toute leur expertise dans la r\u00e9alisation de la pi\u00e8ce de vos r\u00eaves.<\/span><\/p>\n<p>[\/vc_column_text]\n\t\t\t\t<div class=\"vc_post_button vc_post_button_center \">\n\t\t\t\t<a href=\"https:\/\/www.jean-rousseau.com\/fr\/le-sur-mesure-jean-rousseau\/\" class=\"jr-bt transparent\">Demande sur-mesure<\/a>\n\t\t\t\t<\/div>\n\t\t\t\t[\/vc_column][\/vc_row][\/vc_section]<\/p>\n<\/div>","protected":false},"excerpt":{"rendered":"<p>[vc_section full_width=\u00a0\u00bbstretch_row\u00a0\u00bb full_height=\u00a0\u00bbyes\u00a0\u00bb css=\u00a0\u00bb.vc_custom_1702471576852{background-image: url(https:\/\/www.jean-rousseau.com\/wp-content\/uploads\/2023\/12\/Header-Lumieres.jpg?id=189508) !important;background-position: center !important;background-repeat: no-repeat !important;background-size: cover !important;}\u00a0\u00bb el_id=\u00a0\u00bblp-header\u00a0\u00bb][vc_row full_width=\u00a0\u00bbstretch_row_content_no_spaces\u00a0\u00bb full_height=\u00a0\u00bbyes\u00a0\u00bb columns_placement=\u00a0\u00bbtop\u00a0\u00bb][vc_column width=\u00a0\u00bb1\/2&Prime; css=\u00a0\u00bb.vc_custom_1615194356688{background-color: rgba(0,0,0,0.5) !important;*background-color: rgb(0,0,0) !important;}\u00a0\u00bb][vc_column_text] Collection Lumi\u00e8res : un voyage entre \u00e9clat et splendeur D\u00e9couvrez la nouvelle collection Lumi\u00e8res, un m\u00e9lange parfait entre richesse et \u00e9l\u00e9gance intemporelle. Inspir\u00e9e par le progr\u00e8s intellectuel et architectural du si\u00e8cle des Lumi\u00e8res, [&hellip;]<\/p>\n","protected":false},"author":1795,"featured_media":0,"parent":0,"menu_order":0,"comment_status":"closed","ping_status":"closed","template":"","meta":{"_acf_changed":false,"_relevanssi_hide_post":"","_relevanssi_hide_content":"","_relevanssi_pin_for_all":"","_relevanssi_pin_keywords":"","_relevanssi_unpin_keywords":"","_relevanssi_related_keywords":"","_relevanssi_related_include_ids":"","_relevanssi_related_exclude_ids":"","_relevanssi_related_no_append":"","_relevanssi_related_not_related":"","_relevanssi_related_posts":"","_relevanssi_noindex_reason":"WooCommerce Yoast SEO Relevanssi index exclude","footnotes":""},"page_cat":[4926],"class_list":["post-189804","page","type-page","status-publish","hentry","page_cat-landing-page"],"acf":[],"yoast_head":"<!-- This site is optimized with the Yoast SEO plugin v26.3 - https:\/\/yoast.com\/wordpress\/plugins\/seo\/ -->\n<title>Collection Lumi\u00e8res : un voyage entre \u00e9clat et splendeur<\/title>\n<meta name=\"description\" content=\"Chaque bracelet met en avant l&#039;audace, la sophistication et le raffinement et rend hommage aux ch\u00e2teaux fran\u00e7ais tels que Versailles.\" \/>\n<meta name=\"robots\" content=\"index, follow, max-snippet:-1, max-image-preview:large, max-video-preview:-1\" \/>\n<link rel=\"canonical\" href=\"https:\/\/www.jean-rousseau.com\/fr\/landing-page-lumieres-collection-2024\/\" \/>\n<meta property=\"og:locale\" content=\"fr_FR\" \/>\n<meta property=\"og:type\" content=\"article\" \/>\n<meta property=\"og:title\" content=\"Collection Lumi\u00e8res : un voyage entre \u00e9clat et splendeur\" \/>\n<meta property=\"og:description\" content=\"Chaque bracelet met en avant l&#039;audace, la sophistication et le raffinement et rend hommage aux ch\u00e2teaux fran\u00e7ais tels que Versailles.\" \/>\n<meta property=\"og:url\" content=\"https:\/\/www.jean-rousseau.com\/fr\/landing-page-lumieres-collection-2024\/\" \/>\n<meta property=\"og:site_name\" content=\"Maison Jean Rousseau\" \/>\n<meta property=\"article:publisher\" content=\"https:\/\/www.facebook.com\/JeanrousseauParis\/\" \/>\n<meta property=\"article:modified_time\" content=\"2024-01-02T09:35:55+00:00\" \/>\n<meta property=\"og:image\" content=\"https:\/\/www.jean-rousseau.com\/wp-content\/uploads\/2024\/02\/logo-JR.jpg\" \/>\n\t<meta property=\"og:image:width\" content=\"696\" \/>\n\t<meta property=\"og:image:height\" content=\"696\" \/>\n\t<meta property=\"og:image:type\" content=\"image\/jpeg\" \/>\n<meta name=\"twitter:card\" content=\"summary_large_image\" \/>\n<meta name=\"twitter:site\" content=\"@jeanrousseaufr\" \/>\n<meta name=\"twitter:label1\" content=\"Dur\u00e9e de lecture estim\u00e9e\" \/>\n\t<meta name=\"twitter:data1\" content=\"2 minutes\" \/>\n<script type=\"application\/ld+json\" class=\"yoast-schema-graph\">{\"@context\":\"https:\/\/schema.org\",\"@graph\":[{\"@type\":\"WebPage\",\"@id\":\"https:\/\/www.jean-rousseau.com\/fr\/landing-page-lumieres-collection-2024\/\",\"url\":\"https:\/\/www.jean-rousseau.com\/fr\/landing-page-lumieres-collection-2024\/\",\"name\":\"Collection Lumi\u00e8res : un voyage entre \u00e9clat et splendeur\",\"isPartOf\":{\"@id\":\"https:\/\/www.jean-rousseau.com\/#website\"},\"datePublished\":\"2024-01-02T09:21:00+00:00\",\"dateModified\":\"2024-01-02T09:35:55+00:00\",\"description\":\"Chaque bracelet met en avant l'audace, la sophistication et le raffinement et rend hommage aux ch\u00e2teaux fran\u00e7ais tels que Versailles.\",\"breadcrumb\":{\"@id\":\"https:\/\/www.jean-rousseau.com\/fr\/landing-page-lumieres-collection-2024\/#breadcrumb\"},\"inLanguage\":\"fr-FR\",\"potentialAction\":[{\"@type\":\"ReadAction\",\"target\":[\"https:\/\/www.jean-rousseau.com\/fr\/landing-page-lumieres-collection-2024\/\"]}]},{\"@type\":\"BreadcrumbList\",\"@id\":\"https:\/\/www.jean-rousseau.com\/fr\/landing-page-lumieres-collection-2024\/#breadcrumb\",\"itemListElement\":[{\"@type\":\"ListItem\",\"position\":1,\"name\":\"Accueil\",\"item\":\"https:\/\/www.jean-rousseau.com\/fr\/\"},{\"@type\":\"ListItem\",\"position\":2,\"name\":\"Landing page Lumi\u00e8res collection 2024\"}]},{\"@type\":\"WebSite\",\"@id\":\"https:\/\/www.jean-rousseau.com\/#website\",\"url\":\"https:\/\/www.jean-rousseau.com\/\",\"name\":\"Maison Jean Rousseau\",\"description\":\"Sp\u00e9cialiste en bracelets de montre et maroquinerie sur-mesure made in France, artisan d\u2019excellence depuis 1954.\",\"publisher\":{\"@id\":\"https:\/\/www.jean-rousseau.com\/#organization\"},\"potentialAction\":[{\"@type\":\"SearchAction\",\"target\":{\"@type\":\"EntryPoint\",\"urlTemplate\":\"https:\/\/www.jean-rousseau.com\/?s={search_term_string}\"},\"query-input\":{\"@type\":\"PropertyValueSpecification\",\"valueRequired\":true,\"valueName\":\"search_term_string\"}}],\"inLanguage\":\"fr-FR\"},{\"@type\":\"Organization\",\"@id\":\"https:\/\/www.jean-rousseau.com\/#organization\",\"name\":\"Maison Jean Rousseau\",\"url\":\"https:\/\/www.jean-rousseau.com\/\",\"logo\":{\"@type\":\"ImageObject\",\"inLanguage\":\"fr-FR\",\"@id\":\"https:\/\/www.jean-rousseau.com\/#\/schema\/logo\/image\/\",\"url\":\"https:\/\/www.jean-rousseau.com\/wp-content\/uploads\/2024\/02\/logo-JR.jpg\",\"contentUrl\":\"https:\/\/www.jean-rousseau.com\/wp-content\/uploads\/2024\/02\/logo-JR.jpg\",\"width\":696,\"height\":696,\"caption\":\"Maison Jean Rousseau\"},\"image\":{\"@id\":\"https:\/\/www.jean-rousseau.com\/#\/schema\/logo\/image\/\"},\"sameAs\":[\"https:\/\/www.facebook.com\/JeanrousseauParis\/\",\"https:\/\/x.com\/jeanrousseaufr\",\"https:\/\/www.instagram.com\/jeanrousseauparis\/\",\"https:\/\/www.linkedin.com\/company\/maison-jean-rousseau\/\",\"https:\/\/www.pinterest.fr\/jeanrousseauparis\/\",\"https:\/\/www.youtube.com\/@MaisonJeanRousseau\",\"https:\/\/www.tiktok.com\/@jeanrousseauparis\",\"https:\/\/www.weibo.com\/p\/1006066811228508\/home?from=page_100606&mod=TAB&is_hot=1\"]}]}<\/script>\n<!-- \/ Yoast SEO plugin. -->","yoast_head_json":{"title":"Collection Lumi\u00e8res : un voyage entre \u00e9clat et splendeur","description":"Chaque bracelet met en avant l'audace, la sophistication et le raffinement et rend hommage aux ch\u00e2teaux fran\u00e7ais tels que Versailles.","robots":{"index":"index","follow":"follow","max-snippet":"max-snippet:-1","max-image-preview":"max-image-preview:large","max-video-preview":"max-video-preview:-1"},"canonical":"https:\/\/www.jean-rousseau.com\/fr\/landing-page-lumieres-collection-2024\/","og_locale":"fr_FR","og_type":"article","og_title":"Collection Lumi\u00e8res : un voyage entre \u00e9clat et splendeur","og_description":"Chaque bracelet met en avant l'audace, la sophistication et le raffinement et rend hommage aux ch\u00e2teaux fran\u00e7ais tels que Versailles.","og_url":"https:\/\/www.jean-rousseau.com\/fr\/landing-page-lumieres-collection-2024\/","og_site_name":"Maison Jean Rousseau","article_publisher":"https:\/\/www.facebook.com\/JeanrousseauParis\/","article_modified_time":"2024-01-02T09:35:55+00:00","og_image":[{"width":696,"height":696,"url":"https:\/\/www.jean-rousseau.com\/wp-content\/uploads\/2024\/02\/logo-JR.jpg","type":"image\/jpeg"}],"twitter_card":"summary_large_image","twitter_site":"@jeanrousseaufr","twitter_misc":{"Dur\u00e9e de lecture estim\u00e9e":"2 minutes"},"schema":{"@context":"https:\/\/schema.org","@graph":[{"@type":"WebPage","@id":"https:\/\/www.jean-rousseau.com\/fr\/landing-page-lumieres-collection-2024\/","url":"https:\/\/www.jean-rousseau.com\/fr\/landing-page-lumieres-collection-2024\/","name":"Collection Lumi\u00e8res : un voyage entre \u00e9clat et splendeur","isPartOf":{"@id":"https:\/\/www.jean-rousseau.com\/#website"},"datePublished":"2024-01-02T09:21:00+00:00","dateModified":"2024-01-02T09:35:55+00:00","description":"Chaque bracelet met en avant l'audace, la sophistication et le raffinement et rend hommage aux ch\u00e2teaux fran\u00e7ais tels que Versailles.","breadcrumb":{"@id":"https:\/\/www.jean-rousseau.com\/fr\/landing-page-lumieres-collection-2024\/#breadcrumb"},"inLanguage":"fr-FR","potentialAction":[{"@type":"ReadAction","target":["https:\/\/www.jean-rousseau.com\/fr\/landing-page-lumieres-collection-2024\/"]}]},{"@type":"BreadcrumbList","@id":"https:\/\/www.jean-rousseau.com\/fr\/landing-page-lumieres-collection-2024\/#breadcrumb","itemListElement":[{"@type":"ListItem","position":1,"name":"Accueil","item":"https:\/\/www.jean-rousseau.com\/fr\/"},{"@type":"ListItem","position":2,"name":"Landing page Lumi\u00e8res collection 2024"}]},{"@type":"WebSite","@id":"https:\/\/www.jean-rousseau.com\/#website","url":"https:\/\/www.jean-rousseau.com\/","name":"Maison Jean Rousseau","description":"Sp\u00e9cialiste en bracelets de montre et maroquinerie sur-mesure made in France, artisan d\u2019excellence depuis 1954.","publisher":{"@id":"https:\/\/www.jean-rousseau.com\/#organization"},"potentialAction":[{"@type":"SearchAction","target":{"@type":"EntryPoint","urlTemplate":"https:\/\/www.jean-rousseau.com\/?s={search_term_string}"},"query-input":{"@type":"PropertyValueSpecification","valueRequired":true,"valueName":"search_term_string"}}],"inLanguage":"fr-FR"},{"@type":"Organization","@id":"https:\/\/www.jean-rousseau.com\/#organization","name":"Maison Jean Rousseau","url":"https:\/\/www.jean-rousseau.com\/","logo":{"@type":"ImageObject","inLanguage":"fr-FR","@id":"https:\/\/www.jean-rousseau.com\/#\/schema\/logo\/image\/","url":"https:\/\/www.jean-rousseau.com\/wp-content\/uploads\/2024\/02\/logo-JR.jpg","contentUrl":"https:\/\/www.jean-rousseau.com\/wp-content\/uploads\/2024\/02\/logo-JR.jpg","width":696,"height":696,"caption":"Maison Jean Rousseau"},"image":{"@id":"https:\/\/www.jean-rousseau.com\/#\/schema\/logo\/image\/"},"sameAs":["https:\/\/www.facebook.com\/JeanrousseauParis\/","https:\/\/x.com\/jeanrousseaufr","https:\/\/www.instagram.com\/jeanrousseauparis\/","https:\/\/www.linkedin.com\/company\/maison-jean-rousseau\/","https:\/\/www.pinterest.fr\/jeanrousseauparis\/","https:\/\/www.youtube.com\/@MaisonJeanRousseau","https:\/\/www.tiktok.com\/@jeanrousseauparis","https:\/\/www.weibo.com\/p\/1006066811228508\/home?from=page_100606&mod=TAB&is_hot=1"]}]}},"_links":{"self":[{"href":"https:\/\/www.jean-rousseau.com\/fr\/wp-json\/wp\/v2\/pages\/189804","targetHints":{"allow":["GET"]}}],"collection":[{"href":"https:\/\/www.jean-rousseau.com\/fr\/wp-json\/wp\/v2\/pages"}],"about":[{"href":"https:\/\/www.jean-rousseau.com\/fr\/wp-json\/wp\/v2\/types\/page"}],"author":[{"embeddable":true,"href":"https:\/\/www.jean-rousseau.com\/fr\/wp-json\/wp\/v2\/users\/1795"}],"replies":[{"embeddable":true,"href":"https:\/\/www.jean-rousseau.com\/fr\/wp-json\/wp\/v2\/comments?post=189804"}],"version-history":[{"count":0,"href":"https:\/\/www.jean-rousseau.com\/fr\/wp-json\/wp\/v2\/pages\/189804\/revisions"}],"wp:attachment":[{"href":"https:\/\/www.jean-rousseau.com\/fr\/wp-json\/wp\/v2\/media?parent=189804"}],"wp:term":[{"taxonomy":"page_cat","embeddable":true,"href":"https:\/\/www.jean-rousseau.com\/fr\/wp-json\/wp\/v2\/page_cat?post=189804"}],"curies":[{"name":"wp","href":"https:\/\/api.w.org\/{rel}","templated":true}]}}