{"id":267,"date":"2018-03-28T17:03:34","date_gmt":"2018-03-28T15:03:34","guid":{"rendered":"http:\/\/jean-rousseau.misopa.pro\/?page_id=267"},"modified":"2023-05-17T13:39:45","modified_gmt":"2023-05-17T11:39:45","slug":"ateliers-boutiques","status":"publish","type":"page","link":"https:\/\/www.jean-rousseau.com\/fr\/ateliers-boutiques\/","title":{"rendered":"Ateliers-Boutiques"},"content":{"rendered":"<div class=\"wpb-content-wrapper\"><p>[vc_section full_width=\u00a0\u00bbstretch_row_content\u00a0\u00bb el_class=\u00a0\u00bbimage-banner-section\u00a0\u00bb css=\u00a0\u00bb.vc_custom_1664814259489{background-image: url(https:\/\/www.jean-rousseau.com\/wp-content\/uploads\/2022\/10\/JeanRousseau_AJR_NYC_54thstreet_MA_346030-2.jpg?id=147194) !important;}\u00a0\u00bb][\/vc_section][vc_section el_id=\u00a0\u00bbbreadcrumbs-section\u00a0\u00bb][vc_row][vc_column][vc_column_text]<nav class=\"woocommerce-breadcrumb\" aria-label=\"Breadcrumb\">Accueil<\/nav>[\/vc_column_text][\/vc_column][\/vc_row][\/vc_section][vc_section el_class=\u00a0\u00bbquote-section\u00a0\u00bb css=\u00a0\u00bb.vc_custom_1531418837203{margin-bottom: 20px !important;}\u00a0\u00bb][vc_row][vc_column][vc_column_text el_class=\u00a0\u00bbquote-section-title\u00a0\u00bb]<\/p>\n<p style=\"text-align: center;\">Nos Ateliers-Boutiques<\/p>\n<p>[\/vc_column_text][vc_column_text el_class=\u00a0\u00bbquote-section-content\u00a0\u00bb]<\/p>\n<p style=\"text-align: center;\">Plus que de simples boutiques, dans les concepts d\u2019ateliers-boutiques de Paris, Tokyo, Londres et New York, travaillent des artisans qualifi\u00e9s, form\u00e9s au savoir-faire traditionnel fran\u00e7ais.<\/p>\n<p>[\/vc_column_text][\/vc_column][\/vc_row][\/vc_section][vc_row css=\u00a0\u00bb.vc_custom_1531418802933{margin-top: 0px !important;margin-bottom: 50px !important;}\u00a0\u00bb][vc_column]\n\t\t\t<div id=\"vc_jr_visual_section_528495\" class=\"vc_jr_visual_section right \">\n\t\t\t<div class=\"jr-wrapper\">\n\n\t\t\t<div class=\"vc_jr_visual_section_texts_container\">\n\t\t\t<div class=\"special-title-container\">\n\t\t\t<div class=\"special-title\">01<\/div>\n\n\t\t\t<div class=\"vc_jr_visual_section_title_container\">\n\t\t\t<h2 class=\"vc_jr_visual_section_title\">Une atmosph\u00e8re artisanale, \u00e9l\u00e9gante<\/h2>\n\t\t\t<\/div>\n\n\t\t\t<div class=\"vc_jr_visual_section_description_container\">\n\t\t\t<p>Les \u00e9quipes Jean Rousseau sont heureuses de vous accueillir dans une atmosph\u00e8re artisanale, \u00e9l\u00e9gante et moderne o\u00f9 vous retrouverez tous nos mod\u00e8les de bracelet montre, ceintures, sacs, pochettes, portefeuilles en cuir et nos collections 100% sans-cuir.<\/p>\n<p>Nos boutiques accueillent \u00e9galement des exclusivit\u00e9s et des articles de maroquinerie disponibles en compl\u00e9ment de ceux pr\u00e9sent\u00e9s sur le site Jean Rousseau et ce, dans une gamme de couleurs et de mati\u00e8res encore plus vaste : alligator, crocodile, l\u00e9zard, autruche, requin, galuchat, buffle, tissus techniques, bois, li\u00e8ge, etc.<\/p>\n\n\t\t\t\n\t\t\t<\/div>\n\n\t\t\t<\/div>\n\t\t\t<\/div>\n\n\t\t\t<div class=\"vc_jr_visual_section_images_container\">\n\t\t\t<img decoding=\"async\" src=\"https:\/\/www.jean-rousseau.com\/wp-content\/uploads\/2018\/06\/atelier-boutique-maroquinerie-01.png\" class=\"vc_jr_visual_section_image top_img\" alt=\"Array\">\n\t\t\t<div style=\"background-image:url(https:\/\/www.jean-rousseau.com\/wp-content\/uploads\/2018\/06\/atelier-boutique-image-01.jpg)\" class=\"vc_jr_visual_section_image bottom_img\"><\/div>\n\t\t\t<\/div>\n\n\t\t\t<\/div>\n\n\t\t\t<\/div>\n\t\t\t[\/vc_column][\/vc_row][vc_section el_class=\u00a0\u00bbleft-image-col-section\u00a0\u00bb][vc_row content_placement=\u00a0\u00bbmiddle\u00a0\u00bb][vc_column width=\u00a0\u00bb1\/2&Prime;][vc_single_image image=\u00a0\u00bb17580&Prime; img_size=\u00a0\u00bblarge\u00a0\u00bb alignment=\u00a0\u00bbcenter\u00a0\u00bb][\/vc_column][vc_column width=\u00a0\u00bb1\/2&Prime; el_class=\u00a0\u00bbspecial-title-container\u00a0\u00bb][vc_column_text el_class=\u00a0\u00bbleft-image-col-text-special-title-section special-title\u00a0\u00bb]02[\/vc_column_text][vc_column_text el_class=\u00a0\u00bbleft-image-col-text-content-section\u00a0\u00bb]<\/p>\n<h2 class=\"vc_jr_visual_section_title_container\">Un savoir-faire traditionnel fran\u00e7ais<\/h2>\n<div class=\"vc_jr_visual_section_description_container\">\n<p>Plus que de simples boutiques, dans les concepts d\u2019ateliers-boutiques de Paris, Tokyo, Londres et New York, travaillent des artisans qualifi\u00e9s, form\u00e9s au savoir-faire traditionnel fran\u00e7ais. Ils fabriquent \u00e0 la main vos commandes de bracelets de montre et re\u00e7oivent vos demandes de cr\u00e9ation sur-mesure pour la maroquinerie. Ils sont \u00e0 votre \u00e9coute\u00a0et vous conseillent sur les formes et mod\u00e8les de bracelets montres qui mettront en valeur votre garde-temps ou sur le choix d\u2019une mati\u00e8re pour votre ceinture. Ils prennent avec vous les dimensions, notent les d\u00e9tails et vous aident \u00e0 composer votre article sur-mesure.<\/p>\n<\/div>\n<p>[\/vc_column_text][\/vc_column][\/vc_row][\/vc_section][vc_section el_class=\u00a0\u00bbimage-banner-text-section\u00a0\u00bb css=\u00a0\u00bb.vc_custom_1528882376845{background-image: url(\/wp-content\/uploads\/2018\/06\/sur-mesure-bandeau-ao.jpg?id=16817) !important;}\u00a0\u00bb][vc_row][vc_column][vc_column_text el_class=\u00a0\u00bbimage-banner-text-special-title-section\u00a0\u00bb]<\/p>\n<p style=\"text-align: center;\">Trouver une boutique<\/p>\n<p>[\/vc_column_text][vc_column_text el_class=\u00a0\u00bbimage-banner-text-title-section\u00a0\u00bb]<\/p>\n<p style=\"text-align: center;\">PARIS \u2013 LONDRES \u2013 TOKYO \u2013 NYC<\/p>\n<p>[\/vc_column_text][vc_column_text el_class=\u00a0\u00bbimage-banner-text-content-section\u00a0\u00bb]<\/p>\n<p style=\"text-align: center;\">Situ\u00e9s dans les quartiers les plus prestigieux de ces capitales, anim\u00e9s par des artisans qualifi\u00e9s, les Ateliers Jean Rousseau sont d\u00e9di\u00e9s \u00e0 tous les collectionneurs ou amateurs de belles montres et accessoires de luxe, d\u00e9sireux d\u2019acqu\u00e9rir un article totalement unique et personnalis\u00e9.<\/p>\n<p>[\/vc_column_text]\n\t\t\t\t<div class=\"vc_post_button vc_post_button_center \">\n\t\t\t\t<a href=\"https:\/\/www.jean-rousseau.com\/fr\/trouver-une-boutique\/\" class=\"jr-bt transparent\">Trouver une boutique<\/a>\n\t\t\t\t<\/div>\n\t\t\t\t[\/vc_column][\/vc_row][\/vc_section]<\/p>\n<\/div>","protected":false},"excerpt":{"rendered":"<p>[vc_section full_width=\u00a0\u00bbstretch_row_content\u00a0\u00bb el_class=\u00a0\u00bbimage-banner-section\u00a0\u00bb css=\u00a0\u00bb.vc_custom_1664814259489{background-image: url(https:\/\/www.jean-rousseau.com\/wp-content\/uploads\/2022\/10\/JeanRousseau_AJR_NYC_54thstreet_MA_346030-2.jpg?id=147194) !important;}\u00a0\u00bb][\/vc_section][vc_section el_id=\u00a0\u00bbbreadcrumbs-section\u00a0\u00bb][vc_row][vc_column][vc_column_text][\/vc_column_text][\/vc_column][\/vc_row][\/vc_section][vc_section el_class=\u00a0\u00bbquote-section\u00a0\u00bb css=\u00a0\u00bb.vc_custom_1531418837203{margin-bottom: 20px !important;}\u00a0\u00bb][vc_row][vc_column][vc_column_text el_class=\u00a0\u00bbquote-section-title\u00a0\u00bb] Nos Ateliers-Boutiques [\/vc_column_text][vc_column_text el_class=\u00a0\u00bbquote-section-content\u00a0\u00bb] Plus que de simples boutiques, dans les concepts d\u2019ateliers-boutiques de Paris, Tokyo, Londres et New York, travaillent des artisans qualifi\u00e9s, form\u00e9s au savoir-faire traditionnel fran\u00e7ais. [\/vc_column_text][\/vc_column][\/vc_row][\/vc_section][vc_row css=\u00a0\u00bb.vc_custom_1531418802933{margin-top: 0px !important;margin-bottom: 50px !important;}\u00a0\u00bb][vc_column][\/vc_column][\/vc_row][vc_section el_class=\u00a0\u00bbleft-image-col-section\u00a0\u00bb][vc_row content_placement=\u00a0\u00bbmiddle\u00a0\u00bb][vc_column width=\u00a0\u00bb1\/2&Prime;][vc_single_image image=\u00a0\u00bb17580&Prime; img_size=\u00a0\u00bblarge\u00a0\u00bb alignment=\u00a0\u00bbcenter\u00a0\u00bb][\/vc_column][vc_column width=\u00a0\u00bb1\/2&Prime; el_class=\u00a0\u00bbspecial-title-container\u00a0\u00bb][vc_column_text [&hellip;]<\/p>\n","protected":false},"author":1,"featured_media":0,"parent":0,"menu_order":0,"comment_status":"closed","ping_status":"closed","template":"","meta":{"_acf_changed":false,"_relevanssi_hide_post":"","_relevanssi_hide_content":"","_relevanssi_pin_for_all":"","_relevanssi_pin_keywords":"","_relevanssi_unpin_keywords":"","_relevanssi_related_keywords":"","_relevanssi_related_include_ids":"","_relevanssi_related_exclude_ids":"","_relevanssi_related_no_append":"","_relevanssi_related_not_related":"","_relevanssi_related_posts":"","_relevanssi_noindex_reason":"","footnotes":""},"page_cat":[],"class_list":["post-267","page","type-page","status-publish","hentry"],"acf":[],"yoast_head":"<!-- This site is optimized with the Yoast SEO plugin v27.5 - https:\/\/yoast.com\/product\/yoast-seo-wordpress\/ -->\n<title>Ateliers-Boutiques - Maison Jean Rousseau<\/title>\n<meta name=\"robots\" content=\"index, follow, max-snippet:-1, max-image-preview:large, max-video-preview:-1\" \/>\n<link rel=\"canonical\" href=\"https:\/\/www.jean-rousseau.com\/fr\/ateliers-boutiques\/\" \/>\n<meta property=\"og:locale\" content=\"fr_FR\" \/>\n<meta property=\"og:type\" content=\"article\" \/>\n<meta property=\"og:title\" content=\"Ateliers-Boutiques - Maison Jean Rousseau\" \/>\n<meta property=\"og:description\" content=\"[vc_section full_width=\u00a0\u00bbstretch_row_content\u00a0\u00bb el_class=\u00a0\u00bbimage-banner-section\u00a0\u00bb css=\u00a0\u00bb.vc_custom_1664814259489{background-image: url(https:\/\/www.jean-rousseau.com\/wp-content\/uploads\/2022\/10\/JeanRousseau_AJR_NYC_54thstreet_MA_346030-2.jpg?id=147194) !important;}\u00a0\u00bb][\/vc_section][vc_section el_id=\u00a0\u00bbbreadcrumbs-section\u00a0\u00bb][vc_row][vc_column][vc_column_text][\/vc_column_text][\/vc_column][\/vc_row][\/vc_section][vc_section el_class=\u00a0\u00bbquote-section\u00a0\u00bb css=\u00a0\u00bb.vc_custom_1531418837203{margin-bottom: 20px !important;}\u00a0\u00bb][vc_row][vc_column][vc_column_text el_class=\u00a0\u00bbquote-section-title\u00a0\u00bb] Nos Ateliers-Boutiques [\/vc_column_text][vc_column_text el_class=\u00a0\u00bbquote-section-content\u00a0\u00bb] Plus que de simples boutiques, dans les concepts d\u2019ateliers-boutiques de Paris, Tokyo, Londres et New York, travaillent des artisans qualifi\u00e9s, form\u00e9s au savoir-faire traditionnel fran\u00e7ais. [\/vc_column_text][\/vc_column][\/vc_row][\/vc_section][vc_row css=\u00a0\u00bb.vc_custom_1531418802933{margin-top: 0px !important;margin-bottom: 50px !important;}\u00a0\u00bb][vc_column][\/vc_column][\/vc_row][vc_section el_class=\u00a0\u00bbleft-image-col-section\u00a0\u00bb][vc_row content_placement=\u00a0\u00bbmiddle\u00a0\u00bb][vc_column width=\u00a0\u00bb1\/2&Prime;][vc_single_image image=\u00a0\u00bb17580&Prime; img_size=\u00a0\u00bblarge\u00a0\u00bb alignment=\u00a0\u00bbcenter\u00a0\u00bb][\/vc_column][vc_column width=\u00a0\u00bb1\/2&Prime; el_class=\u00a0\u00bbspecial-title-container\u00a0\u00bb][vc_column_text [&hellip;]\" \/>\n<meta property=\"og:url\" content=\"https:\/\/www.jean-rousseau.com\/fr\/ateliers-boutiques\/\" \/>\n<meta property=\"og:site_name\" content=\"Maison Jean Rousseau\" \/>\n<meta property=\"article:publisher\" content=\"https:\/\/www.facebook.com\/JeanrousseauParis\/\" \/>\n<meta property=\"article:modified_time\" content=\"2023-05-17T11:39:45+00:00\" \/>\n<meta property=\"og:image\" content=\"https:\/\/www.jean-rousseau.com\/wp-content\/uploads\/2024\/02\/logo-JR.jpg\" \/>\n\t<meta property=\"og:image:width\" content=\"696\" \/>\n\t<meta property=\"og:image:height\" content=\"696\" \/>\n\t<meta property=\"og:image:type\" content=\"image\/jpeg\" \/>\n<meta name=\"twitter:card\" content=\"summary_large_image\" \/>\n<meta name=\"twitter:site\" content=\"@jeanrousseaufr\" \/>\n<meta name=\"twitter:label1\" content=\"Dur\u00e9e de lecture estim\u00e9e\" \/>\n\t<meta name=\"twitter:data1\" content=\"2 minutes\" \/>\n<script type=\"application\/ld+json\" class=\"yoast-schema-graph\">{\"@context\":\"https:\\\/\\\/schema.org\",\"@graph\":[{\"@type\":\"WebPage\",\"@id\":\"https:\\\/\\\/www.jean-rousseau.com\\\/fr\\\/ateliers-boutiques\\\/\",\"url\":\"https:\\\/\\\/www.jean-rousseau.com\\\/fr\\\/ateliers-boutiques\\\/\",\"name\":\"Ateliers-Boutiques - Maison Jean Rousseau\",\"isPartOf\":{\"@id\":\"https:\\\/\\\/www.jean-rousseau.com\\\/#website\"},\"datePublished\":\"2018-03-28T15:03:34+00:00\",\"dateModified\":\"2023-05-17T11:39:45+00:00\",\"breadcrumb\":{\"@id\":\"https:\\\/\\\/www.jean-rousseau.com\\\/fr\\\/ateliers-boutiques\\\/#breadcrumb\"},\"inLanguage\":\"fr-FR\",\"potentialAction\":[{\"@type\":\"ReadAction\",\"target\":[\"https:\\\/\\\/www.jean-rousseau.com\\\/fr\\\/ateliers-boutiques\\\/\"]}]},{\"@type\":\"BreadcrumbList\",\"@id\":\"https:\\\/\\\/www.jean-rousseau.com\\\/fr\\\/ateliers-boutiques\\\/#breadcrumb\",\"itemListElement\":[{\"@type\":\"ListItem\",\"position\":1,\"name\":\"Accueil\",\"item\":\"https:\\\/\\\/www.jean-rousseau.com\\\/fr\\\/\"},{\"@type\":\"ListItem\",\"position\":2,\"name\":\"Ateliers-Boutiques\"}]},{\"@type\":\"WebSite\",\"@id\":\"https:\\\/\\\/www.jean-rousseau.com\\\/#website\",\"url\":\"https:\\\/\\\/www.jean-rousseau.com\\\/\",\"name\":\"Maison Jean Rousseau\",\"description\":\"Sp\u00e9cialiste en bracelets de montre et maroquinerie sur-mesure made in France, artisan d\u2019excellence depuis 1954.\",\"publisher\":{\"@id\":\"https:\\\/\\\/www.jean-rousseau.com\\\/#organization\"},\"potentialAction\":[{\"@type\":\"SearchAction\",\"target\":{\"@type\":\"EntryPoint\",\"urlTemplate\":\"https:\\\/\\\/www.jean-rousseau.com\\\/?s={search_term_string}\"},\"query-input\":{\"@type\":\"PropertyValueSpecification\",\"valueRequired\":true,\"valueName\":\"search_term_string\"}}],\"inLanguage\":\"fr-FR\"},{\"@type\":\"Organization\",\"@id\":\"https:\\\/\\\/www.jean-rousseau.com\\\/#organization\",\"name\":\"Maison Jean Rousseau\",\"url\":\"https:\\\/\\\/www.jean-rousseau.com\\\/\",\"logo\":{\"@type\":\"ImageObject\",\"inLanguage\":\"fr-FR\",\"@id\":\"https:\\\/\\\/www.jean-rousseau.com\\\/#\\\/schema\\\/logo\\\/image\\\/\",\"url\":\"https:\\\/\\\/www.jean-rousseau.com\\\/wp-content\\\/uploads\\\/2024\\\/02\\\/logo-JR.jpg\",\"contentUrl\":\"https:\\\/\\\/www.jean-rousseau.com\\\/wp-content\\\/uploads\\\/2024\\\/02\\\/logo-JR.jpg\",\"width\":696,\"height\":696,\"caption\":\"Maison Jean Rousseau\"},\"image\":{\"@id\":\"https:\\\/\\\/www.jean-rousseau.com\\\/#\\\/schema\\\/logo\\\/image\\\/\"},\"sameAs\":[\"https:\\\/\\\/www.facebook.com\\\/JeanrousseauParis\\\/\",\"https:\\\/\\\/x.com\\\/jeanrousseaufr\",\"https:\\\/\\\/www.instagram.com\\\/jeanrousseauparis\\\/\",\"https:\\\/\\\/www.linkedin.com\\\/company\\\/maison-jean-rousseau\\\/\",\"https:\\\/\\\/www.pinterest.fr\\\/jeanrousseauparis\\\/\",\"https:\\\/\\\/www.youtube.com\\\/@MaisonJeanRousseau\",\"https:\\\/\\\/www.tiktok.com\\\/@jeanrousseauparis\",\"https:\\\/\\\/www.weibo.com\\\/p\\\/1006066811228508\\\/home?from=page_100606&mod=TAB&is_hot=1\"]}]}<\/script>\n<!-- \/ Yoast SEO plugin. -->","yoast_head_json":{"title":"Ateliers-Boutiques - Maison Jean Rousseau","robots":{"index":"index","follow":"follow","max-snippet":"max-snippet:-1","max-image-preview":"max-image-preview:large","max-video-preview":"max-video-preview:-1"},"canonical":"https:\/\/www.jean-rousseau.com\/fr\/ateliers-boutiques\/","og_locale":"fr_FR","og_type":"article","og_title":"Ateliers-Boutiques - Maison Jean Rousseau","og_description":"[vc_section full_width=\u00a0\u00bbstretch_row_content\u00a0\u00bb el_class=\u00a0\u00bbimage-banner-section\u00a0\u00bb css=\u00a0\u00bb.vc_custom_1664814259489{background-image: url(https:\/\/www.jean-rousseau.com\/wp-content\/uploads\/2022\/10\/JeanRousseau_AJR_NYC_54thstreet_MA_346030-2.jpg?id=147194) !important;}\u00a0\u00bb][\/vc_section][vc_section el_id=\u00a0\u00bbbreadcrumbs-section\u00a0\u00bb][vc_row][vc_column][vc_column_text][\/vc_column_text][\/vc_column][\/vc_row][\/vc_section][vc_section el_class=\u00a0\u00bbquote-section\u00a0\u00bb css=\u00a0\u00bb.vc_custom_1531418837203{margin-bottom: 20px !important;}\u00a0\u00bb][vc_row][vc_column][vc_column_text el_class=\u00a0\u00bbquote-section-title\u00a0\u00bb] Nos Ateliers-Boutiques [\/vc_column_text][vc_column_text el_class=\u00a0\u00bbquote-section-content\u00a0\u00bb] Plus que de simples boutiques, dans les concepts d\u2019ateliers-boutiques de Paris, Tokyo, Londres et New York, travaillent des artisans qualifi\u00e9s, form\u00e9s au savoir-faire traditionnel fran\u00e7ais. [\/vc_column_text][\/vc_column][\/vc_row][\/vc_section][vc_row css=\u00a0\u00bb.vc_custom_1531418802933{margin-top: 0px !important;margin-bottom: 50px !important;}\u00a0\u00bb][vc_column][\/vc_column][\/vc_row][vc_section el_class=\u00a0\u00bbleft-image-col-section\u00a0\u00bb][vc_row content_placement=\u00a0\u00bbmiddle\u00a0\u00bb][vc_column width=\u00a0\u00bb1\/2&Prime;][vc_single_image image=\u00a0\u00bb17580&Prime; img_size=\u00a0\u00bblarge\u00a0\u00bb alignment=\u00a0\u00bbcenter\u00a0\u00bb][\/vc_column][vc_column width=\u00a0\u00bb1\/2&Prime; el_class=\u00a0\u00bbspecial-title-container\u00a0\u00bb][vc_column_text [&hellip;]","og_url":"https:\/\/www.jean-rousseau.com\/fr\/ateliers-boutiques\/","og_site_name":"Maison Jean Rousseau","article_publisher":"https:\/\/www.facebook.com\/JeanrousseauParis\/","article_modified_time":"2023-05-17T11:39:45+00:00","og_image":[{"width":696,"height":696,"url":"https:\/\/www.jean-rousseau.com\/wp-content\/uploads\/2024\/02\/logo-JR.jpg","type":"image\/jpeg"}],"twitter_card":"summary_large_image","twitter_site":"@jeanrousseaufr","twitter_misc":{"Dur\u00e9e de lecture estim\u00e9e":"2 minutes"},"schema":{"@context":"https:\/\/schema.org","@graph":[{"@type":"WebPage","@id":"https:\/\/www.jean-rousseau.com\/fr\/ateliers-boutiques\/","url":"https:\/\/www.jean-rousseau.com\/fr\/ateliers-boutiques\/","name":"Ateliers-Boutiques - Maison Jean Rousseau","isPartOf":{"@id":"https:\/\/www.jean-rousseau.com\/#website"},"datePublished":"2018-03-28T15:03:34+00:00","dateModified":"2023-05-17T11:39:45+00:00","breadcrumb":{"@id":"https:\/\/www.jean-rousseau.com\/fr\/ateliers-boutiques\/#breadcrumb"},"inLanguage":"fr-FR","potentialAction":[{"@type":"ReadAction","target":["https:\/\/www.jean-rousseau.com\/fr\/ateliers-boutiques\/"]}]},{"@type":"BreadcrumbList","@id":"https:\/\/www.jean-rousseau.com\/fr\/ateliers-boutiques\/#breadcrumb","itemListElement":[{"@type":"ListItem","position":1,"name":"Accueil","item":"https:\/\/www.jean-rousseau.com\/fr\/"},{"@type":"ListItem","position":2,"name":"Ateliers-Boutiques"}]},{"@type":"WebSite","@id":"https:\/\/www.jean-rousseau.com\/#website","url":"https:\/\/www.jean-rousseau.com\/","name":"Maison Jean Rousseau","description":"Sp\u00e9cialiste en bracelets de montre et maroquinerie sur-mesure made in France, artisan d\u2019excellence depuis 1954.","publisher":{"@id":"https:\/\/www.jean-rousseau.com\/#organization"},"potentialAction":[{"@type":"SearchAction","target":{"@type":"EntryPoint","urlTemplate":"https:\/\/www.jean-rousseau.com\/?s={search_term_string}"},"query-input":{"@type":"PropertyValueSpecification","valueRequired":true,"valueName":"search_term_string"}}],"inLanguage":"fr-FR"},{"@type":"Organization","@id":"https:\/\/www.jean-rousseau.com\/#organization","name":"Maison Jean Rousseau","url":"https:\/\/www.jean-rousseau.com\/","logo":{"@type":"ImageObject","inLanguage":"fr-FR","@id":"https:\/\/www.jean-rousseau.com\/#\/schema\/logo\/image\/","url":"https:\/\/www.jean-rousseau.com\/wp-content\/uploads\/2024\/02\/logo-JR.jpg","contentUrl":"https:\/\/www.jean-rousseau.com\/wp-content\/uploads\/2024\/02\/logo-JR.jpg","width":696,"height":696,"caption":"Maison Jean Rousseau"},"image":{"@id":"https:\/\/www.jean-rousseau.com\/#\/schema\/logo\/image\/"},"sameAs":["https:\/\/www.facebook.com\/JeanrousseauParis\/","https:\/\/x.com\/jeanrousseaufr","https:\/\/www.instagram.com\/jeanrousseauparis\/","https:\/\/www.linkedin.com\/company\/maison-jean-rousseau\/","https:\/\/www.pinterest.fr\/jeanrousseauparis\/","https:\/\/www.youtube.com\/@MaisonJeanRousseau","https:\/\/www.tiktok.com\/@jeanrousseauparis","https:\/\/www.weibo.com\/p\/1006066811228508\/home?from=page_100606&mod=TAB&is_hot=1"]}]}},"_links":{"self":[{"href":"https:\/\/www.jean-rousseau.com\/fr\/wp-json\/wp\/v2\/pages\/267","targetHints":{"allow":["GET"]}}],"collection":[{"href":"https:\/\/www.jean-rousseau.com\/fr\/wp-json\/wp\/v2\/pages"}],"about":[{"href":"https:\/\/www.jean-rousseau.com\/fr\/wp-json\/wp\/v2\/types\/page"}],"author":[{"embeddable":true,"href":"https:\/\/www.jean-rousseau.com\/fr\/wp-json\/wp\/v2\/users\/1"}],"replies":[{"embeddable":true,"href":"https:\/\/www.jean-rousseau.com\/fr\/wp-json\/wp\/v2\/comments?post=267"}],"version-history":[{"count":0,"href":"https:\/\/www.jean-rousseau.com\/fr\/wp-json\/wp\/v2\/pages\/267\/revisions"}],"wp:attachment":[{"href":"https:\/\/www.jean-rousseau.com\/fr\/wp-json\/wp\/v2\/media?parent=267"}],"wp:term":[{"taxonomy":"page_cat","embeddable":true,"href":"https:\/\/www.jean-rousseau.com\/fr\/wp-json\/wp\/v2\/page_cat?post=267"}],"curies":[{"name":"wp","href":"https:\/\/api.w.org\/{rel}","templated":true}]}}