{"id":328303,"date":"2025-09-15T13:42:49","date_gmt":"2025-09-15T11:42:49","guid":{"rendered":"https:\/\/www.jean-rousseau.com\/?page_id=328303"},"modified":"2025-09-15T13:55:55","modified_gmt":"2025-09-15T11:55:55","slug":"ming-x-jean-rousseau","status":"publish","type":"page","link":"https:\/\/www.jean-rousseau.com\/fr\/ming-x-jean-rousseau\/","title":{"rendered":"Ming x Jean Rousseau"},"content":{"rendered":"<div class=\"wpb-content-wrapper\"><p>[vc_section full_width=\u00a0\u00bbstretch_row_content\u00a0\u00bb el_class=\u00a0\u00bbimage-banner-section\u00a0\u00bb css=\u00a0\u00bb.vc_custom_1757935598004{background-image: url(https:\/\/www.jean-rousseau.com\/wp-content\/uploads\/2025\/09\/2136&#215;550.png?id=328328) !important;}\u00a0\u00bb][\/vc_section][vc_section el_id=\u00a0\u00bbbreadcrumbs-section\u00a0\u00bb][vc_row][vc_column][vc_column_text]<nav class=\"woocommerce-breadcrumb\" aria-label=\"Breadcrumb\">Accueil<\/nav>[\/vc_column_text][\/vc_column][\/vc_row][\/vc_section][vc_section el_class=\u00a0\u00bbquote-section\u00a0\u00bb][vc_row][vc_column][vc_column_text css=\u00a0\u00bb\u00a0\u00bb el_class=\u00a0\u00bbquote-section-title\u00a0\u00bb]<\/p>\n<p style=\"text-align: center;\">Le sur-mesure, au poignet<\/p>\n<p>[\/vc_column_text][vc_column_text css=\u00a0\u00bb\u00a0\u00bb el_class=\u00a0\u00bbquote-section-content\u00a0\u00bb]<\/p>\n<p class=\"ewa-rteLine\" style=\"text-align: center;\">MING est une maison horlog\u00e8re ind\u00e9pendante anim\u00e9e par la volont\u00e9 de raviver l\u2019enthousiasme et l\u2019esprit de d\u00e9couverte chez les amateurs de belles montres.<br \/>\nLa marque se caract\u00e9rise par un design \u00e9pur\u00e9, des d\u00e9tails soign\u00e9s et une approche cr\u00e9ative de la lumi\u00e8re, des formes et des couleurs.<\/p>\n<p>[\/vc_column_text][\/vc_column][\/vc_row][\/vc_section][vc_section el_class=\u00a0\u00bbleft-image-col-section\u00a0\u00bb][vc_row content_placement=\u00a0\u00bbmiddle\u00a0\u00bb][vc_column width=\u00a0\u00bb1\/2&Prime;][vc_single_image image=\u00a0\u00bb328319&Prime; img_size=\u00a0\u00bb540&#215;540&Prime; alignment=\u00a0\u00bbcenter\u00a0\u00bb css=\u00a0\u00bb\u00a0\u00bb][\/vc_column][vc_column width=\u00a0\u00bb1\/2&Prime; el_class=\u00a0\u00bbspecial-title-container\u00a0\u00bb][vc_column_text css=\u00a0\u00bb\u00a0\u00bb el_class=\u00a0\u00bbleft-image-col-text-special-title-section special-title\u00a0\u00bb]Exp\u00e9rience Bracelet[\/vc_column_text][vc_column_text css=\u00a0\u00bb\u00a0\u00bb el_class=\u00a0\u00bbleft-image-col-text-content-section\u00a0\u00bb]<\/p>\n<h3>CR\u00c9EZ VOTRE BRACELET POUR MING<\/h3>\n<p><strong>Personnalisez, visualisez, commandez.<\/strong><\/p>\n<p>Personnalisez votre bracelet avec un large choix de mati\u00e8res, ainsi qu\u2019une palette \u00e9tendue de couleurs et de finitions, sp\u00e9cialement con\u00e7ues pour s\u2019harmoniser avec votre montre MING. Un outil intuitif et fluide vous guide pas \u00e0 pas dans la cr\u00e9ation d\u2019un bracelet 100% sur mesure.[\/vc_column_text][vc_empty_space height=\u00a0\u00bb20px\u00a0\u00bb][vc_btn title=\u00a0\u00bbVOIR\u00a0\u00bb color=\u00a0\u00bbjr-white\u00a0\u00bb css=\u00a0\u00bb.vc_custom_1757936803581{background-color: #2e529c !important;}\u00a0\u00bb link=\u00a0\u00bburl:https%3A%2F%2Fjeanrousseauparis.typeform.com%2Fto%2FdgOi2rMx|title:MING%20x%20Jean%20Rousseau%20Strap%20Experience|target:_blank\u00a0\u00bb][\/vc_column][\/vc_row][vc_row][vc_column][vc_empty_space height=\u00a0\u00bb100px\u00a0\u00bb][\/vc_column][\/vc_row][\/vc_section]<\/p>\n<\/div>","protected":false},"excerpt":{"rendered":"<p>[vc_section full_width=\u00a0\u00bbstretch_row_content\u00a0\u00bb el_class=\u00a0\u00bbimage-banner-section\u00a0\u00bb css=\u00a0\u00bb.vc_custom_1757935598004{background-image: url(https:\/\/www.jean-rousseau.com\/wp-content\/uploads\/2025\/09\/2136&#215;550.png?id=328328) !important;}\u00a0\u00bb][\/vc_section][vc_section el_id=\u00a0\u00bbbreadcrumbs-section\u00a0\u00bb][vc_row][vc_column][vc_column_text][\/vc_column_text][\/vc_column][\/vc_row][\/vc_section][vc_section el_class=\u00a0\u00bbquote-section\u00a0\u00bb][vc_row][vc_column][vc_column_text css=\u00a0\u00bb\u00a0\u00bb el_class=\u00a0\u00bbquote-section-title\u00a0\u00bb] Le sur-mesure, au poignet [\/vc_column_text][vc_column_text css=\u00a0\u00bb\u00a0\u00bb el_class=\u00a0\u00bbquote-section-content\u00a0\u00bb] MING est une maison horlog\u00e8re ind\u00e9pendante anim\u00e9e par la volont\u00e9 de raviver l\u2019enthousiasme et l\u2019esprit de d\u00e9couverte chez les amateurs de belles montres. La marque se caract\u00e9rise par un design \u00e9pur\u00e9, des d\u00e9tails soign\u00e9s et une approche cr\u00e9ative [&hellip;]<\/p>\n","protected":false},"author":1795,"featured_media":0,"parent":0,"menu_order":0,"comment_status":"closed","ping_status":"closed","template":"","meta":{"_acf_changed":false,"_relevanssi_hide_post":"","_relevanssi_hide_content":"","_relevanssi_pin_for_all":"","_relevanssi_pin_keywords":"","_relevanssi_unpin_keywords":"","_relevanssi_related_keywords":"","_relevanssi_related_include_ids":"","_relevanssi_related_exclude_ids":"","_relevanssi_related_no_append":"","_relevanssi_related_not_related":"","_relevanssi_related_posts":"","_relevanssi_noindex_reason":"","footnotes":""},"page_cat":[],"class_list":["post-328303","page","type-page","status-publish","hentry"],"acf":[],"yoast_head":"<!-- This site is optimized with the Yoast SEO plugin v26.3 - https:\/\/yoast.com\/wordpress\/plugins\/seo\/ -->\n<title>Ming x Jean Rousseau - Maison Jean Rousseau<\/title>\n<meta name=\"description\" content=\"MING est une maison horlog\u00e8re ind\u00e9pendante anim\u00e9e par la volont\u00e9 de raviver l\u2019enthousiasme et l\u2019esprit de d\u00e9couverte chez les amateurs de belles montres.La marque se caract\u00e9rise par un design \u00e9pur\u00e9, des d\u00e9tails soign\u00e9s et une approche cr\u00e9ative de la lumi\u00e8re, des formes et des couleurs.\" \/>\n<meta name=\"robots\" content=\"index, follow, max-snippet:-1, max-image-preview:large, max-video-preview:-1\" \/>\n<link rel=\"canonical\" href=\"https:\/\/www.jean-rousseau.com\/fr\/ming-x-jean-rousseau\/\" \/>\n<meta property=\"og:locale\" content=\"fr_FR\" \/>\n<meta property=\"og:type\" content=\"article\" \/>\n<meta property=\"og:title\" content=\"Ming x Jean Rousseau - Maison Jean Rousseau\" \/>\n<meta property=\"og:description\" content=\"MING est une maison horlog\u00e8re ind\u00e9pendante anim\u00e9e par la volont\u00e9 de raviver l\u2019enthousiasme et l\u2019esprit de d\u00e9couverte chez les amateurs de belles montres.La marque se caract\u00e9rise par un design \u00e9pur\u00e9, des d\u00e9tails soign\u00e9s et une approche cr\u00e9ative de la lumi\u00e8re, des formes et des couleurs.\" \/>\n<meta property=\"og:url\" content=\"https:\/\/www.jean-rousseau.com\/fr\/ming-x-jean-rousseau\/\" \/>\n<meta property=\"og:site_name\" content=\"Maison Jean Rousseau\" \/>\n<meta property=\"article:publisher\" content=\"https:\/\/www.facebook.com\/JeanrousseauParis\/\" \/>\n<meta property=\"article:modified_time\" content=\"2025-09-15T11:55:55+00:00\" \/>\n<meta property=\"og:image\" content=\"https:\/\/www.jean-rousseau.com\/wp-content\/uploads\/2024\/02\/logo-JR.jpg\" \/>\n\t<meta property=\"og:image:width\" content=\"696\" \/>\n\t<meta property=\"og:image:height\" content=\"696\" \/>\n\t<meta property=\"og:image:type\" content=\"image\/jpeg\" \/>\n<meta name=\"twitter:card\" content=\"summary_large_image\" \/>\n<meta name=\"twitter:site\" content=\"@jeanrousseaufr\" \/>\n<meta name=\"twitter:label1\" content=\"Dur\u00e9e de lecture estim\u00e9e\" \/>\n\t<meta name=\"twitter:data1\" content=\"1 minute\" \/>\n<script type=\"application\/ld+json\" class=\"yoast-schema-graph\">{\"@context\":\"https:\/\/schema.org\",\"@graph\":[{\"@type\":\"WebPage\",\"@id\":\"https:\/\/www.jean-rousseau.com\/fr\/ming-x-jean-rousseau\/\",\"url\":\"https:\/\/www.jean-rousseau.com\/fr\/ming-x-jean-rousseau\/\",\"name\":\"Ming x Jean Rousseau - Maison Jean Rousseau\",\"isPartOf\":{\"@id\":\"https:\/\/www.jean-rousseau.com\/#website\"},\"datePublished\":\"2025-09-15T11:42:49+00:00\",\"dateModified\":\"2025-09-15T11:55:55+00:00\",\"description\":\"MING est une maison horlog\u00e8re ind\u00e9pendante anim\u00e9e par la volont\u00e9 de raviver l\u2019enthousiasme et l\u2019esprit de d\u00e9couverte chez les amateurs de belles montres.La marque se caract\u00e9rise par un design \u00e9pur\u00e9, des d\u00e9tails soign\u00e9s et une approche cr\u00e9ative de la lumi\u00e8re, des formes et des couleurs.\",\"breadcrumb\":{\"@id\":\"https:\/\/www.jean-rousseau.com\/fr\/ming-x-jean-rousseau\/#breadcrumb\"},\"inLanguage\":\"fr-FR\",\"potentialAction\":[{\"@type\":\"ReadAction\",\"target\":[\"https:\/\/www.jean-rousseau.com\/fr\/ming-x-jean-rousseau\/\"]}]},{\"@type\":\"BreadcrumbList\",\"@id\":\"https:\/\/www.jean-rousseau.com\/fr\/ming-x-jean-rousseau\/#breadcrumb\",\"itemListElement\":[{\"@type\":\"ListItem\",\"position\":1,\"name\":\"Accueil\",\"item\":\"https:\/\/www.jean-rousseau.com\/fr\/\"},{\"@type\":\"ListItem\",\"position\":2,\"name\":\"Ming x Jean Rousseau\"}]},{\"@type\":\"WebSite\",\"@id\":\"https:\/\/www.jean-rousseau.com\/#website\",\"url\":\"https:\/\/www.jean-rousseau.com\/\",\"name\":\"Maison Jean Rousseau\",\"description\":\"Sp\u00e9cialiste en bracelets de montre et maroquinerie sur-mesure made in France, artisan d\u2019excellence depuis 1954.\",\"publisher\":{\"@id\":\"https:\/\/www.jean-rousseau.com\/#organization\"},\"potentialAction\":[{\"@type\":\"SearchAction\",\"target\":{\"@type\":\"EntryPoint\",\"urlTemplate\":\"https:\/\/www.jean-rousseau.com\/?s={search_term_string}\"},\"query-input\":{\"@type\":\"PropertyValueSpecification\",\"valueRequired\":true,\"valueName\":\"search_term_string\"}}],\"inLanguage\":\"fr-FR\"},{\"@type\":\"Organization\",\"@id\":\"https:\/\/www.jean-rousseau.com\/#organization\",\"name\":\"Maison Jean Rousseau\",\"url\":\"https:\/\/www.jean-rousseau.com\/\",\"logo\":{\"@type\":\"ImageObject\",\"inLanguage\":\"fr-FR\",\"@id\":\"https:\/\/www.jean-rousseau.com\/#\/schema\/logo\/image\/\",\"url\":\"https:\/\/www.jean-rousseau.com\/wp-content\/uploads\/2024\/02\/logo-JR.jpg\",\"contentUrl\":\"https:\/\/www.jean-rousseau.com\/wp-content\/uploads\/2024\/02\/logo-JR.jpg\",\"width\":696,\"height\":696,\"caption\":\"Maison Jean Rousseau\"},\"image\":{\"@id\":\"https:\/\/www.jean-rousseau.com\/#\/schema\/logo\/image\/\"},\"sameAs\":[\"https:\/\/www.facebook.com\/JeanrousseauParis\/\",\"https:\/\/x.com\/jeanrousseaufr\",\"https:\/\/www.instagram.com\/jeanrousseauparis\/\",\"https:\/\/www.linkedin.com\/company\/maison-jean-rousseau\/\",\"https:\/\/www.pinterest.fr\/jeanrousseauparis\/\",\"https:\/\/www.youtube.com\/@MaisonJeanRousseau\",\"https:\/\/www.tiktok.com\/@jeanrousseauparis\",\"https:\/\/www.weibo.com\/p\/1006066811228508\/home?from=page_100606&mod=TAB&is_hot=1\"]}]}<\/script>\n<!-- \/ Yoast SEO plugin. -->","yoast_head_json":{"title":"Ming x Jean Rousseau - Maison Jean Rousseau","description":"MING est une maison horlog\u00e8re ind\u00e9pendante anim\u00e9e par la volont\u00e9 de raviver l\u2019enthousiasme et l\u2019esprit de d\u00e9couverte chez les amateurs de belles montres.La marque se caract\u00e9rise par un design \u00e9pur\u00e9, des d\u00e9tails soign\u00e9s et une approche cr\u00e9ative de la lumi\u00e8re, des formes et des couleurs.","robots":{"index":"index","follow":"follow","max-snippet":"max-snippet:-1","max-image-preview":"max-image-preview:large","max-video-preview":"max-video-preview:-1"},"canonical":"https:\/\/www.jean-rousseau.com\/fr\/ming-x-jean-rousseau\/","og_locale":"fr_FR","og_type":"article","og_title":"Ming x Jean Rousseau - Maison Jean Rousseau","og_description":"MING est une maison horlog\u00e8re ind\u00e9pendante anim\u00e9e par la volont\u00e9 de raviver l\u2019enthousiasme et l\u2019esprit de d\u00e9couverte chez les amateurs de belles montres.La marque se caract\u00e9rise par un design \u00e9pur\u00e9, des d\u00e9tails soign\u00e9s et une approche cr\u00e9ative de la lumi\u00e8re, des formes et des couleurs.","og_url":"https:\/\/www.jean-rousseau.com\/fr\/ming-x-jean-rousseau\/","og_site_name":"Maison Jean Rousseau","article_publisher":"https:\/\/www.facebook.com\/JeanrousseauParis\/","article_modified_time":"2025-09-15T11:55:55+00:00","og_image":[{"width":696,"height":696,"url":"https:\/\/www.jean-rousseau.com\/wp-content\/uploads\/2024\/02\/logo-JR.jpg","type":"image\/jpeg"}],"twitter_card":"summary_large_image","twitter_site":"@jeanrousseaufr","twitter_misc":{"Dur\u00e9e de lecture estim\u00e9e":"1 minute"},"schema":{"@context":"https:\/\/schema.org","@graph":[{"@type":"WebPage","@id":"https:\/\/www.jean-rousseau.com\/fr\/ming-x-jean-rousseau\/","url":"https:\/\/www.jean-rousseau.com\/fr\/ming-x-jean-rousseau\/","name":"Ming x Jean Rousseau - Maison Jean Rousseau","isPartOf":{"@id":"https:\/\/www.jean-rousseau.com\/#website"},"datePublished":"2025-09-15T11:42:49+00:00","dateModified":"2025-09-15T11:55:55+00:00","description":"MING est une maison horlog\u00e8re ind\u00e9pendante anim\u00e9e par la volont\u00e9 de raviver l\u2019enthousiasme et l\u2019esprit de d\u00e9couverte chez les amateurs de belles montres.La marque se caract\u00e9rise par un design \u00e9pur\u00e9, des d\u00e9tails soign\u00e9s et une approche cr\u00e9ative de la lumi\u00e8re, des formes et des couleurs.","breadcrumb":{"@id":"https:\/\/www.jean-rousseau.com\/fr\/ming-x-jean-rousseau\/#breadcrumb"},"inLanguage":"fr-FR","potentialAction":[{"@type":"ReadAction","target":["https:\/\/www.jean-rousseau.com\/fr\/ming-x-jean-rousseau\/"]}]},{"@type":"BreadcrumbList","@id":"https:\/\/www.jean-rousseau.com\/fr\/ming-x-jean-rousseau\/#breadcrumb","itemListElement":[{"@type":"ListItem","position":1,"name":"Accueil","item":"https:\/\/www.jean-rousseau.com\/fr\/"},{"@type":"ListItem","position":2,"name":"Ming x Jean Rousseau"}]},{"@type":"WebSite","@id":"https:\/\/www.jean-rousseau.com\/#website","url":"https:\/\/www.jean-rousseau.com\/","name":"Maison Jean Rousseau","description":"Sp\u00e9cialiste en bracelets de montre et maroquinerie sur-mesure made in France, artisan d\u2019excellence depuis 1954.","publisher":{"@id":"https:\/\/www.jean-rousseau.com\/#organization"},"potentialAction":[{"@type":"SearchAction","target":{"@type":"EntryPoint","urlTemplate":"https:\/\/www.jean-rousseau.com\/?s={search_term_string}"},"query-input":{"@type":"PropertyValueSpecification","valueRequired":true,"valueName":"search_term_string"}}],"inLanguage":"fr-FR"},{"@type":"Organization","@id":"https:\/\/www.jean-rousseau.com\/#organization","name":"Maison Jean Rousseau","url":"https:\/\/www.jean-rousseau.com\/","logo":{"@type":"ImageObject","inLanguage":"fr-FR","@id":"https:\/\/www.jean-rousseau.com\/#\/schema\/logo\/image\/","url":"https:\/\/www.jean-rousseau.com\/wp-content\/uploads\/2024\/02\/logo-JR.jpg","contentUrl":"https:\/\/www.jean-rousseau.com\/wp-content\/uploads\/2024\/02\/logo-JR.jpg","width":696,"height":696,"caption":"Maison Jean Rousseau"},"image":{"@id":"https:\/\/www.jean-rousseau.com\/#\/schema\/logo\/image\/"},"sameAs":["https:\/\/www.facebook.com\/JeanrousseauParis\/","https:\/\/x.com\/jeanrousseaufr","https:\/\/www.instagram.com\/jeanrousseauparis\/","https:\/\/www.linkedin.com\/company\/maison-jean-rousseau\/","https:\/\/www.pinterest.fr\/jeanrousseauparis\/","https:\/\/www.youtube.com\/@MaisonJeanRousseau","https:\/\/www.tiktok.com\/@jeanrousseauparis","https:\/\/www.weibo.com\/p\/1006066811228508\/home?from=page_100606&mod=TAB&is_hot=1"]}]}},"_links":{"self":[{"href":"https:\/\/www.jean-rousseau.com\/fr\/wp-json\/wp\/v2\/pages\/328303","targetHints":{"allow":["GET"]}}],"collection":[{"href":"https:\/\/www.jean-rousseau.com\/fr\/wp-json\/wp\/v2\/pages"}],"about":[{"href":"https:\/\/www.jean-rousseau.com\/fr\/wp-json\/wp\/v2\/types\/page"}],"author":[{"embeddable":true,"href":"https:\/\/www.jean-rousseau.com\/fr\/wp-json\/wp\/v2\/users\/1795"}],"replies":[{"embeddable":true,"href":"https:\/\/www.jean-rousseau.com\/fr\/wp-json\/wp\/v2\/comments?post=328303"}],"version-history":[{"count":0,"href":"https:\/\/www.jean-rousseau.com\/fr\/wp-json\/wp\/v2\/pages\/328303\/revisions"}],"wp:attachment":[{"href":"https:\/\/www.jean-rousseau.com\/fr\/wp-json\/wp\/v2\/media?parent=328303"}],"wp:term":[{"taxonomy":"page_cat","embeddable":true,"href":"https:\/\/www.jean-rousseau.com\/fr\/wp-json\/wp\/v2\/page_cat?post=328303"}],"curies":[{"name":"wp","href":"https:\/\/api.w.org\/{rel}","templated":true}]}}