{"id":340010,"date":"2025-11-17T10:05:10","date_gmt":"2025-11-17T09:05:10","guid":{"rendered":"https:\/\/www.jean-rousseau.com\/?page_id=340010"},"modified":"2025-11-17T10:09:17","modified_gmt":"2025-11-17T09:09:17","slug":"landing-page-himeji-kurozan-collection-2025","status":"publish","type":"page","link":"https:\/\/www.jean-rousseau.com\/fr\/landing-page-himeji-kurozan-collection-2025\/","title":{"rendered":"Landing page Himeji Kurozan collection 2025"},"content":{"rendered":"<div class=\"wpb-content-wrapper\"><p>[vc_section full_width=\u00a0\u00bbstretch_row\u00a0\u00bb full_height=\u00a0\u00bbyes\u00a0\u00bb css=\u00a0\u00bb.vc_custom_1763370382766{background-image: url(https:\/\/www.jean-rousseau.com\/wp-content\/uploads\/2025\/11\/Header-Himeji.jpg?id=346420) !important;background-position: center !important;background-repeat: no-repeat !important;background-size: cover !important;}\u00a0\u00bb el_id=\u00a0\u00bblp-header\u00a0\u00bb][vc_row full_width=\u00a0\u00bbstretch_row_content_no_spaces\u00a0\u00bb full_height=\u00a0\u00bbyes\u00a0\u00bb columns_placement=\u00a0\u00bbtop\u00a0\u00bb][vc_column width=\u00a0\u00bb1\/2&Prime; css=\u00a0\u00bb.vc_custom_1615194356688{background-color: rgba(0,0,0,0.5) !important;*background-color: rgb(0,0,0) !important;}\u00a0\u00bb][vc_column_text css=\u00a0\u00bb\u00a0\u00bb]<\/p>\n<h1>Black Diamond &#8211; l&rsquo;\u00e9clat rare venu du Japon<\/h1>\n<p>Fruit du savoir-faire ancestral de Himeji, le cuir Black Diamond associe tannage traditionnel et application manuelle de fines couches de laque, selon une m\u00e9thode japonaise d\u2019une rare pr\u00e9cision.<br \/>\nSous la lumi\u00e8re, sa surface profonde et brillante se pare de reflets d\u00e9licats, anim\u00e9s de minuscules \u00e9clats semblables \u00e0 des diamants, r\u00e9v\u00e9lant toute la beaut\u00e9 de cette mati\u00e8re d\u2019exception.[\/vc_column_text][vc_separator color=\u00a0\u00bbwhite\u00a0\u00bb][\/vc_column][vc_column width=\u00a0\u00bb1\/2&Prime;][\/vc_column][\/vc_row][\/vc_section][vc_section css_animation=\u00a0\u00bbnone\u00a0\u00bb el_class=\u00a0\u00bblp-products\u00a0\u00bb el_id=\u00a0\u00bbsection-1&Prime;][vc_row gap=\u00a0\u00bb30&Prime; equal_height=\u00a0\u00bbyes\u00a0\u00bb css_animation=\u00a0\u00bbnone\u00a0\u00bb][vc_column width=\u00a0\u00bb1\/2&Prime;]\n\t\t<div class=\"vc_lp_product \"  data-rel-pdt=\"339867,339904,339944,339977\">\n\t\t\n\t\t\t<div class=\"lp-product-img\" style=\"background-image:url(https:\/\/www.jean-rousseau.com\/wp-content\/uploads\/2025\/11\/Bloc-produit-Himeji-1.jpg)\"><\/div>\n\n\t\t\t<div class=\"lp-product-infos\">\n\n\t\t\t<div class=\"lp-product-inner\">\n\n\t\t\t<h2 class=\"lp-product-title\">Bracelet Classique 3.5<\/h2>\n\t\t\t<div class=\"lp-product-subtitle\">Veau grain\u00e9<br>Noir<\/div>\n\t\t\t<div class=\"lp-product-description\">[vc_row][vc_column][vc_column_text]Le bracelet de montre classique 3.5 de Jean Rousseau est l\u00e9g\u00e8rement bomb\u00e9, coup\u00e9 franc et cousu. D\u00e9clinable \u00e0 l&rsquo;infini, c&rsquo;est le roi du sur-mesure : il s&rsquo;adapte \u00e0 votre montre et \u00e0 toutes vos id\u00e9es.[\/vc_column_text][\/vc_column][\/vc_row]\n<\/div>\n\n\t\t\t<\/div>\n\n\t\t\t<div class=\"lp-product-footer\">\n\t\t\t<div class=\"lp-product-price\"><span class=\"wcpbc-price wcpbc-price-339611\" data-product-id=\"339611\"><span class=\"woocommerce-Price-amount amount\"><bdi>150<span class=\"woocommerce-Price-currencySymbol\">&euro;<\/span><\/bdi><\/span><span class=\"mjr-suffix\"> T.T.C.<\/span><\/span><\/div>\n\t\t\t<div class=\"lp-product-btn vc_post_button\"><a href=\"https:\/\/www.jean-rousseau.com\/fr\/boutique\/bracelet-de-montre-de-luxe-cuir-black-diamond-noir\/\" class=\"jr-bt black\">D\u00e9couvrir le produit<\/a><\/div>\n\t\t\t<div class=\"lp-product-more-btn\">Voir tous les mod\u00e8les<i class=\"fa fa-chevron-down\"><\/i><i class=\"fas fa-circle-notch fa-spin\"><\/i><\/div>\n\t\t\t<\/div>\n\n\t\t\t<\/div>\n\t\t<\/div>\n\t\t[\/vc_column][vc_column width=\u00a0\u00bb1\/2&Prime;]\n\t\t<div class=\"vc_lp_product \"  data-rel-pdt=\"339611,339904,339944,339977\">\n\t\t\n\t\t\t<div class=\"lp-product-img\" style=\"background-image:url(https:\/\/www.jean-rousseau.com\/wp-content\/uploads\/2025\/11\/Bloc-produit-Himeji-2.jpg)\"><\/div>\n\n\t\t\t<div class=\"lp-product-infos\">\n\n\t\t\t<div class=\"lp-product-inner\">\n\n\t\t\t<h2 class=\"lp-product-title\">Bracelet Classique 3.5<\/h2>\n\t\t\t<div class=\"lp-product-subtitle\">Veau grain\u00e9<br>Marron<\/div>\n\t\t\t<div class=\"lp-product-description\">[vc_row][vc_column][vc_column_text]Le bracelet de montre classique 3.5 de Jean Rousseau est l\u00e9g\u00e8rement bomb\u00e9, coup\u00e9 franc et cousu. D\u00e9clinable \u00e0 l&rsquo;infini, c&rsquo;est le roi du sur-mesure : il s&rsquo;adapte \u00e0 votre montre et \u00e0 toutes vos id\u00e9es.[\/vc_column_text][\/vc_column][\/vc_row]\n<\/div>\n\n\t\t\t<\/div>\n\n\t\t\t<div class=\"lp-product-footer\">\n\t\t\t<div class=\"lp-product-price\"><span class=\"wcpbc-price wcpbc-price-339867\" data-product-id=\"339867\"><span class=\"woocommerce-Price-amount amount\"><bdi>150<span class=\"woocommerce-Price-currencySymbol\">&euro;<\/span><\/bdi><\/span><span class=\"mjr-suffix\"> T.T.C.<\/span><\/span><\/div>\n\t\t\t<div class=\"lp-product-btn vc_post_button\"><a href=\"https:\/\/www.jean-rousseau.com\/fr\/boutique\/bracelet-de-montre-de-luxe-cuir-black-diamond-brun\/\" class=\"jr-bt black\">D\u00e9couvrir le produit<\/a><\/div>\n\t\t\t<div class=\"lp-product-more-btn\">Voir tous les mod\u00e8les<i class=\"fa fa-chevron-down\"><\/i><i class=\"fas fa-circle-notch fa-spin\"><\/i><\/div>\n\t\t\t<\/div>\n\n\t\t\t<\/div>\n\t\t<\/div>\n\t\t[\/vc_column][\/vc_row][vc_row gap=\u00a0\u00bb30&Prime; equal_height=\u00a0\u00bbyes\u00a0\u00bb css_animation=\u00a0\u00bbnone\u00a0\u00bb][vc_column width=\u00a0\u00bb1\/2&Prime;]\n\t\t<div class=\"vc_lp_product \"  data-rel-pdt=\"339611,339867,339904,339944\">\n\t\t\n\t\t\t<div class=\"lp-product-img\" style=\"background-image:url(https:\/\/www.jean-rousseau.com\/wp-content\/uploads\/2025\/11\/Bloc-produit-Himeji-3.jpg)\"><\/div>\n\n\t\t\t<div class=\"lp-product-infos\">\n\n\t\t\t<div class=\"lp-product-inner\">\n\n\t\t\t<h2 class=\"lp-product-title\">Bracelet Classique 3.5<\/h2>\n\t\t\t<div class=\"lp-product-subtitle\">Veau grain\u00e9<br>Bleu<\/div>\n\t\t\t<div class=\"lp-product-description\">[vc_row][vc_column][vc_column_text]Le bracelet de montre classique 3.5 de Jean Rousseau est l\u00e9g\u00e8rement bomb\u00e9, coup\u00e9 franc et cousu. D\u00e9clinable \u00e0 l&rsquo;infini, c&rsquo;est le roi du sur-mesure : il s&rsquo;adapte \u00e0 votre montre et \u00e0 toutes vos id\u00e9es.[\/vc_column_text][\/vc_column][\/vc_row]\n<\/div>\n\n\t\t\t<\/div>\n\n\t\t\t<div class=\"lp-product-footer\">\n\t\t\t<div class=\"lp-product-price\"><span class=\"wcpbc-price wcpbc-price-339977\" data-product-id=\"339977\"><span class=\"woocommerce-Price-amount amount\"><bdi>150<span class=\"woocommerce-Price-currencySymbol\">&euro;<\/span><\/bdi><\/span><span class=\"mjr-suffix\"> T.T.C.<\/span><\/span><\/div>\n\t\t\t<div class=\"lp-product-btn vc_post_button\"><a href=\"https:\/\/www.jean-rousseau.com\/fr\/boutique\/bracelet-de-montre-de-luxe-cuir-black-diamond-bleu\/\" class=\"jr-bt black\">D\u00e9couvrir le produit<\/a><\/div>\n\t\t\t<div class=\"lp-product-more-btn\">Voir tous les mod\u00e8les<i class=\"fa fa-chevron-down\"><\/i><i class=\"fas fa-circle-notch fa-spin\"><\/i><\/div>\n\t\t\t<\/div>\n\n\t\t\t<\/div>\n\t\t<\/div>\n\t\t[\/vc_column][vc_column width=\u00a0\u00bb1\/2&Prime;]\n\t\t<div class=\"vc_lp_product \"  data-rel-pdt=\"339611,339867,339944,339977\">\n\t\t\n\t\t\t<div class=\"lp-product-img\" style=\"background-image:url(https:\/\/www.jean-rousseau.com\/wp-content\/uploads\/2025\/11\/Bloc-produit-Himeji-4.jpg)\"><\/div>\n\n\t\t\t<div class=\"lp-product-infos\">\n\n\t\t\t<div class=\"lp-product-inner\">\n\n\t\t\t<h2 class=\"lp-product-title\">Bracelet Classique 3.5<\/h2>\n\t\t\t<div class=\"lp-product-subtitle\">Veau grain\u00e9<br>Violet<\/div>\n\t\t\t<div class=\"lp-product-description\">[vc_row][vc_column][vc_column_text]Le bracelet de montre classique 3.5 de Jean Rousseau est l\u00e9g\u00e8rement bomb\u00e9, coup\u00e9 franc et cousu. D\u00e9clinable \u00e0 l&rsquo;infini, c&rsquo;est le roi du sur-mesure : il s&rsquo;adapte \u00e0 votre montre et \u00e0 toutes vos id\u00e9es.[\/vc_column_text][\/vc_column][\/vc_row]\n<\/div>\n\n\t\t\t<\/div>\n\n\t\t\t<div class=\"lp-product-footer\">\n\t\t\t<div class=\"lp-product-price\"><span class=\"wcpbc-price wcpbc-price-339904\" data-product-id=\"339904\"><span class=\"woocommerce-Price-amount amount\"><bdi>150<span class=\"woocommerce-Price-currencySymbol\">&euro;<\/span><\/bdi><\/span><span class=\"mjr-suffix\"> T.T.C.<\/span><\/span><\/div>\n\t\t\t<div class=\"lp-product-btn vc_post_button\"><a href=\"https:\/\/www.jean-rousseau.com\/fr\/boutique\/bracelet-de-montre-de-luxe-cuir-black-diamond-violet\/\" class=\"jr-bt black\">D\u00e9couvrir le produit<\/a><\/div>\n\t\t\t<div class=\"lp-product-more-btn\">Voir tous les mod\u00e8les<i class=\"fa fa-chevron-down\"><\/i><i class=\"fas fa-circle-notch fa-spin\"><\/i><\/div>\n\t\t\t<\/div>\n\n\t\t\t<\/div>\n\t\t<\/div>\n\t\t[\/vc_column][\/vc_row][\/vc_section][vc_section el_class=\u00a0\u00bbimage-banner-text-section\u00a0\u00bb css=\u00a0\u00bb.vc_custom_1763370502677{background-image: url(https:\/\/www.jean-rousseau.com\/wp-content\/uploads\/2025\/11\/Footer-Himeji.jpg?id=346413) !important;background-position: center !important;background-repeat: no-repeat !important;background-size: cover !important;}\u00a0\u00bb][vc_row css=\u00a0\u00bb.vc_custom_1763370543858{background-color: rgba(0,0,0,0.5) !important;*background-color: rgb(0,0,0) !important;}\u00a0\u00bb][vc_column][vc_column_text css=\u00a0\u00bb\u00a0\u00bb el_class=\u00a0\u00bbimage-banner-text-special-title-section\u00a0\u00bb]<\/p>\n<p style=\"text-align: center;\"><span style=\"color: #ffffff;\">Le sur-mesure<\/span><\/p>\n<p>[\/vc_column_text][vc_column_text css=\u00a0\u00bb\u00a0\u00bb el_class=\u00a0\u00bbimage-banner-text-content-section\u00a0\u00bb]<\/p>\n<p style=\"text-align: center;\"><span style=\"color: #ffffff;\">Un article Jean Rousseau a attir\u00e9 votre attention,<\/span><br \/>\n<span style=\"color: #ffffff;\">mais vous pr\u00e9f\u00e9reriez choisir d\u2019autres mati\u00e8res, coloris, ou fils, ou encore apposer vos initiales ?<\/span><br \/>\n<span style=\"color: #ffffff;\">Faites-nous part de vos souhaits de personnalisation !<\/span><br \/>\n<span style=\"color: #ffffff;\">Nos artisans mettront en \u0153uvre toute leur expertise dans la r\u00e9alisation de la pi\u00e8ce de vos r\u00eaves.<\/span><\/p>\n<p>[\/vc_column_text]\n\t\t\t\t<div class=\"vc_post_button vc_post_button_center \">\n\t\t\t\t<a href=\"https:\/\/www.jean-rousseau.com\/fr\/le-sur-mesure-jean-rousseau\/\" class=\"jr-bt transparent\">Demande sur-mesure<\/a>\n\t\t\t\t<\/div>\n\t\t\t\t[vc_empty_space height=\u00a0\u00bb50px\u00a0\u00bb][\/vc_column][\/vc_row][\/vc_section]<\/p>\n<\/div>","protected":false},"excerpt":{"rendered":"<p>[vc_section full_width=\u00a0\u00bbstretch_row\u00a0\u00bb full_height=\u00a0\u00bbyes\u00a0\u00bb css=\u00a0\u00bb.vc_custom_1763370382766{background-image: url(https:\/\/www.jean-rousseau.com\/wp-content\/uploads\/2025\/11\/Header-Himeji.jpg?id=346420) !important;background-position: center !important;background-repeat: no-repeat !important;background-size: cover !important;}\u00a0\u00bb el_id=\u00a0\u00bblp-header\u00a0\u00bb][vc_row full_width=\u00a0\u00bbstretch_row_content_no_spaces\u00a0\u00bb full_height=\u00a0\u00bbyes\u00a0\u00bb columns_placement=\u00a0\u00bbtop\u00a0\u00bb][vc_column width=\u00a0\u00bb1\/2&Prime; css=\u00a0\u00bb.vc_custom_1615194356688{background-color: rgba(0,0,0,0.5) !important;*background-color: rgb(0,0,0) !important;}\u00a0\u00bb][vc_column_text css=\u00a0\u00bb\u00a0\u00bb] Black Diamond &#8211; l&rsquo;\u00e9clat rare venu du Japon Fruit du savoir-faire ancestral de Himeji, le cuir Black Diamond associe tannage traditionnel et application manuelle de fines couches de laque, selon une m\u00e9thode [&hellip;]<\/p>\n","protected":false},"author":1795,"featured_media":0,"parent":0,"menu_order":0,"comment_status":"closed","ping_status":"closed","template":"","meta":{"_acf_changed":false,"_relevanssi_hide_post":"","_relevanssi_hide_content":"","_relevanssi_pin_for_all":"","_relevanssi_pin_keywords":"","_relevanssi_unpin_keywords":"","_relevanssi_related_keywords":"","_relevanssi_related_include_ids":"","_relevanssi_related_exclude_ids":"","_relevanssi_related_no_append":"","_relevanssi_related_not_related":"","_relevanssi_related_posts":"","_relevanssi_noindex_reason":"WooCommerce Yoast SEO Relevanssi index exclude","footnotes":""},"page_cat":[4926],"class_list":["post-340010","page","type-page","status-publish","hentry","page_cat-landing-page"],"acf":[],"yoast_head":"<!-- This site is optimized with the Yoast SEO plugin v26.3 - https:\/\/yoast.com\/wordpress\/plugins\/seo\/ -->\n<title>Black Diamond - l&#039;\u00e9clat rare venu du Japon<\/title>\n<meta name=\"description\" content=\"Fruit du savoir-faire ancestral de Himeji, le cuir Black Diamond associe tannage traditionnel et application manuelle de fines couches de laque, selon une m\u00e9thode japonaise d\u2019une rare pr\u00e9cision. Sous la lumi\u00e8re, sa surface profonde et brillante se pare de reflets d\u00e9licats, anim\u00e9s de minuscules \u00e9clats semblables \u00e0 des diamants, r\u00e9v\u00e9lant toute la beaut\u00e9 de cette mati\u00e8re d\u2019exception.\" \/>\n<meta name=\"robots\" content=\"index, follow, max-snippet:-1, max-image-preview:large, max-video-preview:-1\" \/>\n<link rel=\"canonical\" href=\"https:\/\/www.jean-rousseau.com\/fr\/landing-page-himeji-kurozan-collection-2025\/\" \/>\n<meta property=\"og:locale\" content=\"fr_FR\" \/>\n<meta property=\"og:type\" content=\"article\" \/>\n<meta property=\"og:title\" content=\"Black Diamond - l&#039;\u00e9clat rare venu du Japon\" \/>\n<meta property=\"og:description\" content=\"Fruit du savoir-faire ancestral de Himeji, le cuir Black Diamond associe tannage traditionnel et application manuelle de fines couches de laque, selon une m\u00e9thode japonaise d\u2019une rare pr\u00e9cision. Sous la lumi\u00e8re, sa surface profonde et brillante se pare de reflets d\u00e9licats, anim\u00e9s de minuscules \u00e9clats semblables \u00e0 des diamants, r\u00e9v\u00e9lant toute la beaut\u00e9 de cette mati\u00e8re d\u2019exception.\" \/>\n<meta property=\"og:url\" content=\"https:\/\/www.jean-rousseau.com\/fr\/landing-page-himeji-kurozan-collection-2025\/\" \/>\n<meta property=\"og:site_name\" content=\"Maison Jean Rousseau\" \/>\n<meta property=\"article:publisher\" content=\"https:\/\/www.facebook.com\/JeanrousseauParis\/\" \/>\n<meta property=\"article:modified_time\" content=\"2025-11-17T09:09:17+00:00\" \/>\n<meta property=\"og:image\" content=\"https:\/\/www.jean-rousseau.com\/wp-content\/uploads\/2024\/02\/logo-JR.jpg\" \/>\n\t<meta property=\"og:image:width\" content=\"696\" \/>\n\t<meta property=\"og:image:height\" content=\"696\" \/>\n\t<meta property=\"og:image:type\" content=\"image\/jpeg\" \/>\n<meta name=\"twitter:card\" content=\"summary_large_image\" \/>\n<meta name=\"twitter:site\" content=\"@jeanrousseaufr\" \/>\n<meta name=\"twitter:label1\" content=\"Dur\u00e9e de lecture estim\u00e9e\" \/>\n\t<meta name=\"twitter:data1\" content=\"2 minutes\" \/>\n<script type=\"application\/ld+json\" class=\"yoast-schema-graph\">{\"@context\":\"https:\/\/schema.org\",\"@graph\":[{\"@type\":\"WebPage\",\"@id\":\"https:\/\/www.jean-rousseau.com\/fr\/landing-page-himeji-kurozan-collection-2025\/\",\"url\":\"https:\/\/www.jean-rousseau.com\/fr\/landing-page-himeji-kurozan-collection-2025\/\",\"name\":\"Black Diamond - l'\u00e9clat rare venu du Japon\",\"isPartOf\":{\"@id\":\"https:\/\/www.jean-rousseau.com\/#website\"},\"datePublished\":\"2025-11-17T09:05:10+00:00\",\"dateModified\":\"2025-11-17T09:09:17+00:00\",\"description\":\"Fruit du savoir-faire ancestral de Himeji, le cuir Black Diamond associe tannage traditionnel et application manuelle de fines couches de laque, selon une m\u00e9thode japonaise d\u2019une rare pr\u00e9cision. Sous la lumi\u00e8re, sa surface profonde et brillante se pare de reflets d\u00e9licats, anim\u00e9s de minuscules \u00e9clats semblables \u00e0 des diamants, r\u00e9v\u00e9lant toute la beaut\u00e9 de cette mati\u00e8re d\u2019exception.\",\"breadcrumb\":{\"@id\":\"https:\/\/www.jean-rousseau.com\/fr\/landing-page-himeji-kurozan-collection-2025\/#breadcrumb\"},\"inLanguage\":\"fr-FR\",\"potentialAction\":[{\"@type\":\"ReadAction\",\"target\":[\"https:\/\/www.jean-rousseau.com\/fr\/landing-page-himeji-kurozan-collection-2025\/\"]}]},{\"@type\":\"BreadcrumbList\",\"@id\":\"https:\/\/www.jean-rousseau.com\/fr\/landing-page-himeji-kurozan-collection-2025\/#breadcrumb\",\"itemListElement\":[{\"@type\":\"ListItem\",\"position\":1,\"name\":\"Accueil\",\"item\":\"https:\/\/www.jean-rousseau.com\/fr\/\"},{\"@type\":\"ListItem\",\"position\":2,\"name\":\"Landing page Himeji Kurozan collection 2025\"}]},{\"@type\":\"WebSite\",\"@id\":\"https:\/\/www.jean-rousseau.com\/#website\",\"url\":\"https:\/\/www.jean-rousseau.com\/\",\"name\":\"Maison Jean Rousseau\",\"description\":\"Sp\u00e9cialiste en bracelets de montre et maroquinerie sur-mesure made in France, artisan d\u2019excellence depuis 1954.\",\"publisher\":{\"@id\":\"https:\/\/www.jean-rousseau.com\/#organization\"},\"potentialAction\":[{\"@type\":\"SearchAction\",\"target\":{\"@type\":\"EntryPoint\",\"urlTemplate\":\"https:\/\/www.jean-rousseau.com\/?s={search_term_string}\"},\"query-input\":{\"@type\":\"PropertyValueSpecification\",\"valueRequired\":true,\"valueName\":\"search_term_string\"}}],\"inLanguage\":\"fr-FR\"},{\"@type\":\"Organization\",\"@id\":\"https:\/\/www.jean-rousseau.com\/#organization\",\"name\":\"Maison Jean Rousseau\",\"url\":\"https:\/\/www.jean-rousseau.com\/\",\"logo\":{\"@type\":\"ImageObject\",\"inLanguage\":\"fr-FR\",\"@id\":\"https:\/\/www.jean-rousseau.com\/#\/schema\/logo\/image\/\",\"url\":\"https:\/\/www.jean-rousseau.com\/wp-content\/uploads\/2024\/02\/logo-JR.jpg\",\"contentUrl\":\"https:\/\/www.jean-rousseau.com\/wp-content\/uploads\/2024\/02\/logo-JR.jpg\",\"width\":696,\"height\":696,\"caption\":\"Maison Jean Rousseau\"},\"image\":{\"@id\":\"https:\/\/www.jean-rousseau.com\/#\/schema\/logo\/image\/\"},\"sameAs\":[\"https:\/\/www.facebook.com\/JeanrousseauParis\/\",\"https:\/\/x.com\/jeanrousseaufr\",\"https:\/\/www.instagram.com\/jeanrousseauparis\/\",\"https:\/\/www.linkedin.com\/company\/maison-jean-rousseau\/\",\"https:\/\/www.pinterest.fr\/jeanrousseauparis\/\",\"https:\/\/www.youtube.com\/@MaisonJeanRousseau\",\"https:\/\/www.tiktok.com\/@jeanrousseauparis\",\"https:\/\/www.weibo.com\/p\/1006066811228508\/home?from=page_100606&mod=TAB&is_hot=1\"]}]}<\/script>\n<!-- \/ Yoast SEO plugin. -->","yoast_head_json":{"title":"Black Diamond - l'\u00e9clat rare venu du Japon","description":"Fruit du savoir-faire ancestral de Himeji, le cuir Black Diamond associe tannage traditionnel et application manuelle de fines couches de laque, selon une m\u00e9thode japonaise d\u2019une rare pr\u00e9cision. Sous la lumi\u00e8re, sa surface profonde et brillante se pare de reflets d\u00e9licats, anim\u00e9s de minuscules \u00e9clats semblables \u00e0 des diamants, r\u00e9v\u00e9lant toute la beaut\u00e9 de cette mati\u00e8re d\u2019exception.","robots":{"index":"index","follow":"follow","max-snippet":"max-snippet:-1","max-image-preview":"max-image-preview:large","max-video-preview":"max-video-preview:-1"},"canonical":"https:\/\/www.jean-rousseau.com\/fr\/landing-page-himeji-kurozan-collection-2025\/","og_locale":"fr_FR","og_type":"article","og_title":"Black Diamond - l'\u00e9clat rare venu du Japon","og_description":"Fruit du savoir-faire ancestral de Himeji, le cuir Black Diamond associe tannage traditionnel et application manuelle de fines couches de laque, selon une m\u00e9thode japonaise d\u2019une rare pr\u00e9cision. Sous la lumi\u00e8re, sa surface profonde et brillante se pare de reflets d\u00e9licats, anim\u00e9s de minuscules \u00e9clats semblables \u00e0 des diamants, r\u00e9v\u00e9lant toute la beaut\u00e9 de cette mati\u00e8re d\u2019exception.","og_url":"https:\/\/www.jean-rousseau.com\/fr\/landing-page-himeji-kurozan-collection-2025\/","og_site_name":"Maison Jean Rousseau","article_publisher":"https:\/\/www.facebook.com\/JeanrousseauParis\/","article_modified_time":"2025-11-17T09:09:17+00:00","og_image":[{"width":696,"height":696,"url":"https:\/\/www.jean-rousseau.com\/wp-content\/uploads\/2024\/02\/logo-JR.jpg","type":"image\/jpeg"}],"twitter_card":"summary_large_image","twitter_site":"@jeanrousseaufr","twitter_misc":{"Dur\u00e9e de lecture estim\u00e9e":"2 minutes"},"schema":{"@context":"https:\/\/schema.org","@graph":[{"@type":"WebPage","@id":"https:\/\/www.jean-rousseau.com\/fr\/landing-page-himeji-kurozan-collection-2025\/","url":"https:\/\/www.jean-rousseau.com\/fr\/landing-page-himeji-kurozan-collection-2025\/","name":"Black Diamond - l'\u00e9clat rare venu du Japon","isPartOf":{"@id":"https:\/\/www.jean-rousseau.com\/#website"},"datePublished":"2025-11-17T09:05:10+00:00","dateModified":"2025-11-17T09:09:17+00:00","description":"Fruit du savoir-faire ancestral de Himeji, le cuir Black Diamond associe tannage traditionnel et application manuelle de fines couches de laque, selon une m\u00e9thode japonaise d\u2019une rare pr\u00e9cision. Sous la lumi\u00e8re, sa surface profonde et brillante se pare de reflets d\u00e9licats, anim\u00e9s de minuscules \u00e9clats semblables \u00e0 des diamants, r\u00e9v\u00e9lant toute la beaut\u00e9 de cette mati\u00e8re d\u2019exception.","breadcrumb":{"@id":"https:\/\/www.jean-rousseau.com\/fr\/landing-page-himeji-kurozan-collection-2025\/#breadcrumb"},"inLanguage":"fr-FR","potentialAction":[{"@type":"ReadAction","target":["https:\/\/www.jean-rousseau.com\/fr\/landing-page-himeji-kurozan-collection-2025\/"]}]},{"@type":"BreadcrumbList","@id":"https:\/\/www.jean-rousseau.com\/fr\/landing-page-himeji-kurozan-collection-2025\/#breadcrumb","itemListElement":[{"@type":"ListItem","position":1,"name":"Accueil","item":"https:\/\/www.jean-rousseau.com\/fr\/"},{"@type":"ListItem","position":2,"name":"Landing page Himeji Kurozan collection 2025"}]},{"@type":"WebSite","@id":"https:\/\/www.jean-rousseau.com\/#website","url":"https:\/\/www.jean-rousseau.com\/","name":"Maison Jean Rousseau","description":"Sp\u00e9cialiste en bracelets de montre et maroquinerie sur-mesure made in France, artisan d\u2019excellence depuis 1954.","publisher":{"@id":"https:\/\/www.jean-rousseau.com\/#organization"},"potentialAction":[{"@type":"SearchAction","target":{"@type":"EntryPoint","urlTemplate":"https:\/\/www.jean-rousseau.com\/?s={search_term_string}"},"query-input":{"@type":"PropertyValueSpecification","valueRequired":true,"valueName":"search_term_string"}}],"inLanguage":"fr-FR"},{"@type":"Organization","@id":"https:\/\/www.jean-rousseau.com\/#organization","name":"Maison Jean Rousseau","url":"https:\/\/www.jean-rousseau.com\/","logo":{"@type":"ImageObject","inLanguage":"fr-FR","@id":"https:\/\/www.jean-rousseau.com\/#\/schema\/logo\/image\/","url":"https:\/\/www.jean-rousseau.com\/wp-content\/uploads\/2024\/02\/logo-JR.jpg","contentUrl":"https:\/\/www.jean-rousseau.com\/wp-content\/uploads\/2024\/02\/logo-JR.jpg","width":696,"height":696,"caption":"Maison Jean Rousseau"},"image":{"@id":"https:\/\/www.jean-rousseau.com\/#\/schema\/logo\/image\/"},"sameAs":["https:\/\/www.facebook.com\/JeanrousseauParis\/","https:\/\/x.com\/jeanrousseaufr","https:\/\/www.instagram.com\/jeanrousseauparis\/","https:\/\/www.linkedin.com\/company\/maison-jean-rousseau\/","https:\/\/www.pinterest.fr\/jeanrousseauparis\/","https:\/\/www.youtube.com\/@MaisonJeanRousseau","https:\/\/www.tiktok.com\/@jeanrousseauparis","https:\/\/www.weibo.com\/p\/1006066811228508\/home?from=page_100606&mod=TAB&is_hot=1"]}]}},"_links":{"self":[{"href":"https:\/\/www.jean-rousseau.com\/fr\/wp-json\/wp\/v2\/pages\/340010","targetHints":{"allow":["GET"]}}],"collection":[{"href":"https:\/\/www.jean-rousseau.com\/fr\/wp-json\/wp\/v2\/pages"}],"about":[{"href":"https:\/\/www.jean-rousseau.com\/fr\/wp-json\/wp\/v2\/types\/page"}],"author":[{"embeddable":true,"href":"https:\/\/www.jean-rousseau.com\/fr\/wp-json\/wp\/v2\/users\/1795"}],"replies":[{"embeddable":true,"href":"https:\/\/www.jean-rousseau.com\/fr\/wp-json\/wp\/v2\/comments?post=340010"}],"version-history":[{"count":0,"href":"https:\/\/www.jean-rousseau.com\/fr\/wp-json\/wp\/v2\/pages\/340010\/revisions"}],"wp:attachment":[{"href":"https:\/\/www.jean-rousseau.com\/fr\/wp-json\/wp\/v2\/media?parent=340010"}],"wp:term":[{"taxonomy":"page_cat","embeddable":true,"href":"https:\/\/www.jean-rousseau.com\/fr\/wp-json\/wp\/v2\/page_cat?post=340010"}],"curies":[{"name":"wp","href":"https:\/\/api.w.org\/{rel}","templated":true}]}}