{"id":195986,"date":"2024-03-14T11:33:08","date_gmt":"2024-03-14T10:33:08","guid":{"rendered":"https:\/\/www.jean-rousseau.com\/?post_type=product&#038;p=195986"},"modified":"2024-04-15T11:50:54","modified_gmt":"2024-04-15T09:50:54","slug":"porte-cartes-enveloppe-alligator-nubuck-rouge","status":"publish","type":"product","link":"https:\/\/www.jean-rousseau.com\/fr\/boutique\/porte-cartes-enveloppe-alligator-nubuck-rouge\/","title":{"rendered":"Porte-cartes enveloppe alligator nubuck rouge"},"content":{"rendered":"<div class=\"wpb-content-wrapper\"><p>[vc_row][vc_column][vc_column_text]Cette enveloppe \u00e9l\u00e9gante est une fa\u00e7on classique mais chic de ranger les cartes de visite. Cette enveloppe au style carte postale s&rsquo;int\u00e8gre parfaitement \u00e0 cette collection ensoleill\u00e9e.[\/vc_column_text][\/vc_column][\/vc_row]<\/p>\n<\/div>","protected":false},"excerpt":{"rendered":"<p>[vc_row][vc_column][vc_column_text]Cette enveloppe \u00e9l\u00e9gante est une fa\u00e7on classique mais chic de ranger les cartes de visite. Cette enveloppe au style carte postale s&rsquo;int\u00e8gre parfaitement \u00e0 cette collection ensoleill\u00e9e.[\/vc_column_text][\/vc_column][\/vc_row]<\/p>\n","protected":false},"featured_media":201454,"template":"","meta":{"_acf_changed":false,"_relevanssi_hide_post":"","_relevanssi_hide_content":"","_relevanssi_pin_for_all":"","_relevanssi_pin_keywords":"","_relevanssi_unpin_keywords":"","_relevanssi_related_keywords":"","_relevanssi_related_include_ids":"","_relevanssi_related_exclude_ids":"","_relevanssi_related_no_append":"","_relevanssi_related_not_related":"","_relevanssi_related_posts":"","_relevanssi_noindex_reason":""},"product_brand":[],"product_cat":[1819,1880,6381],"product_tag":[],"class_list":{"0":"post-195986","1":"product","2":"type-product","3":"status-publish","4":"has-post-thumbnail","6":"couleur-red-fr","7":"product_cat-la-maroquinerie","8":"product_cat-petite-maroquinerie","9":"product_cat-porte-cartes-enveloppe","10":"product_shipping_class-on-stock-cites-needed-slg-and-pouches-s-and-m-fr","12":"first","13":"instock","14":"taxable","15":"shipping-taxable","16":"purchasable","17":"product-type-simple"},"acf":[],"yoast_head":"<!-- This site is optimized with the Yoast SEO plugin v26.3 - https:\/\/yoast.com\/wordpress\/plugins\/seo\/ -->\n<title>Porte-cartes enveloppe alligator nubuck rouge - Maison Jean Rousseau<\/title>\n<meta name=\"description\" content=\"Cette enveloppe \u00e9l\u00e9gante est une fa\u00e7on classique mais chic de ranger les cartes de visite. Cette enveloppe au style carte postale s&#039;int\u00e8gre parfaitement \u00e0\" \/>\n<meta name=\"robots\" content=\"index, follow, max-snippet:-1, max-image-preview:large, max-video-preview:-1\" \/>\n<link rel=\"canonical\" href=\"https:\/\/www.jean-rousseau.com\/fr\/boutique\/porte-cartes-enveloppe-alligator-nubuck-rouge\/\" \/>\n<meta property=\"og:locale\" content=\"fr_FR\" \/>\n<meta property=\"og:type\" content=\"article\" \/>\n<meta property=\"og:title\" content=\"Porte-cartes enveloppe alligator nubuck rouge - Maison Jean Rousseau\" \/>\n<meta property=\"og:description\" content=\"Cette enveloppe \u00e9l\u00e9gante est une fa\u00e7on classique mais chic de ranger les cartes de visite. Cette enveloppe au style carte postale s&#039;int\u00e8gre parfaitement \u00e0\" \/>\n<meta property=\"og:url\" content=\"https:\/\/www.jean-rousseau.com\/fr\/boutique\/porte-cartes-enveloppe-alligator-nubuck-rouge\/\" \/>\n<meta property=\"og:site_name\" content=\"Maison Jean Rousseau\" \/>\n<meta property=\"article:publisher\" content=\"https:\/\/www.facebook.com\/JeanrousseauParis\/\" \/>\n<meta property=\"article:modified_time\" content=\"2024-04-15T09:50:54+00:00\" \/>\n<meta property=\"og:image\" content=\"https:\/\/www.jean-rousseau.com\/wp-content\/uploads\/2024\/04\/Atlantique-Business-cardfolder-red-nubuck-alligator-768x1024.jpg\" \/>\n\t<meta property=\"og:image:width\" content=\"768\" \/>\n\t<meta property=\"og:image:height\" content=\"1024\" \/>\n\t<meta property=\"og:image:type\" content=\"image\/jpeg\" \/>\n<meta name=\"twitter:card\" content=\"summary_large_image\" \/>\n<meta name=\"twitter:site\" content=\"@jeanrousseaufr\" \/>\n<meta name=\"twitter:label1\" content=\"Dur\u00e9e de lecture estim\u00e9e\" \/>\n\t<meta name=\"twitter:data1\" content=\"1 minute\" \/>\n<script type=\"application\/ld+json\" class=\"yoast-schema-graph\">{\"@context\":\"https:\/\/schema.org\",\"@graph\":[{\"@type\":\"WebPage\",\"@id\":\"https:\/\/www.jean-rousseau.com\/fr\/boutique\/porte-cartes-enveloppe-alligator-nubuck-rouge\/\",\"url\":\"https:\/\/www.jean-rousseau.com\/fr\/boutique\/porte-cartes-enveloppe-alligator-nubuck-rouge\/\",\"name\":\"Porte-cartes enveloppe alligator nubuck rouge - Maison Jean Rousseau\",\"isPartOf\":{\"@id\":\"https:\/\/www.jean-rousseau.com\/#website\"},\"primaryImageOfPage\":{\"@id\":\"https:\/\/www.jean-rousseau.com\/fr\/boutique\/porte-cartes-enveloppe-alligator-nubuck-rouge\/#primaryimage\"},\"image\":{\"@id\":\"https:\/\/www.jean-rousseau.com\/fr\/boutique\/porte-cartes-enveloppe-alligator-nubuck-rouge\/#primaryimage\"},\"thumbnailUrl\":\"https:\/\/www.jean-rousseau.com\/wp-content\/uploads\/2024\/04\/Atlantique-Business-cardfolder-red-nubuck-alligator.jpg\",\"datePublished\":\"2024-03-14T10:33:08+00:00\",\"dateModified\":\"2024-04-15T09:50:54+00:00\",\"description\":\"Cette enveloppe \u00e9l\u00e9gante est une fa\u00e7on classique mais chic de ranger les cartes de visite. Cette enveloppe au style carte postale s'int\u00e8gre parfaitement \u00e0\",\"breadcrumb\":{\"@id\":\"https:\/\/www.jean-rousseau.com\/fr\/boutique\/porte-cartes-enveloppe-alligator-nubuck-rouge\/#breadcrumb\"},\"inLanguage\":\"fr-FR\",\"potentialAction\":[{\"@type\":\"ReadAction\",\"target\":[\"https:\/\/www.jean-rousseau.com\/fr\/boutique\/porte-cartes-enveloppe-alligator-nubuck-rouge\/\"]}]},{\"@type\":\"ImageObject\",\"inLanguage\":\"fr-FR\",\"@id\":\"https:\/\/www.jean-rousseau.com\/fr\/boutique\/porte-cartes-enveloppe-alligator-nubuck-rouge\/#primaryimage\",\"url\":\"https:\/\/www.jean-rousseau.com\/wp-content\/uploads\/2024\/04\/Atlantique-Business-cardfolder-red-nubuck-alligator.jpg\",\"contentUrl\":\"https:\/\/www.jean-rousseau.com\/wp-content\/uploads\/2024\/04\/Atlantique-Business-cardfolder-red-nubuck-alligator.jpg\",\"width\":1280,\"height\":1706,\"caption\":\"porte cartes enveloppe rouge nubuck alligator \u00e9t\u00e9\"},{\"@type\":\"BreadcrumbList\",\"@id\":\"https:\/\/www.jean-rousseau.com\/fr\/boutique\/porte-cartes-enveloppe-alligator-nubuck-rouge\/#breadcrumb\",\"itemListElement\":[{\"@type\":\"ListItem\",\"position\":1,\"name\":\"Accueil\",\"item\":\"https:\/\/www.jean-rousseau.com\/fr\/\"},{\"@type\":\"ListItem\",\"position\":2,\"name\":\"Boutique\",\"item\":\"https:\/\/www.jean-rousseau.com\/fr\/boutique\/\"},{\"@type\":\"ListItem\",\"position\":3,\"name\":\"Porte-cartes enveloppe alligator nubuck rouge\"}]},{\"@type\":\"WebSite\",\"@id\":\"https:\/\/www.jean-rousseau.com\/#website\",\"url\":\"https:\/\/www.jean-rousseau.com\/\",\"name\":\"Maison Jean Rousseau\",\"description\":\"Sp\u00e9cialiste en bracelets de montre et maroquinerie sur-mesure made in France, artisan d\u2019excellence depuis 1954.\",\"publisher\":{\"@id\":\"https:\/\/www.jean-rousseau.com\/#organization\"},\"potentialAction\":[{\"@type\":\"SearchAction\",\"target\":{\"@type\":\"EntryPoint\",\"urlTemplate\":\"https:\/\/www.jean-rousseau.com\/?s={search_term_string}\"},\"query-input\":{\"@type\":\"PropertyValueSpecification\",\"valueRequired\":true,\"valueName\":\"search_term_string\"}}],\"inLanguage\":\"fr-FR\"},{\"@type\":\"Organization\",\"@id\":\"https:\/\/www.jean-rousseau.com\/#organization\",\"name\":\"Maison Jean Rousseau\",\"url\":\"https:\/\/www.jean-rousseau.com\/\",\"logo\":{\"@type\":\"ImageObject\",\"inLanguage\":\"fr-FR\",\"@id\":\"https:\/\/www.jean-rousseau.com\/#\/schema\/logo\/image\/\",\"url\":\"https:\/\/www.jean-rousseau.com\/wp-content\/uploads\/2024\/02\/logo-JR.jpg\",\"contentUrl\":\"https:\/\/www.jean-rousseau.com\/wp-content\/uploads\/2024\/02\/logo-JR.jpg\",\"width\":696,\"height\":696,\"caption\":\"Maison Jean Rousseau\"},\"image\":{\"@id\":\"https:\/\/www.jean-rousseau.com\/#\/schema\/logo\/image\/\"},\"sameAs\":[\"https:\/\/www.facebook.com\/JeanrousseauParis\/\",\"https:\/\/x.com\/jeanrousseaufr\",\"https:\/\/www.instagram.com\/jeanrousseauparis\/\",\"https:\/\/www.linkedin.com\/company\/maison-jean-rousseau\/\",\"https:\/\/www.pinterest.fr\/jeanrousseauparis\/\",\"https:\/\/www.youtube.com\/@MaisonJeanRousseau\",\"https:\/\/www.tiktok.com\/@jeanrousseauparis\",\"https:\/\/www.weibo.com\/p\/1006066811228508\/home?from=page_100606&mod=TAB&is_hot=1\"]}]}<\/script>\n<!-- \/ Yoast SEO plugin. -->","yoast_head_json":{"title":"Porte-cartes enveloppe alligator nubuck rouge - Maison Jean Rousseau","description":"Cette enveloppe \u00e9l\u00e9gante est une fa\u00e7on classique mais chic de ranger les cartes de visite. Cette enveloppe au style carte postale s'int\u00e8gre parfaitement \u00e0","robots":{"index":"index","follow":"follow","max-snippet":"max-snippet:-1","max-image-preview":"max-image-preview:large","max-video-preview":"max-video-preview:-1"},"canonical":"https:\/\/www.jean-rousseau.com\/fr\/boutique\/porte-cartes-enveloppe-alligator-nubuck-rouge\/","og_locale":"fr_FR","og_type":"article","og_title":"Porte-cartes enveloppe alligator nubuck rouge - Maison Jean Rousseau","og_description":"Cette enveloppe \u00e9l\u00e9gante est une fa\u00e7on classique mais chic de ranger les cartes de visite. Cette enveloppe au style carte postale s'int\u00e8gre parfaitement \u00e0","og_url":"https:\/\/www.jean-rousseau.com\/fr\/boutique\/porte-cartes-enveloppe-alligator-nubuck-rouge\/","og_site_name":"Maison Jean Rousseau","article_publisher":"https:\/\/www.facebook.com\/JeanrousseauParis\/","article_modified_time":"2024-04-15T09:50:54+00:00","og_image":[{"width":768,"height":1024,"url":"https:\/\/www.jean-rousseau.com\/wp-content\/uploads\/2024\/04\/Atlantique-Business-cardfolder-red-nubuck-alligator-768x1024.jpg","type":"image\/jpeg"}],"twitter_card":"summary_large_image","twitter_site":"@jeanrousseaufr","twitter_misc":{"Dur\u00e9e de lecture estim\u00e9e":"1 minute"},"schema":{"@context":"https:\/\/schema.org","@graph":[{"@type":"WebPage","@id":"https:\/\/www.jean-rousseau.com\/fr\/boutique\/porte-cartes-enveloppe-alligator-nubuck-rouge\/","url":"https:\/\/www.jean-rousseau.com\/fr\/boutique\/porte-cartes-enveloppe-alligator-nubuck-rouge\/","name":"Porte-cartes enveloppe alligator nubuck rouge - Maison Jean Rousseau","isPartOf":{"@id":"https:\/\/www.jean-rousseau.com\/#website"},"primaryImageOfPage":{"@id":"https:\/\/www.jean-rousseau.com\/fr\/boutique\/porte-cartes-enveloppe-alligator-nubuck-rouge\/#primaryimage"},"image":{"@id":"https:\/\/www.jean-rousseau.com\/fr\/boutique\/porte-cartes-enveloppe-alligator-nubuck-rouge\/#primaryimage"},"thumbnailUrl":"https:\/\/www.jean-rousseau.com\/wp-content\/uploads\/2024\/04\/Atlantique-Business-cardfolder-red-nubuck-alligator.jpg","datePublished":"2024-03-14T10:33:08+00:00","dateModified":"2024-04-15T09:50:54+00:00","description":"Cette enveloppe \u00e9l\u00e9gante est une fa\u00e7on classique mais chic de ranger les cartes de visite. Cette enveloppe au style carte postale s'int\u00e8gre parfaitement \u00e0","breadcrumb":{"@id":"https:\/\/www.jean-rousseau.com\/fr\/boutique\/porte-cartes-enveloppe-alligator-nubuck-rouge\/#breadcrumb"},"inLanguage":"fr-FR","potentialAction":[{"@type":"ReadAction","target":["https:\/\/www.jean-rousseau.com\/fr\/boutique\/porte-cartes-enveloppe-alligator-nubuck-rouge\/"]}]},{"@type":"ImageObject","inLanguage":"fr-FR","@id":"https:\/\/www.jean-rousseau.com\/fr\/boutique\/porte-cartes-enveloppe-alligator-nubuck-rouge\/#primaryimage","url":"https:\/\/www.jean-rousseau.com\/wp-content\/uploads\/2024\/04\/Atlantique-Business-cardfolder-red-nubuck-alligator.jpg","contentUrl":"https:\/\/www.jean-rousseau.com\/wp-content\/uploads\/2024\/04\/Atlantique-Business-cardfolder-red-nubuck-alligator.jpg","width":1280,"height":1706,"caption":"porte cartes enveloppe rouge nubuck alligator \u00e9t\u00e9"},{"@type":"BreadcrumbList","@id":"https:\/\/www.jean-rousseau.com\/fr\/boutique\/porte-cartes-enveloppe-alligator-nubuck-rouge\/#breadcrumb","itemListElement":[{"@type":"ListItem","position":1,"name":"Accueil","item":"https:\/\/www.jean-rousseau.com\/fr\/"},{"@type":"ListItem","position":2,"name":"Boutique","item":"https:\/\/www.jean-rousseau.com\/fr\/boutique\/"},{"@type":"ListItem","position":3,"name":"Porte-cartes enveloppe alligator nubuck rouge"}]},{"@type":"WebSite","@id":"https:\/\/www.jean-rousseau.com\/#website","url":"https:\/\/www.jean-rousseau.com\/","name":"Maison Jean Rousseau","description":"Sp\u00e9cialiste en bracelets de montre et maroquinerie sur-mesure made in France, artisan d\u2019excellence depuis 1954.","publisher":{"@id":"https:\/\/www.jean-rousseau.com\/#organization"},"potentialAction":[{"@type":"SearchAction","target":{"@type":"EntryPoint","urlTemplate":"https:\/\/www.jean-rousseau.com\/?s={search_term_string}"},"query-input":{"@type":"PropertyValueSpecification","valueRequired":true,"valueName":"search_term_string"}}],"inLanguage":"fr-FR"},{"@type":"Organization","@id":"https:\/\/www.jean-rousseau.com\/#organization","name":"Maison Jean Rousseau","url":"https:\/\/www.jean-rousseau.com\/","logo":{"@type":"ImageObject","inLanguage":"fr-FR","@id":"https:\/\/www.jean-rousseau.com\/#\/schema\/logo\/image\/","url":"https:\/\/www.jean-rousseau.com\/wp-content\/uploads\/2024\/02\/logo-JR.jpg","contentUrl":"https:\/\/www.jean-rousseau.com\/wp-content\/uploads\/2024\/02\/logo-JR.jpg","width":696,"height":696,"caption":"Maison Jean Rousseau"},"image":{"@id":"https:\/\/www.jean-rousseau.com\/#\/schema\/logo\/image\/"},"sameAs":["https:\/\/www.facebook.com\/JeanrousseauParis\/","https:\/\/x.com\/jeanrousseaufr","https:\/\/www.instagram.com\/jeanrousseauparis\/","https:\/\/www.linkedin.com\/company\/maison-jean-rousseau\/","https:\/\/www.pinterest.fr\/jeanrousseauparis\/","https:\/\/www.youtube.com\/@MaisonJeanRousseau","https:\/\/www.tiktok.com\/@jeanrousseauparis","https:\/\/www.weibo.com\/p\/1006066811228508\/home?from=page_100606&mod=TAB&is_hot=1"]}]}},"_links":{"self":[{"href":"https:\/\/www.jean-rousseau.com\/fr\/wp-json\/wp\/v2\/product\/195986","targetHints":{"allow":["GET"]}}],"collection":[{"href":"https:\/\/www.jean-rousseau.com\/fr\/wp-json\/wp\/v2\/product"}],"about":[{"href":"https:\/\/www.jean-rousseau.com\/fr\/wp-json\/wp\/v2\/types\/product"}],"wp:featuredmedia":[{"embeddable":true,"href":"https:\/\/www.jean-rousseau.com\/fr\/wp-json\/wp\/v2\/media\/201454"}],"wp:attachment":[{"href":"https:\/\/www.jean-rousseau.com\/fr\/wp-json\/wp\/v2\/media?parent=195986"}],"wp:term":[{"taxonomy":"product_brand","embeddable":true,"href":"https:\/\/www.jean-rousseau.com\/fr\/wp-json\/wp\/v2\/product_brand?post=195986"},{"taxonomy":"product_cat","embeddable":true,"href":"https:\/\/www.jean-rousseau.com\/fr\/wp-json\/wp\/v2\/product_cat?post=195986"},{"taxonomy":"product_tag","embeddable":true,"href":"https:\/\/www.jean-rousseau.com\/fr\/wp-json\/wp\/v2\/product_tag?post=195986"}],"curies":[{"name":"wp","href":"https:\/\/api.w.org\/{rel}","templated":true}]}}