{"id":257827,"date":"2024-11-27T11:32:47","date_gmt":"2024-11-27T10:32:47","guid":{"rendered":"https:\/\/www.jean-rousseau.com\/?post_type=product&#038;p=257827"},"modified":"2025-09-09T12:46:23","modified_gmt":"2025-09-09T10:46:23","slug":"bracelet-de-montre-compass-kimono-saibi-karahana-rouge","status":"publish","type":"product","link":"https:\/\/www.jean-rousseau.com\/fr\/boutique\/bracelet-de-montre-compass-kimono-saibi-karahana-rouge\/","title":{"rendered":"Bracelet de montre Compass Kimono Saibi Karahana rouge"},"content":{"rendered":"<p>Le bracelet Compass est l\u00e9g\u00e8rement bomb\u00e9, rembord\u00e9 et cousu. Ses mati\u00e8res techniques et ses appliques caoutchouc en font le plus \u00e9l\u00e9gant des bracelets de montre sport.<\/p>\n","protected":false},"excerpt":{"rendered":"<p>Le bracelet Compass est l\u00e9g\u00e8rement bomb\u00e9, rembord\u00e9 et cousu. Ses mati\u00e8res techniques et ses appliques caoutchouc en font le plus \u00e9l\u00e9gant des bracelets de montre sport.<\/p>\n","protected":false},"featured_media":266063,"template":"","meta":{"_acf_changed":false,"_relevanssi_hide_post":"","_relevanssi_hide_content":"","_relevanssi_pin_for_all":"","_relevanssi_pin_keywords":"","_relevanssi_unpin_keywords":"","_relevanssi_related_keywords":"","_relevanssi_related_include_ids":"","_relevanssi_related_exclude_ids":"","_relevanssi_related_no_append":"","_relevanssi_related_not_related":"","_relevanssi_related_posts":"","_relevanssi_noindex_reason":""},"product_brand":[],"product_cat":[1924,4780],"product_tag":[],"class_list":{"0":"post-257827","1":"product","2":"type-product","3":"status-publish","4":"has-post-thumbnail","6":"collection-kimono-fr","7":"couleur-red-fr","8":"product_cat-les-bracelets","9":"product_cat-bracelet-compass","10":"product_shipping_class-on-stock-no-cites-straps-fr","12":"first","13":"instock","14":"taxable","15":"shipping-taxable","16":"purchasable","17":"product-type-variable","18":"has-default-attributes"},"acf":[],"yoast_head":"<!-- This site is optimized with the Yoast SEO plugin v26.3 - https:\/\/yoast.com\/wordpress\/plugins\/seo\/ -->\n<title>Bracelet de montre Compass Kimono Saibi Karahana rouge - Maison Jean Rousseau<\/title>\n<meta name=\"description\" content=\"Le bracelet Compass est un mod\u00e8le l\u00e9g\u00e8rement bomb\u00e9, rembord\u00e9 et cousu, fabriqu\u00e9 \u00e0 partir de tissu en kimono obi. Avec une \u00e9paisseur de 5 mm au niveau de l\u2019anse et 2,5 mm aux trous d\u2019ardillon, il convient \u00e0 la plupart des montres. Son motif Saibi Karahana symbolise la prosp\u00e9rit\u00e9 et la vitalit\u00e9, m\u00ealant harmonie des couleurs et inspiration florale japonaise.\" \/>\n<meta name=\"robots\" content=\"index, follow, max-snippet:-1, max-image-preview:large, max-video-preview:-1\" \/>\n<link rel=\"canonical\" href=\"https:\/\/www.jean-rousseau.com\/fr\/boutique\/bracelet-de-montre-compass-kimono-saibi-karahana-rouge\/\" \/>\n<meta property=\"og:locale\" content=\"fr_FR\" \/>\n<meta property=\"og:type\" content=\"article\" \/>\n<meta property=\"og:title\" content=\"Bracelet de montre Compass Kimono Saibi Karahana rouge - Maison Jean Rousseau\" \/>\n<meta property=\"og:description\" content=\"Le bracelet Compass est un mod\u00e8le l\u00e9g\u00e8rement bomb\u00e9, rembord\u00e9 et cousu, fabriqu\u00e9 \u00e0 partir de tissu en kimono obi. Avec une \u00e9paisseur de 5 mm au niveau de l\u2019anse et 2,5 mm aux trous d\u2019ardillon, il convient \u00e0 la plupart des montres. Son motif Saibi Karahana symbolise la prosp\u00e9rit\u00e9 et la vitalit\u00e9, m\u00ealant harmonie des couleurs et inspiration florale japonaise.\" \/>\n<meta property=\"og:url\" content=\"https:\/\/www.jean-rousseau.com\/fr\/boutique\/bracelet-de-montre-compass-kimono-saibi-karahana-rouge\/\" \/>\n<meta property=\"og:site_name\" content=\"Maison Jean Rousseau\" \/>\n<meta property=\"article:publisher\" content=\"https:\/\/www.facebook.com\/JeanrousseauParis\/\" \/>\n<meta property=\"article:modified_time\" content=\"2025-09-09T10:46:23+00:00\" \/>\n<meta property=\"og:image\" content=\"https:\/\/www.jean-rousseau.com\/wp-content\/uploads\/2024\/12\/Compass-watch-strap-red-Saibi-Karahana-Kimono_1.jpg\" \/>\n\t<meta property=\"og:image:width\" content=\"1280\" \/>\n\t<meta property=\"og:image:height\" content=\"1706\" \/>\n\t<meta property=\"og:image:type\" content=\"image\/jpeg\" \/>\n<meta name=\"twitter:card\" content=\"summary_large_image\" \/>\n<meta name=\"twitter:site\" content=\"@jeanrousseaufr\" \/>\n<meta name=\"twitter:label1\" content=\"Dur\u00e9e de lecture estim\u00e9e\" \/>\n\t<meta name=\"twitter:data1\" content=\"1 minute\" \/>\n<script type=\"application\/ld+json\" class=\"yoast-schema-graph\">{\"@context\":\"https:\/\/schema.org\",\"@graph\":[{\"@type\":\"WebPage\",\"@id\":\"https:\/\/www.jean-rousseau.com\/fr\/boutique\/bracelet-de-montre-compass-kimono-saibi-karahana-rouge\/\",\"url\":\"https:\/\/www.jean-rousseau.com\/fr\/boutique\/bracelet-de-montre-compass-kimono-saibi-karahana-rouge\/\",\"name\":\"Bracelet de montre Compass Kimono Saibi Karahana rouge - Maison Jean Rousseau\",\"isPartOf\":{\"@id\":\"https:\/\/www.jean-rousseau.com\/#website\"},\"primaryImageOfPage\":{\"@id\":\"https:\/\/www.jean-rousseau.com\/fr\/boutique\/bracelet-de-montre-compass-kimono-saibi-karahana-rouge\/#primaryimage\"},\"image\":{\"@id\":\"https:\/\/www.jean-rousseau.com\/fr\/boutique\/bracelet-de-montre-compass-kimono-saibi-karahana-rouge\/#primaryimage\"},\"thumbnailUrl\":\"https:\/\/www.jean-rousseau.com\/wp-content\/uploads\/2024\/12\/Compass-watch-strap-red-Saibi-Karahana-Kimono_1.jpg\",\"datePublished\":\"2024-11-27T10:32:47+00:00\",\"dateModified\":\"2025-09-09T10:46:23+00:00\",\"description\":\"Le bracelet Compass est un mod\u00e8le l\u00e9g\u00e8rement bomb\u00e9, rembord\u00e9 et cousu, fabriqu\u00e9 \u00e0 partir de tissu en kimono obi. Avec une \u00e9paisseur de 5 mm au niveau de l\u2019anse et 2,5 mm aux trous d\u2019ardillon, il convient \u00e0 la plupart des montres. Son motif Saibi Karahana symbolise la prosp\u00e9rit\u00e9 et la vitalit\u00e9, m\u00ealant harmonie des couleurs et inspiration florale japonaise.\",\"breadcrumb\":{\"@id\":\"https:\/\/www.jean-rousseau.com\/fr\/boutique\/bracelet-de-montre-compass-kimono-saibi-karahana-rouge\/#breadcrumb\"},\"inLanguage\":\"fr-FR\",\"potentialAction\":[{\"@type\":\"ReadAction\",\"target\":[\"https:\/\/www.jean-rousseau.com\/fr\/boutique\/bracelet-de-montre-compass-kimono-saibi-karahana-rouge\/\"]}]},{\"@type\":\"ImageObject\",\"inLanguage\":\"fr-FR\",\"@id\":\"https:\/\/www.jean-rousseau.com\/fr\/boutique\/bracelet-de-montre-compass-kimono-saibi-karahana-rouge\/#primaryimage\",\"url\":\"https:\/\/www.jean-rousseau.com\/wp-content\/uploads\/2024\/12\/Compass-watch-strap-red-Saibi-Karahana-Kimono_1.jpg\",\"contentUrl\":\"https:\/\/www.jean-rousseau.com\/wp-content\/uploads\/2024\/12\/Compass-watch-strap-red-Saibi-Karahana-Kimono_1.jpg\",\"width\":1280,\"height\":1706,\"caption\":\"Bracelet de montre Compass Kimono Saibi Karahana rouge\"},{\"@type\":\"BreadcrumbList\",\"@id\":\"https:\/\/www.jean-rousseau.com\/fr\/boutique\/bracelet-de-montre-compass-kimono-saibi-karahana-rouge\/#breadcrumb\",\"itemListElement\":[{\"@type\":\"ListItem\",\"position\":1,\"name\":\"Accueil\",\"item\":\"https:\/\/www.jean-rousseau.com\/fr\/\"},{\"@type\":\"ListItem\",\"position\":2,\"name\":\"Boutique\",\"item\":\"https:\/\/www.jean-rousseau.com\/fr\/boutique\/\"},{\"@type\":\"ListItem\",\"position\":3,\"name\":\"Bracelet de montre Compass Kimono Saibi Karahana rouge\"}]},{\"@type\":\"WebSite\",\"@id\":\"https:\/\/www.jean-rousseau.com\/#website\",\"url\":\"https:\/\/www.jean-rousseau.com\/\",\"name\":\"Maison Jean Rousseau\",\"description\":\"Sp\u00e9cialiste en bracelets de montre et maroquinerie sur-mesure made in France, artisan d\u2019excellence depuis 1954.\",\"publisher\":{\"@id\":\"https:\/\/www.jean-rousseau.com\/#organization\"},\"potentialAction\":[{\"@type\":\"SearchAction\",\"target\":{\"@type\":\"EntryPoint\",\"urlTemplate\":\"https:\/\/www.jean-rousseau.com\/?s={search_term_string}\"},\"query-input\":{\"@type\":\"PropertyValueSpecification\",\"valueRequired\":true,\"valueName\":\"search_term_string\"}}],\"inLanguage\":\"fr-FR\"},{\"@type\":\"Organization\",\"@id\":\"https:\/\/www.jean-rousseau.com\/#organization\",\"name\":\"Maison Jean Rousseau\",\"url\":\"https:\/\/www.jean-rousseau.com\/\",\"logo\":{\"@type\":\"ImageObject\",\"inLanguage\":\"fr-FR\",\"@id\":\"https:\/\/www.jean-rousseau.com\/#\/schema\/logo\/image\/\",\"url\":\"https:\/\/www.jean-rousseau.com\/wp-content\/uploads\/2024\/02\/logo-JR.jpg\",\"contentUrl\":\"https:\/\/www.jean-rousseau.com\/wp-content\/uploads\/2024\/02\/logo-JR.jpg\",\"width\":696,\"height\":696,\"caption\":\"Maison Jean Rousseau\"},\"image\":{\"@id\":\"https:\/\/www.jean-rousseau.com\/#\/schema\/logo\/image\/\"},\"sameAs\":[\"https:\/\/www.facebook.com\/JeanrousseauParis\/\",\"https:\/\/x.com\/jeanrousseaufr\",\"https:\/\/www.instagram.com\/jeanrousseauparis\/\",\"https:\/\/www.linkedin.com\/company\/maison-jean-rousseau\/\",\"https:\/\/www.pinterest.fr\/jeanrousseauparis\/\",\"https:\/\/www.youtube.com\/@MaisonJeanRousseau\",\"https:\/\/www.tiktok.com\/@jeanrousseauparis\",\"https:\/\/www.weibo.com\/p\/1006066811228508\/home?from=page_100606&mod=TAB&is_hot=1\"]}]}<\/script>\n<!-- \/ Yoast SEO plugin. -->","yoast_head_json":{"title":"Bracelet de montre Compass Kimono Saibi Karahana rouge - Maison Jean Rousseau","description":"Le bracelet Compass est un mod\u00e8le l\u00e9g\u00e8rement bomb\u00e9, rembord\u00e9 et cousu, fabriqu\u00e9 \u00e0 partir de tissu en kimono obi. Avec une \u00e9paisseur de 5 mm au niveau de l\u2019anse et 2,5 mm aux trous d\u2019ardillon, il convient \u00e0 la plupart des montres. Son motif Saibi Karahana symbolise la prosp\u00e9rit\u00e9 et la vitalit\u00e9, m\u00ealant harmonie des couleurs et inspiration florale japonaise.","robots":{"index":"index","follow":"follow","max-snippet":"max-snippet:-1","max-image-preview":"max-image-preview:large","max-video-preview":"max-video-preview:-1"},"canonical":"https:\/\/www.jean-rousseau.com\/fr\/boutique\/bracelet-de-montre-compass-kimono-saibi-karahana-rouge\/","og_locale":"fr_FR","og_type":"article","og_title":"Bracelet de montre Compass Kimono Saibi Karahana rouge - Maison Jean Rousseau","og_description":"Le bracelet Compass est un mod\u00e8le l\u00e9g\u00e8rement bomb\u00e9, rembord\u00e9 et cousu, fabriqu\u00e9 \u00e0 partir de tissu en kimono obi. Avec une \u00e9paisseur de 5 mm au niveau de l\u2019anse et 2,5 mm aux trous d\u2019ardillon, il convient \u00e0 la plupart des montres. Son motif Saibi Karahana symbolise la prosp\u00e9rit\u00e9 et la vitalit\u00e9, m\u00ealant harmonie des couleurs et inspiration florale japonaise.","og_url":"https:\/\/www.jean-rousseau.com\/fr\/boutique\/bracelet-de-montre-compass-kimono-saibi-karahana-rouge\/","og_site_name":"Maison Jean Rousseau","article_publisher":"https:\/\/www.facebook.com\/JeanrousseauParis\/","article_modified_time":"2025-09-09T10:46:23+00:00","og_image":[{"width":1280,"height":1706,"url":"https:\/\/www.jean-rousseau.com\/wp-content\/uploads\/2024\/12\/Compass-watch-strap-red-Saibi-Karahana-Kimono_1.jpg","type":"image\/jpeg"}],"twitter_card":"summary_large_image","twitter_site":"@jeanrousseaufr","twitter_misc":{"Dur\u00e9e de lecture estim\u00e9e":"1 minute"},"schema":{"@context":"https:\/\/schema.org","@graph":[{"@type":"WebPage","@id":"https:\/\/www.jean-rousseau.com\/fr\/boutique\/bracelet-de-montre-compass-kimono-saibi-karahana-rouge\/","url":"https:\/\/www.jean-rousseau.com\/fr\/boutique\/bracelet-de-montre-compass-kimono-saibi-karahana-rouge\/","name":"Bracelet de montre Compass Kimono Saibi Karahana rouge - Maison Jean Rousseau","isPartOf":{"@id":"https:\/\/www.jean-rousseau.com\/#website"},"primaryImageOfPage":{"@id":"https:\/\/www.jean-rousseau.com\/fr\/boutique\/bracelet-de-montre-compass-kimono-saibi-karahana-rouge\/#primaryimage"},"image":{"@id":"https:\/\/www.jean-rousseau.com\/fr\/boutique\/bracelet-de-montre-compass-kimono-saibi-karahana-rouge\/#primaryimage"},"thumbnailUrl":"https:\/\/www.jean-rousseau.com\/wp-content\/uploads\/2024\/12\/Compass-watch-strap-red-Saibi-Karahana-Kimono_1.jpg","datePublished":"2024-11-27T10:32:47+00:00","dateModified":"2025-09-09T10:46:23+00:00","description":"Le bracelet Compass est un mod\u00e8le l\u00e9g\u00e8rement bomb\u00e9, rembord\u00e9 et cousu, fabriqu\u00e9 \u00e0 partir de tissu en kimono obi. Avec une \u00e9paisseur de 5 mm au niveau de l\u2019anse et 2,5 mm aux trous d\u2019ardillon, il convient \u00e0 la plupart des montres. Son motif Saibi Karahana symbolise la prosp\u00e9rit\u00e9 et la vitalit\u00e9, m\u00ealant harmonie des couleurs et inspiration florale japonaise.","breadcrumb":{"@id":"https:\/\/www.jean-rousseau.com\/fr\/boutique\/bracelet-de-montre-compass-kimono-saibi-karahana-rouge\/#breadcrumb"},"inLanguage":"fr-FR","potentialAction":[{"@type":"ReadAction","target":["https:\/\/www.jean-rousseau.com\/fr\/boutique\/bracelet-de-montre-compass-kimono-saibi-karahana-rouge\/"]}]},{"@type":"ImageObject","inLanguage":"fr-FR","@id":"https:\/\/www.jean-rousseau.com\/fr\/boutique\/bracelet-de-montre-compass-kimono-saibi-karahana-rouge\/#primaryimage","url":"https:\/\/www.jean-rousseau.com\/wp-content\/uploads\/2024\/12\/Compass-watch-strap-red-Saibi-Karahana-Kimono_1.jpg","contentUrl":"https:\/\/www.jean-rousseau.com\/wp-content\/uploads\/2024\/12\/Compass-watch-strap-red-Saibi-Karahana-Kimono_1.jpg","width":1280,"height":1706,"caption":"Bracelet de montre Compass Kimono Saibi Karahana rouge"},{"@type":"BreadcrumbList","@id":"https:\/\/www.jean-rousseau.com\/fr\/boutique\/bracelet-de-montre-compass-kimono-saibi-karahana-rouge\/#breadcrumb","itemListElement":[{"@type":"ListItem","position":1,"name":"Accueil","item":"https:\/\/www.jean-rousseau.com\/fr\/"},{"@type":"ListItem","position":2,"name":"Boutique","item":"https:\/\/www.jean-rousseau.com\/fr\/boutique\/"},{"@type":"ListItem","position":3,"name":"Bracelet de montre Compass Kimono Saibi Karahana rouge"}]},{"@type":"WebSite","@id":"https:\/\/www.jean-rousseau.com\/#website","url":"https:\/\/www.jean-rousseau.com\/","name":"Maison Jean Rousseau","description":"Sp\u00e9cialiste en bracelets de montre et maroquinerie sur-mesure made in France, artisan d\u2019excellence depuis 1954.","publisher":{"@id":"https:\/\/www.jean-rousseau.com\/#organization"},"potentialAction":[{"@type":"SearchAction","target":{"@type":"EntryPoint","urlTemplate":"https:\/\/www.jean-rousseau.com\/?s={search_term_string}"},"query-input":{"@type":"PropertyValueSpecification","valueRequired":true,"valueName":"search_term_string"}}],"inLanguage":"fr-FR"},{"@type":"Organization","@id":"https:\/\/www.jean-rousseau.com\/#organization","name":"Maison Jean Rousseau","url":"https:\/\/www.jean-rousseau.com\/","logo":{"@type":"ImageObject","inLanguage":"fr-FR","@id":"https:\/\/www.jean-rousseau.com\/#\/schema\/logo\/image\/","url":"https:\/\/www.jean-rousseau.com\/wp-content\/uploads\/2024\/02\/logo-JR.jpg","contentUrl":"https:\/\/www.jean-rousseau.com\/wp-content\/uploads\/2024\/02\/logo-JR.jpg","width":696,"height":696,"caption":"Maison Jean Rousseau"},"image":{"@id":"https:\/\/www.jean-rousseau.com\/#\/schema\/logo\/image\/"},"sameAs":["https:\/\/www.facebook.com\/JeanrousseauParis\/","https:\/\/x.com\/jeanrousseaufr","https:\/\/www.instagram.com\/jeanrousseauparis\/","https:\/\/www.linkedin.com\/company\/maison-jean-rousseau\/","https:\/\/www.pinterest.fr\/jeanrousseauparis\/","https:\/\/www.youtube.com\/@MaisonJeanRousseau","https:\/\/www.tiktok.com\/@jeanrousseauparis","https:\/\/www.weibo.com\/p\/1006066811228508\/home?from=page_100606&mod=TAB&is_hot=1"]}]}},"_links":{"self":[{"href":"https:\/\/www.jean-rousseau.com\/fr\/wp-json\/wp\/v2\/product\/257827","targetHints":{"allow":["GET"]}}],"collection":[{"href":"https:\/\/www.jean-rousseau.com\/fr\/wp-json\/wp\/v2\/product"}],"about":[{"href":"https:\/\/www.jean-rousseau.com\/fr\/wp-json\/wp\/v2\/types\/product"}],"wp:featuredmedia":[{"embeddable":true,"href":"https:\/\/www.jean-rousseau.com\/fr\/wp-json\/wp\/v2\/media\/266063"}],"wp:attachment":[{"href":"https:\/\/www.jean-rousseau.com\/fr\/wp-json\/wp\/v2\/media?parent=257827"}],"wp:term":[{"taxonomy":"product_brand","embeddable":true,"href":"https:\/\/www.jean-rousseau.com\/fr\/wp-json\/wp\/v2\/product_brand?post=257827"},{"taxonomy":"product_cat","embeddable":true,"href":"https:\/\/www.jean-rousseau.com\/fr\/wp-json\/wp\/v2\/product_cat?post=257827"},{"taxonomy":"product_tag","embeddable":true,"href":"https:\/\/www.jean-rousseau.com\/fr\/wp-json\/wp\/v2\/product_tag?post=257827"}],"curies":[{"name":"wp","href":"https:\/\/api.w.org\/{rel}","templated":true}]}}