{"id":258945,"date":"2024-11-28T16:31:32","date_gmt":"2024-11-28T15:31:32","guid":{"rendered":"https:\/\/www.jean-rousseau.com\/?post_type=product&#038;p=258945"},"modified":"2024-12-09T11:06:55","modified_gmt":"2024-12-09T10:06:55","slug":"etui-rond-1-montre-kimono-saibi-karahana-rouge","status":"publish","type":"product","link":"https:\/\/www.jean-rousseau.com\/fr\/boutique\/etui-rond-1-montre-kimono-saibi-karahana-rouge\/","title":{"rendered":"Etui rond 1 montre Kimono Saibi Karahana rouge"},"content":{"rendered":"<div class=\"wpb-content-wrapper\"><p>[vc_row][vc_column][vc_column_text css=\u00a0\u00bb\u00a0\u00bb]<\/p>\n<p style=\"text-align: center;\">Un \u00e9tui id\u00e9al pour prot\u00e9ger votre montre lors de vos d\u00e9placements. Fabriqu\u00e9 en tissu kimono authentique, il poss\u00e8de une doublure en cuir de veau et un rouleau rembourr\u00e9 amovible con\u00e7u pour contenir une montre ou deux petites montres, ainsi qu&rsquo;une cravate.<\/p>\n<p>[\/vc_column_text][\/vc_column][\/vc_row]<\/p>\n<\/div>","protected":false},"excerpt":{"rendered":"<p>[vc_row][vc_column][vc_column_text css=\u00a0\u00bb\u00a0\u00bb] Un \u00e9tui id\u00e9al pour prot\u00e9ger votre montre lors de vos d\u00e9placements. Fabriqu\u00e9 en tissu kimono authentique, il poss\u00e8de une doublure en cuir de veau et un rouleau rembourr\u00e9 amovible con\u00e7u pour contenir une montre ou deux petites montres, ainsi qu&rsquo;une cravate. [\/vc_column_text][\/vc_column][\/vc_row]<\/p>\n","protected":false},"featured_media":262009,"template":"","meta":{"_acf_changed":false,"_relevanssi_hide_post":"","_relevanssi_hide_content":"","_relevanssi_pin_for_all":"","_relevanssi_pin_keywords":"","_relevanssi_unpin_keywords":"","_relevanssi_related_keywords":"","_relevanssi_related_include_ids":"","_relevanssi_related_exclude_ids":"","_relevanssi_related_no_append":"","_relevanssi_related_not_related":"","_relevanssi_related_posts":"","_relevanssi_noindex_reason":""},"product_brand":[],"product_cat":[1819,5760,5282],"product_tag":[],"class_list":{"0":"post-258945","1":"product","2":"type-product","3":"status-publish","4":"has-post-thumbnail","6":"collection-kimono-fr","7":"couleur-red-fr","8":"product_cat-la-maroquinerie","9":"product_cat-watch-accessories-fr","10":"product_cat-etui-montres","11":"product_shipping_class-on-stock-no-cites-slg-and-pouches-s-and-m-fr","13":"first","14":"instock","15":"taxable","16":"shipping-taxable","17":"purchasable","18":"product-type-simple"},"acf":[],"yoast_head":"<!-- This site is optimized with the Yoast SEO plugin v26.3 - https:\/\/yoast.com\/wordpress\/plugins\/seo\/ -->\n<title>Etui rond 1 montre Kimono Saibi Karahana rouge - Maison Jean Rousseau<\/title>\n<meta name=\"description\" content=\"Un \u00e9tui id\u00e9al pour prot\u00e9ger votre montre lors de vos d\u00e9placements. Fabriqu\u00e9 en tissu kimono authentique, il poss\u00e8de une doublure en cuir de veau et un rouleau rembourr\u00e9 amovible con\u00e7u pour contenir une montre ou deux petites montres, ainsi qu&#039;une cravate.\" \/>\n<meta name=\"robots\" content=\"index, follow, max-snippet:-1, max-image-preview:large, max-video-preview:-1\" \/>\n<link rel=\"canonical\" href=\"https:\/\/www.jean-rousseau.com\/fr\/boutique\/etui-rond-1-montre-kimono-saibi-karahana-rouge\/\" \/>\n<meta property=\"og:locale\" content=\"fr_FR\" \/>\n<meta property=\"og:type\" content=\"article\" \/>\n<meta property=\"og:title\" content=\"Etui rond 1 montre Kimono Saibi Karahana rouge - Maison Jean Rousseau\" \/>\n<meta property=\"og:description\" content=\"Un \u00e9tui id\u00e9al pour prot\u00e9ger votre montre lors de vos d\u00e9placements. Fabriqu\u00e9 en tissu kimono authentique, il poss\u00e8de une doublure en cuir de veau et un rouleau rembourr\u00e9 amovible con\u00e7u pour contenir une montre ou deux petites montres, ainsi qu&#039;une cravate.\" \/>\n<meta property=\"og:url\" content=\"https:\/\/www.jean-rousseau.com\/fr\/boutique\/etui-rond-1-montre-kimono-saibi-karahana-rouge\/\" \/>\n<meta property=\"og:site_name\" content=\"Maison Jean Rousseau\" \/>\n<meta property=\"article:publisher\" content=\"https:\/\/www.facebook.com\/JeanrousseauParis\/\" \/>\n<meta property=\"article:modified_time\" content=\"2024-12-09T10:06:55+00:00\" \/>\n<meta property=\"og:image\" content=\"https:\/\/www.jean-rousseau.com\/wp-content\/uploads\/2024\/12\/Watch-roll-1-watch-red-Saibi-Karahana-Kimono.jpg\" \/>\n\t<meta property=\"og:image:width\" content=\"1280\" \/>\n\t<meta property=\"og:image:height\" content=\"1706\" \/>\n\t<meta property=\"og:image:type\" content=\"image\/jpeg\" \/>\n<meta name=\"twitter:card\" content=\"summary_large_image\" \/>\n<meta name=\"twitter:site\" content=\"@jeanrousseaufr\" \/>\n<meta name=\"twitter:label1\" content=\"Dur\u00e9e de lecture estim\u00e9e\" \/>\n\t<meta name=\"twitter:data1\" content=\"1 minute\" \/>\n<script type=\"application\/ld+json\" class=\"yoast-schema-graph\">{\"@context\":\"https:\/\/schema.org\",\"@graph\":[{\"@type\":\"WebPage\",\"@id\":\"https:\/\/www.jean-rousseau.com\/fr\/boutique\/etui-rond-1-montre-kimono-saibi-karahana-rouge\/\",\"url\":\"https:\/\/www.jean-rousseau.com\/fr\/boutique\/etui-rond-1-montre-kimono-saibi-karahana-rouge\/\",\"name\":\"Etui rond 1 montre Kimono Saibi Karahana rouge - Maison Jean Rousseau\",\"isPartOf\":{\"@id\":\"https:\/\/www.jean-rousseau.com\/#website\"},\"primaryImageOfPage\":{\"@id\":\"https:\/\/www.jean-rousseau.com\/fr\/boutique\/etui-rond-1-montre-kimono-saibi-karahana-rouge\/#primaryimage\"},\"image\":{\"@id\":\"https:\/\/www.jean-rousseau.com\/fr\/boutique\/etui-rond-1-montre-kimono-saibi-karahana-rouge\/#primaryimage\"},\"thumbnailUrl\":\"https:\/\/www.jean-rousseau.com\/wp-content\/uploads\/2024\/12\/Watch-roll-1-watch-red-Saibi-Karahana-Kimono.jpg\",\"datePublished\":\"2024-11-28T15:31:32+00:00\",\"dateModified\":\"2024-12-09T10:06:55+00:00\",\"description\":\"Un \u00e9tui id\u00e9al pour prot\u00e9ger votre montre lors de vos d\u00e9placements. Fabriqu\u00e9 en tissu kimono authentique, il poss\u00e8de une doublure en cuir de veau et un rouleau rembourr\u00e9 amovible con\u00e7u pour contenir une montre ou deux petites montres, ainsi qu'une cravate.\",\"breadcrumb\":{\"@id\":\"https:\/\/www.jean-rousseau.com\/fr\/boutique\/etui-rond-1-montre-kimono-saibi-karahana-rouge\/#breadcrumb\"},\"inLanguage\":\"fr-FR\",\"potentialAction\":[{\"@type\":\"ReadAction\",\"target\":[\"https:\/\/www.jean-rousseau.com\/fr\/boutique\/etui-rond-1-montre-kimono-saibi-karahana-rouge\/\"]}]},{\"@type\":\"ImageObject\",\"inLanguage\":\"fr-FR\",\"@id\":\"https:\/\/www.jean-rousseau.com\/fr\/boutique\/etui-rond-1-montre-kimono-saibi-karahana-rouge\/#primaryimage\",\"url\":\"https:\/\/www.jean-rousseau.com\/wp-content\/uploads\/2024\/12\/Watch-roll-1-watch-red-Saibi-Karahana-Kimono.jpg\",\"contentUrl\":\"https:\/\/www.jean-rousseau.com\/wp-content\/uploads\/2024\/12\/Watch-roll-1-watch-red-Saibi-Karahana-Kimono.jpg\",\"width\":1280,\"height\":1706,\"caption\":\"Etui rond 1 montre Kimono Saibi Karahana rouge\"},{\"@type\":\"BreadcrumbList\",\"@id\":\"https:\/\/www.jean-rousseau.com\/fr\/boutique\/etui-rond-1-montre-kimono-saibi-karahana-rouge\/#breadcrumb\",\"itemListElement\":[{\"@type\":\"ListItem\",\"position\":1,\"name\":\"Accueil\",\"item\":\"https:\/\/www.jean-rousseau.com\/fr\/\"},{\"@type\":\"ListItem\",\"position\":2,\"name\":\"Boutique\",\"item\":\"https:\/\/www.jean-rousseau.com\/fr\/boutique\/\"},{\"@type\":\"ListItem\",\"position\":3,\"name\":\"Etui rond 1 montre Kimono Saibi Karahana rouge\"}]},{\"@type\":\"WebSite\",\"@id\":\"https:\/\/www.jean-rousseau.com\/#website\",\"url\":\"https:\/\/www.jean-rousseau.com\/\",\"name\":\"Maison Jean Rousseau\",\"description\":\"Sp\u00e9cialiste en bracelets de montre et maroquinerie sur-mesure made in France, artisan d\u2019excellence depuis 1954.\",\"publisher\":{\"@id\":\"https:\/\/www.jean-rousseau.com\/#organization\"},\"potentialAction\":[{\"@type\":\"SearchAction\",\"target\":{\"@type\":\"EntryPoint\",\"urlTemplate\":\"https:\/\/www.jean-rousseau.com\/?s={search_term_string}\"},\"query-input\":{\"@type\":\"PropertyValueSpecification\",\"valueRequired\":true,\"valueName\":\"search_term_string\"}}],\"inLanguage\":\"fr-FR\"},{\"@type\":\"Organization\",\"@id\":\"https:\/\/www.jean-rousseau.com\/#organization\",\"name\":\"Maison Jean Rousseau\",\"url\":\"https:\/\/www.jean-rousseau.com\/\",\"logo\":{\"@type\":\"ImageObject\",\"inLanguage\":\"fr-FR\",\"@id\":\"https:\/\/www.jean-rousseau.com\/#\/schema\/logo\/image\/\",\"url\":\"https:\/\/www.jean-rousseau.com\/wp-content\/uploads\/2024\/02\/logo-JR.jpg\",\"contentUrl\":\"https:\/\/www.jean-rousseau.com\/wp-content\/uploads\/2024\/02\/logo-JR.jpg\",\"width\":696,\"height\":696,\"caption\":\"Maison Jean Rousseau\"},\"image\":{\"@id\":\"https:\/\/www.jean-rousseau.com\/#\/schema\/logo\/image\/\"},\"sameAs\":[\"https:\/\/www.facebook.com\/JeanrousseauParis\/\",\"https:\/\/x.com\/jeanrousseaufr\",\"https:\/\/www.instagram.com\/jeanrousseauparis\/\",\"https:\/\/www.linkedin.com\/company\/maison-jean-rousseau\/\",\"https:\/\/www.pinterest.fr\/jeanrousseauparis\/\",\"https:\/\/www.youtube.com\/@MaisonJeanRousseau\",\"https:\/\/www.tiktok.com\/@jeanrousseauparis\",\"https:\/\/www.weibo.com\/p\/1006066811228508\/home?from=page_100606&mod=TAB&is_hot=1\"]}]}<\/script>\n<!-- \/ Yoast SEO plugin. -->","yoast_head_json":{"title":"Etui rond 1 montre Kimono Saibi Karahana rouge - Maison Jean Rousseau","description":"Un \u00e9tui id\u00e9al pour prot\u00e9ger votre montre lors de vos d\u00e9placements. Fabriqu\u00e9 en tissu kimono authentique, il poss\u00e8de une doublure en cuir de veau et un rouleau rembourr\u00e9 amovible con\u00e7u pour contenir une montre ou deux petites montres, ainsi qu'une cravate.","robots":{"index":"index","follow":"follow","max-snippet":"max-snippet:-1","max-image-preview":"max-image-preview:large","max-video-preview":"max-video-preview:-1"},"canonical":"https:\/\/www.jean-rousseau.com\/fr\/boutique\/etui-rond-1-montre-kimono-saibi-karahana-rouge\/","og_locale":"fr_FR","og_type":"article","og_title":"Etui rond 1 montre Kimono Saibi Karahana rouge - Maison Jean Rousseau","og_description":"Un \u00e9tui id\u00e9al pour prot\u00e9ger votre montre lors de vos d\u00e9placements. Fabriqu\u00e9 en tissu kimono authentique, il poss\u00e8de une doublure en cuir de veau et un rouleau rembourr\u00e9 amovible con\u00e7u pour contenir une montre ou deux petites montres, ainsi qu'une cravate.","og_url":"https:\/\/www.jean-rousseau.com\/fr\/boutique\/etui-rond-1-montre-kimono-saibi-karahana-rouge\/","og_site_name":"Maison Jean Rousseau","article_publisher":"https:\/\/www.facebook.com\/JeanrousseauParis\/","article_modified_time":"2024-12-09T10:06:55+00:00","og_image":[{"width":1280,"height":1706,"url":"https:\/\/www.jean-rousseau.com\/wp-content\/uploads\/2024\/12\/Watch-roll-1-watch-red-Saibi-Karahana-Kimono.jpg","type":"image\/jpeg"}],"twitter_card":"summary_large_image","twitter_site":"@jeanrousseaufr","twitter_misc":{"Dur\u00e9e de lecture estim\u00e9e":"1 minute"},"schema":{"@context":"https:\/\/schema.org","@graph":[{"@type":"WebPage","@id":"https:\/\/www.jean-rousseau.com\/fr\/boutique\/etui-rond-1-montre-kimono-saibi-karahana-rouge\/","url":"https:\/\/www.jean-rousseau.com\/fr\/boutique\/etui-rond-1-montre-kimono-saibi-karahana-rouge\/","name":"Etui rond 1 montre Kimono Saibi Karahana rouge - Maison Jean Rousseau","isPartOf":{"@id":"https:\/\/www.jean-rousseau.com\/#website"},"primaryImageOfPage":{"@id":"https:\/\/www.jean-rousseau.com\/fr\/boutique\/etui-rond-1-montre-kimono-saibi-karahana-rouge\/#primaryimage"},"image":{"@id":"https:\/\/www.jean-rousseau.com\/fr\/boutique\/etui-rond-1-montre-kimono-saibi-karahana-rouge\/#primaryimage"},"thumbnailUrl":"https:\/\/www.jean-rousseau.com\/wp-content\/uploads\/2024\/12\/Watch-roll-1-watch-red-Saibi-Karahana-Kimono.jpg","datePublished":"2024-11-28T15:31:32+00:00","dateModified":"2024-12-09T10:06:55+00:00","description":"Un \u00e9tui id\u00e9al pour prot\u00e9ger votre montre lors de vos d\u00e9placements. Fabriqu\u00e9 en tissu kimono authentique, il poss\u00e8de une doublure en cuir de veau et un rouleau rembourr\u00e9 amovible con\u00e7u pour contenir une montre ou deux petites montres, ainsi qu'une cravate.","breadcrumb":{"@id":"https:\/\/www.jean-rousseau.com\/fr\/boutique\/etui-rond-1-montre-kimono-saibi-karahana-rouge\/#breadcrumb"},"inLanguage":"fr-FR","potentialAction":[{"@type":"ReadAction","target":["https:\/\/www.jean-rousseau.com\/fr\/boutique\/etui-rond-1-montre-kimono-saibi-karahana-rouge\/"]}]},{"@type":"ImageObject","inLanguage":"fr-FR","@id":"https:\/\/www.jean-rousseau.com\/fr\/boutique\/etui-rond-1-montre-kimono-saibi-karahana-rouge\/#primaryimage","url":"https:\/\/www.jean-rousseau.com\/wp-content\/uploads\/2024\/12\/Watch-roll-1-watch-red-Saibi-Karahana-Kimono.jpg","contentUrl":"https:\/\/www.jean-rousseau.com\/wp-content\/uploads\/2024\/12\/Watch-roll-1-watch-red-Saibi-Karahana-Kimono.jpg","width":1280,"height":1706,"caption":"Etui rond 1 montre Kimono Saibi Karahana rouge"},{"@type":"BreadcrumbList","@id":"https:\/\/www.jean-rousseau.com\/fr\/boutique\/etui-rond-1-montre-kimono-saibi-karahana-rouge\/#breadcrumb","itemListElement":[{"@type":"ListItem","position":1,"name":"Accueil","item":"https:\/\/www.jean-rousseau.com\/fr\/"},{"@type":"ListItem","position":2,"name":"Boutique","item":"https:\/\/www.jean-rousseau.com\/fr\/boutique\/"},{"@type":"ListItem","position":3,"name":"Etui rond 1 montre Kimono Saibi Karahana rouge"}]},{"@type":"WebSite","@id":"https:\/\/www.jean-rousseau.com\/#website","url":"https:\/\/www.jean-rousseau.com\/","name":"Maison Jean Rousseau","description":"Sp\u00e9cialiste en bracelets de montre et maroquinerie sur-mesure made in France, artisan d\u2019excellence depuis 1954.","publisher":{"@id":"https:\/\/www.jean-rousseau.com\/#organization"},"potentialAction":[{"@type":"SearchAction","target":{"@type":"EntryPoint","urlTemplate":"https:\/\/www.jean-rousseau.com\/?s={search_term_string}"},"query-input":{"@type":"PropertyValueSpecification","valueRequired":true,"valueName":"search_term_string"}}],"inLanguage":"fr-FR"},{"@type":"Organization","@id":"https:\/\/www.jean-rousseau.com\/#organization","name":"Maison Jean Rousseau","url":"https:\/\/www.jean-rousseau.com\/","logo":{"@type":"ImageObject","inLanguage":"fr-FR","@id":"https:\/\/www.jean-rousseau.com\/#\/schema\/logo\/image\/","url":"https:\/\/www.jean-rousseau.com\/wp-content\/uploads\/2024\/02\/logo-JR.jpg","contentUrl":"https:\/\/www.jean-rousseau.com\/wp-content\/uploads\/2024\/02\/logo-JR.jpg","width":696,"height":696,"caption":"Maison Jean Rousseau"},"image":{"@id":"https:\/\/www.jean-rousseau.com\/#\/schema\/logo\/image\/"},"sameAs":["https:\/\/www.facebook.com\/JeanrousseauParis\/","https:\/\/x.com\/jeanrousseaufr","https:\/\/www.instagram.com\/jeanrousseauparis\/","https:\/\/www.linkedin.com\/company\/maison-jean-rousseau\/","https:\/\/www.pinterest.fr\/jeanrousseauparis\/","https:\/\/www.youtube.com\/@MaisonJeanRousseau","https:\/\/www.tiktok.com\/@jeanrousseauparis","https:\/\/www.weibo.com\/p\/1006066811228508\/home?from=page_100606&mod=TAB&is_hot=1"]}]}},"_links":{"self":[{"href":"https:\/\/www.jean-rousseau.com\/fr\/wp-json\/wp\/v2\/product\/258945","targetHints":{"allow":["GET"]}}],"collection":[{"href":"https:\/\/www.jean-rousseau.com\/fr\/wp-json\/wp\/v2\/product"}],"about":[{"href":"https:\/\/www.jean-rousseau.com\/fr\/wp-json\/wp\/v2\/types\/product"}],"wp:featuredmedia":[{"embeddable":true,"href":"https:\/\/www.jean-rousseau.com\/fr\/wp-json\/wp\/v2\/media\/262009"}],"wp:attachment":[{"href":"https:\/\/www.jean-rousseau.com\/fr\/wp-json\/wp\/v2\/media?parent=258945"}],"wp:term":[{"taxonomy":"product_brand","embeddable":true,"href":"https:\/\/www.jean-rousseau.com\/fr\/wp-json\/wp\/v2\/product_brand?post=258945"},{"taxonomy":"product_cat","embeddable":true,"href":"https:\/\/www.jean-rousseau.com\/fr\/wp-json\/wp\/v2\/product_cat?post=258945"},{"taxonomy":"product_tag","embeddable":true,"href":"https:\/\/www.jean-rousseau.com\/fr\/wp-json\/wp\/v2\/product_tag?post=258945"}],"curies":[{"name":"wp","href":"https:\/\/api.w.org\/{rel}","templated":true}]}}