{"id":277960,"date":"2025-03-10T13:32:04","date_gmt":"2025-03-10T12:32:04","guid":{"rendered":"https:\/\/www.jean-rousseau.com\/?post_type=product&#038;p=277960"},"modified":"2025-08-04T11:27:53","modified_gmt":"2025-08-04T09:27:53","slug":"bracelet-de-montre-velcro-alligator-nubuck-bleu-encre","status":"publish","type":"product","link":"https:\/\/www.jean-rousseau.com\/fr\/boutique\/bracelet-de-montre-velcro-alligator-nubuck-bleu-encre\/","title":{"rendered":"Bracelet de montre Velcro alligator nubuck bleu encre"},"content":{"rendered":"<div class=\"wpb-content-wrapper\"><p>[vc_row][vc_column][vc_column_text css=\u00a0\u00bb\u00a0\u00bb]Avec sa silhouette dynamique et sa fermeture Velcro, ce bracelet au style d\u00e9contract\u00e9 apporte une touche sportive \u00e0 n\u2019importe quelle montre. L\u00e9g\u00e8rement bomb\u00e9, cousu et rembord\u00e9, il pr\u00e9sente une \u00e9paisseur de 4,5 mm au niveau du bo\u00eetier, qui s\u2019affine jusqu\u2019\u00e0 2 mm vers la fermeture. Ce mod\u00e8le est disponible en version bi-mati\u00e8re ou en coloris uni.[\/vc_column_text][\/vc_column][\/vc_row]<\/p>\n<\/div>","protected":false},"excerpt":{"rendered":"<p>[vc_row][vc_column][vc_column_text css=\u00a0\u00bb\u00a0\u00bb]Avec sa silhouette dynamique et sa fermeture Velcro, ce bracelet au style d\u00e9contract\u00e9 apporte une touche sportive \u00e0 n\u2019importe quelle montre. L\u00e9g\u00e8rement bomb\u00e9, cousu et rembord\u00e9, il pr\u00e9sente une \u00e9paisseur de 4,5 mm au niveau du bo\u00eetier, qui s\u2019affine jusqu\u2019\u00e0 2 mm vers la fermeture. Ce mod\u00e8le est disponible en version bi-mati\u00e8re ou en [&hellip;]<\/p>\n","protected":false},"featured_media":300615,"template":"","meta":{"_acf_changed":false,"_relevanssi_hide_post":"","_relevanssi_hide_content":"","_relevanssi_pin_for_all":"","_relevanssi_pin_keywords":"","_relevanssi_unpin_keywords":"","_relevanssi_related_keywords":"","_relevanssi_related_include_ids":"","_relevanssi_related_exclude_ids":"","_relevanssi_related_no_append":"","_relevanssi_related_not_related":"","_relevanssi_related_posts":"","_relevanssi_noindex_reason":""},"product_brand":[],"product_cat":[1924,6384],"product_tag":[],"class_list":{"0":"post-277960","1":"product","2":"type-product","3":"status-publish","4":"has-post-thumbnail","6":"collection-velcro-fr","7":"couleur-blue-fr","8":"product_cat-les-bracelets","9":"product_cat-velcro-fr","10":"product_shipping_class-on-stock-cites-needed-straps-fr","12":"first","13":"instock","14":"taxable","15":"shipping-taxable","16":"purchasable","17":"product-type-variable","18":"has-default-attributes"},"acf":[],"yoast_head":"<!-- This site is optimized with the Yoast SEO plugin v26.3 - https:\/\/yoast.com\/wordpress\/plugins\/seo\/ -->\n<title>Bracelet de montre Velcro alligator nubuck bleu encre - Maison Jean Rousseau<\/title>\n<meta name=\"description\" content=\"Ce bracelet en alligator nubuck s\u00e9duit par son aspect mat et sa texture \u00e9tonnamment douce au toucher. Sa couleur navy profonde et mate apporte une \u00e9l\u00e9gance discr\u00e8te, tandis que la fermeture Velcro \u00e0 double accroche assure un ajustement s\u00e9curis\u00e9. Un choix qui rajoute une touche de prestige \u00e0 votre poignet !\" \/>\n<meta name=\"robots\" content=\"index, follow, max-snippet:-1, max-image-preview:large, max-video-preview:-1\" \/>\n<link rel=\"canonical\" href=\"https:\/\/www.jean-rousseau.com\/fr\/boutique\/bracelet-de-montre-velcro-alligator-nubuck-bleu-encre\/\" \/>\n<meta property=\"og:locale\" content=\"fr_FR\" \/>\n<meta property=\"og:type\" content=\"article\" \/>\n<meta property=\"og:title\" content=\"Bracelet de montre Velcro alligator nubuck bleu encre - Maison Jean Rousseau\" \/>\n<meta property=\"og:description\" content=\"Ce bracelet en alligator nubuck s\u00e9duit par son aspect mat et sa texture \u00e9tonnamment douce au toucher. Sa couleur navy profonde et mate apporte une \u00e9l\u00e9gance discr\u00e8te, tandis que la fermeture Velcro \u00e0 double accroche assure un ajustement s\u00e9curis\u00e9. Un choix qui rajoute une touche de prestige \u00e0 votre poignet !\" \/>\n<meta property=\"og:url\" content=\"https:\/\/www.jean-rousseau.com\/fr\/boutique\/bracelet-de-montre-velcro-alligator-nubuck-bleu-encre\/\" \/>\n<meta property=\"og:site_name\" content=\"Maison Jean Rousseau\" \/>\n<meta property=\"article:publisher\" content=\"https:\/\/www.facebook.com\/JeanrousseauParis\/\" \/>\n<meta property=\"article:modified_time\" content=\"2025-08-04T09:27:53+00:00\" \/>\n<meta property=\"og:image\" content=\"https:\/\/www.jean-rousseau.com\/wp-content\/uploads\/2025\/06\/Velcro-watch-strap-navy-nubuck-alligator_1-768x1024.jpg\" \/>\n\t<meta property=\"og:image:width\" content=\"768\" \/>\n\t<meta property=\"og:image:height\" content=\"1024\" \/>\n\t<meta property=\"og:image:type\" content=\"image\/jpeg\" \/>\n<meta name=\"twitter:card\" content=\"summary_large_image\" \/>\n<meta name=\"twitter:site\" content=\"@jeanrousseaufr\" \/>\n<meta name=\"twitter:label1\" content=\"Dur\u00e9e de lecture estim\u00e9e\" \/>\n\t<meta name=\"twitter:data1\" content=\"1 minute\" \/>\n<script type=\"application\/ld+json\" class=\"yoast-schema-graph\">{\"@context\":\"https:\/\/schema.org\",\"@graph\":[{\"@type\":\"WebPage\",\"@id\":\"https:\/\/www.jean-rousseau.com\/fr\/boutique\/bracelet-de-montre-velcro-alligator-nubuck-bleu-encre\/\",\"url\":\"https:\/\/www.jean-rousseau.com\/fr\/boutique\/bracelet-de-montre-velcro-alligator-nubuck-bleu-encre\/\",\"name\":\"Bracelet de montre Velcro alligator nubuck bleu encre - Maison Jean Rousseau\",\"isPartOf\":{\"@id\":\"https:\/\/www.jean-rousseau.com\/#website\"},\"primaryImageOfPage\":{\"@id\":\"https:\/\/www.jean-rousseau.com\/fr\/boutique\/bracelet-de-montre-velcro-alligator-nubuck-bleu-encre\/#primaryimage\"},\"image\":{\"@id\":\"https:\/\/www.jean-rousseau.com\/fr\/boutique\/bracelet-de-montre-velcro-alligator-nubuck-bleu-encre\/#primaryimage\"},\"thumbnailUrl\":\"https:\/\/www.jean-rousseau.com\/wp-content\/uploads\/2025\/06\/Velcro-watch-strap-navy-nubuck-alligator_1.jpg\",\"datePublished\":\"2025-03-10T12:32:04+00:00\",\"dateModified\":\"2025-08-04T09:27:53+00:00\",\"description\":\"Ce bracelet en alligator nubuck s\u00e9duit par son aspect mat et sa texture \u00e9tonnamment douce au toucher. Sa couleur navy profonde et mate apporte une \u00e9l\u00e9gance discr\u00e8te, tandis que la fermeture Velcro \u00e0 double accroche assure un ajustement s\u00e9curis\u00e9. Un choix qui rajoute une touche de prestige \u00e0 votre poignet !\",\"breadcrumb\":{\"@id\":\"https:\/\/www.jean-rousseau.com\/fr\/boutique\/bracelet-de-montre-velcro-alligator-nubuck-bleu-encre\/#breadcrumb\"},\"inLanguage\":\"fr-FR\",\"potentialAction\":[{\"@type\":\"ReadAction\",\"target\":[\"https:\/\/www.jean-rousseau.com\/fr\/boutique\/bracelet-de-montre-velcro-alligator-nubuck-bleu-encre\/\"]}]},{\"@type\":\"ImageObject\",\"inLanguage\":\"fr-FR\",\"@id\":\"https:\/\/www.jean-rousseau.com\/fr\/boutique\/bracelet-de-montre-velcro-alligator-nubuck-bleu-encre\/#primaryimage\",\"url\":\"https:\/\/www.jean-rousseau.com\/wp-content\/uploads\/2025\/06\/Velcro-watch-strap-navy-nubuck-alligator_1.jpg\",\"contentUrl\":\"https:\/\/www.jean-rousseau.com\/wp-content\/uploads\/2025\/06\/Velcro-watch-strap-navy-nubuck-alligator_1.jpg\",\"width\":1280,\"height\":1706,\"caption\":\"jean rousseau bracelet velcro alligator bleu\"},{\"@type\":\"BreadcrumbList\",\"@id\":\"https:\/\/www.jean-rousseau.com\/fr\/boutique\/bracelet-de-montre-velcro-alligator-nubuck-bleu-encre\/#breadcrumb\",\"itemListElement\":[{\"@type\":\"ListItem\",\"position\":1,\"name\":\"Accueil\",\"item\":\"https:\/\/www.jean-rousseau.com\/fr\/\"},{\"@type\":\"ListItem\",\"position\":2,\"name\":\"Boutique\",\"item\":\"https:\/\/www.jean-rousseau.com\/fr\/boutique\/\"},{\"@type\":\"ListItem\",\"position\":3,\"name\":\"Bracelet de montre Velcro alligator nubuck bleu encre\"}]},{\"@type\":\"WebSite\",\"@id\":\"https:\/\/www.jean-rousseau.com\/#website\",\"url\":\"https:\/\/www.jean-rousseau.com\/\",\"name\":\"Maison Jean Rousseau\",\"description\":\"Sp\u00e9cialiste en bracelets de montre et maroquinerie sur-mesure made in France, artisan d\u2019excellence depuis 1954.\",\"publisher\":{\"@id\":\"https:\/\/www.jean-rousseau.com\/#organization\"},\"potentialAction\":[{\"@type\":\"SearchAction\",\"target\":{\"@type\":\"EntryPoint\",\"urlTemplate\":\"https:\/\/www.jean-rousseau.com\/?s={search_term_string}\"},\"query-input\":{\"@type\":\"PropertyValueSpecification\",\"valueRequired\":true,\"valueName\":\"search_term_string\"}}],\"inLanguage\":\"fr-FR\"},{\"@type\":\"Organization\",\"@id\":\"https:\/\/www.jean-rousseau.com\/#organization\",\"name\":\"Maison Jean Rousseau\",\"url\":\"https:\/\/www.jean-rousseau.com\/\",\"logo\":{\"@type\":\"ImageObject\",\"inLanguage\":\"fr-FR\",\"@id\":\"https:\/\/www.jean-rousseau.com\/#\/schema\/logo\/image\/\",\"url\":\"https:\/\/www.jean-rousseau.com\/wp-content\/uploads\/2024\/02\/logo-JR.jpg\",\"contentUrl\":\"https:\/\/www.jean-rousseau.com\/wp-content\/uploads\/2024\/02\/logo-JR.jpg\",\"width\":696,\"height\":696,\"caption\":\"Maison Jean Rousseau\"},\"image\":{\"@id\":\"https:\/\/www.jean-rousseau.com\/#\/schema\/logo\/image\/\"},\"sameAs\":[\"https:\/\/www.facebook.com\/JeanrousseauParis\/\",\"https:\/\/x.com\/jeanrousseaufr\",\"https:\/\/www.instagram.com\/jeanrousseauparis\/\",\"https:\/\/www.linkedin.com\/company\/maison-jean-rousseau\/\",\"https:\/\/www.pinterest.fr\/jeanrousseauparis\/\",\"https:\/\/www.youtube.com\/@MaisonJeanRousseau\",\"https:\/\/www.tiktok.com\/@jeanrousseauparis\",\"https:\/\/www.weibo.com\/p\/1006066811228508\/home?from=page_100606&mod=TAB&is_hot=1\"]}]}<\/script>\n<!-- \/ Yoast SEO plugin. -->","yoast_head_json":{"title":"Bracelet de montre Velcro alligator nubuck bleu encre - Maison Jean Rousseau","description":"Ce bracelet en alligator nubuck s\u00e9duit par son aspect mat et sa texture \u00e9tonnamment douce au toucher. Sa couleur navy profonde et mate apporte une \u00e9l\u00e9gance discr\u00e8te, tandis que la fermeture Velcro \u00e0 double accroche assure un ajustement s\u00e9curis\u00e9. Un choix qui rajoute une touche de prestige \u00e0 votre poignet !","robots":{"index":"index","follow":"follow","max-snippet":"max-snippet:-1","max-image-preview":"max-image-preview:large","max-video-preview":"max-video-preview:-1"},"canonical":"https:\/\/www.jean-rousseau.com\/fr\/boutique\/bracelet-de-montre-velcro-alligator-nubuck-bleu-encre\/","og_locale":"fr_FR","og_type":"article","og_title":"Bracelet de montre Velcro alligator nubuck bleu encre - Maison Jean Rousseau","og_description":"Ce bracelet en alligator nubuck s\u00e9duit par son aspect mat et sa texture \u00e9tonnamment douce au toucher. Sa couleur navy profonde et mate apporte une \u00e9l\u00e9gance discr\u00e8te, tandis que la fermeture Velcro \u00e0 double accroche assure un ajustement s\u00e9curis\u00e9. Un choix qui rajoute une touche de prestige \u00e0 votre poignet !","og_url":"https:\/\/www.jean-rousseau.com\/fr\/boutique\/bracelet-de-montre-velcro-alligator-nubuck-bleu-encre\/","og_site_name":"Maison Jean Rousseau","article_publisher":"https:\/\/www.facebook.com\/JeanrousseauParis\/","article_modified_time":"2025-08-04T09:27:53+00:00","og_image":[{"width":768,"height":1024,"url":"https:\/\/www.jean-rousseau.com\/wp-content\/uploads\/2025\/06\/Velcro-watch-strap-navy-nubuck-alligator_1-768x1024.jpg","type":"image\/jpeg"}],"twitter_card":"summary_large_image","twitter_site":"@jeanrousseaufr","twitter_misc":{"Dur\u00e9e de lecture estim\u00e9e":"1 minute"},"schema":{"@context":"https:\/\/schema.org","@graph":[{"@type":"WebPage","@id":"https:\/\/www.jean-rousseau.com\/fr\/boutique\/bracelet-de-montre-velcro-alligator-nubuck-bleu-encre\/","url":"https:\/\/www.jean-rousseau.com\/fr\/boutique\/bracelet-de-montre-velcro-alligator-nubuck-bleu-encre\/","name":"Bracelet de montre Velcro alligator nubuck bleu encre - Maison Jean Rousseau","isPartOf":{"@id":"https:\/\/www.jean-rousseau.com\/#website"},"primaryImageOfPage":{"@id":"https:\/\/www.jean-rousseau.com\/fr\/boutique\/bracelet-de-montre-velcro-alligator-nubuck-bleu-encre\/#primaryimage"},"image":{"@id":"https:\/\/www.jean-rousseau.com\/fr\/boutique\/bracelet-de-montre-velcro-alligator-nubuck-bleu-encre\/#primaryimage"},"thumbnailUrl":"https:\/\/www.jean-rousseau.com\/wp-content\/uploads\/2025\/06\/Velcro-watch-strap-navy-nubuck-alligator_1.jpg","datePublished":"2025-03-10T12:32:04+00:00","dateModified":"2025-08-04T09:27:53+00:00","description":"Ce bracelet en alligator nubuck s\u00e9duit par son aspect mat et sa texture \u00e9tonnamment douce au toucher. Sa couleur navy profonde et mate apporte une \u00e9l\u00e9gance discr\u00e8te, tandis que la fermeture Velcro \u00e0 double accroche assure un ajustement s\u00e9curis\u00e9. Un choix qui rajoute une touche de prestige \u00e0 votre poignet !","breadcrumb":{"@id":"https:\/\/www.jean-rousseau.com\/fr\/boutique\/bracelet-de-montre-velcro-alligator-nubuck-bleu-encre\/#breadcrumb"},"inLanguage":"fr-FR","potentialAction":[{"@type":"ReadAction","target":["https:\/\/www.jean-rousseau.com\/fr\/boutique\/bracelet-de-montre-velcro-alligator-nubuck-bleu-encre\/"]}]},{"@type":"ImageObject","inLanguage":"fr-FR","@id":"https:\/\/www.jean-rousseau.com\/fr\/boutique\/bracelet-de-montre-velcro-alligator-nubuck-bleu-encre\/#primaryimage","url":"https:\/\/www.jean-rousseau.com\/wp-content\/uploads\/2025\/06\/Velcro-watch-strap-navy-nubuck-alligator_1.jpg","contentUrl":"https:\/\/www.jean-rousseau.com\/wp-content\/uploads\/2025\/06\/Velcro-watch-strap-navy-nubuck-alligator_1.jpg","width":1280,"height":1706,"caption":"jean rousseau bracelet velcro alligator bleu"},{"@type":"BreadcrumbList","@id":"https:\/\/www.jean-rousseau.com\/fr\/boutique\/bracelet-de-montre-velcro-alligator-nubuck-bleu-encre\/#breadcrumb","itemListElement":[{"@type":"ListItem","position":1,"name":"Accueil","item":"https:\/\/www.jean-rousseau.com\/fr\/"},{"@type":"ListItem","position":2,"name":"Boutique","item":"https:\/\/www.jean-rousseau.com\/fr\/boutique\/"},{"@type":"ListItem","position":3,"name":"Bracelet de montre Velcro alligator nubuck bleu encre"}]},{"@type":"WebSite","@id":"https:\/\/www.jean-rousseau.com\/#website","url":"https:\/\/www.jean-rousseau.com\/","name":"Maison Jean Rousseau","description":"Sp\u00e9cialiste en bracelets de montre et maroquinerie sur-mesure made in France, artisan d\u2019excellence depuis 1954.","publisher":{"@id":"https:\/\/www.jean-rousseau.com\/#organization"},"potentialAction":[{"@type":"SearchAction","target":{"@type":"EntryPoint","urlTemplate":"https:\/\/www.jean-rousseau.com\/?s={search_term_string}"},"query-input":{"@type":"PropertyValueSpecification","valueRequired":true,"valueName":"search_term_string"}}],"inLanguage":"fr-FR"},{"@type":"Organization","@id":"https:\/\/www.jean-rousseau.com\/#organization","name":"Maison Jean Rousseau","url":"https:\/\/www.jean-rousseau.com\/","logo":{"@type":"ImageObject","inLanguage":"fr-FR","@id":"https:\/\/www.jean-rousseau.com\/#\/schema\/logo\/image\/","url":"https:\/\/www.jean-rousseau.com\/wp-content\/uploads\/2024\/02\/logo-JR.jpg","contentUrl":"https:\/\/www.jean-rousseau.com\/wp-content\/uploads\/2024\/02\/logo-JR.jpg","width":696,"height":696,"caption":"Maison Jean Rousseau"},"image":{"@id":"https:\/\/www.jean-rousseau.com\/#\/schema\/logo\/image\/"},"sameAs":["https:\/\/www.facebook.com\/JeanrousseauParis\/","https:\/\/x.com\/jeanrousseaufr","https:\/\/www.instagram.com\/jeanrousseauparis\/","https:\/\/www.linkedin.com\/company\/maison-jean-rousseau\/","https:\/\/www.pinterest.fr\/jeanrousseauparis\/","https:\/\/www.youtube.com\/@MaisonJeanRousseau","https:\/\/www.tiktok.com\/@jeanrousseauparis","https:\/\/www.weibo.com\/p\/1006066811228508\/home?from=page_100606&mod=TAB&is_hot=1"]}]}},"_links":{"self":[{"href":"https:\/\/www.jean-rousseau.com\/fr\/wp-json\/wp\/v2\/product\/277960","targetHints":{"allow":["GET"]}}],"collection":[{"href":"https:\/\/www.jean-rousseau.com\/fr\/wp-json\/wp\/v2\/product"}],"about":[{"href":"https:\/\/www.jean-rousseau.com\/fr\/wp-json\/wp\/v2\/types\/product"}],"wp:featuredmedia":[{"embeddable":true,"href":"https:\/\/www.jean-rousseau.com\/fr\/wp-json\/wp\/v2\/media\/300615"}],"wp:attachment":[{"href":"https:\/\/www.jean-rousseau.com\/fr\/wp-json\/wp\/v2\/media?parent=277960"}],"wp:term":[{"taxonomy":"product_brand","embeddable":true,"href":"https:\/\/www.jean-rousseau.com\/fr\/wp-json\/wp\/v2\/product_brand?post=277960"},{"taxonomy":"product_cat","embeddable":true,"href":"https:\/\/www.jean-rousseau.com\/fr\/wp-json\/wp\/v2\/product_cat?post=277960"},{"taxonomy":"product_tag","embeddable":true,"href":"https:\/\/www.jean-rousseau.com\/fr\/wp-json\/wp\/v2\/product_tag?post=277960"}],"curies":[{"name":"wp","href":"https:\/\/api.w.org\/{rel}","templated":true}]}}