{"id":286133,"date":"2025-04-22T11:17:51","date_gmt":"2025-04-22T09:17:51","guid":{"rendered":"https:\/\/www.jean-rousseau.com\/?post_type=product&#038;p=286133"},"modified":"2025-09-09T12:46:22","modified_gmt":"2025-09-09T10:46:22","slug":"bracelet-de-montre-eska-x-jr-tissu-technique-noir-couture-beige","status":"publish","type":"product","link":"https:\/\/www.jean-rousseau.com\/fr\/boutique\/bracelet-de-montre-eska-x-jr-tissu-technique-noir-couture-beige\/","title":{"rendered":"Bracelet de montre Eska x JR Tissu technique noir \u2013 couture beige"},"content":{"rendered":"<div class=\"wpb-content-wrapper\"><p>[vc_row][vc_column][vc_column_text css=\u00a0\u00bb\u00a0\u00bb]Les bracelets Eska x Jean Rousseau apportent une touche sportive et dynamique \u00e0 votre montre de plong\u00e9e. Pens\u00e9s pour l\u2019aventure, ils offrent un confort au quotidien et une solidit\u00e9 \u00e0 toute \u00e9preuve. Avec leurs coutures contrast\u00e9es et leur finition soign\u00e9e, ils compl\u00e8tent \u00e0 merveille l\u2019h\u00e9ritage horloger de la marque, tout en refl\u00e9tant l\u2019esth\u00e9tique vintage et le design raffin\u00e9 des montres Eska.[\/vc_column_text][\/vc_column][\/vc_row]<\/p>\n<\/div>","protected":false},"excerpt":{"rendered":"<p>[vc_row][vc_column][vc_column_text css=\u00a0\u00bb\u00a0\u00bb]Les bracelets Eska x Jean Rousseau apportent une touche sportive et dynamique \u00e0 votre montre de plong\u00e9e. Pens\u00e9s pour l\u2019aventure, ils offrent un confort au quotidien et une solidit\u00e9 \u00e0 toute \u00e9preuve. Avec leurs coutures contrast\u00e9es et leur finition soign\u00e9e, ils compl\u00e8tent \u00e0 merveille l\u2019h\u00e9ritage horloger de la marque, tout en refl\u00e9tant l\u2019esth\u00e9tique vintage [&hellip;]<\/p>\n","protected":false},"featured_media":295010,"template":"","meta":{"_acf_changed":false,"_relevanssi_hide_post":"","_relevanssi_hide_content":"","_relevanssi_pin_for_all":"","_relevanssi_pin_keywords":"","_relevanssi_unpin_keywords":"","_relevanssi_related_keywords":"","_relevanssi_related_include_ids":"","_relevanssi_related_exclude_ids":"","_relevanssi_related_no_append":"","_relevanssi_related_not_related":"","_relevanssi_related_posts":"","_relevanssi_noindex_reason":""},"product_brand":[],"product_cat":[1924,6626],"product_tag":[],"class_list":{"0":"post-286133","1":"product","2":"type-product","3":"status-publish","4":"has-post-thumbnail","6":"couleur-black-fr","7":"product_cat-les-bracelets","8":"product_cat-eska-fr","9":"product_shipping_class-on-stock-no-cites-straps-fr","11":"first","12":"instock","13":"taxable","14":"shipping-taxable","15":"purchasable","16":"product-type-variable","17":"has-default-attributes"},"acf":[],"yoast_head":"<!-- This site is optimized with the Yoast SEO plugin v26.3 - https:\/\/yoast.com\/wordpress\/plugins\/seo\/ -->\n<title>Bracelet de montre Eska x JR Tissu technique noir \u2013 couture beige - Maison Jean Rousseau<\/title>\n<meta name=\"description\" content=\"Un noir intense, une couture beige en \u00e9cho aux index de la Black Shark. Un d\u00e9tail discret, juste ce qu\u2019il faut pour souligner le caract\u00e8re de la montre. Confectionn\u00e9 en tissu technique, ce bracelet offre r\u00e9sistance et l\u00e9g\u00e8ret\u00e9 au quotidien.\" \/>\n<meta name=\"robots\" content=\"index, follow, max-snippet:-1, max-image-preview:large, max-video-preview:-1\" \/>\n<link rel=\"canonical\" href=\"https:\/\/www.jean-rousseau.com\/fr\/boutique\/bracelet-de-montre-eska-x-jr-tissu-technique-noir-couture-beige\/\" \/>\n<meta property=\"og:locale\" content=\"fr_FR\" \/>\n<meta property=\"og:type\" content=\"article\" \/>\n<meta property=\"og:title\" content=\"Bracelet de montre Eska x JR Tissu technique noir \u2013 couture beige - Maison Jean Rousseau\" \/>\n<meta property=\"og:description\" content=\"Un noir intense, une couture beige en \u00e9cho aux index de la Black Shark. Un d\u00e9tail discret, juste ce qu\u2019il faut pour souligner le caract\u00e8re de la montre. Confectionn\u00e9 en tissu technique, ce bracelet offre r\u00e9sistance et l\u00e9g\u00e8ret\u00e9 au quotidien.\" \/>\n<meta property=\"og:url\" content=\"https:\/\/www.jean-rousseau.com\/fr\/boutique\/bracelet-de-montre-eska-x-jr-tissu-technique-noir-couture-beige\/\" \/>\n<meta property=\"og:site_name\" content=\"Maison Jean Rousseau\" \/>\n<meta property=\"article:publisher\" content=\"https:\/\/www.facebook.com\/JeanrousseauParis\/\" \/>\n<meta property=\"article:modified_time\" content=\"2025-09-09T10:46:22+00:00\" \/>\n<meta property=\"og:image\" content=\"https:\/\/www.jean-rousseau.com\/wp-content\/uploads\/2025\/04\/Eska-x-JR-Watch-Strap-Black-technical-fabric-beige-stitching_1.jpg\" \/>\n\t<meta property=\"og:image:width\" content=\"1280\" \/>\n\t<meta property=\"og:image:height\" content=\"1706\" \/>\n\t<meta property=\"og:image:type\" content=\"image\/jpeg\" \/>\n<meta name=\"twitter:card\" content=\"summary_large_image\" \/>\n<meta name=\"twitter:site\" content=\"@jeanrousseaufr\" \/>\n<meta name=\"twitter:label1\" content=\"Dur\u00e9e de lecture estim\u00e9e\" \/>\n\t<meta name=\"twitter:data1\" content=\"1 minute\" \/>\n<script type=\"application\/ld+json\" class=\"yoast-schema-graph\">{\"@context\":\"https:\/\/schema.org\",\"@graph\":[{\"@type\":\"WebPage\",\"@id\":\"https:\/\/www.jean-rousseau.com\/fr\/boutique\/bracelet-de-montre-eska-x-jr-tissu-technique-noir-couture-beige\/\",\"url\":\"https:\/\/www.jean-rousseau.com\/fr\/boutique\/bracelet-de-montre-eska-x-jr-tissu-technique-noir-couture-beige\/\",\"name\":\"Bracelet de montre Eska x JR Tissu technique noir \u2013 couture beige - Maison Jean Rousseau\",\"isPartOf\":{\"@id\":\"https:\/\/www.jean-rousseau.com\/#website\"},\"primaryImageOfPage\":{\"@id\":\"https:\/\/www.jean-rousseau.com\/fr\/boutique\/bracelet-de-montre-eska-x-jr-tissu-technique-noir-couture-beige\/#primaryimage\"},\"image\":{\"@id\":\"https:\/\/www.jean-rousseau.com\/fr\/boutique\/bracelet-de-montre-eska-x-jr-tissu-technique-noir-couture-beige\/#primaryimage\"},\"thumbnailUrl\":\"https:\/\/www.jean-rousseau.com\/wp-content\/uploads\/2025\/05\/Eska-x-JR-Watch-Strap-Black-technical-fabric-beige-stitching_3.jpg\",\"datePublished\":\"2025-04-22T09:17:51+00:00\",\"dateModified\":\"2025-09-09T10:46:22+00:00\",\"description\":\"Un noir intense, une couture beige en \u00e9cho aux index de la Black Shark. Un d\u00e9tail discret, juste ce qu\u2019il faut pour souligner le caract\u00e8re de la montre. Confectionn\u00e9 en tissu technique, ce bracelet offre r\u00e9sistance et l\u00e9g\u00e8ret\u00e9 au quotidien.\",\"breadcrumb\":{\"@id\":\"https:\/\/www.jean-rousseau.com\/fr\/boutique\/bracelet-de-montre-eska-x-jr-tissu-technique-noir-couture-beige\/#breadcrumb\"},\"inLanguage\":\"fr-FR\",\"potentialAction\":[{\"@type\":\"ReadAction\",\"target\":[\"https:\/\/www.jean-rousseau.com\/fr\/boutique\/bracelet-de-montre-eska-x-jr-tissu-technique-noir-couture-beige\/\"]}]},{\"@type\":\"ImageObject\",\"inLanguage\":\"fr-FR\",\"@id\":\"https:\/\/www.jean-rousseau.com\/fr\/boutique\/bracelet-de-montre-eska-x-jr-tissu-technique-noir-couture-beige\/#primaryimage\",\"url\":\"https:\/\/www.jean-rousseau.com\/wp-content\/uploads\/2025\/05\/Eska-x-JR-Watch-Strap-Black-technical-fabric-beige-stitching_3.jpg\",\"contentUrl\":\"https:\/\/www.jean-rousseau.com\/wp-content\/uploads\/2025\/05\/Eska-x-JR-Watch-Strap-Black-technical-fabric-beige-stitching_3.jpg\",\"width\":1280,\"height\":1706,\"caption\":\"eska jean rousseau noir compass tissu technique\"},{\"@type\":\"BreadcrumbList\",\"@id\":\"https:\/\/www.jean-rousseau.com\/fr\/boutique\/bracelet-de-montre-eska-x-jr-tissu-technique-noir-couture-beige\/#breadcrumb\",\"itemListElement\":[{\"@type\":\"ListItem\",\"position\":1,\"name\":\"Accueil\",\"item\":\"https:\/\/www.jean-rousseau.com\/fr\/\"},{\"@type\":\"ListItem\",\"position\":2,\"name\":\"Boutique\",\"item\":\"https:\/\/www.jean-rousseau.com\/fr\/boutique\/\"},{\"@type\":\"ListItem\",\"position\":3,\"name\":\"Bracelet de montre Eska x JR Tissu technique noir \u2013 couture beige\"}]},{\"@type\":\"WebSite\",\"@id\":\"https:\/\/www.jean-rousseau.com\/#website\",\"url\":\"https:\/\/www.jean-rousseau.com\/\",\"name\":\"Maison Jean Rousseau\",\"description\":\"Sp\u00e9cialiste en bracelets de montre et maroquinerie sur-mesure made in France, artisan d\u2019excellence depuis 1954.\",\"publisher\":{\"@id\":\"https:\/\/www.jean-rousseau.com\/#organization\"},\"potentialAction\":[{\"@type\":\"SearchAction\",\"target\":{\"@type\":\"EntryPoint\",\"urlTemplate\":\"https:\/\/www.jean-rousseau.com\/?s={search_term_string}\"},\"query-input\":{\"@type\":\"PropertyValueSpecification\",\"valueRequired\":true,\"valueName\":\"search_term_string\"}}],\"inLanguage\":\"fr-FR\"},{\"@type\":\"Organization\",\"@id\":\"https:\/\/www.jean-rousseau.com\/#organization\",\"name\":\"Maison Jean Rousseau\",\"url\":\"https:\/\/www.jean-rousseau.com\/\",\"logo\":{\"@type\":\"ImageObject\",\"inLanguage\":\"fr-FR\",\"@id\":\"https:\/\/www.jean-rousseau.com\/#\/schema\/logo\/image\/\",\"url\":\"https:\/\/www.jean-rousseau.com\/wp-content\/uploads\/2024\/02\/logo-JR.jpg\",\"contentUrl\":\"https:\/\/www.jean-rousseau.com\/wp-content\/uploads\/2024\/02\/logo-JR.jpg\",\"width\":696,\"height\":696,\"caption\":\"Maison Jean Rousseau\"},\"image\":{\"@id\":\"https:\/\/www.jean-rousseau.com\/#\/schema\/logo\/image\/\"},\"sameAs\":[\"https:\/\/www.facebook.com\/JeanrousseauParis\/\",\"https:\/\/x.com\/jeanrousseaufr\",\"https:\/\/www.instagram.com\/jeanrousseauparis\/\",\"https:\/\/www.linkedin.com\/company\/maison-jean-rousseau\/\",\"https:\/\/www.pinterest.fr\/jeanrousseauparis\/\",\"https:\/\/www.youtube.com\/@MaisonJeanRousseau\",\"https:\/\/www.tiktok.com\/@jeanrousseauparis\",\"https:\/\/www.weibo.com\/p\/1006066811228508\/home?from=page_100606&mod=TAB&is_hot=1\"]}]}<\/script>\n<!-- \/ Yoast SEO plugin. -->","yoast_head_json":{"title":"Bracelet de montre Eska x JR Tissu technique noir \u2013 couture beige - Maison Jean Rousseau","description":"Un noir intense, une couture beige en \u00e9cho aux index de la Black Shark. Un d\u00e9tail discret, juste ce qu\u2019il faut pour souligner le caract\u00e8re de la montre. Confectionn\u00e9 en tissu technique, ce bracelet offre r\u00e9sistance et l\u00e9g\u00e8ret\u00e9 au quotidien.","robots":{"index":"index","follow":"follow","max-snippet":"max-snippet:-1","max-image-preview":"max-image-preview:large","max-video-preview":"max-video-preview:-1"},"canonical":"https:\/\/www.jean-rousseau.com\/fr\/boutique\/bracelet-de-montre-eska-x-jr-tissu-technique-noir-couture-beige\/","og_locale":"fr_FR","og_type":"article","og_title":"Bracelet de montre Eska x JR Tissu technique noir \u2013 couture beige - Maison Jean Rousseau","og_description":"Un noir intense, une couture beige en \u00e9cho aux index de la Black Shark. Un d\u00e9tail discret, juste ce qu\u2019il faut pour souligner le caract\u00e8re de la montre. Confectionn\u00e9 en tissu technique, ce bracelet offre r\u00e9sistance et l\u00e9g\u00e8ret\u00e9 au quotidien.","og_url":"https:\/\/www.jean-rousseau.com\/fr\/boutique\/bracelet-de-montre-eska-x-jr-tissu-technique-noir-couture-beige\/","og_site_name":"Maison Jean Rousseau","article_publisher":"https:\/\/www.facebook.com\/JeanrousseauParis\/","article_modified_time":"2025-09-09T10:46:22+00:00","og_image":[{"width":1280,"height":1706,"url":"https:\/\/www.jean-rousseau.com\/wp-content\/uploads\/2025\/04\/Eska-x-JR-Watch-Strap-Black-technical-fabric-beige-stitching_1.jpg","type":"image\/jpeg"}],"twitter_card":"summary_large_image","twitter_site":"@jeanrousseaufr","twitter_misc":{"Dur\u00e9e de lecture estim\u00e9e":"1 minute"},"schema":{"@context":"https:\/\/schema.org","@graph":[{"@type":"WebPage","@id":"https:\/\/www.jean-rousseau.com\/fr\/boutique\/bracelet-de-montre-eska-x-jr-tissu-technique-noir-couture-beige\/","url":"https:\/\/www.jean-rousseau.com\/fr\/boutique\/bracelet-de-montre-eska-x-jr-tissu-technique-noir-couture-beige\/","name":"Bracelet de montre Eska x JR Tissu technique noir \u2013 couture beige - Maison Jean Rousseau","isPartOf":{"@id":"https:\/\/www.jean-rousseau.com\/#website"},"primaryImageOfPage":{"@id":"https:\/\/www.jean-rousseau.com\/fr\/boutique\/bracelet-de-montre-eska-x-jr-tissu-technique-noir-couture-beige\/#primaryimage"},"image":{"@id":"https:\/\/www.jean-rousseau.com\/fr\/boutique\/bracelet-de-montre-eska-x-jr-tissu-technique-noir-couture-beige\/#primaryimage"},"thumbnailUrl":"https:\/\/www.jean-rousseau.com\/wp-content\/uploads\/2025\/05\/Eska-x-JR-Watch-Strap-Black-technical-fabric-beige-stitching_3.jpg","datePublished":"2025-04-22T09:17:51+00:00","dateModified":"2025-09-09T10:46:22+00:00","description":"Un noir intense, une couture beige en \u00e9cho aux index de la Black Shark. Un d\u00e9tail discret, juste ce qu\u2019il faut pour souligner le caract\u00e8re de la montre. Confectionn\u00e9 en tissu technique, ce bracelet offre r\u00e9sistance et l\u00e9g\u00e8ret\u00e9 au quotidien.","breadcrumb":{"@id":"https:\/\/www.jean-rousseau.com\/fr\/boutique\/bracelet-de-montre-eska-x-jr-tissu-technique-noir-couture-beige\/#breadcrumb"},"inLanguage":"fr-FR","potentialAction":[{"@type":"ReadAction","target":["https:\/\/www.jean-rousseau.com\/fr\/boutique\/bracelet-de-montre-eska-x-jr-tissu-technique-noir-couture-beige\/"]}]},{"@type":"ImageObject","inLanguage":"fr-FR","@id":"https:\/\/www.jean-rousseau.com\/fr\/boutique\/bracelet-de-montre-eska-x-jr-tissu-technique-noir-couture-beige\/#primaryimage","url":"https:\/\/www.jean-rousseau.com\/wp-content\/uploads\/2025\/05\/Eska-x-JR-Watch-Strap-Black-technical-fabric-beige-stitching_3.jpg","contentUrl":"https:\/\/www.jean-rousseau.com\/wp-content\/uploads\/2025\/05\/Eska-x-JR-Watch-Strap-Black-technical-fabric-beige-stitching_3.jpg","width":1280,"height":1706,"caption":"eska jean rousseau noir compass tissu technique"},{"@type":"BreadcrumbList","@id":"https:\/\/www.jean-rousseau.com\/fr\/boutique\/bracelet-de-montre-eska-x-jr-tissu-technique-noir-couture-beige\/#breadcrumb","itemListElement":[{"@type":"ListItem","position":1,"name":"Accueil","item":"https:\/\/www.jean-rousseau.com\/fr\/"},{"@type":"ListItem","position":2,"name":"Boutique","item":"https:\/\/www.jean-rousseau.com\/fr\/boutique\/"},{"@type":"ListItem","position":3,"name":"Bracelet de montre Eska x JR Tissu technique noir \u2013 couture beige"}]},{"@type":"WebSite","@id":"https:\/\/www.jean-rousseau.com\/#website","url":"https:\/\/www.jean-rousseau.com\/","name":"Maison Jean Rousseau","description":"Sp\u00e9cialiste en bracelets de montre et maroquinerie sur-mesure made in France, artisan d\u2019excellence depuis 1954.","publisher":{"@id":"https:\/\/www.jean-rousseau.com\/#organization"},"potentialAction":[{"@type":"SearchAction","target":{"@type":"EntryPoint","urlTemplate":"https:\/\/www.jean-rousseau.com\/?s={search_term_string}"},"query-input":{"@type":"PropertyValueSpecification","valueRequired":true,"valueName":"search_term_string"}}],"inLanguage":"fr-FR"},{"@type":"Organization","@id":"https:\/\/www.jean-rousseau.com\/#organization","name":"Maison Jean Rousseau","url":"https:\/\/www.jean-rousseau.com\/","logo":{"@type":"ImageObject","inLanguage":"fr-FR","@id":"https:\/\/www.jean-rousseau.com\/#\/schema\/logo\/image\/","url":"https:\/\/www.jean-rousseau.com\/wp-content\/uploads\/2024\/02\/logo-JR.jpg","contentUrl":"https:\/\/www.jean-rousseau.com\/wp-content\/uploads\/2024\/02\/logo-JR.jpg","width":696,"height":696,"caption":"Maison Jean Rousseau"},"image":{"@id":"https:\/\/www.jean-rousseau.com\/#\/schema\/logo\/image\/"},"sameAs":["https:\/\/www.facebook.com\/JeanrousseauParis\/","https:\/\/x.com\/jeanrousseaufr","https:\/\/www.instagram.com\/jeanrousseauparis\/","https:\/\/www.linkedin.com\/company\/maison-jean-rousseau\/","https:\/\/www.pinterest.fr\/jeanrousseauparis\/","https:\/\/www.youtube.com\/@MaisonJeanRousseau","https:\/\/www.tiktok.com\/@jeanrousseauparis","https:\/\/www.weibo.com\/p\/1006066811228508\/home?from=page_100606&mod=TAB&is_hot=1"]}]}},"_links":{"self":[{"href":"https:\/\/www.jean-rousseau.com\/fr\/wp-json\/wp\/v2\/product\/286133","targetHints":{"allow":["GET"]}}],"collection":[{"href":"https:\/\/www.jean-rousseau.com\/fr\/wp-json\/wp\/v2\/product"}],"about":[{"href":"https:\/\/www.jean-rousseau.com\/fr\/wp-json\/wp\/v2\/types\/product"}],"wp:featuredmedia":[{"embeddable":true,"href":"https:\/\/www.jean-rousseau.com\/fr\/wp-json\/wp\/v2\/media\/295010"}],"wp:attachment":[{"href":"https:\/\/www.jean-rousseau.com\/fr\/wp-json\/wp\/v2\/media?parent=286133"}],"wp:term":[{"taxonomy":"product_brand","embeddable":true,"href":"https:\/\/www.jean-rousseau.com\/fr\/wp-json\/wp\/v2\/product_brand?post=286133"},{"taxonomy":"product_cat","embeddable":true,"href":"https:\/\/www.jean-rousseau.com\/fr\/wp-json\/wp\/v2\/product_cat?post=286133"},{"taxonomy":"product_tag","embeddable":true,"href":"https:\/\/www.jean-rousseau.com\/fr\/wp-json\/wp\/v2\/product_tag?post=286133"}],"curies":[{"name":"wp","href":"https:\/\/api.w.org\/{rel}","templated":true}]}}