{"id":320478,"date":"2025-03-10T13:28:49","date_gmt":"2025-03-10T12:28:49","guid":{"rendered":"https:\/\/www.jean-rousseau.com\/?post_type=product&#038;p=320478"},"modified":"2025-09-19T10:44:12","modified_gmt":"2025-09-19T08:44:12","slug":"bracelet-de-montre-velcro-alligator-dexception-bleu-gris-delave","status":"publish","type":"product","link":"https:\/\/www.jean-rousseau.com\/fr\/boutique\/bracelet-de-montre-velcro-alligator-dexception-bleu-gris-delave\/","title":{"rendered":"Bracelet de montre Velcro alligator d&rsquo;exception bleu gris d\u00e9lav\u00e9"},"content":{"rendered":"<p>Avec sa silhouette dynamique et sa fermeture Velcro, ce bracelet au style d\u00e9contract\u00e9 apporte une touche sportive \u00e0 n\u2019importe quelle montre. L\u00e9g\u00e8rement bomb\u00e9, cousu et rembord\u00e9, il pr\u00e9sente une \u00e9paisseur de 4,5 mm au niveau du bo\u00eetier, qui s\u2019affine jusqu\u2019\u00e0 2 mm vers la fermeture. Ce mod\u00e8le est disponible en version bi-mati\u00e8re ou en coloris uni.<\/p>\n","protected":false},"excerpt":{"rendered":"<p>Avec sa silhouette dynamique et sa fermeture Velcro, ce bracelet au style d\u00e9contract\u00e9 apporte une touche sportive \u00e0 n\u2019importe quelle montre. L\u00e9g\u00e8rement bomb\u00e9, cousu et rembord\u00e9, il pr\u00e9sente une \u00e9paisseur de 4,5 mm au niveau du bo\u00eetier, qui s\u2019affine jusqu\u2019\u00e0 2 mm vers la fermeture. Ce mod\u00e8le est disponible en version bi-mati\u00e8re ou en coloris [&hellip;]<\/p>\n","protected":false},"featured_media":300692,"template":"","meta":{"_acf_changed":false,"_relevanssi_hide_post":"","_relevanssi_hide_content":"","_relevanssi_pin_for_all":"","_relevanssi_pin_keywords":"","_relevanssi_unpin_keywords":"","_relevanssi_related_keywords":"","_relevanssi_related_include_ids":"","_relevanssi_related_exclude_ids":"","_relevanssi_related_no_append":"","_relevanssi_related_not_related":"","_relevanssi_related_posts":"","_relevanssi_noindex_reason":""},"product_brand":[],"product_cat":[1924,6384],"product_tag":[],"class_list":{"0":"post-320478","1":"product","2":"type-product","3":"status-publish","4":"has-post-thumbnail","6":"collection-velcro-fr","7":"couleur-blue-fr","8":"product_cat-les-bracelets","9":"product_cat-velcro-fr","10":"product_shipping_class-on-stock-cites-needed-straps-fr","12":"first","13":"instock","14":"taxable","15":"shipping-taxable","16":"purchasable","17":"product-type-variable","18":"has-default-attributes"},"acf":[],"yoast_head":"<!-- This site is optimized with the Yoast SEO plugin v26.3 - https:\/\/yoast.com\/wordpress\/plugins\/seo\/ -->\n<title>Bracelet de montre Velcro alligator d&#039;exception bleu gris d\u00e9lav\u00e9 - Maison Jean Rousseau<\/title>\n<meta name=\"robots\" content=\"index, follow, max-snippet:-1, max-image-preview:large, max-video-preview:-1\" \/>\n<link rel=\"canonical\" href=\"https:\/\/www.jean-rousseau.com\/fr\/boutique\/bracelet-de-montre-velcro-alligator-dexception-bleu-gris-delave\/\" \/>\n<meta property=\"og:locale\" content=\"fr_FR\" \/>\n<meta property=\"og:type\" content=\"article\" \/>\n<meta property=\"og:title\" content=\"Bracelet de montre Velcro alligator d&#039;exception bleu gris d\u00e9lav\u00e9 - Maison Jean Rousseau\" \/>\n<meta property=\"og:description\" content=\"Avec sa silhouette dynamique et sa fermeture Velcro, ce bracelet au style d\u00e9contract\u00e9 apporte une touche sportive \u00e0 n\u2019importe quelle montre. L\u00e9g\u00e8rement bomb\u00e9, cousu et rembord\u00e9, il pr\u00e9sente une \u00e9paisseur de 4,5 mm au niveau du bo\u00eetier, qui s\u2019affine jusqu\u2019\u00e0 2 mm vers la fermeture. Ce mod\u00e8le est disponible en version bi-mati\u00e8re ou en coloris [&hellip;]\" \/>\n<meta property=\"og:url\" content=\"https:\/\/www.jean-rousseau.com\/fr\/boutique\/bracelet-de-montre-velcro-alligator-dexception-bleu-gris-delave\/\" \/>\n<meta property=\"og:site_name\" content=\"Maison Jean Rousseau\" \/>\n<meta property=\"article:publisher\" content=\"https:\/\/www.facebook.com\/JeanrousseauParis\/\" \/>\n<meta property=\"article:modified_time\" content=\"2025-09-19T08:44:12+00:00\" \/>\n<meta property=\"og:image\" content=\"https:\/\/www.jean-rousseau.com\/wp-content\/uploads\/2025\/06\/Velcro-watch-strap-blue-grey-faded-exception-alligator_1-768x1024.jpg\" \/>\n\t<meta property=\"og:image:width\" content=\"768\" \/>\n\t<meta property=\"og:image:height\" content=\"1024\" \/>\n\t<meta property=\"og:image:type\" content=\"image\/jpeg\" \/>\n<meta name=\"twitter:card\" content=\"summary_large_image\" \/>\n<meta name=\"twitter:site\" content=\"@jeanrousseaufr\" \/>\n<meta name=\"twitter:label1\" content=\"Dur\u00e9e de lecture estim\u00e9e\" \/>\n\t<meta name=\"twitter:data1\" content=\"1 minute\" \/>\n<script type=\"application\/ld+json\" class=\"yoast-schema-graph\">{\"@context\":\"https:\/\/schema.org\",\"@graph\":[{\"@type\":\"WebPage\",\"@id\":\"https:\/\/www.jean-rousseau.com\/fr\/boutique\/bracelet-de-montre-velcro-alligator-dexception-bleu-gris-delave\/\",\"url\":\"https:\/\/www.jean-rousseau.com\/fr\/boutique\/bracelet-de-montre-velcro-alligator-dexception-bleu-gris-delave\/\",\"name\":\"Bracelet de montre Velcro alligator d'exception bleu gris d\u00e9lav\u00e9 - Maison Jean Rousseau\",\"isPartOf\":{\"@id\":\"https:\/\/www.jean-rousseau.com\/#website\"},\"primaryImageOfPage\":{\"@id\":\"https:\/\/www.jean-rousseau.com\/fr\/boutique\/bracelet-de-montre-velcro-alligator-dexception-bleu-gris-delave\/#primaryimage\"},\"image\":{\"@id\":\"https:\/\/www.jean-rousseau.com\/fr\/boutique\/bracelet-de-montre-velcro-alligator-dexception-bleu-gris-delave\/#primaryimage\"},\"thumbnailUrl\":\"https:\/\/www.jean-rousseau.com\/wp-content\/uploads\/2025\/06\/Velcro-watch-strap-blue-grey-faded-exception-alligator_1.jpg\",\"datePublished\":\"2025-03-10T12:28:49+00:00\",\"dateModified\":\"2025-09-19T08:44:12+00:00\",\"breadcrumb\":{\"@id\":\"https:\/\/www.jean-rousseau.com\/fr\/boutique\/bracelet-de-montre-velcro-alligator-dexception-bleu-gris-delave\/#breadcrumb\"},\"inLanguage\":\"fr-FR\",\"potentialAction\":[{\"@type\":\"ReadAction\",\"target\":[\"https:\/\/www.jean-rousseau.com\/fr\/boutique\/bracelet-de-montre-velcro-alligator-dexception-bleu-gris-delave\/\"]}]},{\"@type\":\"ImageObject\",\"inLanguage\":\"fr-FR\",\"@id\":\"https:\/\/www.jean-rousseau.com\/fr\/boutique\/bracelet-de-montre-velcro-alligator-dexception-bleu-gris-delave\/#primaryimage\",\"url\":\"https:\/\/www.jean-rousseau.com\/wp-content\/uploads\/2025\/06\/Velcro-watch-strap-blue-grey-faded-exception-alligator_1.jpg\",\"contentUrl\":\"https:\/\/www.jean-rousseau.com\/wp-content\/uploads\/2025\/06\/Velcro-watch-strap-blue-grey-faded-exception-alligator_1.jpg\",\"width\":1280,\"height\":1706,\"caption\":\"jean rousseau bracelet velcro alligator violet\"},{\"@type\":\"BreadcrumbList\",\"@id\":\"https:\/\/www.jean-rousseau.com\/fr\/boutique\/bracelet-de-montre-velcro-alligator-dexception-bleu-gris-delave\/#breadcrumb\",\"itemListElement\":[{\"@type\":\"ListItem\",\"position\":1,\"name\":\"Accueil\",\"item\":\"https:\/\/www.jean-rousseau.com\/fr\/\"},{\"@type\":\"ListItem\",\"position\":2,\"name\":\"Boutique\",\"item\":\"https:\/\/www.jean-rousseau.com\/fr\/boutique\/\"},{\"@type\":\"ListItem\",\"position\":3,\"name\":\"Bracelet de montre Velcro alligator d&rsquo;exception bleu gris d\u00e9lav\u00e9\"}]},{\"@type\":\"WebSite\",\"@id\":\"https:\/\/www.jean-rousseau.com\/#website\",\"url\":\"https:\/\/www.jean-rousseau.com\/\",\"name\":\"Maison Jean Rousseau\",\"description\":\"Sp\u00e9cialiste en bracelets de montre et maroquinerie sur-mesure made in France, artisan d\u2019excellence depuis 1954.\",\"publisher\":{\"@id\":\"https:\/\/www.jean-rousseau.com\/#organization\"},\"potentialAction\":[{\"@type\":\"SearchAction\",\"target\":{\"@type\":\"EntryPoint\",\"urlTemplate\":\"https:\/\/www.jean-rousseau.com\/?s={search_term_string}\"},\"query-input\":{\"@type\":\"PropertyValueSpecification\",\"valueRequired\":true,\"valueName\":\"search_term_string\"}}],\"inLanguage\":\"fr-FR\"},{\"@type\":\"Organization\",\"@id\":\"https:\/\/www.jean-rousseau.com\/#organization\",\"name\":\"Maison Jean Rousseau\",\"url\":\"https:\/\/www.jean-rousseau.com\/\",\"logo\":{\"@type\":\"ImageObject\",\"inLanguage\":\"fr-FR\",\"@id\":\"https:\/\/www.jean-rousseau.com\/#\/schema\/logo\/image\/\",\"url\":\"https:\/\/www.jean-rousseau.com\/wp-content\/uploads\/2024\/02\/logo-JR.jpg\",\"contentUrl\":\"https:\/\/www.jean-rousseau.com\/wp-content\/uploads\/2024\/02\/logo-JR.jpg\",\"width\":696,\"height\":696,\"caption\":\"Maison Jean Rousseau\"},\"image\":{\"@id\":\"https:\/\/www.jean-rousseau.com\/#\/schema\/logo\/image\/\"},\"sameAs\":[\"https:\/\/www.facebook.com\/JeanrousseauParis\/\",\"https:\/\/x.com\/jeanrousseaufr\",\"https:\/\/www.instagram.com\/jeanrousseauparis\/\",\"https:\/\/www.linkedin.com\/company\/maison-jean-rousseau\/\",\"https:\/\/www.pinterest.fr\/jeanrousseauparis\/\",\"https:\/\/www.youtube.com\/@MaisonJeanRousseau\",\"https:\/\/www.tiktok.com\/@jeanrousseauparis\",\"https:\/\/www.weibo.com\/p\/1006066811228508\/home?from=page_100606&mod=TAB&is_hot=1\"]}]}<\/script>\n<!-- \/ Yoast SEO plugin. -->","yoast_head_json":{"title":"Bracelet de montre Velcro alligator d'exception bleu gris d\u00e9lav\u00e9 - Maison Jean Rousseau","robots":{"index":"index","follow":"follow","max-snippet":"max-snippet:-1","max-image-preview":"max-image-preview:large","max-video-preview":"max-video-preview:-1"},"canonical":"https:\/\/www.jean-rousseau.com\/fr\/boutique\/bracelet-de-montre-velcro-alligator-dexception-bleu-gris-delave\/","og_locale":"fr_FR","og_type":"article","og_title":"Bracelet de montre Velcro alligator d'exception bleu gris d\u00e9lav\u00e9 - Maison Jean Rousseau","og_description":"Avec sa silhouette dynamique et sa fermeture Velcro, ce bracelet au style d\u00e9contract\u00e9 apporte une touche sportive \u00e0 n\u2019importe quelle montre. L\u00e9g\u00e8rement bomb\u00e9, cousu et rembord\u00e9, il pr\u00e9sente une \u00e9paisseur de 4,5 mm au niveau du bo\u00eetier, qui s\u2019affine jusqu\u2019\u00e0 2 mm vers la fermeture. Ce mod\u00e8le est disponible en version bi-mati\u00e8re ou en coloris [&hellip;]","og_url":"https:\/\/www.jean-rousseau.com\/fr\/boutique\/bracelet-de-montre-velcro-alligator-dexception-bleu-gris-delave\/","og_site_name":"Maison Jean Rousseau","article_publisher":"https:\/\/www.facebook.com\/JeanrousseauParis\/","article_modified_time":"2025-09-19T08:44:12+00:00","og_image":[{"width":768,"height":1024,"url":"https:\/\/www.jean-rousseau.com\/wp-content\/uploads\/2025\/06\/Velcro-watch-strap-blue-grey-faded-exception-alligator_1-768x1024.jpg","type":"image\/jpeg"}],"twitter_card":"summary_large_image","twitter_site":"@jeanrousseaufr","twitter_misc":{"Dur\u00e9e de lecture estim\u00e9e":"1 minute"},"schema":{"@context":"https:\/\/schema.org","@graph":[{"@type":"WebPage","@id":"https:\/\/www.jean-rousseau.com\/fr\/boutique\/bracelet-de-montre-velcro-alligator-dexception-bleu-gris-delave\/","url":"https:\/\/www.jean-rousseau.com\/fr\/boutique\/bracelet-de-montre-velcro-alligator-dexception-bleu-gris-delave\/","name":"Bracelet de montre Velcro alligator d'exception bleu gris d\u00e9lav\u00e9 - Maison Jean Rousseau","isPartOf":{"@id":"https:\/\/www.jean-rousseau.com\/#website"},"primaryImageOfPage":{"@id":"https:\/\/www.jean-rousseau.com\/fr\/boutique\/bracelet-de-montre-velcro-alligator-dexception-bleu-gris-delave\/#primaryimage"},"image":{"@id":"https:\/\/www.jean-rousseau.com\/fr\/boutique\/bracelet-de-montre-velcro-alligator-dexception-bleu-gris-delave\/#primaryimage"},"thumbnailUrl":"https:\/\/www.jean-rousseau.com\/wp-content\/uploads\/2025\/06\/Velcro-watch-strap-blue-grey-faded-exception-alligator_1.jpg","datePublished":"2025-03-10T12:28:49+00:00","dateModified":"2025-09-19T08:44:12+00:00","breadcrumb":{"@id":"https:\/\/www.jean-rousseau.com\/fr\/boutique\/bracelet-de-montre-velcro-alligator-dexception-bleu-gris-delave\/#breadcrumb"},"inLanguage":"fr-FR","potentialAction":[{"@type":"ReadAction","target":["https:\/\/www.jean-rousseau.com\/fr\/boutique\/bracelet-de-montre-velcro-alligator-dexception-bleu-gris-delave\/"]}]},{"@type":"ImageObject","inLanguage":"fr-FR","@id":"https:\/\/www.jean-rousseau.com\/fr\/boutique\/bracelet-de-montre-velcro-alligator-dexception-bleu-gris-delave\/#primaryimage","url":"https:\/\/www.jean-rousseau.com\/wp-content\/uploads\/2025\/06\/Velcro-watch-strap-blue-grey-faded-exception-alligator_1.jpg","contentUrl":"https:\/\/www.jean-rousseau.com\/wp-content\/uploads\/2025\/06\/Velcro-watch-strap-blue-grey-faded-exception-alligator_1.jpg","width":1280,"height":1706,"caption":"jean rousseau bracelet velcro alligator violet"},{"@type":"BreadcrumbList","@id":"https:\/\/www.jean-rousseau.com\/fr\/boutique\/bracelet-de-montre-velcro-alligator-dexception-bleu-gris-delave\/#breadcrumb","itemListElement":[{"@type":"ListItem","position":1,"name":"Accueil","item":"https:\/\/www.jean-rousseau.com\/fr\/"},{"@type":"ListItem","position":2,"name":"Boutique","item":"https:\/\/www.jean-rousseau.com\/fr\/boutique\/"},{"@type":"ListItem","position":3,"name":"Bracelet de montre Velcro alligator d&rsquo;exception bleu gris d\u00e9lav\u00e9"}]},{"@type":"WebSite","@id":"https:\/\/www.jean-rousseau.com\/#website","url":"https:\/\/www.jean-rousseau.com\/","name":"Maison Jean Rousseau","description":"Sp\u00e9cialiste en bracelets de montre et maroquinerie sur-mesure made in France, artisan d\u2019excellence depuis 1954.","publisher":{"@id":"https:\/\/www.jean-rousseau.com\/#organization"},"potentialAction":[{"@type":"SearchAction","target":{"@type":"EntryPoint","urlTemplate":"https:\/\/www.jean-rousseau.com\/?s={search_term_string}"},"query-input":{"@type":"PropertyValueSpecification","valueRequired":true,"valueName":"search_term_string"}}],"inLanguage":"fr-FR"},{"@type":"Organization","@id":"https:\/\/www.jean-rousseau.com\/#organization","name":"Maison Jean Rousseau","url":"https:\/\/www.jean-rousseau.com\/","logo":{"@type":"ImageObject","inLanguage":"fr-FR","@id":"https:\/\/www.jean-rousseau.com\/#\/schema\/logo\/image\/","url":"https:\/\/www.jean-rousseau.com\/wp-content\/uploads\/2024\/02\/logo-JR.jpg","contentUrl":"https:\/\/www.jean-rousseau.com\/wp-content\/uploads\/2024\/02\/logo-JR.jpg","width":696,"height":696,"caption":"Maison Jean Rousseau"},"image":{"@id":"https:\/\/www.jean-rousseau.com\/#\/schema\/logo\/image\/"},"sameAs":["https:\/\/www.facebook.com\/JeanrousseauParis\/","https:\/\/x.com\/jeanrousseaufr","https:\/\/www.instagram.com\/jeanrousseauparis\/","https:\/\/www.linkedin.com\/company\/maison-jean-rousseau\/","https:\/\/www.pinterest.fr\/jeanrousseauparis\/","https:\/\/www.youtube.com\/@MaisonJeanRousseau","https:\/\/www.tiktok.com\/@jeanrousseauparis","https:\/\/www.weibo.com\/p\/1006066811228508\/home?from=page_100606&mod=TAB&is_hot=1"]}]}},"_links":{"self":[{"href":"https:\/\/www.jean-rousseau.com\/fr\/wp-json\/wp\/v2\/product\/320478","targetHints":{"allow":["GET"]}}],"collection":[{"href":"https:\/\/www.jean-rousseau.com\/fr\/wp-json\/wp\/v2\/product"}],"about":[{"href":"https:\/\/www.jean-rousseau.com\/fr\/wp-json\/wp\/v2\/types\/product"}],"wp:featuredmedia":[{"embeddable":true,"href":"https:\/\/www.jean-rousseau.com\/fr\/wp-json\/wp\/v2\/media\/300692"}],"wp:attachment":[{"href":"https:\/\/www.jean-rousseau.com\/fr\/wp-json\/wp\/v2\/media?parent=320478"}],"wp:term":[{"taxonomy":"product_brand","embeddable":true,"href":"https:\/\/www.jean-rousseau.com\/fr\/wp-json\/wp\/v2\/product_brand?post=320478"},{"taxonomy":"product_cat","embeddable":true,"href":"https:\/\/www.jean-rousseau.com\/fr\/wp-json\/wp\/v2\/product_cat?post=320478"},{"taxonomy":"product_tag","embeddable":true,"href":"https:\/\/www.jean-rousseau.com\/fr\/wp-json\/wp\/v2\/product_tag?post=320478"}],"curies":[{"name":"wp","href":"https:\/\/api.w.org\/{rel}","templated":true}]}}