{"id":343676,"date":"2025-11-04T14:55:58","date_gmt":"2025-11-04T13:55:58","guid":{"rendered":"https:\/\/www.jean-rousseau.com\/?post_type=product&#038;p=343676"},"modified":"2025-12-22T16:56:56","modified_gmt":"2025-12-22T15:56:56","slug":"mini-pochette-a-bijoux-en-cuir","status":"publish","type":"product","link":"https:\/\/www.jean-rousseau.com\/fr\/boutique\/mini-pochette-a-bijoux-en-cuir\/","title":{"rendered":"Mini pochette \u00e0 bijoux en cuir"},"content":{"rendered":"<div class=\"wpb-content-wrapper\"><p>[vc_row][vc_column][vc_column_text css=\u00a0\u00bb\u00a0\u00bb]Petite mais pr\u00e9cieuse, la mini pochette \u00e0 bijoux Jean Rousseau accompagne vos instants du quotidien.<br \/>\nR\u00e9alis\u00e9e en cuir de veau grain\u00e9 et doubl\u00e9e d\u2019Alcantara, elle garde vos bijoux \u00e0 l\u2019abri avec douceur.<br \/>\nUn objet d\u00e9licat \u00e0 offrir ou \u00e0 emporter partout, d\u00e9clin\u00e9 en plusieurs coloris pour s\u2019accorder \u00e0 chaque style.[\/vc_column_text][\/vc_column][\/vc_row]<\/p>\n<\/div>","protected":false},"excerpt":{"rendered":"<p>[vc_row][vc_column][vc_column_text css=\u00a0\u00bb\u00a0\u00bb]Petite mais pr\u00e9cieuse, la mini pochette \u00e0 bijoux Jean Rousseau accompagne vos instants du quotidien. R\u00e9alis\u00e9e en cuir de veau grain\u00e9 et doubl\u00e9e d\u2019Alcantara, elle garde vos bijoux \u00e0 l\u2019abri avec douceur. Un objet d\u00e9licat \u00e0 offrir ou \u00e0 emporter partout, d\u00e9clin\u00e9 en plusieurs coloris pour s\u2019accorder \u00e0 chaque style.[\/vc_column_text][\/vc_column][\/vc_row]<\/p>\n","protected":false},"featured_media":343439,"template":"","meta":{"_acf_changed":false,"_relevanssi_hide_post":"","_relevanssi_hide_content":"","_relevanssi_pin_for_all":"","_relevanssi_pin_keywords":"","_relevanssi_unpin_keywords":"","_relevanssi_related_keywords":"","_relevanssi_related_include_ids":"","_relevanssi_related_exclude_ids":"","_relevanssi_related_no_append":"","_relevanssi_related_not_related":"","_relevanssi_related_posts":"","_relevanssi_noindex_reason":""},"product_brand":[],"product_cat":[1819,1880,1875],"product_tag":[],"class_list":{"0":"post-343676","1":"product","2":"type-product","3":"status-publish","4":"has-post-thumbnail","6":"couleur-brown-fr","7":"couleur-blue-fr","8":"couleur-red-fr","9":"couleur-kaki","10":"product_cat-la-maroquinerie","11":"product_cat-petite-maroquinerie","12":"product_cat-pochettes","13":"product_shipping_class-on-stock-no-cites-slg-and-pouches-s-and-m-fr","15":"first","16":"instock","17":"taxable","18":"shipping-taxable","19":"purchasable","20":"product-type-variable","21":"has-default-attributes"},"acf":[],"yoast_head":"<!-- This site is optimized with the Yoast SEO plugin v26.3 - https:\/\/yoast.com\/wordpress\/plugins\/seo\/ -->\n<title>Mini pochette \u00e0 bijoux en cuir - Maison Jean Rousseau<\/title>\n<meta name=\"description\" content=\"Doubl\u00e9e d&#039;alcantara, la mini pochette \u00e0 bijoux mesure 70 \u00d7 58 mm. Son format discret se glisse facilement dans un sac ou une trousse, parfait pour emporter quelques bijoux essentiels lors d\u2019un d\u00e9placement ou d\u2019un week-end.\" \/>\n<meta name=\"robots\" content=\"index, follow, max-snippet:-1, max-image-preview:large, max-video-preview:-1\" \/>\n<link rel=\"canonical\" href=\"https:\/\/www.jean-rousseau.com\/fr\/boutique\/mini-pochette-a-bijoux-en-cuir\/\" \/>\n<meta property=\"og:locale\" content=\"fr_FR\" \/>\n<meta property=\"og:type\" content=\"article\" \/>\n<meta property=\"og:title\" content=\"Mini pochette \u00e0 bijoux en cuir - Maison Jean Rousseau\" \/>\n<meta property=\"og:description\" content=\"Doubl\u00e9e d&#039;alcantara, la mini pochette \u00e0 bijoux mesure 70 \u00d7 58 mm. Son format discret se glisse facilement dans un sac ou une trousse, parfait pour emporter quelques bijoux essentiels lors d\u2019un d\u00e9placement ou d\u2019un week-end.\" \/>\n<meta property=\"og:url\" content=\"https:\/\/www.jean-rousseau.com\/fr\/boutique\/mini-pochette-a-bijoux-en-cuir\/\" \/>\n<meta property=\"og:site_name\" content=\"Maison Jean Rousseau\" \/>\n<meta property=\"article:publisher\" content=\"https:\/\/www.facebook.com\/JeanrousseauParis\/\" \/>\n<meta property=\"article:modified_time\" content=\"2025-12-22T15:56:56+00:00\" \/>\n<meta property=\"og:image\" content=\"https:\/\/www.jean-rousseau.com\/wp-content\/uploads\/2025\/11\/2_1_930030_1.jpg\" \/>\n\t<meta property=\"og:image:width\" content=\"1280\" \/>\n\t<meta property=\"og:image:height\" content=\"1706\" \/>\n\t<meta property=\"og:image:type\" content=\"image\/jpeg\" \/>\n<meta name=\"twitter:card\" content=\"summary_large_image\" \/>\n<meta name=\"twitter:site\" content=\"@jeanrousseaufr\" \/>\n<meta name=\"twitter:label1\" content=\"Dur\u00e9e de lecture estim\u00e9e\" \/>\n\t<meta name=\"twitter:data1\" content=\"1 minute\" \/>\n<script type=\"application\/ld+json\" class=\"yoast-schema-graph\">{\"@context\":\"https:\/\/schema.org\",\"@graph\":[{\"@type\":\"WebPage\",\"@id\":\"https:\/\/www.jean-rousseau.com\/fr\/boutique\/mini-pochette-a-bijoux-en-cuir\/\",\"url\":\"https:\/\/www.jean-rousseau.com\/fr\/boutique\/mini-pochette-a-bijoux-en-cuir\/\",\"name\":\"Mini pochette \u00e0 bijoux en cuir - Maison Jean Rousseau\",\"isPartOf\":{\"@id\":\"https:\/\/www.jean-rousseau.com\/#website\"},\"primaryImageOfPage\":{\"@id\":\"https:\/\/www.jean-rousseau.com\/fr\/boutique\/mini-pochette-a-bijoux-en-cuir\/#primaryimage\"},\"image\":{\"@id\":\"https:\/\/www.jean-rousseau.com\/fr\/boutique\/mini-pochette-a-bijoux-en-cuir\/#primaryimage\"},\"thumbnailUrl\":\"https:\/\/www.jean-rousseau.com\/wp-content\/uploads\/2025\/11\/2_1_930030_1.jpg\",\"datePublished\":\"2025-11-04T13:55:58+00:00\",\"dateModified\":\"2025-12-22T15:56:56+00:00\",\"description\":\"Doubl\u00e9e d'alcantara, la mini pochette \u00e0 bijoux mesure 70 \u00d7 58 mm. Son format discret se glisse facilement dans un sac ou une trousse, parfait pour emporter quelques bijoux essentiels lors d\u2019un d\u00e9placement ou d\u2019un week-end.\",\"breadcrumb\":{\"@id\":\"https:\/\/www.jean-rousseau.com\/fr\/boutique\/mini-pochette-a-bijoux-en-cuir\/#breadcrumb\"},\"inLanguage\":\"fr-FR\",\"potentialAction\":[{\"@type\":\"ReadAction\",\"target\":[\"https:\/\/www.jean-rousseau.com\/fr\/boutique\/mini-pochette-a-bijoux-en-cuir\/\"]}]},{\"@type\":\"ImageObject\",\"inLanguage\":\"fr-FR\",\"@id\":\"https:\/\/www.jean-rousseau.com\/fr\/boutique\/mini-pochette-a-bijoux-en-cuir\/#primaryimage\",\"url\":\"https:\/\/www.jean-rousseau.com\/wp-content\/uploads\/2025\/11\/2_1_930030_1.jpg\",\"contentUrl\":\"https:\/\/www.jean-rousseau.com\/wp-content\/uploads\/2025\/11\/2_1_930030_1.jpg\",\"width\":1280,\"height\":1706,\"caption\":\"Mini pochette \u00e0 bijoux en cuir jean rousseau rose\"},{\"@type\":\"BreadcrumbList\",\"@id\":\"https:\/\/www.jean-rousseau.com\/fr\/boutique\/mini-pochette-a-bijoux-en-cuir\/#breadcrumb\",\"itemListElement\":[{\"@type\":\"ListItem\",\"position\":1,\"name\":\"Accueil\",\"item\":\"https:\/\/www.jean-rousseau.com\/fr\/\"},{\"@type\":\"ListItem\",\"position\":2,\"name\":\"Boutique\",\"item\":\"https:\/\/www.jean-rousseau.com\/fr\/boutique\/\"},{\"@type\":\"ListItem\",\"position\":3,\"name\":\"Mini pochette \u00e0 bijoux en cuir\"}]},{\"@type\":\"WebSite\",\"@id\":\"https:\/\/www.jean-rousseau.com\/#website\",\"url\":\"https:\/\/www.jean-rousseau.com\/\",\"name\":\"Maison Jean Rousseau\",\"description\":\"Sp\u00e9cialiste en bracelets de montre et maroquinerie sur-mesure made in France, artisan d\u2019excellence depuis 1954.\",\"publisher\":{\"@id\":\"https:\/\/www.jean-rousseau.com\/#organization\"},\"potentialAction\":[{\"@type\":\"SearchAction\",\"target\":{\"@type\":\"EntryPoint\",\"urlTemplate\":\"https:\/\/www.jean-rousseau.com\/?s={search_term_string}\"},\"query-input\":{\"@type\":\"PropertyValueSpecification\",\"valueRequired\":true,\"valueName\":\"search_term_string\"}}],\"inLanguage\":\"fr-FR\"},{\"@type\":\"Organization\",\"@id\":\"https:\/\/www.jean-rousseau.com\/#organization\",\"name\":\"Maison Jean Rousseau\",\"url\":\"https:\/\/www.jean-rousseau.com\/\",\"logo\":{\"@type\":\"ImageObject\",\"inLanguage\":\"fr-FR\",\"@id\":\"https:\/\/www.jean-rousseau.com\/#\/schema\/logo\/image\/\",\"url\":\"https:\/\/www.jean-rousseau.com\/wp-content\/uploads\/2024\/02\/logo-JR.jpg\",\"contentUrl\":\"https:\/\/www.jean-rousseau.com\/wp-content\/uploads\/2024\/02\/logo-JR.jpg\",\"width\":696,\"height\":696,\"caption\":\"Maison Jean Rousseau\"},\"image\":{\"@id\":\"https:\/\/www.jean-rousseau.com\/#\/schema\/logo\/image\/\"},\"sameAs\":[\"https:\/\/www.facebook.com\/JeanrousseauParis\/\",\"https:\/\/x.com\/jeanrousseaufr\",\"https:\/\/www.instagram.com\/jeanrousseauparis\/\",\"https:\/\/www.linkedin.com\/company\/maison-jean-rousseau\/\",\"https:\/\/www.pinterest.fr\/jeanrousseauparis\/\",\"https:\/\/www.youtube.com\/@MaisonJeanRousseau\",\"https:\/\/www.tiktok.com\/@jeanrousseauparis\",\"https:\/\/www.weibo.com\/p\/1006066811228508\/home?from=page_100606&mod=TAB&is_hot=1\"]}]}<\/script>\n<!-- \/ Yoast SEO plugin. -->","yoast_head_json":{"title":"Mini pochette \u00e0 bijoux en cuir - Maison Jean Rousseau","description":"Doubl\u00e9e d'alcantara, la mini pochette \u00e0 bijoux mesure 70 \u00d7 58 mm. Son format discret se glisse facilement dans un sac ou une trousse, parfait pour emporter quelques bijoux essentiels lors d\u2019un d\u00e9placement ou d\u2019un week-end.","robots":{"index":"index","follow":"follow","max-snippet":"max-snippet:-1","max-image-preview":"max-image-preview:large","max-video-preview":"max-video-preview:-1"},"canonical":"https:\/\/www.jean-rousseau.com\/fr\/boutique\/mini-pochette-a-bijoux-en-cuir\/","og_locale":"fr_FR","og_type":"article","og_title":"Mini pochette \u00e0 bijoux en cuir - Maison Jean Rousseau","og_description":"Doubl\u00e9e d'alcantara, la mini pochette \u00e0 bijoux mesure 70 \u00d7 58 mm. Son format discret se glisse facilement dans un sac ou une trousse, parfait pour emporter quelques bijoux essentiels lors d\u2019un d\u00e9placement ou d\u2019un week-end.","og_url":"https:\/\/www.jean-rousseau.com\/fr\/boutique\/mini-pochette-a-bijoux-en-cuir\/","og_site_name":"Maison Jean Rousseau","article_publisher":"https:\/\/www.facebook.com\/JeanrousseauParis\/","article_modified_time":"2025-12-22T15:56:56+00:00","og_image":[{"width":1280,"height":1706,"url":"https:\/\/www.jean-rousseau.com\/wp-content\/uploads\/2025\/11\/2_1_930030_1.jpg","type":"image\/jpeg"}],"twitter_card":"summary_large_image","twitter_site":"@jeanrousseaufr","twitter_misc":{"Dur\u00e9e de lecture estim\u00e9e":"1 minute"},"schema":{"@context":"https:\/\/schema.org","@graph":[{"@type":"WebPage","@id":"https:\/\/www.jean-rousseau.com\/fr\/boutique\/mini-pochette-a-bijoux-en-cuir\/","url":"https:\/\/www.jean-rousseau.com\/fr\/boutique\/mini-pochette-a-bijoux-en-cuir\/","name":"Mini pochette \u00e0 bijoux en cuir - Maison Jean Rousseau","isPartOf":{"@id":"https:\/\/www.jean-rousseau.com\/#website"},"primaryImageOfPage":{"@id":"https:\/\/www.jean-rousseau.com\/fr\/boutique\/mini-pochette-a-bijoux-en-cuir\/#primaryimage"},"image":{"@id":"https:\/\/www.jean-rousseau.com\/fr\/boutique\/mini-pochette-a-bijoux-en-cuir\/#primaryimage"},"thumbnailUrl":"https:\/\/www.jean-rousseau.com\/wp-content\/uploads\/2025\/11\/2_1_930030_1.jpg","datePublished":"2025-11-04T13:55:58+00:00","dateModified":"2025-12-22T15:56:56+00:00","description":"Doubl\u00e9e d'alcantara, la mini pochette \u00e0 bijoux mesure 70 \u00d7 58 mm. Son format discret se glisse facilement dans un sac ou une trousse, parfait pour emporter quelques bijoux essentiels lors d\u2019un d\u00e9placement ou d\u2019un week-end.","breadcrumb":{"@id":"https:\/\/www.jean-rousseau.com\/fr\/boutique\/mini-pochette-a-bijoux-en-cuir\/#breadcrumb"},"inLanguage":"fr-FR","potentialAction":[{"@type":"ReadAction","target":["https:\/\/www.jean-rousseau.com\/fr\/boutique\/mini-pochette-a-bijoux-en-cuir\/"]}]},{"@type":"ImageObject","inLanguage":"fr-FR","@id":"https:\/\/www.jean-rousseau.com\/fr\/boutique\/mini-pochette-a-bijoux-en-cuir\/#primaryimage","url":"https:\/\/www.jean-rousseau.com\/wp-content\/uploads\/2025\/11\/2_1_930030_1.jpg","contentUrl":"https:\/\/www.jean-rousseau.com\/wp-content\/uploads\/2025\/11\/2_1_930030_1.jpg","width":1280,"height":1706,"caption":"Mini pochette \u00e0 bijoux en cuir jean rousseau rose"},{"@type":"BreadcrumbList","@id":"https:\/\/www.jean-rousseau.com\/fr\/boutique\/mini-pochette-a-bijoux-en-cuir\/#breadcrumb","itemListElement":[{"@type":"ListItem","position":1,"name":"Accueil","item":"https:\/\/www.jean-rousseau.com\/fr\/"},{"@type":"ListItem","position":2,"name":"Boutique","item":"https:\/\/www.jean-rousseau.com\/fr\/boutique\/"},{"@type":"ListItem","position":3,"name":"Mini pochette \u00e0 bijoux en cuir"}]},{"@type":"WebSite","@id":"https:\/\/www.jean-rousseau.com\/#website","url":"https:\/\/www.jean-rousseau.com\/","name":"Maison Jean Rousseau","description":"Sp\u00e9cialiste en bracelets de montre et maroquinerie sur-mesure made in France, artisan d\u2019excellence depuis 1954.","publisher":{"@id":"https:\/\/www.jean-rousseau.com\/#organization"},"potentialAction":[{"@type":"SearchAction","target":{"@type":"EntryPoint","urlTemplate":"https:\/\/www.jean-rousseau.com\/?s={search_term_string}"},"query-input":{"@type":"PropertyValueSpecification","valueRequired":true,"valueName":"search_term_string"}}],"inLanguage":"fr-FR"},{"@type":"Organization","@id":"https:\/\/www.jean-rousseau.com\/#organization","name":"Maison Jean Rousseau","url":"https:\/\/www.jean-rousseau.com\/","logo":{"@type":"ImageObject","inLanguage":"fr-FR","@id":"https:\/\/www.jean-rousseau.com\/#\/schema\/logo\/image\/","url":"https:\/\/www.jean-rousseau.com\/wp-content\/uploads\/2024\/02\/logo-JR.jpg","contentUrl":"https:\/\/www.jean-rousseau.com\/wp-content\/uploads\/2024\/02\/logo-JR.jpg","width":696,"height":696,"caption":"Maison Jean Rousseau"},"image":{"@id":"https:\/\/www.jean-rousseau.com\/#\/schema\/logo\/image\/"},"sameAs":["https:\/\/www.facebook.com\/JeanrousseauParis\/","https:\/\/x.com\/jeanrousseaufr","https:\/\/www.instagram.com\/jeanrousseauparis\/","https:\/\/www.linkedin.com\/company\/maison-jean-rousseau\/","https:\/\/www.pinterest.fr\/jeanrousseauparis\/","https:\/\/www.youtube.com\/@MaisonJeanRousseau","https:\/\/www.tiktok.com\/@jeanrousseauparis","https:\/\/www.weibo.com\/p\/1006066811228508\/home?from=page_100606&mod=TAB&is_hot=1"]}]}},"_links":{"self":[{"href":"https:\/\/www.jean-rousseau.com\/fr\/wp-json\/wp\/v2\/product\/343676","targetHints":{"allow":["GET"]}}],"collection":[{"href":"https:\/\/www.jean-rousseau.com\/fr\/wp-json\/wp\/v2\/product"}],"about":[{"href":"https:\/\/www.jean-rousseau.com\/fr\/wp-json\/wp\/v2\/types\/product"}],"wp:featuredmedia":[{"embeddable":true,"href":"https:\/\/www.jean-rousseau.com\/fr\/wp-json\/wp\/v2\/media\/343439"}],"wp:attachment":[{"href":"https:\/\/www.jean-rousseau.com\/fr\/wp-json\/wp\/v2\/media?parent=343676"}],"wp:term":[{"taxonomy":"product_brand","embeddable":true,"href":"https:\/\/www.jean-rousseau.com\/fr\/wp-json\/wp\/v2\/product_brand?post=343676"},{"taxonomy":"product_cat","embeddable":true,"href":"https:\/\/www.jean-rousseau.com\/fr\/wp-json\/wp\/v2\/product_cat?post=343676"},{"taxonomy":"product_tag","embeddable":true,"href":"https:\/\/www.jean-rousseau.com\/fr\/wp-json\/wp\/v2\/product_tag?post=343676"}],"curies":[{"name":"wp","href":"https:\/\/api.w.org\/{rel}","templated":true}]}}