{"id":354039,"date":"2025-12-16T16:16:39","date_gmt":"2025-12-16T15:16:39","guid":{"rendered":"https:\/\/www.jean-rousseau.com\/?post_type=product&#038;p=354039"},"modified":"2025-12-17T10:56:09","modified_gmt":"2025-12-17T09:56:09","slug":"bracelet-en-caoutchouc-ajustable-bleu-clair","status":"publish","type":"product","link":"https:\/\/www.jean-rousseau.com\/fr\/boutique\/bracelet-en-caoutchouc-ajustable-bleu-clair\/","title":{"rendered":"Bracelet en caoutchouc ajustable \u2013 Bleu clair"},"content":{"rendered":"<div class=\"wpb-content-wrapper\"><p>[vc_row][vc_column][vc_column_text css=\u00a0\u00bb\u00a0\u00bb]Imperm\u00e9able, l\u00e9ger et flexible, le bracelet ajustable constitue une option adapt\u00e9e \u00e0 un usage quotidien ou sportif.[\/vc_column_text][\/vc_column][\/vc_row]<\/p>\n<\/div>","protected":false},"excerpt":{"rendered":"<p>[vc_row][vc_column][vc_column_text css=\u00a0\u00bb\u00a0\u00bb]Imperm\u00e9able, l\u00e9ger et flexible, le bracelet ajustable constitue une option adapt\u00e9e \u00e0 un usage quotidien ou sportif.[\/vc_column_text][\/vc_column][\/vc_row]<\/p>\n","protected":false},"featured_media":354264,"template":"","meta":{"_acf_changed":false,"_relevanssi_hide_post":"","_relevanssi_hide_content":"","_relevanssi_pin_for_all":"","_relevanssi_pin_keywords":"","_relevanssi_unpin_keywords":"","_relevanssi_related_keywords":"","_relevanssi_related_include_ids":"","_relevanssi_related_exclude_ids":"","_relevanssi_related_no_append":"","_relevanssi_related_not_related":"","_relevanssi_related_posts":"","_relevanssi_noindex_reason":""},"product_brand":[],"product_cat":[1924,6862],"product_tag":[],"class_list":{"0":"post-354039","1":"product","2":"type-product","3":"status-publish","4":"has-post-thumbnail","6":"couleur-blue-fr","7":"product_cat-les-bracelets","8":"product_cat-caoutchouc-ajustable-fr","9":"product_shipping_class-on-stock-no-cites-straps-fr","11":"first","12":"instock","13":"taxable","14":"shipping-taxable","15":"purchasable","16":"product-type-variable","17":"has-default-attributes"},"acf":[],"yoast_head":"<!-- This site is optimized with the Yoast SEO plugin v26.3 - https:\/\/yoast.com\/wordpress\/plugins\/seo\/ -->\n<title>Bracelet en caoutchouc ajustable \u2013 Bleu clair - Maison Jean Rousseau<\/title>\n<meta name=\"description\" content=\"Avec sa teinte bleu clair, ce mod\u00e8le convient \u00e0 ceux qui pr\u00e9f\u00e8rent une couleur plus subtile. L\u00e9ger, souple et imperm\u00e9able, il est pens\u00e9 pour \u00eatre port\u00e9 facilement au quotidien. Le bracelet est livr\u00e9 en une seule longueur et peut \u00eatre raccourci chez soi en suivant les rep\u00e8res situ\u00e9s \u00e0 l\u2019int\u00e9rieur. Le syst\u00e8me Cut-to-Size permet un ajustement simple et assure une tenue qui s\u2019adapte naturellement \u00e0 chaque poignet.\" \/>\n<meta name=\"robots\" content=\"index, follow, max-snippet:-1, max-image-preview:large, max-video-preview:-1\" \/>\n<link rel=\"canonical\" href=\"https:\/\/www.jean-rousseau.com\/fr\/boutique\/bracelet-en-caoutchouc-ajustable-bleu-clair\/\" \/>\n<meta property=\"og:locale\" content=\"fr_FR\" \/>\n<meta property=\"og:type\" content=\"article\" \/>\n<meta property=\"og:title\" content=\"Bracelet en caoutchouc ajustable \u2013 Bleu clair - Maison Jean Rousseau\" \/>\n<meta property=\"og:description\" content=\"Avec sa teinte bleu clair, ce mod\u00e8le convient \u00e0 ceux qui pr\u00e9f\u00e8rent une couleur plus subtile. L\u00e9ger, souple et imperm\u00e9able, il est pens\u00e9 pour \u00eatre port\u00e9 facilement au quotidien. Le bracelet est livr\u00e9 en une seule longueur et peut \u00eatre raccourci chez soi en suivant les rep\u00e8res situ\u00e9s \u00e0 l\u2019int\u00e9rieur. Le syst\u00e8me Cut-to-Size permet un ajustement simple et assure une tenue qui s\u2019adapte naturellement \u00e0 chaque poignet.\" \/>\n<meta property=\"og:url\" content=\"https:\/\/www.jean-rousseau.com\/fr\/boutique\/bracelet-en-caoutchouc-ajustable-bleu-clair\/\" \/>\n<meta property=\"og:site_name\" content=\"Maison Jean Rousseau\" \/>\n<meta property=\"article:publisher\" content=\"https:\/\/www.facebook.com\/JeanrousseauParis\/\" \/>\n<meta property=\"article:modified_time\" content=\"2025-12-17T09:56:09+00:00\" \/>\n<meta property=\"og:image\" content=\"https:\/\/www.jean-rousseau.com\/wp-content\/uploads\/2025\/12\/86130004_1-768x1024.jpg\" \/>\n\t<meta property=\"og:image:width\" content=\"768\" \/>\n\t<meta property=\"og:image:height\" content=\"1024\" \/>\n\t<meta property=\"og:image:type\" content=\"image\/jpeg\" \/>\n<meta name=\"twitter:card\" content=\"summary_large_image\" \/>\n<meta name=\"twitter:site\" content=\"@jeanrousseaufr\" \/>\n<meta name=\"twitter:label1\" content=\"Dur\u00e9e de lecture estim\u00e9e\" \/>\n\t<meta name=\"twitter:data1\" content=\"1 minute\" \/>\n<script type=\"application\/ld+json\" class=\"yoast-schema-graph\">{\"@context\":\"https:\/\/schema.org\",\"@graph\":[{\"@type\":\"WebPage\",\"@id\":\"https:\/\/www.jean-rousseau.com\/fr\/boutique\/bracelet-en-caoutchouc-ajustable-bleu-clair\/\",\"url\":\"https:\/\/www.jean-rousseau.com\/fr\/boutique\/bracelet-en-caoutchouc-ajustable-bleu-clair\/\",\"name\":\"Bracelet en caoutchouc ajustable \u2013 Bleu clair - Maison Jean Rousseau\",\"isPartOf\":{\"@id\":\"https:\/\/www.jean-rousseau.com\/#website\"},\"primaryImageOfPage\":{\"@id\":\"https:\/\/www.jean-rousseau.com\/fr\/boutique\/bracelet-en-caoutchouc-ajustable-bleu-clair\/#primaryimage\"},\"image\":{\"@id\":\"https:\/\/www.jean-rousseau.com\/fr\/boutique\/bracelet-en-caoutchouc-ajustable-bleu-clair\/#primaryimage\"},\"thumbnailUrl\":\"https:\/\/www.jean-rousseau.com\/wp-content\/uploads\/2025\/12\/86130004_1.jpg\",\"datePublished\":\"2025-12-16T15:16:39+00:00\",\"dateModified\":\"2025-12-17T09:56:09+00:00\",\"description\":\"Avec sa teinte bleu clair, ce mod\u00e8le convient \u00e0 ceux qui pr\u00e9f\u00e8rent une couleur plus subtile. L\u00e9ger, souple et imperm\u00e9able, il est pens\u00e9 pour \u00eatre port\u00e9 facilement au quotidien. Le bracelet est livr\u00e9 en une seule longueur et peut \u00eatre raccourci chez soi en suivant les rep\u00e8res situ\u00e9s \u00e0 l\u2019int\u00e9rieur. Le syst\u00e8me Cut-to-Size permet un ajustement simple et assure une tenue qui s\u2019adapte naturellement \u00e0 chaque poignet.\",\"breadcrumb\":{\"@id\":\"https:\/\/www.jean-rousseau.com\/fr\/boutique\/bracelet-en-caoutchouc-ajustable-bleu-clair\/#breadcrumb\"},\"inLanguage\":\"fr-FR\",\"potentialAction\":[{\"@type\":\"ReadAction\",\"target\":[\"https:\/\/www.jean-rousseau.com\/fr\/boutique\/bracelet-en-caoutchouc-ajustable-bleu-clair\/\"]}]},{\"@type\":\"ImageObject\",\"inLanguage\":\"fr-FR\",\"@id\":\"https:\/\/www.jean-rousseau.com\/fr\/boutique\/bracelet-en-caoutchouc-ajustable-bleu-clair\/#primaryimage\",\"url\":\"https:\/\/www.jean-rousseau.com\/wp-content\/uploads\/2025\/12\/86130004_1.jpg\",\"contentUrl\":\"https:\/\/www.jean-rousseau.com\/wp-content\/uploads\/2025\/12\/86130004_1.jpg\",\"width\":1280,\"height\":1706,\"caption\":\"caoutchouc bleu jean rousseau mati\u00e8re bracelet\"},{\"@type\":\"BreadcrumbList\",\"@id\":\"https:\/\/www.jean-rousseau.com\/fr\/boutique\/bracelet-en-caoutchouc-ajustable-bleu-clair\/#breadcrumb\",\"itemListElement\":[{\"@type\":\"ListItem\",\"position\":1,\"name\":\"Accueil\",\"item\":\"https:\/\/www.jean-rousseau.com\/fr\/\"},{\"@type\":\"ListItem\",\"position\":2,\"name\":\"Boutique\",\"item\":\"https:\/\/www.jean-rousseau.com\/fr\/boutique\/\"},{\"@type\":\"ListItem\",\"position\":3,\"name\":\"Bracelet en caoutchouc ajustable \u2013 Bleu clair\"}]},{\"@type\":\"WebSite\",\"@id\":\"https:\/\/www.jean-rousseau.com\/#website\",\"url\":\"https:\/\/www.jean-rousseau.com\/\",\"name\":\"Maison Jean Rousseau\",\"description\":\"Sp\u00e9cialiste en bracelets de montre et maroquinerie sur-mesure made in France, artisan d\u2019excellence depuis 1954.\",\"publisher\":{\"@id\":\"https:\/\/www.jean-rousseau.com\/#organization\"},\"potentialAction\":[{\"@type\":\"SearchAction\",\"target\":{\"@type\":\"EntryPoint\",\"urlTemplate\":\"https:\/\/www.jean-rousseau.com\/?s={search_term_string}\"},\"query-input\":{\"@type\":\"PropertyValueSpecification\",\"valueRequired\":true,\"valueName\":\"search_term_string\"}}],\"inLanguage\":\"fr-FR\"},{\"@type\":\"Organization\",\"@id\":\"https:\/\/www.jean-rousseau.com\/#organization\",\"name\":\"Maison Jean Rousseau\",\"url\":\"https:\/\/www.jean-rousseau.com\/\",\"logo\":{\"@type\":\"ImageObject\",\"inLanguage\":\"fr-FR\",\"@id\":\"https:\/\/www.jean-rousseau.com\/#\/schema\/logo\/image\/\",\"url\":\"https:\/\/www.jean-rousseau.com\/wp-content\/uploads\/2024\/02\/logo-JR.jpg\",\"contentUrl\":\"https:\/\/www.jean-rousseau.com\/wp-content\/uploads\/2024\/02\/logo-JR.jpg\",\"width\":696,\"height\":696,\"caption\":\"Maison Jean Rousseau\"},\"image\":{\"@id\":\"https:\/\/www.jean-rousseau.com\/#\/schema\/logo\/image\/\"},\"sameAs\":[\"https:\/\/www.facebook.com\/JeanrousseauParis\/\",\"https:\/\/x.com\/jeanrousseaufr\",\"https:\/\/www.instagram.com\/jeanrousseauparis\/\",\"https:\/\/www.linkedin.com\/company\/maison-jean-rousseau\/\",\"https:\/\/www.pinterest.fr\/jeanrousseauparis\/\",\"https:\/\/www.youtube.com\/@MaisonJeanRousseau\",\"https:\/\/www.tiktok.com\/@jeanrousseauparis\",\"https:\/\/www.weibo.com\/p\/1006066811228508\/home?from=page_100606&mod=TAB&is_hot=1\"]}]}<\/script>\n<!-- \/ Yoast SEO plugin. -->","yoast_head_json":{"title":"Bracelet en caoutchouc ajustable \u2013 Bleu clair - Maison Jean Rousseau","description":"Avec sa teinte bleu clair, ce mod\u00e8le convient \u00e0 ceux qui pr\u00e9f\u00e8rent une couleur plus subtile. L\u00e9ger, souple et imperm\u00e9able, il est pens\u00e9 pour \u00eatre port\u00e9 facilement au quotidien. Le bracelet est livr\u00e9 en une seule longueur et peut \u00eatre raccourci chez soi en suivant les rep\u00e8res situ\u00e9s \u00e0 l\u2019int\u00e9rieur. Le syst\u00e8me Cut-to-Size permet un ajustement simple et assure une tenue qui s\u2019adapte naturellement \u00e0 chaque poignet.","robots":{"index":"index","follow":"follow","max-snippet":"max-snippet:-1","max-image-preview":"max-image-preview:large","max-video-preview":"max-video-preview:-1"},"canonical":"https:\/\/www.jean-rousseau.com\/fr\/boutique\/bracelet-en-caoutchouc-ajustable-bleu-clair\/","og_locale":"fr_FR","og_type":"article","og_title":"Bracelet en caoutchouc ajustable \u2013 Bleu clair - Maison Jean Rousseau","og_description":"Avec sa teinte bleu clair, ce mod\u00e8le convient \u00e0 ceux qui pr\u00e9f\u00e8rent une couleur plus subtile. L\u00e9ger, souple et imperm\u00e9able, il est pens\u00e9 pour \u00eatre port\u00e9 facilement au quotidien. Le bracelet est livr\u00e9 en une seule longueur et peut \u00eatre raccourci chez soi en suivant les rep\u00e8res situ\u00e9s \u00e0 l\u2019int\u00e9rieur. Le syst\u00e8me Cut-to-Size permet un ajustement simple et assure une tenue qui s\u2019adapte naturellement \u00e0 chaque poignet.","og_url":"https:\/\/www.jean-rousseau.com\/fr\/boutique\/bracelet-en-caoutchouc-ajustable-bleu-clair\/","og_site_name":"Maison Jean Rousseau","article_publisher":"https:\/\/www.facebook.com\/JeanrousseauParis\/","article_modified_time":"2025-12-17T09:56:09+00:00","og_image":[{"width":768,"height":1024,"url":"https:\/\/www.jean-rousseau.com\/wp-content\/uploads\/2025\/12\/86130004_1-768x1024.jpg","type":"image\/jpeg"}],"twitter_card":"summary_large_image","twitter_site":"@jeanrousseaufr","twitter_misc":{"Dur\u00e9e de lecture estim\u00e9e":"1 minute"},"schema":{"@context":"https:\/\/schema.org","@graph":[{"@type":"WebPage","@id":"https:\/\/www.jean-rousseau.com\/fr\/boutique\/bracelet-en-caoutchouc-ajustable-bleu-clair\/","url":"https:\/\/www.jean-rousseau.com\/fr\/boutique\/bracelet-en-caoutchouc-ajustable-bleu-clair\/","name":"Bracelet en caoutchouc ajustable \u2013 Bleu clair - Maison Jean Rousseau","isPartOf":{"@id":"https:\/\/www.jean-rousseau.com\/#website"},"primaryImageOfPage":{"@id":"https:\/\/www.jean-rousseau.com\/fr\/boutique\/bracelet-en-caoutchouc-ajustable-bleu-clair\/#primaryimage"},"image":{"@id":"https:\/\/www.jean-rousseau.com\/fr\/boutique\/bracelet-en-caoutchouc-ajustable-bleu-clair\/#primaryimage"},"thumbnailUrl":"https:\/\/www.jean-rousseau.com\/wp-content\/uploads\/2025\/12\/86130004_1.jpg","datePublished":"2025-12-16T15:16:39+00:00","dateModified":"2025-12-17T09:56:09+00:00","description":"Avec sa teinte bleu clair, ce mod\u00e8le convient \u00e0 ceux qui pr\u00e9f\u00e8rent une couleur plus subtile. L\u00e9ger, souple et imperm\u00e9able, il est pens\u00e9 pour \u00eatre port\u00e9 facilement au quotidien. Le bracelet est livr\u00e9 en une seule longueur et peut \u00eatre raccourci chez soi en suivant les rep\u00e8res situ\u00e9s \u00e0 l\u2019int\u00e9rieur. Le syst\u00e8me Cut-to-Size permet un ajustement simple et assure une tenue qui s\u2019adapte naturellement \u00e0 chaque poignet.","breadcrumb":{"@id":"https:\/\/www.jean-rousseau.com\/fr\/boutique\/bracelet-en-caoutchouc-ajustable-bleu-clair\/#breadcrumb"},"inLanguage":"fr-FR","potentialAction":[{"@type":"ReadAction","target":["https:\/\/www.jean-rousseau.com\/fr\/boutique\/bracelet-en-caoutchouc-ajustable-bleu-clair\/"]}]},{"@type":"ImageObject","inLanguage":"fr-FR","@id":"https:\/\/www.jean-rousseau.com\/fr\/boutique\/bracelet-en-caoutchouc-ajustable-bleu-clair\/#primaryimage","url":"https:\/\/www.jean-rousseau.com\/wp-content\/uploads\/2025\/12\/86130004_1.jpg","contentUrl":"https:\/\/www.jean-rousseau.com\/wp-content\/uploads\/2025\/12\/86130004_1.jpg","width":1280,"height":1706,"caption":"caoutchouc bleu jean rousseau mati\u00e8re bracelet"},{"@type":"BreadcrumbList","@id":"https:\/\/www.jean-rousseau.com\/fr\/boutique\/bracelet-en-caoutchouc-ajustable-bleu-clair\/#breadcrumb","itemListElement":[{"@type":"ListItem","position":1,"name":"Accueil","item":"https:\/\/www.jean-rousseau.com\/fr\/"},{"@type":"ListItem","position":2,"name":"Boutique","item":"https:\/\/www.jean-rousseau.com\/fr\/boutique\/"},{"@type":"ListItem","position":3,"name":"Bracelet en caoutchouc ajustable \u2013 Bleu clair"}]},{"@type":"WebSite","@id":"https:\/\/www.jean-rousseau.com\/#website","url":"https:\/\/www.jean-rousseau.com\/","name":"Maison Jean Rousseau","description":"Sp\u00e9cialiste en bracelets de montre et maroquinerie sur-mesure made in France, artisan d\u2019excellence depuis 1954.","publisher":{"@id":"https:\/\/www.jean-rousseau.com\/#organization"},"potentialAction":[{"@type":"SearchAction","target":{"@type":"EntryPoint","urlTemplate":"https:\/\/www.jean-rousseau.com\/?s={search_term_string}"},"query-input":{"@type":"PropertyValueSpecification","valueRequired":true,"valueName":"search_term_string"}}],"inLanguage":"fr-FR"},{"@type":"Organization","@id":"https:\/\/www.jean-rousseau.com\/#organization","name":"Maison Jean Rousseau","url":"https:\/\/www.jean-rousseau.com\/","logo":{"@type":"ImageObject","inLanguage":"fr-FR","@id":"https:\/\/www.jean-rousseau.com\/#\/schema\/logo\/image\/","url":"https:\/\/www.jean-rousseau.com\/wp-content\/uploads\/2024\/02\/logo-JR.jpg","contentUrl":"https:\/\/www.jean-rousseau.com\/wp-content\/uploads\/2024\/02\/logo-JR.jpg","width":696,"height":696,"caption":"Maison Jean Rousseau"},"image":{"@id":"https:\/\/www.jean-rousseau.com\/#\/schema\/logo\/image\/"},"sameAs":["https:\/\/www.facebook.com\/JeanrousseauParis\/","https:\/\/x.com\/jeanrousseaufr","https:\/\/www.instagram.com\/jeanrousseauparis\/","https:\/\/www.linkedin.com\/company\/maison-jean-rousseau\/","https:\/\/www.pinterest.fr\/jeanrousseauparis\/","https:\/\/www.youtube.com\/@MaisonJeanRousseau","https:\/\/www.tiktok.com\/@jeanrousseauparis","https:\/\/www.weibo.com\/p\/1006066811228508\/home?from=page_100606&mod=TAB&is_hot=1"]}]}},"_links":{"self":[{"href":"https:\/\/www.jean-rousseau.com\/fr\/wp-json\/wp\/v2\/product\/354039","targetHints":{"allow":["GET"]}}],"collection":[{"href":"https:\/\/www.jean-rousseau.com\/fr\/wp-json\/wp\/v2\/product"}],"about":[{"href":"https:\/\/www.jean-rousseau.com\/fr\/wp-json\/wp\/v2\/types\/product"}],"wp:featuredmedia":[{"embeddable":true,"href":"https:\/\/www.jean-rousseau.com\/fr\/wp-json\/wp\/v2\/media\/354264"}],"wp:attachment":[{"href":"https:\/\/www.jean-rousseau.com\/fr\/wp-json\/wp\/v2\/media?parent=354039"}],"wp:term":[{"taxonomy":"product_brand","embeddable":true,"href":"https:\/\/www.jean-rousseau.com\/fr\/wp-json\/wp\/v2\/product_brand?post=354039"},{"taxonomy":"product_cat","embeddable":true,"href":"https:\/\/www.jean-rousseau.com\/fr\/wp-json\/wp\/v2\/product_cat?post=354039"},{"taxonomy":"product_tag","embeddable":true,"href":"https:\/\/www.jean-rousseau.com\/fr\/wp-json\/wp\/v2\/product_tag?post=354039"}],"curies":[{"name":"wp","href":"https:\/\/api.w.org\/{rel}","templated":true}]}}