{"id":53372,"date":"2019-11-19T17:05:52","date_gmt":"2019-11-19T16:05:52","guid":{"rendered":"https:\/\/www.jean-rousseau.com\/?post_type=product&#038;p=53372"},"modified":"2024-02-07T13:41:45","modified_gmt":"2024-02-07T12:41:45","slug":"sac-sam-veau-graine-kaki-2","status":"publish","type":"product","link":"https:\/\/www.jean-rousseau.com\/fr\/boutique\/sac-sam-veau-graine-kaki-2\/","title":{"rendered":"Sac Sam veau kaki"},"content":{"rendered":"<p>&nbsp;<\/p>\n<p>Dernier n\u00e9 de nos ateliers, d\u00e9couvrez le sac SAM.<\/p>\n<p>Gr\u00e2ce \u00e0 un ing\u00e9nieux m\u00e9canisme, les lani\u00e8res de nos sacs \u00ab\u00a0Sam\u00a0\u00bb sont interchangeables.<\/p>\n<p>Il est ainsi possible de personnaliser ce sac avec des lani\u00e8res et des anses de couleurs ou de mati\u00e8res diff\u00e9rentes et de l&rsquo;adapter aux diff\u00e9rentes occasions.<\/p>\n","protected":false},"excerpt":{"rendered":"<p>&nbsp; Dernier n\u00e9 de nos ateliers, d\u00e9couvrez le sac SAM. Gr\u00e2ce \u00e0 un ing\u00e9nieux m\u00e9canisme, les lani\u00e8res de nos sacs \u00ab\u00a0Sam\u00a0\u00bb sont interchangeables. Il est ainsi possible de personnaliser ce sac avec des lani\u00e8res et des anses de couleurs ou de mati\u00e8res diff\u00e9rentes et de l&rsquo;adapter aux diff\u00e9rentes occasions.<\/p>\n","protected":false},"featured_media":96162,"template":"","meta":{"_acf_changed":false,"_relevanssi_hide_post":"","_relevanssi_hide_content":"","_relevanssi_pin_for_all":"","_relevanssi_pin_keywords":"","_relevanssi_unpin_keywords":"","_relevanssi_related_keywords":"","_relevanssi_related_include_ids":"","_relevanssi_related_exclude_ids":"","_relevanssi_related_no_append":"","_relevanssi_related_not_related":"","_relevanssi_related_posts":"","_relevanssi_noindex_reason":""},"product_brand":[],"product_cat":[1819,1825,4438],"product_tag":[],"class_list":{"0":"post-53372","1":"product","2":"type-product","3":"status-publish","4":"has-post-thumbnail","6":"couleur-kaki","7":"product_cat-la-maroquinerie","8":"product_cat-sacs","9":"product_cat-sac-sam","10":"product_shipping_class-on-stock-no-cites-slg-and-pouches-s-and-m-fr","12":"first","13":"instock","14":"taxable","15":"shipping-taxable","16":"purchasable","17":"product-type-simple"},"acf":[],"yoast_head":"<!-- This site is optimized with the Yoast SEO plugin v26.3 - https:\/\/yoast.com\/wordpress\/plugins\/seo\/ -->\n<title>Sac Sam veau kaki - Maison Jean Rousseau<\/title>\n<meta name=\"description\" content=\"The Ana\u00efs bag has a timeless style and sensibility that evokes both retro and modern luxury.This article is lined in goatskin and is handmade in France by Manufacture Jean Rousseau&#039;s craftsmen.\" \/>\n<meta name=\"robots\" content=\"index, follow, max-snippet:-1, max-image-preview:large, max-video-preview:-1\" \/>\n<link rel=\"canonical\" href=\"https:\/\/www.jean-rousseau.com\/gb\/shop\/sam-handbag-kaki-embossed-calf\/\" \/>\n<meta property=\"og:locale\" content=\"fr_FR\" \/>\n<meta property=\"og:type\" content=\"article\" \/>\n<meta property=\"og:title\" content=\"Sac Sam veau kaki - Maison Jean Rousseau\" \/>\n<meta property=\"og:description\" content=\"The Ana\u00efs bag has a timeless style and sensibility that evokes both retro and modern luxury.This article is lined in goatskin and is handmade in France by Manufacture Jean Rousseau&#039;s craftsmen.\" \/>\n<meta property=\"og:url\" content=\"https:\/\/www.jean-rousseau.com\/gb\/shop\/sam-handbag-kaki-embossed-calf\/\" \/>\n<meta property=\"og:site_name\" content=\"Maison Jean Rousseau\" \/>\n<meta property=\"article:publisher\" content=\"https:\/\/www.facebook.com\/JeanrousseauParis\/\" \/>\n<meta property=\"article:modified_time\" content=\"2024-02-07T12:41:45+00:00\" \/>\n<meta property=\"og:image\" content=\"https:\/\/www.jean-rousseau.com\/wp-content\/uploads\/2020\/12\/6760-930020.png\" \/>\n\t<meta property=\"og:image:width\" content=\"1280\" \/>\n\t<meta property=\"og:image:height\" content=\"1706\" \/>\n\t<meta property=\"og:image:type\" content=\"image\/png\" \/>\n<meta name=\"twitter:card\" content=\"summary_large_image\" \/>\n<meta name=\"twitter:site\" content=\"@jeanrousseaufr\" \/>\n<script type=\"application\/ld+json\" class=\"yoast-schema-graph\">{\"@context\":\"https:\/\/schema.org\",\"@graph\":[{\"@type\":\"WebPage\",\"@id\":\"https:\/\/www.jean-rousseau.com\/gb\/shop\/sam-handbag-kaki-embossed-calf\/\",\"url\":\"https:\/\/www.jean-rousseau.com\/gb\/shop\/sam-handbag-kaki-embossed-calf\/\",\"name\":\"Sac Sam veau kaki - Maison Jean Rousseau\",\"isPartOf\":{\"@id\":\"https:\/\/www.jean-rousseau.com\/#website\"},\"primaryImageOfPage\":{\"@id\":\"https:\/\/www.jean-rousseau.com\/gb\/shop\/sam-handbag-kaki-embossed-calf\/#primaryimage\"},\"image\":{\"@id\":\"https:\/\/www.jean-rousseau.com\/gb\/shop\/sam-handbag-kaki-embossed-calf\/#primaryimage\"},\"thumbnailUrl\":\"https:\/\/www.jean-rousseau.com\/wp-content\/uploads\/2020\/12\/6760-930020.png\",\"datePublished\":\"2019-11-19T16:05:52+00:00\",\"dateModified\":\"2024-02-07T12:41:45+00:00\",\"description\":\"The Ana\u00efs bag has a timeless style and sensibility that evokes both retro and modern luxury.This article is lined in goatskin and is handmade in France by Manufacture Jean Rousseau's craftsmen.\",\"breadcrumb\":{\"@id\":\"https:\/\/www.jean-rousseau.com\/gb\/shop\/sam-handbag-kaki-embossed-calf\/#breadcrumb\"},\"inLanguage\":\"fr-FR\",\"potentialAction\":[{\"@type\":\"ReadAction\",\"target\":[\"https:\/\/www.jean-rousseau.com\/gb\/shop\/sam-handbag-kaki-embossed-calf\/\"]}]},{\"@type\":\"ImageObject\",\"inLanguage\":\"fr-FR\",\"@id\":\"https:\/\/www.jean-rousseau.com\/gb\/shop\/sam-handbag-kaki-embossed-calf\/#primaryimage\",\"url\":\"https:\/\/www.jean-rousseau.com\/wp-content\/uploads\/2020\/12\/6760-930020.png\",\"contentUrl\":\"https:\/\/www.jean-rousseau.com\/wp-content\/uploads\/2020\/12\/6760-930020.png\",\"width\":1280,\"height\":1706,\"caption\":\"bag leather jean rousseau green\"},{\"@type\":\"BreadcrumbList\",\"@id\":\"https:\/\/www.jean-rousseau.com\/gb\/shop\/sam-handbag-kaki-embossed-calf\/#breadcrumb\",\"itemListElement\":[{\"@type\":\"ListItem\",\"position\":1,\"name\":\"Accueil\",\"item\":\"https:\/\/www.jean-rousseau.com\/fr\/\"},{\"@type\":\"ListItem\",\"position\":2,\"name\":\"Boutique\",\"item\":\"https:\/\/www.jean-rousseau.com\/fr\/boutique\/\"},{\"@type\":\"ListItem\",\"position\":3,\"name\":\"Sac Sam veau kaki\"}]},{\"@type\":\"WebSite\",\"@id\":\"https:\/\/www.jean-rousseau.com\/#website\",\"url\":\"https:\/\/www.jean-rousseau.com\/\",\"name\":\"Maison Jean Rousseau\",\"description\":\"Sp\u00e9cialiste en bracelets de montre et maroquinerie sur-mesure made in France, artisan d\u2019excellence depuis 1954.\",\"publisher\":{\"@id\":\"https:\/\/www.jean-rousseau.com\/#organization\"},\"potentialAction\":[{\"@type\":\"SearchAction\",\"target\":{\"@type\":\"EntryPoint\",\"urlTemplate\":\"https:\/\/www.jean-rousseau.com\/?s={search_term_string}\"},\"query-input\":{\"@type\":\"PropertyValueSpecification\",\"valueRequired\":true,\"valueName\":\"search_term_string\"}}],\"inLanguage\":\"fr-FR\"},{\"@type\":\"Organization\",\"@id\":\"https:\/\/www.jean-rousseau.com\/#organization\",\"name\":\"Maison Jean Rousseau\",\"url\":\"https:\/\/www.jean-rousseau.com\/\",\"logo\":{\"@type\":\"ImageObject\",\"inLanguage\":\"fr-FR\",\"@id\":\"https:\/\/www.jean-rousseau.com\/#\/schema\/logo\/image\/\",\"url\":\"https:\/\/www.jean-rousseau.com\/wp-content\/uploads\/2024\/02\/logo-JR.jpg\",\"contentUrl\":\"https:\/\/www.jean-rousseau.com\/wp-content\/uploads\/2024\/02\/logo-JR.jpg\",\"width\":696,\"height\":696,\"caption\":\"Maison Jean Rousseau\"},\"image\":{\"@id\":\"https:\/\/www.jean-rousseau.com\/#\/schema\/logo\/image\/\"},\"sameAs\":[\"https:\/\/www.facebook.com\/JeanrousseauParis\/\",\"https:\/\/x.com\/jeanrousseaufr\",\"https:\/\/www.instagram.com\/jeanrousseauparis\/\",\"https:\/\/www.linkedin.com\/company\/maison-jean-rousseau\/\",\"https:\/\/www.pinterest.fr\/jeanrousseauparis\/\",\"https:\/\/www.youtube.com\/@MaisonJeanRousseau\",\"https:\/\/www.tiktok.com\/@jeanrousseauparis\",\"https:\/\/www.weibo.com\/p\/1006066811228508\/home?from=page_100606&mod=TAB&is_hot=1\"]}]}<\/script>\n<!-- \/ Yoast SEO plugin. -->","yoast_head_json":{"title":"Sac Sam veau kaki - Maison Jean Rousseau","description":"The Ana\u00efs bag has a timeless style and sensibility that evokes both retro and modern luxury.This article is lined in goatskin and is handmade in France by Manufacture Jean Rousseau's craftsmen.","robots":{"index":"index","follow":"follow","max-snippet":"max-snippet:-1","max-image-preview":"max-image-preview:large","max-video-preview":"max-video-preview:-1"},"canonical":"https:\/\/www.jean-rousseau.com\/gb\/shop\/sam-handbag-kaki-embossed-calf\/","og_locale":"fr_FR","og_type":"article","og_title":"Sac Sam veau kaki - Maison Jean Rousseau","og_description":"The Ana\u00efs bag has a timeless style and sensibility that evokes both retro and modern luxury.This article is lined in goatskin and is handmade in France by Manufacture Jean Rousseau's craftsmen.","og_url":"https:\/\/www.jean-rousseau.com\/gb\/shop\/sam-handbag-kaki-embossed-calf\/","og_site_name":"Maison Jean Rousseau","article_publisher":"https:\/\/www.facebook.com\/JeanrousseauParis\/","article_modified_time":"2024-02-07T12:41:45+00:00","og_image":[{"width":1280,"height":1706,"url":"https:\/\/www.jean-rousseau.com\/wp-content\/uploads\/2020\/12\/6760-930020.png","type":"image\/png"}],"twitter_card":"summary_large_image","twitter_site":"@jeanrousseaufr","schema":{"@context":"https:\/\/schema.org","@graph":[{"@type":"WebPage","@id":"https:\/\/www.jean-rousseau.com\/gb\/shop\/sam-handbag-kaki-embossed-calf\/","url":"https:\/\/www.jean-rousseau.com\/gb\/shop\/sam-handbag-kaki-embossed-calf\/","name":"Sac Sam veau kaki - Maison Jean Rousseau","isPartOf":{"@id":"https:\/\/www.jean-rousseau.com\/#website"},"primaryImageOfPage":{"@id":"https:\/\/www.jean-rousseau.com\/gb\/shop\/sam-handbag-kaki-embossed-calf\/#primaryimage"},"image":{"@id":"https:\/\/www.jean-rousseau.com\/gb\/shop\/sam-handbag-kaki-embossed-calf\/#primaryimage"},"thumbnailUrl":"https:\/\/www.jean-rousseau.com\/wp-content\/uploads\/2020\/12\/6760-930020.png","datePublished":"2019-11-19T16:05:52+00:00","dateModified":"2024-02-07T12:41:45+00:00","description":"The Ana\u00efs bag has a timeless style and sensibility that evokes both retro and modern luxury.This article is lined in goatskin and is handmade in France by Manufacture Jean Rousseau's craftsmen.","breadcrumb":{"@id":"https:\/\/www.jean-rousseau.com\/gb\/shop\/sam-handbag-kaki-embossed-calf\/#breadcrumb"},"inLanguage":"fr-FR","potentialAction":[{"@type":"ReadAction","target":["https:\/\/www.jean-rousseau.com\/gb\/shop\/sam-handbag-kaki-embossed-calf\/"]}]},{"@type":"ImageObject","inLanguage":"fr-FR","@id":"https:\/\/www.jean-rousseau.com\/gb\/shop\/sam-handbag-kaki-embossed-calf\/#primaryimage","url":"https:\/\/www.jean-rousseau.com\/wp-content\/uploads\/2020\/12\/6760-930020.png","contentUrl":"https:\/\/www.jean-rousseau.com\/wp-content\/uploads\/2020\/12\/6760-930020.png","width":1280,"height":1706,"caption":"bag leather jean rousseau green"},{"@type":"BreadcrumbList","@id":"https:\/\/www.jean-rousseau.com\/gb\/shop\/sam-handbag-kaki-embossed-calf\/#breadcrumb","itemListElement":[{"@type":"ListItem","position":1,"name":"Accueil","item":"https:\/\/www.jean-rousseau.com\/fr\/"},{"@type":"ListItem","position":2,"name":"Boutique","item":"https:\/\/www.jean-rousseau.com\/fr\/boutique\/"},{"@type":"ListItem","position":3,"name":"Sac Sam veau kaki"}]},{"@type":"WebSite","@id":"https:\/\/www.jean-rousseau.com\/#website","url":"https:\/\/www.jean-rousseau.com\/","name":"Maison Jean Rousseau","description":"Sp\u00e9cialiste en bracelets de montre et maroquinerie sur-mesure made in France, artisan d\u2019excellence depuis 1954.","publisher":{"@id":"https:\/\/www.jean-rousseau.com\/#organization"},"potentialAction":[{"@type":"SearchAction","target":{"@type":"EntryPoint","urlTemplate":"https:\/\/www.jean-rousseau.com\/?s={search_term_string}"},"query-input":{"@type":"PropertyValueSpecification","valueRequired":true,"valueName":"search_term_string"}}],"inLanguage":"fr-FR"},{"@type":"Organization","@id":"https:\/\/www.jean-rousseau.com\/#organization","name":"Maison Jean Rousseau","url":"https:\/\/www.jean-rousseau.com\/","logo":{"@type":"ImageObject","inLanguage":"fr-FR","@id":"https:\/\/www.jean-rousseau.com\/#\/schema\/logo\/image\/","url":"https:\/\/www.jean-rousseau.com\/wp-content\/uploads\/2024\/02\/logo-JR.jpg","contentUrl":"https:\/\/www.jean-rousseau.com\/wp-content\/uploads\/2024\/02\/logo-JR.jpg","width":696,"height":696,"caption":"Maison Jean Rousseau"},"image":{"@id":"https:\/\/www.jean-rousseau.com\/#\/schema\/logo\/image\/"},"sameAs":["https:\/\/www.facebook.com\/JeanrousseauParis\/","https:\/\/x.com\/jeanrousseaufr","https:\/\/www.instagram.com\/jeanrousseauparis\/","https:\/\/www.linkedin.com\/company\/maison-jean-rousseau\/","https:\/\/www.pinterest.fr\/jeanrousseauparis\/","https:\/\/www.youtube.com\/@MaisonJeanRousseau","https:\/\/www.tiktok.com\/@jeanrousseauparis","https:\/\/www.weibo.com\/p\/1006066811228508\/home?from=page_100606&mod=TAB&is_hot=1"]}]}},"_links":{"self":[{"href":"https:\/\/www.jean-rousseau.com\/fr\/wp-json\/wp\/v2\/product\/53372","targetHints":{"allow":["GET"]}}],"collection":[{"href":"https:\/\/www.jean-rousseau.com\/fr\/wp-json\/wp\/v2\/product"}],"about":[{"href":"https:\/\/www.jean-rousseau.com\/fr\/wp-json\/wp\/v2\/types\/product"}],"wp:featuredmedia":[{"embeddable":true,"href":"https:\/\/www.jean-rousseau.com\/fr\/wp-json\/wp\/v2\/media\/96162"}],"wp:attachment":[{"href":"https:\/\/www.jean-rousseau.com\/fr\/wp-json\/wp\/v2\/media?parent=53372"}],"wp:term":[{"taxonomy":"product_brand","embeddable":true,"href":"https:\/\/www.jean-rousseau.com\/fr\/wp-json\/wp\/v2\/product_brand?post=53372"},{"taxonomy":"product_cat","embeddable":true,"href":"https:\/\/www.jean-rousseau.com\/fr\/wp-json\/wp\/v2\/product_cat?post=53372"},{"taxonomy":"product_tag","embeddable":true,"href":"https:\/\/www.jean-rousseau.com\/fr\/wp-json\/wp\/v2\/product_tag?post=53372"}],"curies":[{"name":"wp","href":"https:\/\/api.w.org\/{rel}","templated":true}]}}