{"id":72151,"date":"2020-04-08T14:57:04","date_gmt":"2020-04-08T12:57:04","guid":{"rendered":"https:\/\/www.jean-rousseau.com\/?post_type=product&#038;p=72151"},"modified":"2024-02-07T13:37:45","modified_gmt":"2024-02-07T12:37:45","slug":"bracelet-venus-galuchat-noir","status":"publish","type":"product","link":"https:\/\/www.jean-rousseau.com\/fr\/boutique\/bracelet-venus-galuchat-noir\/","title":{"rendered":"Bracelet V\u00e9nus galuchat noir"},"content":{"rendered":"<p>Ces manchettes sont soigneusement gain\u00e9es \u00e0 la main dans notre manufacture pr\u00e8s de Besan\u00e7on, pour offrir des bijoux empreints d\u2019un savoir-faire et d\u2019une qualit\u00e9 fran\u00e7aise<\/p>\n<p>reconnus. Le cuir de galuchat, aux allures de perles pr\u00e9cieuses, s\u2019adapte \u00e0 chaque style de femme et \u00e0 chaque moment de la journ\u00e9e.<\/p>\n<p>Le bracelet Venus est gain\u00e9 de cuir de galuchat, ponc\u00e9 ou non, laissant appara\u00eetre des perles brillantes. Ce produit est r\u00e9alis\u00e9 en une pi\u00e8ce de laiton plaqu\u00e9 Or.<\/p>\n","protected":false},"excerpt":{"rendered":"<p>Ces manchettes sont soigneusement gain\u00e9es \u00e0 la main dans notre manufacture pr\u00e8s de Besan\u00e7on, pour offrir des bijoux empreints d\u2019un savoir-faire et d\u2019une qualit\u00e9 fran\u00e7aise reconnus. Le cuir de galuchat, aux allures de perles pr\u00e9cieuses, s\u2019adapte \u00e0 chaque style de femme et \u00e0 chaque moment de la journ\u00e9e. Le bracelet Venus est gain\u00e9 de cuir [&hellip;]<\/p>\n","protected":false},"featured_media":22801,"template":"","meta":{"_acf_changed":false,"_relevanssi_hide_post":"","_relevanssi_hide_content":"","_relevanssi_pin_for_all":"","_relevanssi_pin_keywords":"","_relevanssi_unpin_keywords":"","_relevanssi_related_keywords":"","_relevanssi_related_include_ids":"","_relevanssi_related_exclude_ids":"","_relevanssi_related_no_append":"","_relevanssi_related_not_related":"","_relevanssi_related_posts":"","_relevanssi_noindex_reason":""},"product_brand":[],"product_cat":[1819,1867,5371],"product_tag":[],"class_list":{"0":"post-72151","1":"product","2":"type-product","3":"status-publish","4":"has-post-thumbnail","6":"couleur-black-fr","7":"product_cat-la-maroquinerie","8":"product_cat-bijoux-en-cuir","9":"product_cat-bracelet-venus","10":"product_shipping_class-on-stock-no-cites-slg-and-pouches-s-and-m-fr","12":"first","13":"instock","14":"taxable","15":"shipping-taxable","16":"purchasable","17":"product-type-simple"},"acf":[],"yoast_head":"<!-- This site is optimized with the Yoast SEO plugin v26.3 - https:\/\/yoast.com\/wordpress\/plugins\/seo\/ -->\n<title>Bracelet V\u00e9nus galuchat noir - Maison Jean Rousseau<\/title>\n<meta name=\"description\" content=\"Le bracelet Venus est gain\u00e9 de cuir de galuchat, ponc\u00e9 ou non,laissant appara\u00eetre des perles brillantes. Ce produit est r\u00e9alis\u00e9 en une pi\u00e8ce de laiton plaqu\u00e9 Or.\" \/>\n<meta name=\"robots\" content=\"index, follow, max-snippet:-1, max-image-preview:large, max-video-preview:-1\" \/>\n<link rel=\"canonical\" href=\"https:\/\/www.jean-rousseau.com\/gb\/shop\/venus-bracelet-black-stingray\/\" \/>\n<meta property=\"og:locale\" content=\"fr_FR\" \/>\n<meta property=\"og:type\" content=\"article\" \/>\n<meta property=\"og:title\" content=\"Bracelet V\u00e9nus galuchat noir - Maison Jean Rousseau\" \/>\n<meta property=\"og:description\" content=\"Le bracelet Venus est gain\u00e9 de cuir de galuchat, ponc\u00e9 ou non,laissant appara\u00eetre des perles brillantes. Ce produit est r\u00e9alis\u00e9 en une pi\u00e8ce de laiton plaqu\u00e9 Or.\" \/>\n<meta property=\"og:url\" content=\"https:\/\/www.jean-rousseau.com\/gb\/shop\/venus-bracelet-black-stingray\/\" \/>\n<meta property=\"og:site_name\" content=\"Maison Jean Rousseau\" \/>\n<meta property=\"article:publisher\" content=\"https:\/\/www.facebook.com\/JeanrousseauParis\/\" \/>\n<meta property=\"article:modified_time\" content=\"2024-02-07T12:37:45+00:00\" \/>\n<meta property=\"og:image\" content=\"https:\/\/www.jean-rousseau.com\/wp-content\/uploads\/2018\/08\/6456-noir-1.jpg\" \/>\n\t<meta property=\"og:image:width\" content=\"1280\" \/>\n\t<meta property=\"og:image:height\" content=\"1706\" \/>\n\t<meta property=\"og:image:type\" content=\"image\/jpeg\" \/>\n<meta name=\"twitter:card\" content=\"summary_large_image\" \/>\n<meta name=\"twitter:site\" content=\"@jeanrousseaufr\" \/>\n<script type=\"application\/ld+json\" class=\"yoast-schema-graph\">{\"@context\":\"https:\/\/schema.org\",\"@graph\":[{\"@type\":\"WebPage\",\"@id\":\"https:\/\/www.jean-rousseau.com\/gb\/shop\/venus-bracelet-black-stingray\/\",\"url\":\"https:\/\/www.jean-rousseau.com\/gb\/shop\/venus-bracelet-black-stingray\/\",\"name\":\"Bracelet V\u00e9nus galuchat noir - Maison Jean Rousseau\",\"isPartOf\":{\"@id\":\"https:\/\/www.jean-rousseau.com\/#website\"},\"primaryImageOfPage\":{\"@id\":\"https:\/\/www.jean-rousseau.com\/gb\/shop\/venus-bracelet-black-stingray\/#primaryimage\"},\"image\":{\"@id\":\"https:\/\/www.jean-rousseau.com\/gb\/shop\/venus-bracelet-black-stingray\/#primaryimage\"},\"thumbnailUrl\":\"https:\/\/www.jean-rousseau.com\/wp-content\/uploads\/2018\/08\/6456-noir-1.jpg\",\"datePublished\":\"2020-04-08T12:57:04+00:00\",\"dateModified\":\"2024-02-07T12:37:45+00:00\",\"description\":\"Le bracelet Venus est gain\u00e9 de cuir de galuchat, ponc\u00e9 ou non,laissant appara\u00eetre des perles brillantes. Ce produit est r\u00e9alis\u00e9 en une pi\u00e8ce de laiton plaqu\u00e9 Or.\",\"breadcrumb\":{\"@id\":\"https:\/\/www.jean-rousseau.com\/gb\/shop\/venus-bracelet-black-stingray\/#breadcrumb\"},\"inLanguage\":\"fr-FR\",\"potentialAction\":[{\"@type\":\"ReadAction\",\"target\":[\"https:\/\/www.jean-rousseau.com\/gb\/shop\/venus-bracelet-black-stingray\/\"]}]},{\"@type\":\"ImageObject\",\"inLanguage\":\"fr-FR\",\"@id\":\"https:\/\/www.jean-rousseau.com\/gb\/shop\/venus-bracelet-black-stingray\/#primaryimage\",\"url\":\"https:\/\/www.jean-rousseau.com\/wp-content\/uploads\/2018\/08\/6456-noir-1.jpg\",\"contentUrl\":\"https:\/\/www.jean-rousseau.com\/wp-content\/uploads\/2018\/08\/6456-noir-1.jpg\",\"width\":1280,\"height\":1706,\"caption\":\"Bracelet V\u00e9nus plaqu\u00e9 or galuchat bijoux cuir\"},{\"@type\":\"BreadcrumbList\",\"@id\":\"https:\/\/www.jean-rousseau.com\/gb\/shop\/venus-bracelet-black-stingray\/#breadcrumb\",\"itemListElement\":[{\"@type\":\"ListItem\",\"position\":1,\"name\":\"Accueil\",\"item\":\"https:\/\/www.jean-rousseau.com\/fr\/\"},{\"@type\":\"ListItem\",\"position\":2,\"name\":\"Boutique\",\"item\":\"https:\/\/www.jean-rousseau.com\/fr\/boutique\/\"},{\"@type\":\"ListItem\",\"position\":3,\"name\":\"Bracelet V\u00e9nus galuchat noir\"}]},{\"@type\":\"WebSite\",\"@id\":\"https:\/\/www.jean-rousseau.com\/#website\",\"url\":\"https:\/\/www.jean-rousseau.com\/\",\"name\":\"Maison Jean Rousseau\",\"description\":\"Sp\u00e9cialiste en bracelets de montre et maroquinerie sur-mesure made in France, artisan d\u2019excellence depuis 1954.\",\"publisher\":{\"@id\":\"https:\/\/www.jean-rousseau.com\/#organization\"},\"potentialAction\":[{\"@type\":\"SearchAction\",\"target\":{\"@type\":\"EntryPoint\",\"urlTemplate\":\"https:\/\/www.jean-rousseau.com\/?s={search_term_string}\"},\"query-input\":{\"@type\":\"PropertyValueSpecification\",\"valueRequired\":true,\"valueName\":\"search_term_string\"}}],\"inLanguage\":\"fr-FR\"},{\"@type\":\"Organization\",\"@id\":\"https:\/\/www.jean-rousseau.com\/#organization\",\"name\":\"Maison Jean Rousseau\",\"url\":\"https:\/\/www.jean-rousseau.com\/\",\"logo\":{\"@type\":\"ImageObject\",\"inLanguage\":\"fr-FR\",\"@id\":\"https:\/\/www.jean-rousseau.com\/#\/schema\/logo\/image\/\",\"url\":\"https:\/\/www.jean-rousseau.com\/wp-content\/uploads\/2024\/02\/logo-JR.jpg\",\"contentUrl\":\"https:\/\/www.jean-rousseau.com\/wp-content\/uploads\/2024\/02\/logo-JR.jpg\",\"width\":696,\"height\":696,\"caption\":\"Maison Jean Rousseau\"},\"image\":{\"@id\":\"https:\/\/www.jean-rousseau.com\/#\/schema\/logo\/image\/\"},\"sameAs\":[\"https:\/\/www.facebook.com\/JeanrousseauParis\/\",\"https:\/\/x.com\/jeanrousseaufr\",\"https:\/\/www.instagram.com\/jeanrousseauparis\/\",\"https:\/\/www.linkedin.com\/company\/maison-jean-rousseau\/\",\"https:\/\/www.pinterest.fr\/jeanrousseauparis\/\",\"https:\/\/www.youtube.com\/@MaisonJeanRousseau\",\"https:\/\/www.tiktok.com\/@jeanrousseauparis\",\"https:\/\/www.weibo.com\/p\/1006066811228508\/home?from=page_100606&mod=TAB&is_hot=1\"]}]}<\/script>\n<!-- \/ Yoast SEO plugin. -->","yoast_head_json":{"title":"Bracelet V\u00e9nus galuchat noir - Maison Jean Rousseau","description":"Le bracelet Venus est gain\u00e9 de cuir de galuchat, ponc\u00e9 ou non,laissant appara\u00eetre des perles brillantes. Ce produit est r\u00e9alis\u00e9 en une pi\u00e8ce de laiton plaqu\u00e9 Or.","robots":{"index":"index","follow":"follow","max-snippet":"max-snippet:-1","max-image-preview":"max-image-preview:large","max-video-preview":"max-video-preview:-1"},"canonical":"https:\/\/www.jean-rousseau.com\/gb\/shop\/venus-bracelet-black-stingray\/","og_locale":"fr_FR","og_type":"article","og_title":"Bracelet V\u00e9nus galuchat noir - Maison Jean Rousseau","og_description":"Le bracelet Venus est gain\u00e9 de cuir de galuchat, ponc\u00e9 ou non,laissant appara\u00eetre des perles brillantes. Ce produit est r\u00e9alis\u00e9 en une pi\u00e8ce de laiton plaqu\u00e9 Or.","og_url":"https:\/\/www.jean-rousseau.com\/gb\/shop\/venus-bracelet-black-stingray\/","og_site_name":"Maison Jean Rousseau","article_publisher":"https:\/\/www.facebook.com\/JeanrousseauParis\/","article_modified_time":"2024-02-07T12:37:45+00:00","og_image":[{"width":1280,"height":1706,"url":"https:\/\/www.jean-rousseau.com\/wp-content\/uploads\/2018\/08\/6456-noir-1.jpg","type":"image\/jpeg"}],"twitter_card":"summary_large_image","twitter_site":"@jeanrousseaufr","schema":{"@context":"https:\/\/schema.org","@graph":[{"@type":"WebPage","@id":"https:\/\/www.jean-rousseau.com\/gb\/shop\/venus-bracelet-black-stingray\/","url":"https:\/\/www.jean-rousseau.com\/gb\/shop\/venus-bracelet-black-stingray\/","name":"Bracelet V\u00e9nus galuchat noir - Maison Jean Rousseau","isPartOf":{"@id":"https:\/\/www.jean-rousseau.com\/#website"},"primaryImageOfPage":{"@id":"https:\/\/www.jean-rousseau.com\/gb\/shop\/venus-bracelet-black-stingray\/#primaryimage"},"image":{"@id":"https:\/\/www.jean-rousseau.com\/gb\/shop\/venus-bracelet-black-stingray\/#primaryimage"},"thumbnailUrl":"https:\/\/www.jean-rousseau.com\/wp-content\/uploads\/2018\/08\/6456-noir-1.jpg","datePublished":"2020-04-08T12:57:04+00:00","dateModified":"2024-02-07T12:37:45+00:00","description":"Le bracelet Venus est gain\u00e9 de cuir de galuchat, ponc\u00e9 ou non,laissant appara\u00eetre des perles brillantes. Ce produit est r\u00e9alis\u00e9 en une pi\u00e8ce de laiton plaqu\u00e9 Or.","breadcrumb":{"@id":"https:\/\/www.jean-rousseau.com\/gb\/shop\/venus-bracelet-black-stingray\/#breadcrumb"},"inLanguage":"fr-FR","potentialAction":[{"@type":"ReadAction","target":["https:\/\/www.jean-rousseau.com\/gb\/shop\/venus-bracelet-black-stingray\/"]}]},{"@type":"ImageObject","inLanguage":"fr-FR","@id":"https:\/\/www.jean-rousseau.com\/gb\/shop\/venus-bracelet-black-stingray\/#primaryimage","url":"https:\/\/www.jean-rousseau.com\/wp-content\/uploads\/2018\/08\/6456-noir-1.jpg","contentUrl":"https:\/\/www.jean-rousseau.com\/wp-content\/uploads\/2018\/08\/6456-noir-1.jpg","width":1280,"height":1706,"caption":"Bracelet V\u00e9nus plaqu\u00e9 or galuchat bijoux cuir"},{"@type":"BreadcrumbList","@id":"https:\/\/www.jean-rousseau.com\/gb\/shop\/venus-bracelet-black-stingray\/#breadcrumb","itemListElement":[{"@type":"ListItem","position":1,"name":"Accueil","item":"https:\/\/www.jean-rousseau.com\/fr\/"},{"@type":"ListItem","position":2,"name":"Boutique","item":"https:\/\/www.jean-rousseau.com\/fr\/boutique\/"},{"@type":"ListItem","position":3,"name":"Bracelet V\u00e9nus galuchat noir"}]},{"@type":"WebSite","@id":"https:\/\/www.jean-rousseau.com\/#website","url":"https:\/\/www.jean-rousseau.com\/","name":"Maison Jean Rousseau","description":"Sp\u00e9cialiste en bracelets de montre et maroquinerie sur-mesure made in France, artisan d\u2019excellence depuis 1954.","publisher":{"@id":"https:\/\/www.jean-rousseau.com\/#organization"},"potentialAction":[{"@type":"SearchAction","target":{"@type":"EntryPoint","urlTemplate":"https:\/\/www.jean-rousseau.com\/?s={search_term_string}"},"query-input":{"@type":"PropertyValueSpecification","valueRequired":true,"valueName":"search_term_string"}}],"inLanguage":"fr-FR"},{"@type":"Organization","@id":"https:\/\/www.jean-rousseau.com\/#organization","name":"Maison Jean Rousseau","url":"https:\/\/www.jean-rousseau.com\/","logo":{"@type":"ImageObject","inLanguage":"fr-FR","@id":"https:\/\/www.jean-rousseau.com\/#\/schema\/logo\/image\/","url":"https:\/\/www.jean-rousseau.com\/wp-content\/uploads\/2024\/02\/logo-JR.jpg","contentUrl":"https:\/\/www.jean-rousseau.com\/wp-content\/uploads\/2024\/02\/logo-JR.jpg","width":696,"height":696,"caption":"Maison Jean Rousseau"},"image":{"@id":"https:\/\/www.jean-rousseau.com\/#\/schema\/logo\/image\/"},"sameAs":["https:\/\/www.facebook.com\/JeanrousseauParis\/","https:\/\/x.com\/jeanrousseaufr","https:\/\/www.instagram.com\/jeanrousseauparis\/","https:\/\/www.linkedin.com\/company\/maison-jean-rousseau\/","https:\/\/www.pinterest.fr\/jeanrousseauparis\/","https:\/\/www.youtube.com\/@MaisonJeanRousseau","https:\/\/www.tiktok.com\/@jeanrousseauparis","https:\/\/www.weibo.com\/p\/1006066811228508\/home?from=page_100606&mod=TAB&is_hot=1"]}]}},"_links":{"self":[{"href":"https:\/\/www.jean-rousseau.com\/fr\/wp-json\/wp\/v2\/product\/72151","targetHints":{"allow":["GET"]}}],"collection":[{"href":"https:\/\/www.jean-rousseau.com\/fr\/wp-json\/wp\/v2\/product"}],"about":[{"href":"https:\/\/www.jean-rousseau.com\/fr\/wp-json\/wp\/v2\/types\/product"}],"wp:featuredmedia":[{"embeddable":true,"href":"https:\/\/www.jean-rousseau.com\/fr\/wp-json\/wp\/v2\/media\/22801"}],"wp:attachment":[{"href":"https:\/\/www.jean-rousseau.com\/fr\/wp-json\/wp\/v2\/media?parent=72151"}],"wp:term":[{"taxonomy":"product_brand","embeddable":true,"href":"https:\/\/www.jean-rousseau.com\/fr\/wp-json\/wp\/v2\/product_brand?post=72151"},{"taxonomy":"product_cat","embeddable":true,"href":"https:\/\/www.jean-rousseau.com\/fr\/wp-json\/wp\/v2\/product_cat?post=72151"},{"taxonomy":"product_tag","embeddable":true,"href":"https:\/\/www.jean-rousseau.com\/fr\/wp-json\/wp\/v2\/product_tag?post=72151"}],"curies":[{"name":"wp","href":"https:\/\/api.w.org\/{rel}","templated":true}]}}