{"id":73764,"date":"2020-04-14T13:59:16","date_gmt":"2020-04-14T11:59:16","guid":{"rendered":"https:\/\/www.jean-rousseau.com\/?post_type=product&#038;p=73764"},"modified":"2024-02-07T13:40:22","modified_gmt":"2024-02-07T12:40:22","slug":"porte-cartes-essentiel-noir-alligator-brillant-2","status":"publish","type":"product","link":"https:\/\/www.jean-rousseau.com\/fr\/boutique\/porte-cartes-essentiel-noir-alligator-brillant-2\/","title":{"rendered":"Porte-cartes \u00ab\u00a0Essentiel\u00a0\u00bb alligator brillant noir"},"content":{"rendered":"<p style=\"text-align: center;\">Ce porte-cartes classique dispose de 4 emplacements pour cartes ainsi que d\u2019un compartiment central pour des billets, re\u00e7us ou tickets de transport.<\/p>\n<p>Cet article est enti\u00e8rement doubl\u00e9 en ch\u00e8vre et est fabriqu\u00e9 en France par nos artisans, au sein de notre manufacture.<\/p>\n","protected":false},"excerpt":{"rendered":"<p>Ce porte-cartes classique dispose de 4 emplacements pour cartes ainsi que d\u2019un compartiment central pour des billets, re\u00e7us ou tickets de transport. Cet article est enti\u00e8rement doubl\u00e9 en ch\u00e8vre et est fabriqu\u00e9 en France par nos artisans, au sein de notre manufacture.<\/p>\n","protected":false},"featured_media":12965,"template":"","meta":{"_acf_changed":false,"_relevanssi_hide_post":"","_relevanssi_hide_content":"","_relevanssi_pin_for_all":"","_relevanssi_pin_keywords":"","_relevanssi_unpin_keywords":"","_relevanssi_related_keywords":"","_relevanssi_related_include_ids":"","_relevanssi_related_exclude_ids":"","_relevanssi_related_no_append":"","_relevanssi_related_not_related":"","_relevanssi_related_posts":"","_relevanssi_noindex_reason":""},"product_brand":[],"product_cat":[1819,1880,5243],"product_tag":[],"class_list":{"0":"post-73764","1":"product","2":"type-product","3":"status-publish","4":"has-post-thumbnail","6":"couleur-black-fr","7":"product_cat-la-maroquinerie","8":"product_cat-petite-maroquinerie","9":"product_cat-porte-cartes-essentiel","10":"product_shipping_class-on-stock-no-cites-slg-and-pouches-s-and-m-fr","12":"first","13":"instock","14":"taxable","15":"shipping-taxable","16":"purchasable","17":"product-type-simple"},"acf":[],"yoast_head":"<!-- This site is optimized with the Yoast SEO plugin v26.3 - https:\/\/yoast.com\/wordpress\/plugins\/seo\/ -->\n<title>Porte-cartes &quot;Essentiel&quot; alligator brillant noir - Maison Jean Rousseau<\/title>\n<meta name=\"robots\" content=\"index, follow, max-snippet:-1, max-image-preview:large, max-video-preview:-1\" \/>\n<link rel=\"canonical\" href=\"https:\/\/www.jean-rousseau.com\/fr\/boutique\/porte-cartes-essentiel-noir-alligator-brillant-2\/\" \/>\n<meta property=\"og:locale\" content=\"fr_FR\" \/>\n<meta property=\"og:type\" content=\"article\" \/>\n<meta property=\"og:title\" content=\"Porte-cartes &quot;Essentiel&quot; alligator brillant noir - Maison Jean Rousseau\" \/>\n<meta property=\"og:description\" content=\"Ce porte-cartes classique dispose de 4 emplacements pour cartes ainsi que d\u2019un compartiment central pour des billets, re\u00e7us ou tickets de transport. Cet article est enti\u00e8rement doubl\u00e9 en ch\u00e8vre et est fabriqu\u00e9 en France par nos artisans, au sein de notre manufacture.\" \/>\n<meta property=\"og:url\" content=\"https:\/\/www.jean-rousseau.com\/fr\/boutique\/porte-cartes-essentiel-noir-alligator-brillant-2\/\" \/>\n<meta property=\"og:site_name\" content=\"Maison Jean Rousseau\" \/>\n<meta property=\"article:publisher\" content=\"https:\/\/www.facebook.com\/JeanrousseauParis\/\" \/>\n<meta property=\"article:modified_time\" content=\"2024-02-07T12:40:22+00:00\" \/>\n<meta property=\"og:image\" content=\"https:\/\/www.jean-rousseau.com\/wp-content\/uploads\/2018\/05\/6117_2011_front_Joor.jpg\" \/>\n\t<meta property=\"og:image:width\" content=\"1280\" \/>\n\t<meta property=\"og:image:height\" content=\"1706\" \/>\n\t<meta property=\"og:image:type\" content=\"image\/jpeg\" \/>\n<meta name=\"twitter:card\" content=\"summary_large_image\" \/>\n<meta name=\"twitter:site\" content=\"@jeanrousseaufr\" \/>\n<meta name=\"twitter:label1\" content=\"Dur\u00e9e de lecture estim\u00e9e\" \/>\n\t<meta name=\"twitter:data1\" content=\"1 minute\" \/>\n<script type=\"application\/ld+json\" class=\"yoast-schema-graph\">{\"@context\":\"https:\/\/schema.org\",\"@graph\":[{\"@type\":\"WebPage\",\"@id\":\"https:\/\/www.jean-rousseau.com\/fr\/boutique\/porte-cartes-essentiel-noir-alligator-brillant-2\/\",\"url\":\"https:\/\/www.jean-rousseau.com\/fr\/boutique\/porte-cartes-essentiel-noir-alligator-brillant-2\/\",\"name\":\"Porte-cartes \\\"Essentiel\\\" alligator brillant noir - Maison Jean Rousseau\",\"isPartOf\":{\"@id\":\"https:\/\/www.jean-rousseau.com\/#website\"},\"primaryImageOfPage\":{\"@id\":\"https:\/\/www.jean-rousseau.com\/fr\/boutique\/porte-cartes-essentiel-noir-alligator-brillant-2\/#primaryimage\"},\"image\":{\"@id\":\"https:\/\/www.jean-rousseau.com\/fr\/boutique\/porte-cartes-essentiel-noir-alligator-brillant-2\/#primaryimage\"},\"thumbnailUrl\":\"https:\/\/www.jean-rousseau.com\/wp-content\/uploads\/2018\/05\/6117_2011_front_Joor.jpg\",\"datePublished\":\"2020-04-14T11:59:16+00:00\",\"dateModified\":\"2024-02-07T12:40:22+00:00\",\"breadcrumb\":{\"@id\":\"https:\/\/www.jean-rousseau.com\/fr\/boutique\/porte-cartes-essentiel-noir-alligator-brillant-2\/#breadcrumb\"},\"inLanguage\":\"fr-FR\",\"potentialAction\":[{\"@type\":\"ReadAction\",\"target\":[\"https:\/\/www.jean-rousseau.com\/fr\/boutique\/porte-cartes-essentiel-noir-alligator-brillant-2\/\"]}]},{\"@type\":\"ImageObject\",\"inLanguage\":\"fr-FR\",\"@id\":\"https:\/\/www.jean-rousseau.com\/fr\/boutique\/porte-cartes-essentiel-noir-alligator-brillant-2\/#primaryimage\",\"url\":\"https:\/\/www.jean-rousseau.com\/wp-content\/uploads\/2018\/05\/6117_2011_front_Joor.jpg\",\"contentUrl\":\"https:\/\/www.jean-rousseau.com\/wp-content\/uploads\/2018\/05\/6117_2011_front_Joor.jpg\",\"width\":1280,\"height\":1706,\"caption\":\"Porte carte cuir homme essentiel alligator brillant noir\"},{\"@type\":\"BreadcrumbList\",\"@id\":\"https:\/\/www.jean-rousseau.com\/fr\/boutique\/porte-cartes-essentiel-noir-alligator-brillant-2\/#breadcrumb\",\"itemListElement\":[{\"@type\":\"ListItem\",\"position\":1,\"name\":\"Accueil\",\"item\":\"https:\/\/www.jean-rousseau.com\/fr\/\"},{\"@type\":\"ListItem\",\"position\":2,\"name\":\"Boutique\",\"item\":\"https:\/\/www.jean-rousseau.com\/fr\/boutique\/\"},{\"@type\":\"ListItem\",\"position\":3,\"name\":\"Porte-cartes &#8220;Essentiel&#8221; alligator brillant noir\"}]},{\"@type\":\"WebSite\",\"@id\":\"https:\/\/www.jean-rousseau.com\/#website\",\"url\":\"https:\/\/www.jean-rousseau.com\/\",\"name\":\"Maison Jean Rousseau\",\"description\":\"Sp\u00e9cialiste en bracelets de montre et maroquinerie sur-mesure made in France, artisan d\u2019excellence depuis 1954.\",\"publisher\":{\"@id\":\"https:\/\/www.jean-rousseau.com\/#organization\"},\"potentialAction\":[{\"@type\":\"SearchAction\",\"target\":{\"@type\":\"EntryPoint\",\"urlTemplate\":\"https:\/\/www.jean-rousseau.com\/?s={search_term_string}\"},\"query-input\":{\"@type\":\"PropertyValueSpecification\",\"valueRequired\":true,\"valueName\":\"search_term_string\"}}],\"inLanguage\":\"fr-FR\"},{\"@type\":\"Organization\",\"@id\":\"https:\/\/www.jean-rousseau.com\/#organization\",\"name\":\"Maison Jean Rousseau\",\"url\":\"https:\/\/www.jean-rousseau.com\/\",\"logo\":{\"@type\":\"ImageObject\",\"inLanguage\":\"fr-FR\",\"@id\":\"https:\/\/www.jean-rousseau.com\/#\/schema\/logo\/image\/\",\"url\":\"https:\/\/www.jean-rousseau.com\/wp-content\/uploads\/2024\/02\/logo-JR.jpg\",\"contentUrl\":\"https:\/\/www.jean-rousseau.com\/wp-content\/uploads\/2024\/02\/logo-JR.jpg\",\"width\":696,\"height\":696,\"caption\":\"Maison Jean Rousseau\"},\"image\":{\"@id\":\"https:\/\/www.jean-rousseau.com\/#\/schema\/logo\/image\/\"},\"sameAs\":[\"https:\/\/www.facebook.com\/JeanrousseauParis\/\",\"https:\/\/x.com\/jeanrousseaufr\",\"https:\/\/www.instagram.com\/jeanrousseauparis\/\",\"https:\/\/www.linkedin.com\/company\/maison-jean-rousseau\/\",\"https:\/\/www.pinterest.fr\/jeanrousseauparis\/\",\"https:\/\/www.youtube.com\/@MaisonJeanRousseau\",\"https:\/\/www.tiktok.com\/@jeanrousseauparis\",\"https:\/\/www.weibo.com\/p\/1006066811228508\/home?from=page_100606&mod=TAB&is_hot=1\"]}]}<\/script>\n<!-- \/ Yoast SEO plugin. -->","yoast_head_json":{"title":"Porte-cartes \"Essentiel\" alligator brillant noir - Maison Jean Rousseau","robots":{"index":"index","follow":"follow","max-snippet":"max-snippet:-1","max-image-preview":"max-image-preview:large","max-video-preview":"max-video-preview:-1"},"canonical":"https:\/\/www.jean-rousseau.com\/fr\/boutique\/porte-cartes-essentiel-noir-alligator-brillant-2\/","og_locale":"fr_FR","og_type":"article","og_title":"Porte-cartes \"Essentiel\" alligator brillant noir - Maison Jean Rousseau","og_description":"Ce porte-cartes classique dispose de 4 emplacements pour cartes ainsi que d\u2019un compartiment central pour des billets, re\u00e7us ou tickets de transport. Cet article est enti\u00e8rement doubl\u00e9 en ch\u00e8vre et est fabriqu\u00e9 en France par nos artisans, au sein de notre manufacture.","og_url":"https:\/\/www.jean-rousseau.com\/fr\/boutique\/porte-cartes-essentiel-noir-alligator-brillant-2\/","og_site_name":"Maison Jean Rousseau","article_publisher":"https:\/\/www.facebook.com\/JeanrousseauParis\/","article_modified_time":"2024-02-07T12:40:22+00:00","og_image":[{"width":1280,"height":1706,"url":"https:\/\/www.jean-rousseau.com\/wp-content\/uploads\/2018\/05\/6117_2011_front_Joor.jpg","type":"image\/jpeg"}],"twitter_card":"summary_large_image","twitter_site":"@jeanrousseaufr","twitter_misc":{"Dur\u00e9e de lecture estim\u00e9e":"1 minute"},"schema":{"@context":"https:\/\/schema.org","@graph":[{"@type":"WebPage","@id":"https:\/\/www.jean-rousseau.com\/fr\/boutique\/porte-cartes-essentiel-noir-alligator-brillant-2\/","url":"https:\/\/www.jean-rousseau.com\/fr\/boutique\/porte-cartes-essentiel-noir-alligator-brillant-2\/","name":"Porte-cartes \"Essentiel\" alligator brillant noir - Maison Jean Rousseau","isPartOf":{"@id":"https:\/\/www.jean-rousseau.com\/#website"},"primaryImageOfPage":{"@id":"https:\/\/www.jean-rousseau.com\/fr\/boutique\/porte-cartes-essentiel-noir-alligator-brillant-2\/#primaryimage"},"image":{"@id":"https:\/\/www.jean-rousseau.com\/fr\/boutique\/porte-cartes-essentiel-noir-alligator-brillant-2\/#primaryimage"},"thumbnailUrl":"https:\/\/www.jean-rousseau.com\/wp-content\/uploads\/2018\/05\/6117_2011_front_Joor.jpg","datePublished":"2020-04-14T11:59:16+00:00","dateModified":"2024-02-07T12:40:22+00:00","breadcrumb":{"@id":"https:\/\/www.jean-rousseau.com\/fr\/boutique\/porte-cartes-essentiel-noir-alligator-brillant-2\/#breadcrumb"},"inLanguage":"fr-FR","potentialAction":[{"@type":"ReadAction","target":["https:\/\/www.jean-rousseau.com\/fr\/boutique\/porte-cartes-essentiel-noir-alligator-brillant-2\/"]}]},{"@type":"ImageObject","inLanguage":"fr-FR","@id":"https:\/\/www.jean-rousseau.com\/fr\/boutique\/porte-cartes-essentiel-noir-alligator-brillant-2\/#primaryimage","url":"https:\/\/www.jean-rousseau.com\/wp-content\/uploads\/2018\/05\/6117_2011_front_Joor.jpg","contentUrl":"https:\/\/www.jean-rousseau.com\/wp-content\/uploads\/2018\/05\/6117_2011_front_Joor.jpg","width":1280,"height":1706,"caption":"Porte carte cuir homme essentiel alligator brillant noir"},{"@type":"BreadcrumbList","@id":"https:\/\/www.jean-rousseau.com\/fr\/boutique\/porte-cartes-essentiel-noir-alligator-brillant-2\/#breadcrumb","itemListElement":[{"@type":"ListItem","position":1,"name":"Accueil","item":"https:\/\/www.jean-rousseau.com\/fr\/"},{"@type":"ListItem","position":2,"name":"Boutique","item":"https:\/\/www.jean-rousseau.com\/fr\/boutique\/"},{"@type":"ListItem","position":3,"name":"Porte-cartes &#8220;Essentiel&#8221; alligator brillant noir"}]},{"@type":"WebSite","@id":"https:\/\/www.jean-rousseau.com\/#website","url":"https:\/\/www.jean-rousseau.com\/","name":"Maison Jean Rousseau","description":"Sp\u00e9cialiste en bracelets de montre et maroquinerie sur-mesure made in France, artisan d\u2019excellence depuis 1954.","publisher":{"@id":"https:\/\/www.jean-rousseau.com\/#organization"},"potentialAction":[{"@type":"SearchAction","target":{"@type":"EntryPoint","urlTemplate":"https:\/\/www.jean-rousseau.com\/?s={search_term_string}"},"query-input":{"@type":"PropertyValueSpecification","valueRequired":true,"valueName":"search_term_string"}}],"inLanguage":"fr-FR"},{"@type":"Organization","@id":"https:\/\/www.jean-rousseau.com\/#organization","name":"Maison Jean Rousseau","url":"https:\/\/www.jean-rousseau.com\/","logo":{"@type":"ImageObject","inLanguage":"fr-FR","@id":"https:\/\/www.jean-rousseau.com\/#\/schema\/logo\/image\/","url":"https:\/\/www.jean-rousseau.com\/wp-content\/uploads\/2024\/02\/logo-JR.jpg","contentUrl":"https:\/\/www.jean-rousseau.com\/wp-content\/uploads\/2024\/02\/logo-JR.jpg","width":696,"height":696,"caption":"Maison Jean Rousseau"},"image":{"@id":"https:\/\/www.jean-rousseau.com\/#\/schema\/logo\/image\/"},"sameAs":["https:\/\/www.facebook.com\/JeanrousseauParis\/","https:\/\/x.com\/jeanrousseaufr","https:\/\/www.instagram.com\/jeanrousseauparis\/","https:\/\/www.linkedin.com\/company\/maison-jean-rousseau\/","https:\/\/www.pinterest.fr\/jeanrousseauparis\/","https:\/\/www.youtube.com\/@MaisonJeanRousseau","https:\/\/www.tiktok.com\/@jeanrousseauparis","https:\/\/www.weibo.com\/p\/1006066811228508\/home?from=page_100606&mod=TAB&is_hot=1"]}]}},"_links":{"self":[{"href":"https:\/\/www.jean-rousseau.com\/fr\/wp-json\/wp\/v2\/product\/73764","targetHints":{"allow":["GET"]}}],"collection":[{"href":"https:\/\/www.jean-rousseau.com\/fr\/wp-json\/wp\/v2\/product"}],"about":[{"href":"https:\/\/www.jean-rousseau.com\/fr\/wp-json\/wp\/v2\/types\/product"}],"wp:featuredmedia":[{"embeddable":true,"href":"https:\/\/www.jean-rousseau.com\/fr\/wp-json\/wp\/v2\/media\/12965"}],"wp:attachment":[{"href":"https:\/\/www.jean-rousseau.com\/fr\/wp-json\/wp\/v2\/media?parent=73764"}],"wp:term":[{"taxonomy":"product_brand","embeddable":true,"href":"https:\/\/www.jean-rousseau.com\/fr\/wp-json\/wp\/v2\/product_brand?post=73764"},{"taxonomy":"product_cat","embeddable":true,"href":"https:\/\/www.jean-rousseau.com\/fr\/wp-json\/wp\/v2\/product_cat?post=73764"},{"taxonomy":"product_tag","embeddable":true,"href":"https:\/\/www.jean-rousseau.com\/fr\/wp-json\/wp\/v2\/product_tag?post=73764"}],"curies":[{"name":"wp","href":"https:\/\/api.w.org\/{rel}","templated":true}]}}