{"id":98111,"date":"2020-12-16T21:54:31","date_gmt":"2020-12-16T20:54:31","guid":{"rendered":"https:\/\/www.jean-rousseau.com\/?post_type=product&#038;p=98111"},"modified":"2024-04-17T09:16:57","modified_gmt":"2024-04-17T07:16:57","slug":"gift-certificate-custom-alligator-watch-strap-mixed-square-scales","status":"publish","type":"product","link":"https:\/\/www.jean-rousseau.com\/fr\/boutique\/gift-certificate-custom-alligator-watch-strap-mixed-square-scales\/","title":{"rendered":"Carte cadeau &#8211; Bracelet montre sur-mesure en alligator (\u00e9cailles mixtes)"},"content":{"rendered":"<div class=\"wpb-content-wrapper\"><p>[vc_row][vc_column][vc_column_text]Le meilleur cadeau est celui que vous pouvez personnaliser ! Offrez un bracelet montre sur-mesure* \u00e0 vos proches et laissez-les choisir les couleurs de l\u2019alligator (\u00e9cailles carr\u00e9es m\u00e9lang\u00e9es), la doublure en veau grain\u00e9e, la couture et peut-\u00eatre apposer leurs initiales.<\/p>\n<p>Cette carte cadeau peut \u00eatre utilis\u00e9e dans l\u2019une de nos quatre boutiques \u00e0 Paris, Tokyo, Londres et New York, ainsi que sur notre site web (e-shop et commandes sur-mesure \u00e0 distance).<\/p>\n<p><span style=\"font-size: 8pt;\"><em>*le prix du bracelet en boutique peut varier selon le type de montre. Les doublures en flancs d\u2019alligator et l\u2019option de couture \u00e0 la main au fil d\u2019or ou de platine ne sont pas inclus dans cette offre. Les composants des marques horlog\u00e8res (inserts, boucles, etc.) ne sont pas fournis.<\/em><\/span>[\/vc_column_text][\/vc_column][\/vc_row]<\/p>\n<\/div>","protected":false},"excerpt":{"rendered":"<p>[vc_row][vc_column][vc_column_text]Le meilleur cadeau est celui que vous pouvez personnaliser ! Offrez un bracelet montre sur-mesure* \u00e0 vos proches et laissez-les choisir les couleurs de l\u2019alligator (\u00e9cailles carr\u00e9es m\u00e9lang\u00e9es), la doublure en veau grain\u00e9e, la couture et peut-\u00eatre apposer leurs initiales. Cette carte cadeau peut \u00eatre utilis\u00e9e dans l\u2019une de nos quatre boutiques \u00e0 Paris, Tokyo, [&hellip;]<\/p>\n","protected":false},"featured_media":57927,"template":"","meta":{"_acf_changed":false,"_relevanssi_hide_post":"","_relevanssi_hide_content":"","_relevanssi_pin_for_all":"","_relevanssi_pin_keywords":"","_relevanssi_unpin_keywords":"","_relevanssi_related_keywords":"","_relevanssi_related_include_ids":"","_relevanssi_related_exclude_ids":"","_relevanssi_related_no_append":"","_relevanssi_related_not_related":"","_relevanssi_related_posts":"","_relevanssi_noindex_reason":""},"product_brand":[],"product_cat":[4454],"product_tag":[],"class_list":{"0":"post-98111","1":"product","2":"type-product","3":"status-publish","4":"has-post-thumbnail","6":"product_cat-cartes-cadeaux","8":"first","9":"instock","10":"virtual","11":"sold-individually","12":"purchasable","13":"product-type-simple"},"acf":[],"yoast_head":"<!-- This site is optimized with the Yoast SEO plugin v26.3 - https:\/\/yoast.com\/wordpress\/plugins\/seo\/ -->\n<title>Carte cadeau - Bracelet montre sur-mesure en alligator (\u00e9cailles mixtes) - Maison Jean Rousseau<\/title>\n<meta name=\"description\" content=\"Le meilleur cadeau est celui que vous pouvez personnaliser ! Offrez un bracelet montre sur-mesure* \u00e0 vos proches et laissez-les choisir les couleurs de l\u2019alligator (\u00e9cailles carr\u00e9es m\u00e9lang\u00e9es), la doublure en veau grain\u00e9e, la couture et peut-\u00eatre apposer leurs initiales.Cette carte cadeau peut \u00eatre utilis\u00e9e dans l\u2019une de nos quatre boutiques \u00e0 Paris, Tokyo, Londres et New York, ainsi que sur notre site web (e-shop et commandes sur-mesure \u00e0 distance).*le prix du bracelet en boutique peut varier selon le type de montre. Les doublures en flancs d\u2019alligator et l\u2019option de couture \u00e0 la main au fil d\u2019or ou de platine ne sont pas inclus dans cette offre. Les composants des marques horlog\u00e8res (inserts, boucles, etc.) ne sont pas fournis.\" \/>\n<meta name=\"robots\" content=\"index, follow, max-snippet:-1, max-image-preview:large, max-video-preview:-1\" \/>\n<link rel=\"canonical\" href=\"https:\/\/www.jean-rousseau.com\/fr\/boutique\/gift-certificate-custom-alligator-watch-strap-mixed-square-scales\/\" \/>\n<meta property=\"og:locale\" content=\"fr_FR\" \/>\n<meta property=\"og:type\" content=\"article\" \/>\n<meta property=\"og:title\" content=\"Carte cadeau - Bracelet montre sur-mesure en alligator (\u00e9cailles mixtes) - Maison Jean Rousseau\" \/>\n<meta property=\"og:description\" content=\"Le meilleur cadeau est celui que vous pouvez personnaliser ! Offrez un bracelet montre sur-mesure* \u00e0 vos proches et laissez-les choisir les couleurs de l\u2019alligator (\u00e9cailles carr\u00e9es m\u00e9lang\u00e9es), la doublure en veau grain\u00e9e, la couture et peut-\u00eatre apposer leurs initiales.Cette carte cadeau peut \u00eatre utilis\u00e9e dans l\u2019une de nos quatre boutiques \u00e0 Paris, Tokyo, Londres et New York, ainsi que sur notre site web (e-shop et commandes sur-mesure \u00e0 distance).*le prix du bracelet en boutique peut varier selon le type de montre. Les doublures en flancs d\u2019alligator et l\u2019option de couture \u00e0 la main au fil d\u2019or ou de platine ne sont pas inclus dans cette offre. Les composants des marques horlog\u00e8res (inserts, boucles, etc.) ne sont pas fournis.\" \/>\n<meta property=\"og:url\" content=\"https:\/\/www.jean-rousseau.com\/fr\/boutique\/gift-certificate-custom-alligator-watch-strap-mixed-square-scales\/\" \/>\n<meta property=\"og:site_name\" content=\"Maison Jean Rousseau\" \/>\n<meta property=\"article:publisher\" content=\"https:\/\/www.facebook.com\/JeanrousseauParis\/\" \/>\n<meta property=\"article:modified_time\" content=\"2024-04-17T07:16:57+00:00\" \/>\n<meta property=\"og:image\" content=\"https:\/\/www.jean-rousseau.com\/wp-content\/uploads\/2020\/03\/Carte-KDO-Jean-Rousseau-points3-boxvignette.jpg\" \/>\n\t<meta property=\"og:image:width\" content=\"1280\" \/>\n\t<meta property=\"og:image:height\" content=\"1280\" \/>\n\t<meta property=\"og:image:type\" content=\"image\/jpeg\" \/>\n<meta name=\"twitter:card\" content=\"summary_large_image\" \/>\n<meta name=\"twitter:site\" content=\"@jeanrousseaufr\" \/>\n<meta name=\"twitter:label1\" content=\"Dur\u00e9e de lecture estim\u00e9e\" \/>\n\t<meta name=\"twitter:data1\" content=\"1 minute\" \/>\n<script type=\"application\/ld+json\" class=\"yoast-schema-graph\">{\"@context\":\"https:\/\/schema.org\",\"@graph\":[{\"@type\":\"WebPage\",\"@id\":\"https:\/\/www.jean-rousseau.com\/fr\/boutique\/gift-certificate-custom-alligator-watch-strap-mixed-square-scales\/\",\"url\":\"https:\/\/www.jean-rousseau.com\/fr\/boutique\/gift-certificate-custom-alligator-watch-strap-mixed-square-scales\/\",\"name\":\"Carte cadeau - Bracelet montre sur-mesure en alligator (\u00e9cailles mixtes) - Maison Jean Rousseau\",\"isPartOf\":{\"@id\":\"https:\/\/www.jean-rousseau.com\/#website\"},\"primaryImageOfPage\":{\"@id\":\"https:\/\/www.jean-rousseau.com\/fr\/boutique\/gift-certificate-custom-alligator-watch-strap-mixed-square-scales\/#primaryimage\"},\"image\":{\"@id\":\"https:\/\/www.jean-rousseau.com\/fr\/boutique\/gift-certificate-custom-alligator-watch-strap-mixed-square-scales\/#primaryimage\"},\"thumbnailUrl\":\"https:\/\/www.jean-rousseau.com\/wp-content\/uploads\/2020\/03\/Carte-KDO-Jean-Rousseau-points3-boxvignette.jpg\",\"datePublished\":\"2020-12-16T20:54:31+00:00\",\"dateModified\":\"2024-04-17T07:16:57+00:00\",\"description\":\"Le meilleur cadeau est celui que vous pouvez personnaliser ! Offrez un bracelet montre sur-mesure* \u00e0 vos proches et laissez-les choisir les couleurs de l\u2019alligator (\u00e9cailles carr\u00e9es m\u00e9lang\u00e9es), la doublure en veau grain\u00e9e, la couture et peut-\u00eatre apposer leurs initiales.Cette carte cadeau peut \u00eatre utilis\u00e9e dans l\u2019une de nos quatre boutiques \u00e0 Paris, Tokyo, Londres et New York, ainsi que sur notre site web (e-shop et commandes sur-mesure \u00e0 distance).*le prix du bracelet en boutique peut varier selon le type de montre. Les doublures en flancs d\u2019alligator et l\u2019option de couture \u00e0 la main au fil d\u2019or ou de platine ne sont pas inclus dans cette offre. Les composants des marques horlog\u00e8res (inserts, boucles, etc.) ne sont pas fournis.\",\"breadcrumb\":{\"@id\":\"https:\/\/www.jean-rousseau.com\/fr\/boutique\/gift-certificate-custom-alligator-watch-strap-mixed-square-scales\/#breadcrumb\"},\"inLanguage\":\"fr-FR\",\"potentialAction\":[{\"@type\":\"ReadAction\",\"target\":[\"https:\/\/www.jean-rousseau.com\/fr\/boutique\/gift-certificate-custom-alligator-watch-strap-mixed-square-scales\/\"]}]},{\"@type\":\"ImageObject\",\"inLanguage\":\"fr-FR\",\"@id\":\"https:\/\/www.jean-rousseau.com\/fr\/boutique\/gift-certificate-custom-alligator-watch-strap-mixed-square-scales\/#primaryimage\",\"url\":\"https:\/\/www.jean-rousseau.com\/wp-content\/uploads\/2020\/03\/Carte-KDO-Jean-Rousseau-points3-boxvignette.jpg\",\"contentUrl\":\"https:\/\/www.jean-rousseau.com\/wp-content\/uploads\/2020\/03\/Carte-KDO-Jean-Rousseau-points3-boxvignette.jpg\",\"width\":1280,\"height\":1280,\"caption\":\"gift card jean rousseau watch strap leather goods\"},{\"@type\":\"BreadcrumbList\",\"@id\":\"https:\/\/www.jean-rousseau.com\/fr\/boutique\/gift-certificate-custom-alligator-watch-strap-mixed-square-scales\/#breadcrumb\",\"itemListElement\":[{\"@type\":\"ListItem\",\"position\":1,\"name\":\"Accueil\",\"item\":\"https:\/\/www.jean-rousseau.com\/fr\/\"},{\"@type\":\"ListItem\",\"position\":2,\"name\":\"Boutique\",\"item\":\"https:\/\/www.jean-rousseau.com\/fr\/boutique\/\"},{\"@type\":\"ListItem\",\"position\":3,\"name\":\"Carte cadeau &#8211; Bracelet montre sur-mesure en alligator (\u00e9cailles mixtes)\"}]},{\"@type\":\"WebSite\",\"@id\":\"https:\/\/www.jean-rousseau.com\/#website\",\"url\":\"https:\/\/www.jean-rousseau.com\/\",\"name\":\"Maison Jean Rousseau\",\"description\":\"Sp\u00e9cialiste en bracelets de montre et maroquinerie sur-mesure made in France, artisan d\u2019excellence depuis 1954.\",\"publisher\":{\"@id\":\"https:\/\/www.jean-rousseau.com\/#organization\"},\"potentialAction\":[{\"@type\":\"SearchAction\",\"target\":{\"@type\":\"EntryPoint\",\"urlTemplate\":\"https:\/\/www.jean-rousseau.com\/?s={search_term_string}\"},\"query-input\":{\"@type\":\"PropertyValueSpecification\",\"valueRequired\":true,\"valueName\":\"search_term_string\"}}],\"inLanguage\":\"fr-FR\"},{\"@type\":\"Organization\",\"@id\":\"https:\/\/www.jean-rousseau.com\/#organization\",\"name\":\"Maison Jean Rousseau\",\"url\":\"https:\/\/www.jean-rousseau.com\/\",\"logo\":{\"@type\":\"ImageObject\",\"inLanguage\":\"fr-FR\",\"@id\":\"https:\/\/www.jean-rousseau.com\/#\/schema\/logo\/image\/\",\"url\":\"https:\/\/www.jean-rousseau.com\/wp-content\/uploads\/2024\/02\/logo-JR.jpg\",\"contentUrl\":\"https:\/\/www.jean-rousseau.com\/wp-content\/uploads\/2024\/02\/logo-JR.jpg\",\"width\":696,\"height\":696,\"caption\":\"Maison Jean Rousseau\"},\"image\":{\"@id\":\"https:\/\/www.jean-rousseau.com\/#\/schema\/logo\/image\/\"},\"sameAs\":[\"https:\/\/www.facebook.com\/JeanrousseauParis\/\",\"https:\/\/x.com\/jeanrousseaufr\",\"https:\/\/www.instagram.com\/jeanrousseauparis\/\",\"https:\/\/www.linkedin.com\/company\/maison-jean-rousseau\/\",\"https:\/\/www.pinterest.fr\/jeanrousseauparis\/\",\"https:\/\/www.youtube.com\/@MaisonJeanRousseau\",\"https:\/\/www.tiktok.com\/@jeanrousseauparis\",\"https:\/\/www.weibo.com\/p\/1006066811228508\/home?from=page_100606&mod=TAB&is_hot=1\"]}]}<\/script>\n<!-- \/ Yoast SEO plugin. -->","yoast_head_json":{"title":"Carte cadeau - Bracelet montre sur-mesure en alligator (\u00e9cailles mixtes) - Maison Jean Rousseau","description":"Le meilleur cadeau est celui que vous pouvez personnaliser ! Offrez un bracelet montre sur-mesure* \u00e0 vos proches et laissez-les choisir les couleurs de l\u2019alligator (\u00e9cailles carr\u00e9es m\u00e9lang\u00e9es), la doublure en veau grain\u00e9e, la couture et peut-\u00eatre apposer leurs initiales.Cette carte cadeau peut \u00eatre utilis\u00e9e dans l\u2019une de nos quatre boutiques \u00e0 Paris, Tokyo, Londres et New York, ainsi que sur notre site web (e-shop et commandes sur-mesure \u00e0 distance).*le prix du bracelet en boutique peut varier selon le type de montre. Les doublures en flancs d\u2019alligator et l\u2019option de couture \u00e0 la main au fil d\u2019or ou de platine ne sont pas inclus dans cette offre. Les composants des marques horlog\u00e8res (inserts, boucles, etc.) ne sont pas fournis.","robots":{"index":"index","follow":"follow","max-snippet":"max-snippet:-1","max-image-preview":"max-image-preview:large","max-video-preview":"max-video-preview:-1"},"canonical":"https:\/\/www.jean-rousseau.com\/fr\/boutique\/gift-certificate-custom-alligator-watch-strap-mixed-square-scales\/","og_locale":"fr_FR","og_type":"article","og_title":"Carte cadeau - Bracelet montre sur-mesure en alligator (\u00e9cailles mixtes) - Maison Jean Rousseau","og_description":"Le meilleur cadeau est celui que vous pouvez personnaliser ! Offrez un bracelet montre sur-mesure* \u00e0 vos proches et laissez-les choisir les couleurs de l\u2019alligator (\u00e9cailles carr\u00e9es m\u00e9lang\u00e9es), la doublure en veau grain\u00e9e, la couture et peut-\u00eatre apposer leurs initiales.Cette carte cadeau peut \u00eatre utilis\u00e9e dans l\u2019une de nos quatre boutiques \u00e0 Paris, Tokyo, Londres et New York, ainsi que sur notre site web (e-shop et commandes sur-mesure \u00e0 distance).*le prix du bracelet en boutique peut varier selon le type de montre. Les doublures en flancs d\u2019alligator et l\u2019option de couture \u00e0 la main au fil d\u2019or ou de platine ne sont pas inclus dans cette offre. Les composants des marques horlog\u00e8res (inserts, boucles, etc.) ne sont pas fournis.","og_url":"https:\/\/www.jean-rousseau.com\/fr\/boutique\/gift-certificate-custom-alligator-watch-strap-mixed-square-scales\/","og_site_name":"Maison Jean Rousseau","article_publisher":"https:\/\/www.facebook.com\/JeanrousseauParis\/","article_modified_time":"2024-04-17T07:16:57+00:00","og_image":[{"width":1280,"height":1280,"url":"https:\/\/www.jean-rousseau.com\/wp-content\/uploads\/2020\/03\/Carte-KDO-Jean-Rousseau-points3-boxvignette.jpg","type":"image\/jpeg"}],"twitter_card":"summary_large_image","twitter_site":"@jeanrousseaufr","twitter_misc":{"Dur\u00e9e de lecture estim\u00e9e":"1 minute"},"schema":{"@context":"https:\/\/schema.org","@graph":[{"@type":"WebPage","@id":"https:\/\/www.jean-rousseau.com\/fr\/boutique\/gift-certificate-custom-alligator-watch-strap-mixed-square-scales\/","url":"https:\/\/www.jean-rousseau.com\/fr\/boutique\/gift-certificate-custom-alligator-watch-strap-mixed-square-scales\/","name":"Carte cadeau - Bracelet montre sur-mesure en alligator (\u00e9cailles mixtes) - Maison Jean Rousseau","isPartOf":{"@id":"https:\/\/www.jean-rousseau.com\/#website"},"primaryImageOfPage":{"@id":"https:\/\/www.jean-rousseau.com\/fr\/boutique\/gift-certificate-custom-alligator-watch-strap-mixed-square-scales\/#primaryimage"},"image":{"@id":"https:\/\/www.jean-rousseau.com\/fr\/boutique\/gift-certificate-custom-alligator-watch-strap-mixed-square-scales\/#primaryimage"},"thumbnailUrl":"https:\/\/www.jean-rousseau.com\/wp-content\/uploads\/2020\/03\/Carte-KDO-Jean-Rousseau-points3-boxvignette.jpg","datePublished":"2020-12-16T20:54:31+00:00","dateModified":"2024-04-17T07:16:57+00:00","description":"Le meilleur cadeau est celui que vous pouvez personnaliser ! Offrez un bracelet montre sur-mesure* \u00e0 vos proches et laissez-les choisir les couleurs de l\u2019alligator (\u00e9cailles carr\u00e9es m\u00e9lang\u00e9es), la doublure en veau grain\u00e9e, la couture et peut-\u00eatre apposer leurs initiales.Cette carte cadeau peut \u00eatre utilis\u00e9e dans l\u2019une de nos quatre boutiques \u00e0 Paris, Tokyo, Londres et New York, ainsi que sur notre site web (e-shop et commandes sur-mesure \u00e0 distance).*le prix du bracelet en boutique peut varier selon le type de montre. Les doublures en flancs d\u2019alligator et l\u2019option de couture \u00e0 la main au fil d\u2019or ou de platine ne sont pas inclus dans cette offre. Les composants des marques horlog\u00e8res (inserts, boucles, etc.) ne sont pas fournis.","breadcrumb":{"@id":"https:\/\/www.jean-rousseau.com\/fr\/boutique\/gift-certificate-custom-alligator-watch-strap-mixed-square-scales\/#breadcrumb"},"inLanguage":"fr-FR","potentialAction":[{"@type":"ReadAction","target":["https:\/\/www.jean-rousseau.com\/fr\/boutique\/gift-certificate-custom-alligator-watch-strap-mixed-square-scales\/"]}]},{"@type":"ImageObject","inLanguage":"fr-FR","@id":"https:\/\/www.jean-rousseau.com\/fr\/boutique\/gift-certificate-custom-alligator-watch-strap-mixed-square-scales\/#primaryimage","url":"https:\/\/www.jean-rousseau.com\/wp-content\/uploads\/2020\/03\/Carte-KDO-Jean-Rousseau-points3-boxvignette.jpg","contentUrl":"https:\/\/www.jean-rousseau.com\/wp-content\/uploads\/2020\/03\/Carte-KDO-Jean-Rousseau-points3-boxvignette.jpg","width":1280,"height":1280,"caption":"gift card jean rousseau watch strap leather goods"},{"@type":"BreadcrumbList","@id":"https:\/\/www.jean-rousseau.com\/fr\/boutique\/gift-certificate-custom-alligator-watch-strap-mixed-square-scales\/#breadcrumb","itemListElement":[{"@type":"ListItem","position":1,"name":"Accueil","item":"https:\/\/www.jean-rousseau.com\/fr\/"},{"@type":"ListItem","position":2,"name":"Boutique","item":"https:\/\/www.jean-rousseau.com\/fr\/boutique\/"},{"@type":"ListItem","position":3,"name":"Carte cadeau &#8211; Bracelet montre sur-mesure en alligator (\u00e9cailles mixtes)"}]},{"@type":"WebSite","@id":"https:\/\/www.jean-rousseau.com\/#website","url":"https:\/\/www.jean-rousseau.com\/","name":"Maison Jean Rousseau","description":"Sp\u00e9cialiste en bracelets de montre et maroquinerie sur-mesure made in France, artisan d\u2019excellence depuis 1954.","publisher":{"@id":"https:\/\/www.jean-rousseau.com\/#organization"},"potentialAction":[{"@type":"SearchAction","target":{"@type":"EntryPoint","urlTemplate":"https:\/\/www.jean-rousseau.com\/?s={search_term_string}"},"query-input":{"@type":"PropertyValueSpecification","valueRequired":true,"valueName":"search_term_string"}}],"inLanguage":"fr-FR"},{"@type":"Organization","@id":"https:\/\/www.jean-rousseau.com\/#organization","name":"Maison Jean Rousseau","url":"https:\/\/www.jean-rousseau.com\/","logo":{"@type":"ImageObject","inLanguage":"fr-FR","@id":"https:\/\/www.jean-rousseau.com\/#\/schema\/logo\/image\/","url":"https:\/\/www.jean-rousseau.com\/wp-content\/uploads\/2024\/02\/logo-JR.jpg","contentUrl":"https:\/\/www.jean-rousseau.com\/wp-content\/uploads\/2024\/02\/logo-JR.jpg","width":696,"height":696,"caption":"Maison Jean Rousseau"},"image":{"@id":"https:\/\/www.jean-rousseau.com\/#\/schema\/logo\/image\/"},"sameAs":["https:\/\/www.facebook.com\/JeanrousseauParis\/","https:\/\/x.com\/jeanrousseaufr","https:\/\/www.instagram.com\/jeanrousseauparis\/","https:\/\/www.linkedin.com\/company\/maison-jean-rousseau\/","https:\/\/www.pinterest.fr\/jeanrousseauparis\/","https:\/\/www.youtube.com\/@MaisonJeanRousseau","https:\/\/www.tiktok.com\/@jeanrousseauparis","https:\/\/www.weibo.com\/p\/1006066811228508\/home?from=page_100606&mod=TAB&is_hot=1"]}]}},"_links":{"self":[{"href":"https:\/\/www.jean-rousseau.com\/fr\/wp-json\/wp\/v2\/product\/98111","targetHints":{"allow":["GET"]}}],"collection":[{"href":"https:\/\/www.jean-rousseau.com\/fr\/wp-json\/wp\/v2\/product"}],"about":[{"href":"https:\/\/www.jean-rousseau.com\/fr\/wp-json\/wp\/v2\/types\/product"}],"wp:featuredmedia":[{"embeddable":true,"href":"https:\/\/www.jean-rousseau.com\/fr\/wp-json\/wp\/v2\/media\/57927"}],"wp:attachment":[{"href":"https:\/\/www.jean-rousseau.com\/fr\/wp-json\/wp\/v2\/media?parent=98111"}],"wp:term":[{"taxonomy":"product_brand","embeddable":true,"href":"https:\/\/www.jean-rousseau.com\/fr\/wp-json\/wp\/v2\/product_brand?post=98111"},{"taxonomy":"product_cat","embeddable":true,"href":"https:\/\/www.jean-rousseau.com\/fr\/wp-json\/wp\/v2\/product_cat?post=98111"},{"taxonomy":"product_tag","embeddable":true,"href":"https:\/\/www.jean-rousseau.com\/fr\/wp-json\/wp\/v2\/product_tag?post=98111"}],"curies":[{"name":"wp","href":"https:\/\/api.w.org\/{rel}","templated":true}]}}